{"id":82202,"date":"2024-04-19T06:03:14","date_gmt":"2024-04-19T06:03:14","guid":{"rendered":"https:\/\/taniabonament.pl\/telefony\/produkt\/smartfon-xiaomi-redmi-note-13-pro-5g-8-256gb-aurora-purple\/"},"modified":"2024-04-19T06:03:40","modified_gmt":"2024-04-19T06:03:40","slug":"smartfon-xiaomi-redmi-note-13-pro-5g-8-256gb-aurora-purple","status":"publish","type":"product","link":"https:\/\/taniabonament.pl\/telefony\/produkt\/smartfon-xiaomi-redmi-note-13-pro-5g-8-256gb-aurora-purple\/","title":{"rendered":"Smartfon Xiaomi Redmi Note 13 Pro 5G 8\/256GB Aurora Purple"},"content":{"rendered":"<h3><strong>Gdzie kupi\u0107 ten telefon marki Xiaomi?<\/strong><\/h3>\n<p>Ten model kupisz w sklepie <a href=\"https:\/\/converti.se\/click\/34590059-c70e8160-5f3ad4bf\/?deep_link=https%3A%2F%2Fwww.komputronik.pl%2Fproduct%2F886730%2Ftelefon-xiaomi-redmi-note-13-pro-5g-8-256gb-aurora-purple.html&#038;sid=xiaomi&#038;tag6=product&#038;tag8=55271edd13194e189afc76796f1877bc&#038;tag9=Smartfon+Xiaomi+Redmi+Note+13+Pro+5G+8%2F256GB+Aurora+Purple\" rel=\"noopener\">Komputronik.pl<\/a>, w niskiej cenie 1899.0 PLN. Przeczytaj opinie oraz zapoznaj si\u0119 z plusami tego konkretnego telefonu od producenta Xiaomi.<\/p>\n<h3><strong>Czy warto kupi\u0107 Smartfon Xiaomi Redmi Note 13 Pro 5G 8\/256GB Aurora Purple?<\/strong><\/h3>\n<p>Tak, to unikalny smartfon. Sprawdzony i dobrze wykonany. Telefony od <a href=\"https:\/\/taniabonament.pl\/telefony\/kategoria-produktu\/xiaomi\/\">Xiaomi<\/a> cechuj\u0105 si\u0119 bardzo dobr\u0105 wydajno\u015bci\u0105 oraz dopracowaniem. System operacyjny Android w najnowszym wydaniu zapewnia komfort u\u017cytkowania oraz stabilno\u015b\u0107 dzia\u0142ania.<\/p>\n<p>Bardzo du\u017co os\u00f3b jest wierna tej marce, kt\u00f3ra w ostatnich latach bardzo mocno zainwestowa\u0142a w technologie zyskuj\u0105c ugruntowan\u0105 pozycj\u0119 na rynku nowych telefon\u00f3w.<\/p>\n<p>Wielu klient\u00f3w ponownie decyduje si\u0119 na nowego smartfona tego producenta. <strong>Smartfony te ciesz\u0105 si\u0119 bardzo dobr\u0105 opini\u0105<\/strong>.<\/p>\n<h3>Cena smartfona<\/h3>\n<p>Kliknij klawisz &#8217;<strong>Kup ..<\/strong>&#8217; i przejd\u017a do sklepu naszego partnera gdzie kupisz ten telefon (sprawd\u017a czy przypadkiem nie ma na niego promocji, bo <strong>cena mo\u017ce by\u0107 jeszcze ni\u017csza!<\/strong>)<\/p>\n<p style=\"text-align: center; margin: 25px 10px;\"><a style=\"background-color: red; padding: 10px 20px; border-radius: 7px; color: #fff;\" href=\"https:\/\/converti.se\/click\/34590059-c70e8160-5f3ad4bf\/?deep_link=https%3A%2F%2Fwww.komputronik.pl%2Fproduct%2F886730%2Ftelefon-xiaomi-redmi-note-13-pro-5g-8-256gb-aurora-purple.html&#038;sid=xiaomi&#038;tag6=product&#038;tag8=55271edd13194e189afc76796f1877bc&#038;tag9=Smartfon+Xiaomi+Redmi+Note+13+Pro+5G+8%2F256GB+Aurora+Purple\" rel=\"nofollow\"><strong>Kup w Komputronik.pl<\/strong><\/a><\/p>\n<p>&nbsp;<\/p>\n<p>\u2605\u2605\u2605\u2605\u2605<\/p>\n<p>Poszukujesz innego <a href=\"https:\/\/taniabonament.pl\/telefony\/\">dobrego taniego smartfona<\/a>? Sprawd\u017a w\u015br\u00f3d pozosta\u0142ych producent\u00f3w telefon\u00f3w, kt\u00f3rych produkty przedstawiamy na naszym portalu (m.in. Apple, Xiaomi, MyPhone) . Telefon to urz\u0105dzenie kt\u00f3re u\u017cywamy codziennie. Ze smartfonem w dzisiejszych czasach praktycznie si\u0119 nie rozstajemy, dlatego warto zainwestowa\u0107 par\u0119 z\u0142otych w dobry sprz\u0119t. Wierzymy, \u017ce znajdziesz na naszym portalu odpowiedni model dla siebie!<\/p>\n<p><strong>Spraw sobie nowy Tani Abonament i zyskaj<\/strong><\/p>\n<p>Z pewno\u015bci\u0105 do nowego smartfona przyda Ci si\u0119 <a href=\"https:\/\/taniabonament.pl\">dobry tani abonament<\/a> czy to na kart\u0119 czy tradycyjny. Sprawd\u017a oferty na TaniAbonament.pl &#8211; szczeg\u00f3lnie polecamy bardzo atrakcyjn\u0105 <a style=\"color: red;\" href=\"https:\/\/taniabonament.pl\/nju-mobile-w-parze-wszystko-bez-limitu-za-19-zl\/\">ofert\u0119 abonamentu od NJU MOBILE<\/a>! Warto zobaczy\u0107 czemu&#8230; i co mo\u017cesz mie\u0107 za 19z\u0142!<\/p>\n","protected":false},"excerpt":{"rendered":"<h4>Smartfon <span style='color: #0286E7;'>dobry i godny zaufania<\/span> &#8211; <strong>Xiaomi<\/strong>!<\/h4>\n<p style='padding: 17px 0px;'><span style='color: #fff; background-color: yellowgreen; padding: 2px 7px;border-left: 13px solid #000000;'> polecany <\/span><span style='margin-left: 10px; color: #fff; background-color: red; padding: 2px 7px;border-left: 13px solid #000000;'> dobra cena <\/span><\/p>\n<p style='padding-top: 10px;'>Smartfon Xiaomi Redmi Note, cechy i zalety: <\/p>\n<ul style='padding-left: 45px; padding-bottom: 10px;'>\n<li style='padding-top: 10px;'>  Razem z elektroniczn\u0105 stabilizacj\u0105 obrazu (EIS) dzia\u0142aj\u0105 jak niewidoczny statyw, wykonuj\u0105c imponuj\u0105cej jako\u015bci zdj\u0119cia oraz nagrania wideo<\/li>\n<li style='padding-top: 10px;'> Profesjonalna jako\u015b\u0107<\/li>\n<li style='padding-top: 10px;'> \u0141adowanie turbo 67W<\/li>\n<li style='padding-top: 10px;'><strong> \u0141adowanie turbo 67W<\/strong><\/li>\n<li style='padding-top: 10px;'> 6,67&#8243; AMOLED Wy\u015bwietlacz 1,5K CrystalRes Ekstremalna poprawa wydajno\u015bci wy\u015bwietlacza! Kompletna regulacja jasno\u015bci i nasycenia barw oraz dba\u0142o\u015b\u0107 o komfort oczu przynosz\u0105 nowe, nadzwyczajne wra\u017cenia wzrokowe<\/li>\n<li style='padding-top: 10px;'>Smartfon Xiaomi Redmi Note.  6,67&#8243; AMOLED Wy\u015bwietlacz 1,5K CrystalRes Ekstremalna poprawa wydajno\u015bci wy\u015bwietlacza! Kompletna regulacja jasno\u015bci i nasycenia barw oraz dba\u0142o\u015b\u0107 o komfort oczu przynosz\u0105 nowe, nadzwyczajne wra\u017cenia wzrokowe<\/li>\n<li style='padding-top: 10px;'> Usprawni\u0142o to technologi\u0119 i pozwoli\u0142o uczyni\u0107 ka\u017cd\u0105 chwil\u0119 bardziej ekscytuj\u0105c\u0105<\/li>\n<li style='padding-top: 10px;'> Odporno\u015b\u0107 na zachlapanie IP54 Ochrona przed zachlapaniem i kurzem to cechy Redmi Note 13 Pro potwierdzone certyfikatem IP54<\/li>\n<li style='padding-top: 10px;'> Otw\u00f3r przys\u0142ony f\/1<\/li>\n<li style='padding-top: 10px;'> Wy\u015bwietlacz 120Hz z od\u015bwie\u017caniem adaptacyjnym<\/li>\n<li style='padding-top: 10px;'> Podw\u00f3jna stabilizacja OIS+EIS Dzi\u0119ki optycznej stabilizacji obrazu (OIS) drgania r\u0105k i ruchy aparatu s\u0105 znacznie zredukowane<\/li>\n<li style='padding-top: 10px;'> Funkcje stabilizacji obrazu OIS i EIS sprawiaj\u0105, \u017ce aparat jest bardziej odporny na wstrz\u0105sy<\/li>\n<li style='padding-top: 10px;'> Redmi Note 13 Pro wykorzystuje zoptymalizowany system rozpoznawania dotyku, aby zapobiega\u0107 przypadkowej aktywacji w wyniku zachlapania<\/li>\n<li style='padding-top: 10px;'> Ultra wysoka jako\u015b\u0107 obraz\u00f3w 200 MP wyr\u00f3\u017cniaj\u0105ca si\u0119 oddawaniem najmniejszych detali przy du\u017cym powi\u0119kszeniu Rozdzielczo\u015b\u0107 do 16320&#215;12240 gwarantuje, \u017ce ka\u017cdy element na fotografii b\u0119dzie wyj\u0105tkowy<\/li>\n<li style='padding-top: 10px;'> Snapdragon\u00ae 7s Gen 3 Flagowy procesor 4nm Flagowy wysoko wydajny o\u015bmiordzeniowy procesor 4 nm to wi\u0119ksza szybko\u015b\u0107 i zwi\u0119kszona og\u00f3lna wydajno\u015b\u0107 oraz lepsza jako\u015b\u0107 obrazu i po\u0142\u0105cze\u0144 sieciowych<\/li>\n<li style='padding-top: 10px;'> Xiaomi Imaging Engine Algorytmy AI zosta\u0142y zoptymalizowane w celu poprawy jako\u015bci zdj\u0119\u0107 i przyspieszenia procesu ich wykonywania<\/li>\n<li style='padding-top: 10px;'> Flagowy obiektyw Flagowy obiektyw 7P i zaawansowana pow\u0142oka optyczna ALD o niskim wsp\u00f3\u0142czynniku odbicia bez problemu niweluje odblask i efekt widma<\/li>\n<li style='padding-top: 10px;'> Ultra pojemna bateria 5100mAh (typ) Technologia szybkiego \u0142adowania od Xiaomi pozwala szybko na\u0142adowa\u0107 bateri\u0119 do pe\u0142na, a du\u017cy zas\u00f3b energii, przypominaj\u0105cy power bank, zapewnia d\u0142ugotrwa\u0142e i bezproblemowe korzystanie z urz\u0105dzenia<\/li>\n<li style='padding-top: 10px;'> Dzi\u0119ki zaawansowanym funkcjom oferowanym przez Xiaomi Twoje uj\u0119cia przekszta\u0142c\u0105 si\u0119 w sztuk\u0119<\/li>\n<li style='padding-top: 10px;'>65 jest stworzony do fotografii nocnej, a piksel o maksymalnym rozmiarze 2,24\u03bcm poprawia dost\u0119p \u015bwiat\u0142a oraz \u015bwiat\u0142oczu\u0142o\u015b\u0107, co sprawia, \u017ce zdj\u0119cia tworzone noc\u0105 s\u0105 lepszej jako\u015bci<\/li>\n<li style='padding-top: 10px;'> Profesjonalne dostosowanie funkcji, by zadba\u0107 o zdrowie oczu Tryb Cycle dostosowuje si\u0119 do zmiennych warunk\u00f3w o\u015bwietleniowych i rodzaju aplikacji, co daje spersonalizowane wra\u017cenia z u\u017cytkowania<\/li>\n<li style='padding-top: 10px;'> Komponuje si\u0119 z Twoim trybem \u017cycia Szerokie mo\u017cliwo\u015bci cz\u0119stotliwo\u015bci od\u015bwie\u017cania zapewniaj\u0105 inteligentne zarz\u0105dzanie energi\u0105 i p\u0142ynno\u015b\u0107 obrazu, co przek\u0142ada si\u0119 na niezawodne wra\u017cenia wizualne<\/li>\n<li style='padding-top: 10px;'>Flagowe 200 MP<\/li>\n<li style='padding-top: 10px;'> Design pe\u0142en stylu Wykonanie obudowy ze szk\u0142a na dw\u00f3ch stronach i brak widocznego obramowania ekranu zapewniaj\u0105 imponuj\u0105cy efekt wizualny<\/li>\n<li style='padding-top: 10px;'> Aparat g\u0142\u00f3wny z optyczn\u0105 stabilizacj\u0105 obrazu Redmi Note 13 Pro 5G wykorzystuje swoje 200 MP oraz kompatybilno\u015b\u0107 z technologi\u0105 Super QPD, by zapewni\u0107 szybsz\u0105 i precyzyjniejsz\u0105 regulacj\u0119 ostro\u015bci<\/li>\n<li style='padding-top: 10px;'> Spe\u0142nia wysokie standardy jako\u015bci Wyj\u0105tkowo wymagaj\u0105ce testy jako\u015bci s\u0105 standardem dla ka\u017cdego telefonu Redmi Note 13 Pro 5G, dzi\u0119ki czemu masz pewno\u015b\u0107 dozna\u0144 najwy\u017cszej jako\u015bci<\/li>\n<li style='padding-top: 10px;'> Kompatybilny z Dual Dolby Wy\u015bwietlacz o zakresie kolor\u00f3w 1,5K oraz podw\u00f3jne g\u0142o\u015bniki z funkcj\u0105 d\u017awi\u0119ku panoramicznego to porywaj\u0105ca rozrywka audiowizualna, kt\u00f3ra towarzyszy Ci w ka\u017cdym miejscu i chwili<\/li>\n<\/ul>\n<p style='padding: 10px; font-weight: bold; background-color: aliceblue;'>Dost\u0119pno\u015b\u0107:<\/p>\n","protected":false},"featured_media":82203,"comment_status":"closed","ping_status":"open","template":"","meta":[],"product_brand":[],"product_cat":[164],"product_tag":[],"class_list":{"0":"post-82202","1":"product","2":"type-product","3":"status-publish","6":"product_cat-xiaomi","7":"pa_model-gs-t-xia-1168","8":"pa_producent-xiaomi","9":"pa_sklep-komputronik-pl","11":"first","12":"instock","13":"product-type-external"},"_links":{"self":[{"href":"https:\/\/taniabonament.pl\/telefony\/wp-json\/wp\/v2\/product\/82202","targetHints":{"allow":["GET"]}}],"collection":[{"href":"https:\/\/taniabonament.pl\/telefony\/wp-json\/wp\/v2\/product"}],"about":[{"href":"https:\/\/taniabonament.pl\/telefony\/wp-json\/wp\/v2\/types\/product"}],"replies":[{"embeddable":true,"href":"https:\/\/taniabonament.pl\/telefony\/wp-json\/wp\/v2\/comments?post=82202"}],"wp:featuredmedia":[{"embeddable":true,"href":"https:\/\/taniabonament.pl\/telefony\/wp-json\/wp\/v2\/media\/82203"}],"wp:attachment":[{"href":"https:\/\/taniabonament.pl\/telefony\/wp-json\/wp\/v2\/media?parent=82202"}],"wp:term":[{"taxonomy":"product_brand","embeddable":true,"href":"https:\/\/taniabonament.pl\/telefony\/wp-json\/wp\/v2\/product_brand?post=82202"},{"taxonomy":"product_cat","embeddable":true,"href":"https:\/\/taniabonament.pl\/telefony\/wp-json\/wp\/v2\/product_cat?post=82202"},{"taxonomy":"product_tag","embeddable":true,"href":"https:\/\/taniabonament.pl\/telefony\/wp-json\/wp\/v2\/product_tag?post=82202"}],"curies":[{"name":"wp","href":"https:\/\/api.w.org\/{rel}","templated":true}]}}