{"id":82194,"date":"2024-04-19T06:03:14","date_gmt":"2024-04-19T06:03:14","guid":{"rendered":"https:\/\/taniabonament.pl\/telefony\/produkt\/smartfon-xiaomi-13t-8-256gb-black\/"},"modified":"2025-01-04T08:59:54","modified_gmt":"2025-01-04T08:59:54","slug":"smartfon-xiaomi-13t-8-256gb-black","status":"publish","type":"product","link":"https:\/\/taniabonament.pl\/telefony\/produkt\/smartfon-xiaomi-13t-8-256gb-black\/","title":{"rendered":"Smartfon Xiaomi 13T 8\/256GB Black"},"content":{"rendered":"<h3><strong>Gdzie kupi\u0107 ten telefon marki Xiaomi?<\/strong><\/h3>\n<p>Ten model kupisz w sklepie <a href=\"https:\/\/converti.se\/click\/34590059-c70e8160-5f3ad4bf\/?deep_link=https%3A%2F%2Fwww.komputronik.pl%2Fproduct%2F860691%2Ftelefon-xiaomi-13t-8-256gb-black.html&#038;sid=xiaomi&#038;tag6=product&#038;tag8=bf722321027a9352f814854af4b51b30&#038;tag9=Smartfon+Xiaomi+13T+8%2F256GB+Black\" rel=\"noopener\">Komputronik.pl<\/a>, w niskiej cenie 2499.0 PLN. Przeczytaj opinie oraz zapoznaj si\u0119 z plusami tego konkretnego telefonu od producenta Xiaomi.<\/p>\n<h3><strong>Czy warto kupi\u0107 Smartfon Xiaomi 13T 8\/256GB Black?<\/strong><\/h3>\n<p>Tak, to unikalny smartfon. Sprawdzony i dobrze wykonany. Telefony od <a href=\"https:\/\/taniabonament.pl\/telefony\/kategoria-produktu\/xiaomi\/\">Xiaomi<\/a> cechuj\u0105 si\u0119 bardzo dobr\u0105 wydajno\u015bci\u0105 oraz dopracowaniem. System operacyjny Android w najnowszym wydaniu zapewnia komfort u\u017cytkowania oraz stabilno\u015b\u0107 dzia\u0142ania.<\/p>\n<p>Bardzo du\u017co os\u00f3b jest wierna tej marce, kt\u00f3ra w ostatnich latach bardzo mocno zainwestowa\u0142a w technologie zyskuj\u0105c ugruntowan\u0105 pozycj\u0119 na rynku nowych telefon\u00f3w.<\/p>\n<p>Wielu klient\u00f3w ponownie decyduje si\u0119 na nowego smartfona tego producenta. <strong>Smartfony te ciesz\u0105 si\u0119 bardzo dobr\u0105 opini\u0105<\/strong>.<\/p>\n<h3>Cena smartfona<\/h3>\n<p>Kliknij klawisz &#8217;<strong>Kup ..<\/strong>&#8217; i przejd\u017a do sklepu naszego partnera gdzie kupisz ten telefon (sprawd\u017a czy przypadkiem nie ma na niego promocji, bo <strong>cena mo\u017ce by\u0107 jeszcze ni\u017csza!<\/strong>)<\/p>\n<p style=\"text-align: center; margin: 25px 10px;\"><a style=\"background-color: red; padding: 10px 20px; border-radius: 7px; color: #fff;\" href=\"https:\/\/converti.se\/click\/34590059-c70e8160-5f3ad4bf\/?deep_link=https%3A%2F%2Fwww.komputronik.pl%2Fproduct%2F860691%2Ftelefon-xiaomi-13t-8-256gb-black.html&#038;sid=xiaomi&#038;tag6=product&#038;tag8=bf722321027a9352f814854af4b51b30&#038;tag9=Smartfon+Xiaomi+13T+8%2F256GB+Black\" rel=\"nofollow\"><strong>Kup w Komputronik.pl<\/strong><\/a><\/p>\n<p>&nbsp;<\/p>\n<p>\u2605\u2605\u2605\u2605\u2605<\/p>\n<p>Poszukujesz innego <a href=\"https:\/\/taniabonament.pl\/telefony\/\">dobrego taniego smartfona<\/a>? Sprawd\u017a w\u015br\u00f3d pozosta\u0142ych producent\u00f3w telefon\u00f3w, kt\u00f3rych produkty przedstawiamy na naszym portalu (m.in. Apple, Xiaomi, MyPhone) . Telefon to urz\u0105dzenie kt\u00f3re u\u017cywamy codziennie. Ze smartfonem w dzisiejszych czasach praktycznie si\u0119 nie rozstajemy, dlatego warto zainwestowa\u0107 par\u0119 z\u0142otych w dobry sprz\u0119t. Wierzymy, \u017ce znajdziesz na naszym portalu odpowiedni model dla siebie!<\/p>\n<p><strong>Spraw sobie nowy Tani Abonament i zyskaj<\/strong><\/p>\n<p>Z pewno\u015bci\u0105 do nowego smartfona przyda Ci si\u0119 <a href=\"https:\/\/taniabonament.pl\">dobry tani abonament<\/a> czy to na kart\u0119 czy tradycyjny. Sprawd\u017a oferty na TaniAbonament.pl &#8211; szczeg\u00f3lnie polecamy bardzo atrakcyjn\u0105 <a style=\"color: red;\" href=\"https:\/\/taniabonament.pl\/nju-mobile-w-parze-wszystko-bez-limitu-za-19-zl\/\">ofert\u0119 abonamentu od NJU MOBILE<\/a>! Warto zobaczy\u0107 czemu&#8230; i co mo\u017cesz mie\u0107 za 19z\u0142!<\/p>\n","protected":false},"excerpt":{"rendered":"<h4>Smartfon <span style='color: #0286E7;'>dobry i godny zaufania<\/span> &#8211; <strong>Xiaomi<\/strong>!<\/h4>\n<p style='padding-top: 10px;'>Smartfon Xiaomi 13T 8\/256GB, cechy i zalety: <\/p>\n<ul style='padding-left: 45px; padding-bottom: 10px;'>\n<li style='padding-top: 10px;'>  To ma znaczenie gdy pracujesz, grasz czy tworzysz<\/li>\n<li style='padding-top: 10px;'> Obiektyw doskonale balansuje wydajno\u015b\u0107 optyczn\u0105, rozmiar obiektywu oraz trwa\u0142o\u015b\u0107 w fotografii mobilnej, oddaj\u0105c w spos\u00f3b bardziej rzeczywisty poczucie \u015bwiat\u0142a, aby zapisa\u0107 prawdziw\u0105 opowie\u015b\u0107<\/li>\n<li style='padding-top: 10px;'> Xiaomi ProFocus Samoczynnie rozpoznaje obiekty \u2013 ludzkie oczy i twarze, zwierz\u0119ta, owady, ptaki, ro\u015bliny, \u017cywno\u015b\u0107 i inne<\/li>\n<li style='padding-top: 10px;'><strong> Xiaomi ProFocus Samoczynnie rozpoznaje obiekty \u2013 ludzkie oczy i twarze, zwierz\u0119ta, owady, ptaki, ro\u015bliny, \u017cywno\u015b\u0107 i inne<\/strong><\/li>\n<li style='padding-top: 10px;'> MIUI 14 MIUI 14 to najcz\u0119\u015bciej wybierana i najlepiej dostosowana nak\u0142adka na system Android<\/li>\n<li style='padding-top: 10px;'>Smartfon Xiaomi 13T 8\/256GB.  MIUI 14 MIUI 14 to najcz\u0119\u015bciej wybierana i najlepiej dostosowana nak\u0142adka na system Android<\/li>\n<li style='padding-top: 10px;'> Warto docenia\u0107 jego moc<\/li>\n<li style='padding-top: 10px;'> Dzi\u0119ki wysokiej cz\u0119stotliwo\u015bci przyciemniania, korzystanie z telefonu w nocy jest znacznie bardziej komfortowe dla oczu Modulacja PWM do poziomu 2880 Hz przewy\u017csza stroboskopow\u0105 percepcj\u0119 ludzkiego oka co prowadzi do zmniejszenia zm\u0119czenia wzroku z powodu migotania i zapewnia lepsz\u0105 opiek\u0119 oczom<\/li>\n<li style='padding-top: 10px;'> System uniwersalnych obiektyw\u00f3w Wyj\u0105tkowe punkty widzenia i wi\u0119ksza elastyczno\u015b\u0107 dla regulacji rozmycia Filtry Leica W ofercie Leica pojawi\u0142y si\u0119 dwa nowe filtry: Leica Sepia i Leica Blue, kt\u00f3re pozwalaj\u0105 na dopasowanie efekt\u00f3w do Twoich tw\u00f3rczych upodoba\u0144 i pozwalaj\u0105 wyra\u017ca\u0107 emocje w dowolny spos\u00f3b<\/li>\n<li style='padding-top: 10px;'> Profesjonalny wy\u015bwietlacz HDR Technologia ultradynamicznego wy\u015bwietlacza w Xiaomi 13T Pro pozwala na zwi\u0119kszenie jasno\u015bci nawet do 5 razy w por\u00f3wnaniu z konwencjonalnymi<\/li>\n<li style='padding-top: 10px;'>Autentyczne Zdj\u0119cia Leica Obiektyw Summicron, opracowany raem z firm\u0105 Leica \u2014 LEICA VARIO-SUMMICRON 1:1<\/li>\n<li style='padding-top: 10px;'> Dwa style fotograficzne Leica Dwa odcienie \u2013 specjalne alternatywy Jako\u015b\u0107 obrazu oferowana przez Leica cieszy si\u0119 du\u017c\u0105 popularno\u015bci\u0105 w \u015brodowiskach fotograficznych, a my podtrzymujemy ten poziom, oferuj\u0105c rozleg\u0142\u0105 palet\u0119 kolor\u00f3w P3, kt\u00f3ra pozwala uchwyci\u0107 nawet do 25% wi\u0119cej odcieni, tworz\u0105c unowocze\u015bnion\u0105 estetyk\u0119 zdj\u0119\u0107<\/li>\n<li style='padding-top: 10px;'>Wyra\u017any interfejs u\u017cytkownika, r\u00f3\u017cnorodno\u015b\u0107 opcji dostosowania oraz liczne u\u017cyteczne funkcje czyni\u0105 MIUI intuicyjnym i przyjaznym u\u017cytkownikowi rozwi\u0105zaniem<\/li>\n<li style='padding-top: 10px;'> Autentyczny styl Leica Leica charakteryzuje si\u0119 autentycznym stylem, w kt\u00f3rym wyra\u017ane \u015bwiat\u0142o i cie\u0144 w tr\u00f3jwymiarowych obrazach pozwol\u0105 poczu\u0107 w nich Twoj\u0105 obecno\u015b\u0107 \u017bywe kolory Leica Prze\u0142omowa ekspresja zbudowana na tradycji, cechuj\u0105ca si\u0119 jasnymi tonami oraz dynamicznymi, nasyconymi kolorami, kt\u00f3re emanuj\u0105 witalno\u015bci\u0105<\/li>\n<li style='padding-top: 10px;'> Podczas trybu filmowego mo\u017ce tak\u017ce odszuka\u0107 wskazany obiekt po wyj\u015bciu z kadru \u2014 tak wygl\u0105da prawdziwy tryb Xiaomi ProFocus<\/li>\n<li style='padding-top: 10px;'> Do 144 Hz AdaptiveSync R\u00f3\u017cnorodna cz\u0119stotliwo\u015b\u0107 od\u015bwie\u017cania 30\/60\/90\/120\/144 Hz oznacza, \u017ce ekran automatycznie dopasowuje si\u0119 do optymalnej szybko\u015bci od\u015bwie\u017cania podczas r\u00f3\u017cnych czynno\u015bci, takich jak granie, ogl\u0105danie film\u00f3w czy czytanie, co zapewnia p\u0142ynno\u015b\u0107, komfort i oszcz\u0119dno\u015b\u0107 energii<\/li>\n<li style='padding-top: 10px;'> Doskonale identyfikuje obszary z HDR, wykorzystuje dynamiczne maski do przyciemniania jasno\u015bci obszar\u00f3w bez HDR i p\u0142ynnie przechodzi mi\u0119dzy rozmaitymi poziomami jasno\u015bci, co zapewnia wy\u017csz\u0105 jako\u015b\u0107 obraz\u00f3w<\/li>\n<li style='padding-top: 10px;'>2\/15-50 mm ASPH<\/li>\n<li style='padding-top: 10px;'> MediaTek Dimensity 8200-Ultra Dzi\u0119ki zastosowaniu precyzyjnego procesu technologicznego TSMC 4 nm o wysokiej integracji, dziesi\u0105tki miliard\u00f3w masowo zintegrowanych tranzystor\u00f3w z innowacyjn\u0105 architektur\u0105 zasob\u00f3w programistycznych, gwarantuje lepsz\u0105 adaptacj\u0119 i ni\u017csze zu\u017cycie energii<\/li>\n<li style='padding-top: 10px;'>9-2<\/li>\n<\/ul>\n<p style='padding: 10px; font-weight: bold; background-color: aliceblue;'>Dost\u0119pno\u015b\u0107:<\/p>\n","protected":false},"featured_media":82195,"comment_status":"closed","ping_status":"open","template":"","meta":[],"product_brand":[],"product_cat":[164],"product_tag":[],"class_list":{"0":"post-82194","1":"product","2":"type-product","3":"status-publish","6":"product_cat-xiaomi","7":"pa_model-gs-t-xia-1100","8":"pa_producent-xiaomi","9":"pa_sklep-komputronik-pl","11":"first","12":"instock","13":"product-type-external"},"_links":{"self":[{"href":"https:\/\/taniabonament.pl\/telefony\/wp-json\/wp\/v2\/product\/82194","targetHints":{"allow":["GET"]}}],"collection":[{"href":"https:\/\/taniabonament.pl\/telefony\/wp-json\/wp\/v2\/product"}],"about":[{"href":"https:\/\/taniabonament.pl\/telefony\/wp-json\/wp\/v2\/types\/product"}],"replies":[{"embeddable":true,"href":"https:\/\/taniabonament.pl\/telefony\/wp-json\/wp\/v2\/comments?post=82194"}],"wp:featuredmedia":[{"embeddable":true,"href":"https:\/\/taniabonament.pl\/telefony\/wp-json\/wp\/v2\/media\/82195"}],"wp:attachment":[{"href":"https:\/\/taniabonament.pl\/telefony\/wp-json\/wp\/v2\/media?parent=82194"}],"wp:term":[{"taxonomy":"product_brand","embeddable":true,"href":"https:\/\/taniabonament.pl\/telefony\/wp-json\/wp\/v2\/product_brand?post=82194"},{"taxonomy":"product_cat","embeddable":true,"href":"https:\/\/taniabonament.pl\/telefony\/wp-json\/wp\/v2\/product_cat?post=82194"},{"taxonomy":"product_tag","embeddable":true,"href":"https:\/\/taniabonament.pl\/telefony\/wp-json\/wp\/v2\/product_tag?post=82194"}],"curies":[{"name":"wp","href":"https:\/\/api.w.org\/{rel}","templated":true}]}}