{"id":82190,"date":"2024-04-19T06:03:14","date_gmt":"2024-04-19T06:03:14","guid":{"rendered":"https:\/\/taniabonament.pl\/telefony\/produkt\/smartfon-xiaomi-14-ultra-16-512gb-white\/"},"modified":"2024-04-19T06:03:35","modified_gmt":"2024-04-19T06:03:35","slug":"smartfon-xiaomi-14-ultra-16-512gb-white","status":"publish","type":"product","link":"https:\/\/taniabonament.pl\/telefony\/produkt\/smartfon-xiaomi-14-ultra-16-512gb-white\/","title":{"rendered":"Smartfon Xiaomi 14 Ultra 16\/512GB White"},"content":{"rendered":"<h3><strong>Gdzie kupi\u0107 ten telefon marki Xiaomi?<\/strong><\/h3>\n<p>Ten model kupisz w sklepie <a href=\"https:\/\/converti.se\/click\/34590059-c70e8160-5f3ad4bf\/?deep_link=https%3A%2F%2Fwww.komputronik.pl%2Fproduct%2F895404%2Ftelefon-xiaomi-14-ultra-16-512gb-white.html&#038;sid=xiaomi&#038;tag6=product&#038;tag8=6801e3fb0657c7bbd6510cc56f4328dd&#038;tag9=Smartfon+Xiaomi+14+Ultra+16%2F512GB+White\" rel=\"noopener\">Komputronik.pl<\/a>, w niskiej cenie 6799.0 PLN. Przeczytaj opinie oraz zapoznaj si\u0119 z plusami tego konkretnego telefonu od producenta Xiaomi.<\/p>\n<h3><strong>Czy warto kupi\u0107 Smartfon Xiaomi 14 Ultra 16\/512GB White?<\/strong><\/h3>\n<p>Tak, to unikalny smartfon. Sprawdzony i dobrze wykonany. Telefony od <a href=\"https:\/\/taniabonament.pl\/telefony\/kategoria-produktu\/xiaomi\/\">Xiaomi<\/a> cechuj\u0105 si\u0119 bardzo dobr\u0105 wydajno\u015bci\u0105 oraz dopracowaniem. System operacyjny Android w najnowszym wydaniu zapewnia komfort u\u017cytkowania oraz stabilno\u015b\u0107 dzia\u0142ania.<\/p>\n<p>Bardzo du\u017co os\u00f3b jest wierna tej marce, kt\u00f3ra w ostatnich latach bardzo mocno zainwestowa\u0142a w technologie zyskuj\u0105c ugruntowan\u0105 pozycj\u0119 na rynku nowych telefon\u00f3w.<\/p>\n<p>Wielu klient\u00f3w ponownie decyduje si\u0119 na nowego smartfona tego producenta. <strong>Smartfony te ciesz\u0105 si\u0119 bardzo dobr\u0105 opini\u0105<\/strong>.<\/p>\n<h3>Cena smartfona<\/h3>\n<p>Kliknij klawisz &#8217;<strong>Kup ..<\/strong>&#8217; i przejd\u017a do sklepu naszego partnera gdzie kupisz ten telefon (sprawd\u017a czy przypadkiem nie ma na niego promocji, bo <strong>cena mo\u017ce by\u0107 jeszcze ni\u017csza!<\/strong>)<\/p>\n<p style=\"text-align: center; margin: 25px 10px;\"><a style=\"background-color: red; padding: 10px 20px; border-radius: 7px; color: #fff;\" href=\"https:\/\/converti.se\/click\/34590059-c70e8160-5f3ad4bf\/?deep_link=https%3A%2F%2Fwww.komputronik.pl%2Fproduct%2F895404%2Ftelefon-xiaomi-14-ultra-16-512gb-white.html&#038;sid=xiaomi&#038;tag6=product&#038;tag8=6801e3fb0657c7bbd6510cc56f4328dd&#038;tag9=Smartfon+Xiaomi+14+Ultra+16%2F512GB+White\" rel=\"nofollow\"><strong>Kup w Komputronik.pl<\/strong><\/a><\/p>\n<p>&nbsp;<\/p>\n<p>\u2605\u2605\u2605\u2605\u2605<\/p>\n<p>Poszukujesz innego <a href=\"https:\/\/taniabonament.pl\/telefony\/\">dobrego taniego smartfona<\/a>? Sprawd\u017a w\u015br\u00f3d pozosta\u0142ych producent\u00f3w telefon\u00f3w, kt\u00f3rych produkty przedstawiamy na naszym portalu (m.in. Apple, Xiaomi, MyPhone) . Telefon to urz\u0105dzenie kt\u00f3re u\u017cywamy codziennie. Ze smartfonem w dzisiejszych czasach praktycznie si\u0119 nie rozstajemy, dlatego warto zainwestowa\u0107 par\u0119 z\u0142otych w dobry sprz\u0119t. Wierzymy, \u017ce znajdziesz na naszym portalu odpowiedni model dla siebie!<\/p>\n<p><strong>Spraw sobie nowy Tani Abonament i zyskaj<\/strong><\/p>\n<p>Z pewno\u015bci\u0105 do nowego smartfona przyda Ci si\u0119 <a href=\"https:\/\/taniabonament.pl\">dobry tani abonament<\/a> czy to na kart\u0119 czy tradycyjny. Sprawd\u017a oferty na TaniAbonament.pl &#8211; szczeg\u00f3lnie polecamy bardzo atrakcyjn\u0105 <a style=\"color: red;\" href=\"https:\/\/taniabonament.pl\/nju-mobile-w-parze-wszystko-bez-limitu-za-19-zl\/\">ofert\u0119 abonamentu od NJU MOBILE<\/a>! Warto zobaczy\u0107 czemu&#8230; i co mo\u017cesz mie\u0107 za 19z\u0142!<\/p>\n","protected":false},"excerpt":{"rendered":"<h4>Smartfon <span style='color: #0286E7;'>dobry i godny zaufania<\/span> &#8211; <strong>Xiaomi<\/strong>!<\/h4>\n<p style='padding: 17px 0px;'><span style='color: #fff; background-color: yellowgreen; padding: 2px 7px;border-left: 13px solid #000000;'> polecany <\/span><span style='margin-left: 10px; color: #fff; background-color: red; padding: 2px 7px;border-left: 13px solid #000000;'> dobra cena <\/span><\/p>\n<p style='padding-top: 10px;'>Smartfon Xiaomi 14 Ultra, cechy i zalety: <\/p>\n<ul style='padding-left: 45px; padding-bottom: 10px;'>\n<li style='padding-top: 10px;'>  Dzi\u0119ki temu, urz\u0105dzenie zapewnia u\u017cytkownikom znakomite do\u015bwiadczenia wizualne, charakteryzuj\u0105ce si\u0119 wyrafinowaniem i doskona\u0142o\u015bci\u0105 w codziennym u\u017cytkowaniu<\/li>\n<li style='padding-top: 10px;'> Jest to idealne rozwi\u0105zanie dla tych, kt\u00f3rzy chc\u0105 uchwyci\u0107 dynamik\u0119 miasta, oferuj\u0105c proste sposoby na wieczne zachowanie pi\u0119knych moment\u00f3w<\/li>\n<li style='padding-top: 10px;'> Profesjonalny obiektyw optyczny Leica D\u0142ugo\u015b\u0107 ogniskowa Ultra<\/li>\n<li style='padding-top: 10px;'><strong> Profesjonalny obiektyw optyczny Leica D\u0142ugo\u015b\u0107 ogniskowa Ultra<\/strong><\/li>\n<li style='padding-top: 10px;'> Tak robustna budowa obudowy obiecuje u\u017cytkowanie bez \u017cadnych problem\u00f3w<\/li>\n<li style='padding-top: 10px;'>Smartfon Xiaomi 14 Ultra.  Tak robustna budowa obudowy obiecuje u\u017cytkowanie bez \u017cadnych problem\u00f3w<\/li>\n<li style='padding-top: 10px;'> Zupe\u0142nie nowe, bezprzewodowe \u0142adowanie HyperCharge o mocy 80 W Natychmiastowa regeneracja energii<\/li>\n<li style='padding-top: 10px;'> Xiaomi 14 Ultra oferuje wyj\u0105tkowe do\u015bwiadczenie w codziennym u\u017cytkowaniu, grach o wysokiej intensywno\u015bci oraz w zaawansowanych aplikacjach kreatywnych<\/li>\n<li style='padding-top: 10px;'> Panel wy\u015bwietlacza C8 Xiaomi 14 Ultra, z rozdzielczo\u015bci\u0105 WQHD+ i technologi\u0105 LTPO oferuj\u0105c\u0105 cz\u0119stotliwo\u015b\u0107 od\u015bwie\u017cania od 1 do 120 Hz, zosta\u0142 stworzony z my\u015bl\u0105 o optymalizacji wydajno\u015bci \u015bwietlnej i redukcji zu\u017cycia mocy<\/li>\n<li style='padding-top: 10px;'> Xiaomi i Leica wsp\u00f3lnie zaprojektowa\u0142y now\u0105 generacj\u0119 obiektyw\u00f3w VARIO-SUMMILUX o charakterystykach 1:1,63\u20132,5\/12\u2013120 ASPH, co poszerza gam\u0119 optycznych d\u0142ugo\u015bci ogniskowych dost\u0119pnych dla u\u017cytkownik\u00f3w<\/li>\n<li style='padding-top: 10px;'> Efektem jest szk\u0142o ekranu, kt\u00f3re \u0142\u0105czy w sobie przejrzysto\u015b\u0107, odporno\u015b\u0107 na zu\u017cycie, trwa\u0142o\u015b\u0107 i ci\u0105g\u0142\u0105 pewno\u015b\u0107 u\u017cytkowania<\/li>\n<li style='padding-top: 10px;'> Xiaomi Shield Glass<\/li>\n<li style='padding-top: 10px;'> Bezprzewodowe \u0142adowanie HyperCharge o mocy 80 W &#8211; 46 min na \u0142adowanie do 100%<\/li>\n<li style='padding-top: 10px;'> Jasne i transparentne, solidne oraz odporne na \u015bcieranie Szk\u0142o Xiaomi Shield Glass, z jakiego zrobiony jest ekran Xiaomi 14 Ultra, sk\u0142ada si\u0119 z ca\u0142kowicie nowych, zaawansowanych materia\u0142\u00f3w<\/li>\n<li style='padding-top: 10px;'> Poprzez rozwini\u0119cie nowej formu\u0142y, kt\u00f3ra intensyfikuje obecno\u015b\u0107 rozga\u0142\u0119zionych grup funkcyjnych, urz\u0105dzenie zyskuje na wytrzyma\u0142o\u015bci na \u015bcieranie, co prowadzi do zwi\u0119kszenia trwa\u0142o\u015bci poprzez ulepszon\u0105 struktur\u0119 sieciowania mi\u0119dzycz\u0105steczkowego<\/li>\n<li style='padding-top: 10px;'> Panel wy\u015bwietlacza C8 specjalnie dla Xiaomi Profesjonalny ultrawyra\u017any wy\u015bwietlacz WQHD+<\/li>\n<li style='padding-top: 10px;'>Legendarna konstrukcja<\/li>\n<li style='padding-top: 10px;'> Zmienna przys\u0142ona \u0192\/1,63 do \u0192\/4,0 P\u0142ynne sterowanie \u015bwiat\u0142em G\u0142\u00f3wny aparat w Xiaomi 14 Ultra oferuje wiod\u0105ce rozwi\u0105zania optyczne, umo\u017cliwiaj\u0105ce szczeg\u00f3\u0142ow\u0105 kontrol\u0119 nad \u015bwiat\u0142em poprzez zastosowanie nowatorskiego systemu regulacji \u015bwiat\u0142a z przys\u0142on\u0105 od F1,63 do F4,0<\/li>\n<li style='padding-top: 10px;'> Snapdragon\u00ae 8 Gen 3 Mobile Platform Innowacyjna konstrukcja 1+5+2 zwi\u0119ksza moc obliczeniow\u0105 CPU o 32% i podnosi wydajno\u015b\u0107 GPU o 34%, osi\u0105gaj\u0105c nowe szczyty wydajno\u015bci graficznej, przy jednoczesnej znacznej poprawie efektywno\u015bci energetycznej<\/li>\n<li style='padding-top: 10px;'> Niepodatna na \u015bcieranie i brud, jeszcze bardziej trwa\u0142a Najnowsza generacja nanotechnologicznej sk\u00f3ry wega\u0144skiej u\u017cytej w Xiaomi 14 Ultra zapewnia odporno\u015b\u0107 na plamy, w\u0142a\u015bciwo\u015bci antybakteryjne i jest ekologiczna<\/li>\n<li style='padding-top: 10px;'> Z funkcjami nagrywania d\u017awi\u0119ku kierunkowego i Audio Zoom, Xiaomi 14 Ultra umo\u017cliwia tworzenie nagra\u0144 o niezr\u00f3wnanej jako\u015bci studyjnej<\/li>\n<li style='padding-top: 10px;'> Technologia spiekania w wysokiej temperaturze nadaje mu niezwykle g\u0119st\u0105 struktur\u0119, co znacznie podnosi jego odporno\u015b\u0107 na upadki \u2013 do poziomu dziesi\u0119ciokrotnie wy\u017cszego ni\u017c standardowe szk\u0142a, nie wp\u0142ywaj\u0105c negatywnie na jego klarowno\u015b\u0107*<\/li>\n<li style='padding-top: 10px;'> Rejestruj \u015bwiat d\u017awi\u0119k\u00f3w w 360\u00b0 W modelu Xiaomi 14 Ultra wprowadzono ulepszony system czterech mikrofon\u00f3w<\/li>\n<li style='padding-top: 10px;'> Szczyt optyki dla urz\u0105dze\u0144 mobilnych Zaprojektowany wsp\u00f3lnie przez Xiaomi i Leica obiektyw optyczny nowej generacji<\/li>\n<li style='padding-top: 10px;'> W Xiaomi 14 Ultra obiektyw Leica Summilux z du\u017c\u0105 przys\u0142on\u0105 zapewnia \u015bwietne w\u0142a\u015bciwo\u015bci optyczne, nie tylko wydobywaj\u0105c pi\u0119kno detali w s\u0142abym \u015bwietle, ale r\u00f3wnie\u017c oferuj\u0105c niezr\u00f3wnane odwzorowanie kolor\u00f3w, kontrast i klarowno\u015b\u0107 obrazu<\/li>\n<li style='padding-top: 10px;'> Ta technologia mikrofon\u00f3w przestrzennych znacznie poprawia funkcje nagrywania, umo\u017cliwiaj\u0105c precyzyjne odtworzenie przestrzennych d\u017awi\u0119k\u00f3w<\/li>\n<li style='padding-top: 10px;'> Uk\u0142ad 4 mikrofon\u00f3w<\/li>\n<li style='padding-top: 10px;'> Poprawione wra\u017cenia Leica Fotografia uliczna we wszystkich d\u0142ugo\u015bciach ogniskowych Fotografia uliczna z Xiaomi 14 Ultra wzbogaca si\u0119 o sze\u015b\u0107 ogniskowych od 23 mm do 135 mm, wzbogacone o dodatkowy wizjer z dalmierzem i mo\u017cliwo\u015b\u0107 dostosowania ustawie\u0144 fotograficznych<\/li>\n<li style='padding-top: 10px;'> Wprowadzenie 50 MP sensor\u00f3w obrazu w ka\u017cdym z czterech obiektyw\u00f3w pozwala na rewolucyjne ulepszenia w dziedzinie fotografii mobilnej Xiaomi<\/li>\n<li style='padding-top: 10px;'> Moc w zakresie obrazowania Ramka z wytrzyma\u0142ego aluminium Xiaomi 14 Ultra introdukuje zupe\u0142nie nowy typ materia\u0142u aluminiowego 6M42 dla ramki, kt\u00f3ra jest zintegrowana z ty\u0142em obudowy, zapewniaj\u0105c podwojon\u0105 wytrzyma\u0142o\u015b\u0107 w stosunku do Xiaomi 14<\/li>\n<li style='padding-top: 10px;'> Fotografia uliczna<\/li>\n<li style='padding-top: 10px;'> Nowa nanotechniczna sk\u00f3ra wega\u0144ska Xiaomi<\/li>\n<li style='padding-top: 10px;'> Flagowe obrazowanie Konstrukcja okr\u0105g\u0142ego obiektywu<\/li>\n<\/ul>\n<p style='padding: 10px; font-weight: bold; background-color: aliceblue;'>Dost\u0119pno\u015b\u0107:<\/p>\n","protected":false},"featured_media":82191,"comment_status":"closed","ping_status":"open","template":"","meta":[],"product_brand":[],"product_cat":[164],"product_tag":[],"class_list":{"0":"post-82190","1":"product","2":"type-product","3":"status-publish","6":"product_cat-xiaomi","7":"pa_model-gs-t-xia-1178","8":"pa_producent-xiaomi","9":"pa_sklep-komputronik-pl","11":"first","12":"instock","13":"product-type-external"},"_links":{"self":[{"href":"https:\/\/taniabonament.pl\/telefony\/wp-json\/wp\/v2\/product\/82190","targetHints":{"allow":["GET"]}}],"collection":[{"href":"https:\/\/taniabonament.pl\/telefony\/wp-json\/wp\/v2\/product"}],"about":[{"href":"https:\/\/taniabonament.pl\/telefony\/wp-json\/wp\/v2\/types\/product"}],"replies":[{"embeddable":true,"href":"https:\/\/taniabonament.pl\/telefony\/wp-json\/wp\/v2\/comments?post=82190"}],"wp:featuredmedia":[{"embeddable":true,"href":"https:\/\/taniabonament.pl\/telefony\/wp-json\/wp\/v2\/media\/82191"}],"wp:attachment":[{"href":"https:\/\/taniabonament.pl\/telefony\/wp-json\/wp\/v2\/media?parent=82190"}],"wp:term":[{"taxonomy":"product_brand","embeddable":true,"href":"https:\/\/taniabonament.pl\/telefony\/wp-json\/wp\/v2\/product_brand?post=82190"},{"taxonomy":"product_cat","embeddable":true,"href":"https:\/\/taniabonament.pl\/telefony\/wp-json\/wp\/v2\/product_cat?post=82190"},{"taxonomy":"product_tag","embeddable":true,"href":"https:\/\/taniabonament.pl\/telefony\/wp-json\/wp\/v2\/product_tag?post=82190"}],"curies":[{"name":"wp","href":"https:\/\/api.w.org\/{rel}","templated":true}]}}