{"id":82170,"date":"2024-04-19T06:03:14","date_gmt":"2024-04-19T06:03:14","guid":{"rendered":"https:\/\/taniabonament.pl\/telefony\/produkt\/smartfon-xiaomi-13t-pro-12-512gb-meadow-green\/"},"modified":"2024-04-19T06:03:27","modified_gmt":"2024-04-19T06:03:27","slug":"smartfon-xiaomi-13t-pro-12-512gb-meadow-green","status":"publish","type":"product","link":"https:\/\/taniabonament.pl\/telefony\/produkt\/smartfon-xiaomi-13t-pro-12-512gb-meadow-green\/","title":{"rendered":"Smartfon Xiaomi 13T Pro 12\/512GB Meadow Green"},"content":{"rendered":"<h3><strong>Gdzie kupi\u0107 ten telefon marki Xiaomi?<\/strong><\/h3>\n<p>Ten model kupisz w sklepie <a href=\"https:\/\/converti.se\/click\/34590059-c70e8160-5f3ad4bf\/?deep_link=https%3A%2F%2Fwww.komputronik.pl%2Fproduct%2F860695%2Ftelefon-xiaomi-13t-pro-12-512gb-meadow-green.html&#038;sid=xiaomi&#038;tag6=product&#038;tag8=4f5dd3cc4db478327264b2716b061606&#038;tag9=Smartfon+Xiaomi+13T+Pro+12%2F512GB+Meadow+Green\" rel=\"noopener\">Komputronik.pl<\/a>, w niskiej cenie 3299.0 PLN. Przeczytaj opinie oraz zapoznaj si\u0119 z plusami tego konkretnego telefonu od producenta Xiaomi.<\/p>\n<h3><strong>Czy warto kupi\u0107 Smartfon Xiaomi 13T Pro 12\/512GB Meadow Green?<\/strong><\/h3>\n<p>Tak, to unikalny smartfon. Sprawdzony i dobrze wykonany. Telefony od <a href=\"https:\/\/taniabonament.pl\/telefony\/kategoria-produktu\/xiaomi\/\">Xiaomi<\/a> cechuj\u0105 si\u0119 bardzo dobr\u0105 wydajno\u015bci\u0105 oraz dopracowaniem. System operacyjny Android w najnowszym wydaniu zapewnia komfort u\u017cytkowania oraz stabilno\u015b\u0107 dzia\u0142ania.<\/p>\n<p>Bardzo du\u017co os\u00f3b jest wierna tej marce, kt\u00f3ra w ostatnich latach bardzo mocno zainwestowa\u0142a w technologie zyskuj\u0105c ugruntowan\u0105 pozycj\u0119 na rynku nowych telefon\u00f3w.<\/p>\n<p>Wielu klient\u00f3w ponownie decyduje si\u0119 na nowego smartfona tego producenta. <strong>Smartfony te ciesz\u0105 si\u0119 bardzo dobr\u0105 opini\u0105<\/strong>.<\/p>\n<h3>Cena smartfona<\/h3>\n<p>Kliknij klawisz &#8217;<strong>Kup ..<\/strong>&#8217; i przejd\u017a do sklepu naszego partnera gdzie kupisz ten telefon (sprawd\u017a czy przypadkiem nie ma na niego promocji, bo <strong>cena mo\u017ce by\u0107 jeszcze ni\u017csza!<\/strong>)<\/p>\n<p style=\"text-align: center; margin: 25px 10px;\"><a style=\"background-color: red; padding: 10px 20px; border-radius: 7px; color: #fff;\" href=\"https:\/\/converti.se\/click\/34590059-c70e8160-5f3ad4bf\/?deep_link=https%3A%2F%2Fwww.komputronik.pl%2Fproduct%2F860695%2Ftelefon-xiaomi-13t-pro-12-512gb-meadow-green.html&#038;sid=xiaomi&#038;tag6=product&#038;tag8=4f5dd3cc4db478327264b2716b061606&#038;tag9=Smartfon+Xiaomi+13T+Pro+12%2F512GB+Meadow+Green\" rel=\"nofollow\"><strong>Kup w Komputronik.pl<\/strong><\/a><\/p>\n<p>&nbsp;<\/p>\n<p>\u2605\u2605\u2605\u2605\u2605<\/p>\n<p>Poszukujesz innego <a href=\"https:\/\/taniabonament.pl\/telefony\/\">dobrego taniego smartfona<\/a>? Sprawd\u017a w\u015br\u00f3d pozosta\u0142ych producent\u00f3w telefon\u00f3w, kt\u00f3rych produkty przedstawiamy na naszym portalu (m.in. Apple, Xiaomi, MyPhone) . Telefon to urz\u0105dzenie kt\u00f3re u\u017cywamy codziennie. Ze smartfonem w dzisiejszych czasach praktycznie si\u0119 nie rozstajemy, dlatego warto zainwestowa\u0107 par\u0119 z\u0142otych w dobry sprz\u0119t. Wierzymy, \u017ce znajdziesz na naszym portalu odpowiedni model dla siebie!<\/p>\n<p><strong>Spraw sobie nowy Tani Abonament i zyskaj<\/strong><\/p>\n<p>Z pewno\u015bci\u0105 do nowego smartfona przyda Ci si\u0119 <a href=\"https:\/\/taniabonament.pl\">dobry tani abonament<\/a> czy to na kart\u0119 czy tradycyjny. Sprawd\u017a oferty na TaniAbonament.pl &#8211; szczeg\u00f3lnie polecamy bardzo atrakcyjn\u0105 <a style=\"color: red;\" href=\"https:\/\/taniabonament.pl\/nju-mobile-w-parze-wszystko-bez-limitu-za-19-zl\/\">ofert\u0119 abonamentu od NJU MOBILE<\/a>! Warto zobaczy\u0107 czemu&#8230; i co mo\u017cesz mie\u0107 za 19z\u0142!<\/p>\n","protected":false},"excerpt":{"rendered":"<h4>Smartfon <span style='color: #0286E7;'>dobry i godny zaufania<\/span> &#8211; <strong>Xiaomi<\/strong>!<\/h4>\n<p style='padding: 17px 0px;'><span style='color: #fff; background-color: yellowgreen; padding: 2px 7px;border-left: 13px solid #000000;'> godny uwagi <\/span><\/p>\n<p style='padding: 17px 0px;'><span style='color: #fff; background-color: yellowgreen; padding: 2px 7px;border-left: 13px solid #000000;'> dobra cena <\/span><\/p>\n<p style='padding-top: 10px;'>Smartfon Xiaomi 13T Pro, cechy i zalety: <\/p>\n<ul style='padding-left: 45px; padding-bottom: 10px;'>\n<li style='padding-top: 10px;'>  Nagrywanie film\u00f3w 8K i nagrywanie film\u00f3w 10-bit LOG Autentyczny styl Leica Niepowtarzalny styl Leica z wyrazistymi efektami \u015bwietlnymi i cieniowymi w tr\u00f3jwymiarowych obrazach tworzy wra\u017cenie w\u0142asnej obecno\u015bci<\/li>\n<li style='padding-top: 10px;'> Sekcja DECO korzysta z procesu wiercenia i ci\u0119cia jednym ostrzem na poziomie zegarka<\/li>\n<li style='padding-top: 10px;'> Funkcjonalno\u015b\u0107 Wi-Fi 7 Obs\u0142uguje DBS i MLO, dwuzakresow\u0105 wsp\u00f3\u0142bie\u017cn\u0105 sie\u0107 Wi-Fi z teoretyczn\u0105 pr\u0119dko\u015bci\u0105 szczytow\u0105 3,6 Gb\/s<\/li>\n<li style='padding-top: 10px;'><strong> Funkcjonalno\u015b\u0107 Wi-Fi 7 Obs\u0142uguje DBS i MLO, dwuzakresow\u0105 wsp\u00f3\u0142bie\u017cn\u0105 sie\u0107 Wi-Fi z teoretyczn\u0105 pr\u0119dko\u015bci\u0105 szczytow\u0105 3,6 Gb\/s<\/strong><\/li>\n<li style='padding-top: 10px;'> Do 144 Hz AdaptiveSync Dzi\u0119ki wielopoziomowej cz\u0119stotliwo\u015bci od\u015bwie\u017cania 30\/60\/90\/120\/144 Hz ekran potrafi automatycznie dopasowa\u0107 si\u0119 do optymalnej w danym momencie warto\u015bci podczas r\u00f3\u017cnych czynno\u015bci, takich jak granie, ogl\u0105danie film\u00f3w czy czytanie<\/li>\n<li style='padding-top: 10px;'>Smartfon Xiaomi 13T Pro.  Do 144 Hz AdaptiveSync Dzi\u0119ki wielopoziomowej cz\u0119stotliwo\u015bci od\u015bwie\u017cania 30\/60\/90\/120\/144 Hz ekran potrafi automatycznie dopasowa\u0107 si\u0119 do optymalnej w danym momencie warto\u015bci podczas r\u00f3\u017cnych czynno\u015bci, takich jak granie, ogl\u0105danie film\u00f3w czy czytanie<\/li>\n<li style='padding-top: 10px;'> Korzystanie z telefonu w nocy jest \u0142agodniejsze dla oczu dzi\u0119ki wy\u017cszej cz\u0119stotliwo\u015bci przyciemniania Cz\u0119stotliwo\u015b\u0107 przyciemniania PWM na poziomie do 2880 Hz przekracza umiej\u0119tno\u015b\u0107 ludzkiego oka do percepcji stroboskopowej, co przek\u0142ada si\u0119 na mniejsze zm\u0119czenie wzroku zwi\u0105zane z migotaniem i pozwala zadba\u0107 o oczy<\/li>\n<li style='padding-top: 10px;'> Xiaomi ProFocus zablokuj ostro\u015b\u0107 Automatycznie rozpoznaje obiekty, w tym ludzkie oczy, twarze, zwierz\u0119ta, owady, ptaki, ro\u015bliny, \u017cywno\u015b\u0107 i inne<\/li>\n<li style='padding-top: 10px;'> Natychmiastowe efekty znacznie szybszego Wi-Fi<\/li>\n<li style='padding-top: 10px;'> Niezwyk\u0142e wzornictwo apetyczne kolory Prosta konstrukcja ekranu, w po\u0142\u0105czeniu z efektem anodowania sprayu, zapewnia metaliczn\u0105 tekstur\u0119 o bardziej wyrafinowanym wygl\u0105dzie<\/li>\n<li style='padding-top: 10px;'> Przestrze\u0144 dyskowa do 1 TB pozwoli Ci na skorzystanie ze zwi\u0119kszonej liczby inspiracji<\/li>\n<li style='padding-top: 10px;'> To zapewnia p\u0142ynno\u015b\u0107 i wygod\u0119 u\u017cytkowania, a przy tym pozwala na oszcz\u0119dno\u015b\u0107 energii<\/li>\n<li style='padding-top: 10px;'> Filtry Leica Dwa innowacyjne filtry Leica \u2013 Leica Sepia i Leica Blue \u2013 daj\u0105 mo\u017cliwo\u015b\u0107 dopasowania obraz\u00f3w do Twoich indywidualnych preferencji, umo\u017cliwiaj\u0105c r\u00f3\u017cnorodne wyra\u017canie emocji w fotografii<\/li>\n<li style='padding-top: 10px;'> Korzystaj\u0105c z dw\u00f3ch styl\u00f3w fotograficznych jako \u017ar\u00f3d\u0142a inspiracji, mo\u017cesz samodzielnie modyfikowa\u0107 ton, tonacj\u0119 oraz tekstur\u0119, co prowadzi do poprawy jako\u015bci obrazu i odkrycia wi\u0119kszej liczby mo\u017cliwo\u015bci tw\u00f3rczych, zgodnie z estetyk\u0105 Leica<\/li>\n<li style='padding-top: 10px;'> Nietuzinkowe style fotograficzne Leica Zachowaj wi\u0119ksz\u0105 swobod\u0119 w trakcie fotografowania<\/li>\n<li style='padding-top: 10px;'> Wyj\u0105tkowa pami\u0119\u0107 masowa i imponuj\u0105ca pr\u0119dko\u015b\u0107 Posiadaj\u0105cy ultrawysok\u0105 pr\u0119dko\u015b\u0107 transmisji LPDDR5X i r\u00f3wnie szczeg\u00f3ln\u0105 pr\u0119dko\u015b\u0107 odczytu UFS4<\/li>\n<li style='padding-top: 10px;'> W momencie nagrywania filmu mo\u017ce automatycznie wr\u00f3ci\u0107 do \u015bledzenia obiektu po jego opuszczeniu \u2014 to prawdziwy tryb Xiaomi ProFocus<\/li>\n<li style='padding-top: 10px;'> Dwa style fotograficzne Leica<\/li>\n<li style='padding-top: 10px;'>0, umo\u017cliwiaj\u0105ce znacznie p\u0142ynniejsze tworzenie<\/li>\n<li style='padding-top: 10px;'> Metal jest z najwi\u0119ksz\u0105 precyzj\u0105 polerowany na b\u0142yszcz\u0105cy po\u0142ysk, co nadaje mu bardziej ekskluzywn\u0105 faktur\u0119<\/li>\n<li style='padding-top: 10px;'> Umie dok\u0142adnie identyfikowa\u0107 obszary HDR, stosowa\u0107 dynamiczne maski do wyr\u00f3wnywania jasno\u015bci obszar\u00f3w bez HDR i starannie przechodzi\u0107 mi\u0119dzy poziomami jasno\u015bci, by uzyska\u0107 jeszcze lepsz\u0105 jako\u015b\u0107 obraz\u00f3w<\/li>\n<li style='padding-top: 10px;'> Profesjonalna stacja wideo Przeno\u015bna, kieszonkowa stacja robocza do obr\u00f3bki wideo, cechuj\u0105ca si\u0119 pot\u0119\u017cn\u0105 wydajno\u015bci\u0105 i profesjonalnymi funkcjami<\/li>\n<li style='padding-top: 10px;'>Profesjonalny system obiektyw\u00f3w Leica Profesjonalny obiektyw optyczny Leica<\/li>\n<li style='padding-top: 10px;'> Profesjonalny wy\u015bwietlacz HDR Ultradynamiczny wy\u015bwietlacz w Xiaomi 13T Pro oferuje nawet do 5 razy wi\u0119ksz\u0105 jasno\u015b\u0107 w por\u00f3wnaniu z konwencjonalnymi wy\u015bwietlaczami<\/li>\n<li style='padding-top: 10px;'> Jaskrawe kolory Leica Rewolucyjna ekspresja oparta na dziedzictwie, z jasnymi tonami i niezwykle \u017cywymi kolorami, kt\u00f3re emanuj\u0105 witalno\u015bci\u0105<\/li>\n<\/ul>\n<p style='padding: 10px; font-weight: bold; background-color: aliceblue;'>Dost\u0119pno\u015b\u0107:<\/p>\n","protected":false},"featured_media":82171,"comment_status":"closed","ping_status":"open","template":"","meta":[],"product_brand":[],"product_cat":[164],"product_tag":[],"class_list":{"0":"post-82170","1":"product","2":"type-product","3":"status-publish","6":"product_cat-xiaomi","7":"pa_model-gs-t-xia-1103","8":"pa_producent-xiaomi","9":"pa_sklep-komputronik-pl","11":"first","12":"instock","13":"product-type-external"},"_links":{"self":[{"href":"https:\/\/taniabonament.pl\/telefony\/wp-json\/wp\/v2\/product\/82170","targetHints":{"allow":["GET"]}}],"collection":[{"href":"https:\/\/taniabonament.pl\/telefony\/wp-json\/wp\/v2\/product"}],"about":[{"href":"https:\/\/taniabonament.pl\/telefony\/wp-json\/wp\/v2\/types\/product"}],"replies":[{"embeddable":true,"href":"https:\/\/taniabonament.pl\/telefony\/wp-json\/wp\/v2\/comments?post=82170"}],"wp:featuredmedia":[{"embeddable":true,"href":"https:\/\/taniabonament.pl\/telefony\/wp-json\/wp\/v2\/media\/82171"}],"wp:attachment":[{"href":"https:\/\/taniabonament.pl\/telefony\/wp-json\/wp\/v2\/media?parent=82170"}],"wp:term":[{"taxonomy":"product_brand","embeddable":true,"href":"https:\/\/taniabonament.pl\/telefony\/wp-json\/wp\/v2\/product_brand?post=82170"},{"taxonomy":"product_cat","embeddable":true,"href":"https:\/\/taniabonament.pl\/telefony\/wp-json\/wp\/v2\/product_cat?post=82170"},{"taxonomy":"product_tag","embeddable":true,"href":"https:\/\/taniabonament.pl\/telefony\/wp-json\/wp\/v2\/product_tag?post=82170"}],"curies":[{"name":"wp","href":"https:\/\/api.w.org\/{rel}","templated":true}]}}