{"id":82166,"date":"2024-04-19T06:03:14","date_gmt":"2024-04-19T06:03:14","guid":{"rendered":"https:\/\/taniabonament.pl\/telefony\/produkt\/smartfon-xiaomi-redmi-12c-4-128gb-graphite-gray\/"},"modified":"2025-01-04T08:59:54","modified_gmt":"2025-01-04T08:59:54","slug":"smartfon-xiaomi-redmi-12c-4-128gb-graphite-gray","status":"publish","type":"product","link":"https:\/\/taniabonament.pl\/telefony\/produkt\/smartfon-xiaomi-redmi-12c-4-128gb-graphite-gray\/","title":{"rendered":"Smartfon Xiaomi Redmi 12C 4\/128GB Graphite Gray"},"content":{"rendered":"<h3><strong>Gdzie kupi\u0107 ten telefon marki Xiaomi?<\/strong><\/h3>\n<p>Ten model kupisz w sklepie <a href=\"https:\/\/converti.se\/click\/34590059-c70e8160-5f3ad4bf\/?deep_link=https%3A%2F%2Fwww.komputronik.pl%2Fproduct%2F814224%2Fxiaomi-redmi-12c-4-128gb-graphite-gray.html&#038;sid=xiaomi&#038;tag6=product&#038;tag8=8be57b8e1c48d9576876a1c7067cdc94&#038;tag9=Smartfon+Xiaomi+Redmi+12C+4%2F128GB+Graphite+Gray\" rel=\"noopener\">Komputronik.pl<\/a>, w niskiej cenie 549.0 PLN. Przeczytaj opinie oraz zapoznaj si\u0119 z plusami tego konkretnego telefonu od producenta Xiaomi.<\/p>\n<h3><strong>Czy warto kupi\u0107 Smartfon Xiaomi Redmi 12C 4\/128GB Graphite Gray?<\/strong><\/h3>\n<p>Tak, to unikalny smartfon. Sprawdzony i dobrze wykonany. Telefony od <a href=\"https:\/\/taniabonament.pl\/telefony\/kategoria-produktu\/xiaomi\/\">Xiaomi<\/a> cechuj\u0105 si\u0119 bardzo dobr\u0105 wydajno\u015bci\u0105 oraz dopracowaniem. System operacyjny Android w najnowszym wydaniu zapewnia komfort u\u017cytkowania oraz stabilno\u015b\u0107 dzia\u0142ania.<\/p>\n<p>Bardzo du\u017co os\u00f3b jest wierna tej marce, kt\u00f3ra w ostatnich latach bardzo mocno zainwestowa\u0142a w technologie zyskuj\u0105c ugruntowan\u0105 pozycj\u0119 na rynku nowych telefon\u00f3w.<\/p>\n<p>Wielu klient\u00f3w ponownie decyduje si\u0119 na nowego smartfona tego producenta. <strong>Smartfony te ciesz\u0105 si\u0119 bardzo dobr\u0105 opini\u0105<\/strong>.<\/p>\n<h3>Cena smartfona<\/h3>\n<p>Kliknij klawisz &#8217;<strong>Kup ..<\/strong>&#8217; i przejd\u017a do sklepu naszego partnera gdzie kupisz ten telefon (sprawd\u017a czy przypadkiem nie ma na niego promocji, bo <strong>cena mo\u017ce by\u0107 jeszcze ni\u017csza!<\/strong>)<\/p>\n<p style=\"text-align: center; margin: 25px 10px;\"><a style=\"background-color: red; padding: 10px 20px; border-radius: 7px; color: #fff;\" href=\"https:\/\/converti.se\/click\/34590059-c70e8160-5f3ad4bf\/?deep_link=https%3A%2F%2Fwww.komputronik.pl%2Fproduct%2F814224%2Fxiaomi-redmi-12c-4-128gb-graphite-gray.html&#038;sid=xiaomi&#038;tag6=product&#038;tag8=8be57b8e1c48d9576876a1c7067cdc94&#038;tag9=Smartfon+Xiaomi+Redmi+12C+4%2F128GB+Graphite+Gray\" rel=\"nofollow\"><strong>Kup w Komputronik.pl<\/strong><\/a><\/p>\n<p>&nbsp;<\/p>\n<p>\u2605\u2605\u2605\u2605\u2605<\/p>\n<p>Poszukujesz innego <a href=\"https:\/\/taniabonament.pl\/telefony\/\">dobrego taniego smartfona<\/a>? Sprawd\u017a w\u015br\u00f3d pozosta\u0142ych producent\u00f3w telefon\u00f3w, kt\u00f3rych produkty przedstawiamy na naszym portalu (m.in. Apple, Xiaomi, MyPhone) . Telefon to urz\u0105dzenie kt\u00f3re u\u017cywamy codziennie. Ze smartfonem w dzisiejszych czasach praktycznie si\u0119 nie rozstajemy, dlatego warto zainwestowa\u0107 par\u0119 z\u0142otych w dobry sprz\u0119t. Wierzymy, \u017ce znajdziesz na naszym portalu odpowiedni model dla siebie!<\/p>\n<p><strong>Spraw sobie nowy Tani Abonament i zyskaj<\/strong><\/p>\n<p>Z pewno\u015bci\u0105 do nowego smartfona przyda Ci si\u0119 <a href=\"https:\/\/taniabonament.pl\">dobry tani abonament<\/a> czy to na kart\u0119 czy tradycyjny. Sprawd\u017a oferty na TaniAbonament.pl &#8211; szczeg\u00f3lnie polecamy bardzo atrakcyjn\u0105 <a style=\"color: red;\" href=\"https:\/\/taniabonament.pl\/nju-mobile-w-parze-wszystko-bez-limitu-za-19-zl\/\">ofert\u0119 abonamentu od NJU MOBILE<\/a>! Warto zobaczy\u0107 czemu&#8230; i co mo\u017cesz mie\u0107 za 19z\u0142!<\/p>\n","protected":false},"excerpt":{"rendered":"<h4>Smartfon <span style='color: #0286E7;'>dobry i godny zaufania<\/span> &#8211; <strong>Xiaomi<\/strong>!<\/h4>\n<p style='padding: 17px 0px;'><span style='color: #fff; background-color: yellowgreen; padding: 2px 7px;border-left: 13px solid #000000;'> polecany <\/span><span style='margin-left: 10px; color: #fff; background-color: red; padding: 2px 7px;border-left: 13px solid #000000;'> dobra cena <\/span><\/p>\n<p style='padding-top: 10px;'>Smartfon Xiaomi Redmi 12C, cechy i zalety: <\/p>\n<ul style='padding-left: 45px; padding-bottom: 10px;'>\n<li style='padding-top: 10px;'> Dzi\u0119ki umiejscowionemu z ty\u0142u czytnikowi linii papilarnych, kt\u00f3ry wtapia sie harmonijnie w minimalistyczny design, odblokowywanie telefonu jest szybkie, \u0142atwe i bezpieczne<\/li>\n<li style='padding-top: 10px;'> Dodatkowo, funkcja trybu czytania, w kt\u00f3r\u0105 wyposa\u017cone jest urz\u0105dzenie, zapewnia ochrone oczu, co jest szczeg\u00f3lnie pomocne przy d\u0142u\u017cszej lekturze<\/li>\n<li style='padding-top: 10px;'><strong> Dodatkowo, funkcja trybu czytania, w kt\u00f3r\u0105 wyposa\u017cone jest urz\u0105dzenie, zapewnia ochrone oczu, co jest szczeg\u00f3lnie pomocne przy d\u0142u\u017cszej lekturze<\/strong><\/li>\n<li style='padding-top: 10px;'> Dzi\u0119ki temu mo\u017cesz uchwyci\u0107 niezapomniane chwile jeszcze wyra\u017aniej nawet w s\u0142abych warunkach o\u015bwietleniowych<\/li>\n<li style='padding-top: 10px;'>Smartfon Xiaomi Redmi 12C.  Dzi\u0119ki temu mo\u017cesz uchwyci\u0107 niezapomniane chwile jeszcze wyra\u017aniej nawet w s\u0142abych warunkach o\u015bwietleniowych<\/li>\n<li style='padding-top: 10px;'> Wystarczy tylko wybra\u0107 kolor, kt\u00f3ry pasuje do Twojego stylu<\/li>\n<li style='padding-top: 10px;'>6:9, ekran z delikatnymi wibracjami na dotkni\u0119cie zapewnia r\u00f3wnie\u017c lepsze wra\u017cenia wizualne podczas codziennej nawigacji i czytania<\/li>\n<li style='padding-top: 10px;'> Dzi\u0119ki du\u017cemu ekranowi o przek\u0105tnej 6,71&#8243; HD+, Redmi 12C doskonale nadaje si\u0119 do ogl\u0105dania ulubionych film\u00f3w i grania w gry<\/li>\n<li style='padding-top: 10px;'> Du\u017ca bateria 5000 mAh smartfona Redmi 12C zapewnia odpowiedni poziom zasilania umo\u017cliwiaj\u0105cy rozmawianie, granie i odtwarzanie plik\u00f3w wideo przez ca\u0142y dzie\u0144<\/li>\n<li style='padding-top: 10px;'> Redmi 12C ma konstrukcje jednoczesciow\u0105, z p\u0142askimi kraw\u0119dziami i zakrzywionym ty\u0142em, a stylowy design w paski i pr\u0105\u017cki sprawia, \u017ce urz\u0105dzenie wyr\u00f3\u017cnia si\u0119 i nie wy\u015blizguje si\u0119 \u0142atwo z d\u0142oni, poprawiaj\u0105c jego og\u00f3ln\u0105 estetyk\u0119<\/li>\n<li style='padding-top: 10px;'> Teraz mozesz zrobi\u0107 zdj\u0119cie w ka\u017cdej scenerii i o dowolnej porze Redmi 12C wyposa\u017cony zosta\u0142 w aparat g\u0142\u00f3wny 50 MP ze wsparciem HDR<\/li>\n<li style='padding-top: 10px;'> Zdj\u0119cia w nocy lub pod \u015bwiat\u0142o nie stanowi\u0105 ju\u017c wyzwania z tym smartfonem<\/li>\n<li style='padding-top: 10px;'> Dzi\u0119ki pami\u0119ci RAM rozszerzalnej o dodatkowe 2 GB i pami\u0119ci masowej rozszerzalnej o dodatkowe 1 TB, Redmi 12C szybko wy\u015bwietla informacje po otworzeniu aplikacji, a tak\u017ce umo\u017cliwia przechowywanie wi\u0119kszej liczby ulubionych film\u00f3w, zdj\u0119\u0107, muzyki i gier<\/li>\n<li style='padding-top: 10px;'> Dzi\u0119ki formatowi obrazu 20<\/li>\n<li style='padding-top: 10px;'> Nowy poziom designu: Wi\u0119cej kolor\u00f3w i cech wyr\u00f3zniaj\u0105cych Redmi 12C zosta\u0142 zaprojektowany tak, aby wyr\u00f3\u017cnia\u0142 sie na tle konkurencji dzi\u0119ki wci\u0105gajacemu wy\u015bwietlaczowi i unikatowemu designowi<\/li>\n<li style='padding-top: 10px;'>Xiaomi Redmi 12C Wysoka wydajno\u015b\u0107: Du\u017co wi\u0119ksza i znacznie p\u0142ynniejsza Zastosowany w Redmi 12C procesor MediaTek Helio G85 zapewnia najwy\u017cszej klasy wydajno\u015b\u0107 i p\u0142ynn\u0105 obs\u0142ug\u0119 podczas grania, robienia zdj\u0119\u0107 i codziennego u\u017cytku<\/li>\n<\/ul>\n<p style='padding: 10px; font-weight: bold; background-color: aliceblue;'>Dost\u0119pno\u015b\u0107:<\/p>\n","protected":false},"featured_media":82167,"comment_status":"closed","ping_status":"open","template":"","meta":[],"product_brand":[],"product_cat":[164],"product_tag":[],"class_list":{"0":"post-82166","1":"product","2":"type-product","3":"status-publish","6":"product_cat-xiaomi","7":"pa_model-gs-t-xia-1012","8":"pa_producent-xiaomi","9":"pa_sklep-komputronik-pl","11":"first","12":"instock","13":"product-type-external"},"_links":{"self":[{"href":"https:\/\/taniabonament.pl\/telefony\/wp-json\/wp\/v2\/product\/82166","targetHints":{"allow":["GET"]}}],"collection":[{"href":"https:\/\/taniabonament.pl\/telefony\/wp-json\/wp\/v2\/product"}],"about":[{"href":"https:\/\/taniabonament.pl\/telefony\/wp-json\/wp\/v2\/types\/product"}],"replies":[{"embeddable":true,"href":"https:\/\/taniabonament.pl\/telefony\/wp-json\/wp\/v2\/comments?post=82166"}],"wp:featuredmedia":[{"embeddable":true,"href":"https:\/\/taniabonament.pl\/telefony\/wp-json\/wp\/v2\/media\/82167"}],"wp:attachment":[{"href":"https:\/\/taniabonament.pl\/telefony\/wp-json\/wp\/v2\/media?parent=82166"}],"wp:term":[{"taxonomy":"product_brand","embeddable":true,"href":"https:\/\/taniabonament.pl\/telefony\/wp-json\/wp\/v2\/product_brand?post=82166"},{"taxonomy":"product_cat","embeddable":true,"href":"https:\/\/taniabonament.pl\/telefony\/wp-json\/wp\/v2\/product_cat?post=82166"},{"taxonomy":"product_tag","embeddable":true,"href":"https:\/\/taniabonament.pl\/telefony\/wp-json\/wp\/v2\/product_tag?post=82166"}],"curies":[{"name":"wp","href":"https:\/\/api.w.org\/{rel}","templated":true}]}}