{"id":82162,"date":"2024-04-19T06:03:14","date_gmt":"2024-04-19T06:03:14","guid":{"rendered":"https:\/\/taniabonament.pl\/telefony\/produkt\/smartfon-xiaomi-redmi-12-4-128gb-midnight-black\/"},"modified":"2024-04-19T06:03:25","modified_gmt":"2024-04-19T06:03:25","slug":"smartfon-xiaomi-redmi-12-4-128gb-midnight-black","status":"publish","type":"product","link":"https:\/\/taniabonament.pl\/telefony\/produkt\/smartfon-xiaomi-redmi-12-4-128gb-midnight-black\/","title":{"rendered":"Smartfon Xiaomi Redmi 12 4\/128GB Midnight Black"},"content":{"rendered":"<h3><strong>Gdzie kupi\u0107 ten telefon marki Xiaomi?<\/strong><\/h3>\n<p>Ten model kupisz w sklepie <a href=\"https:\/\/converti.se\/click\/34590059-c70e8160-5f3ad4bf\/?deep_link=https%3A%2F%2Fwww.komputronik.pl%2Fproduct%2F834438%2Fxiaomi-redmi-12-4-128gb-midnight-black.html&#038;sid=xiaomi&#038;tag6=product&#038;tag8=ae0aca401f5d82ea565019c7fd78dbb5&#038;tag9=Smartfon+Xiaomi+Redmi+12+4%2F128GB+Midnight+Black\" rel=\"noopener\">Komputronik.pl<\/a>, w niskiej cenie 497.0 PLN. Przeczytaj opinie oraz zapoznaj si\u0119 z plusami tego konkretnego telefonu od producenta Xiaomi.<\/p>\n<h3><strong>Czy warto kupi\u0107 Smartfon Xiaomi Redmi 12 4\/128GB Midnight Black?<\/strong><\/h3>\n<p>Tak, to unikalny smartfon. Sprawdzony i dobrze wykonany. Telefony od <a href=\"https:\/\/taniabonament.pl\/telefony\/kategoria-produktu\/xiaomi\/\">Xiaomi<\/a> cechuj\u0105 si\u0119 bardzo dobr\u0105 wydajno\u015bci\u0105 oraz dopracowaniem. System operacyjny Android w najnowszym wydaniu zapewnia komfort u\u017cytkowania oraz stabilno\u015b\u0107 dzia\u0142ania.<\/p>\n<p>Bardzo du\u017co os\u00f3b jest wierna tej marce, kt\u00f3ra w ostatnich latach bardzo mocno zainwestowa\u0142a w technologie zyskuj\u0105c ugruntowan\u0105 pozycj\u0119 na rynku nowych telefon\u00f3w.<\/p>\n<p>Wielu klient\u00f3w ponownie decyduje si\u0119 na nowego smartfona tego producenta. <strong>Smartfony te ciesz\u0105 si\u0119 bardzo dobr\u0105 opini\u0105<\/strong>.<\/p>\n<h3>Cena smartfona<\/h3>\n<p>Kliknij klawisz &#8217;<strong>Kup ..<\/strong>&#8217; i przejd\u017a do sklepu naszego partnera gdzie kupisz ten telefon (sprawd\u017a czy przypadkiem nie ma na niego promocji, bo <strong>cena mo\u017ce by\u0107 jeszcze ni\u017csza!<\/strong>)<\/p>\n<p style=\"text-align: center; margin: 25px 10px;\"><a style=\"background-color: red; padding: 10px 20px; border-radius: 7px; color: #fff;\" href=\"https:\/\/converti.se\/click\/34590059-c70e8160-5f3ad4bf\/?deep_link=https%3A%2F%2Fwww.komputronik.pl%2Fproduct%2F834438%2Fxiaomi-redmi-12-4-128gb-midnight-black.html&#038;sid=xiaomi&#038;tag6=product&#038;tag8=ae0aca401f5d82ea565019c7fd78dbb5&#038;tag9=Smartfon+Xiaomi+Redmi+12+4%2F128GB+Midnight+Black\" rel=\"nofollow\"><strong>Kup w Komputronik.pl<\/strong><\/a><\/p>\n<p>&nbsp;<\/p>\n<p>\u2605\u2605\u2605\u2605\u2605<\/p>\n<p>Poszukujesz innego <a href=\"https:\/\/taniabonament.pl\/telefony\/\">dobrego taniego smartfona<\/a>? Sprawd\u017a w\u015br\u00f3d pozosta\u0142ych producent\u00f3w telefon\u00f3w, kt\u00f3rych produkty przedstawiamy na naszym portalu (m.in. Apple, Xiaomi, MyPhone) . Telefon to urz\u0105dzenie kt\u00f3re u\u017cywamy codziennie. Ze smartfonem w dzisiejszych czasach praktycznie si\u0119 nie rozstajemy, dlatego warto zainwestowa\u0107 par\u0119 z\u0142otych w dobry sprz\u0119t. Wierzymy, \u017ce znajdziesz na naszym portalu odpowiedni model dla siebie!<\/p>\n<p><strong>Spraw sobie nowy Tani Abonament i zyskaj<\/strong><\/p>\n<p>Z pewno\u015bci\u0105 do nowego smartfona przyda Ci si\u0119 <a href=\"https:\/\/taniabonament.pl\">dobry tani abonament<\/a> czy to na kart\u0119 czy tradycyjny. Sprawd\u017a oferty na TaniAbonament.pl &#8211; szczeg\u00f3lnie polecamy bardzo atrakcyjn\u0105 <a style=\"color: red;\" href=\"https:\/\/taniabonament.pl\/nju-mobile-w-parze-wszystko-bez-limitu-za-19-zl\/\">ofert\u0119 abonamentu od NJU MOBILE<\/a>! Warto zobaczy\u0107 czemu&#8230; i co mo\u017cesz mie\u0107 za 19z\u0142!<\/p>\n","protected":false},"excerpt":{"rendered":"<h4>Smartfon <span style='color: #0286E7;'>dobry i godny zaufania<\/span> &#8211; <strong>Xiaomi<\/strong>!<\/h4>\n<p style='padding: 17px 0px;'><span style='color: #fff; background-color: yellowgreen; padding: 2px 7px;border-left: 13px solid #000000;'> dobra cena <\/span><span style='color: #fff; background-color: red; padding: 2px 7px;border-left: 13px solid gainsboro; margin-left: 10px;'> polecany <\/span><\/p>\n<p style='padding-top: 10px;'>Smartfon Xiaomi Redmi 12, cechy i zalety: <\/p>\n<ul style='padding-left: 45px; padding-bottom: 10px;'>\n<li style='padding-top: 10px;'> G\u0142o\u015bnik 1217 o du\u017cej mocy Niezwykle realistyczny d\u017awi\u0119k Potr\u00f3jny aparat SI o rozdzielczo\u015bci 50 MP Wyj\u0105tkowa dba\u0142o\u015b\u0107 o szczeg\u00f3\u0142y Tryb kamery filmowej Siedem klasycznych filtr\u00f3w filmowych: obliczenia na poziomie pikseli i podgl\u0105d w czasie rzeczywistym, co oddaje klasyczny klimat i pozwala od razu zmieni\u0107 swoje zdj\u0119cie w arcydzie\u0142o<\/li>\n<li style='padding-top: 10px;'> Szokuj\u0105co du\u017ce pole widzenia Redmi 12 z ekranem o przek\u0105tnej 6,79\u2033 FHD+ i cz\u0119stotliwo\u015bci od\u015bwie\u017cania do 90 Hz pozwala cieszy\u0107 si\u0119 \u017cyciem na du\u017cym ekranie, dostarczaj\u0105c realistycznych i p\u0142ynnych do\u015bwiadcze\u0144, idealnych do ogl\u0105dania film\u00f3w i przegl\u0105dania medi\u00f3w spo\u0142eczno\u015bciowych<\/li>\n<li style='padding-top: 10px;'><strong> Szokuj\u0105co du\u017ce pole widzenia Redmi 12 z ekranem o przek\u0105tnej 6,79\u2033 FHD+ i cz\u0119stotliwo\u015bci od\u015bwie\u017cania do 90 Hz pozwala cieszy\u0107 si\u0119 \u017cyciem na du\u017cym ekranie, dostarczaj\u0105c realistycznych i p\u0142ynnych do\u015bwiadcze\u0144, idealnych do ogl\u0105dania film\u00f3w i przegl\u0105dania medi\u00f3w spo\u0142eczno\u015bciowych<\/strong><\/li>\n<li style='padding-top: 10px;'> Wi\u0119ksza, lepsza pami\u0119\u0107 Redmi 12 oferuje imponuj\u0105c\u0105 maksymaln\u0105 pojemno\u015b\u0107 wynosz\u0105c\u0105 256 GB, co stanowi jego przewag\u0119 nad konkurencyjn\u0105<\/li>\n<li style='padding-top: 10px;'>Smartfon Xiaomi Redmi 12.  Wi\u0119ksza, lepsza pami\u0119\u0107 Redmi 12 oferuje imponuj\u0105c\u0105 maksymaln\u0105 pojemno\u015b\u0107 wynosz\u0105c\u0105 256 GB, co stanowi jego przewag\u0119 nad konkurencyjn\u0105<\/li>\n<li style='padding-top: 10px;'>0 Redmi 12 pozwala cieszy\u0107 si\u0119 wra\u017ceniami wizualnymi d\u0142u\u017cej, redukuj\u0105c niebieskie \u015bwiat\u0142o i zm\u0119czenie wzroku oraz chroni\u0105c oczy<\/li>\n<li style='padding-top: 10px;'> Klasa odporno\u015bci na kurz i zachlapania IP53 Dzi\u0119ki ochronie IP53 Redmi 12 jest jeszcze bardziej odporny na zachlapania i py\u0142<\/li>\n<li style='padding-top: 10px;'> Boczny czytnik linii papilarnych<\/li>\n<li style='padding-top: 10px;'> Otw\u00f3rz swoj\u0105 wyobra\u017ani\u0119 dzi\u0119ki aparatowi bez wyspy obiektyw\u00f3w Redmi 12 wyr\u00f3\u017cnia si\u0119 spo\u015br\u00f3d konkurencyjnych smartfon\u00f3w dzi\u0119ki p\u0142ynnie zintegrowanym aparatom i wysokiej jako\u015bci szklanej obudowie<\/li>\n<li style='padding-top: 10px;'> Szklane wyko\u0144czenie obudowy Znakomita szklana konstrukcja<\/li>\n<li style='padding-top: 10px;'> Cz\u0119stotliwo\u015b\u0107 od\u015bwie\u017cania AdaptiveSync do 90 Hz Redmi 12 oferuje niezwykle p\u0142ynne dzia\u0142anie i przyjemno\u015b\u0107 z u\u017cytkowania, niezale\u017cnie od tego, czy jeste\u015b graczem, influencerem czy po prostu lubisz, gdy Twoje urz\u0105dzenie dzia\u0142a szybko<\/li>\n<li style='padding-top: 10px;'> Zapewnia optymalne warunki i wi\u0119ksze bezpiecze\u0144stwo dla oczu Dzi\u0119ki certyfikatowi niskiego poziomu niebieskiego \u015bwiat\u0142a SGS i trybowi czytania 3<\/li>\n<li style='padding-top: 10px;'> Du\u017ca bateria 5000 mAh (standardowo) Redmi 12 z ogromn\u0105 moc\u0105 baterii o pojemno\u015bci 5000 mAh i szybkim \u0142adowaniem o mocy do 18 W oferuje d\u0142u\u017csze u\u017cytkowanie, szybsze \u0142adowanie i pozwala zredukowa\u0107 niepok\u00f3j zwi\u0105zany z poziomem na\u0142adowania baterii<\/li>\n<li style='padding-top: 10px;'> Ponadto, podw\u00f3jne naci\u015bni\u0119cie otwiera nowe mo\u017cliwo\u015bci personalizacji, dodaj\u0105c wygod\u0119 i elastyczno\u015b\u0107 u\u017cytkowania<\/li>\n<li style='padding-top: 10px;'>Redmi 12 Du\u017cy wy\u015bwietlacz FHD+ 90 Hz<\/li>\n<li style='padding-top: 10px;'> Bezpiecze\u0144stwo i wygoda \u0141atwy w u\u017cyciu czytnik linii papilarnych umieszczony na bocznej kraw\u0119dzi umo\u017cliwia szybkie odblokowanie urz\u0105dzenia jednym dotkni\u0119ciem palca<\/li>\n<li style='padding-top: 10px;'> Dzi\u0119ki funkcji AdaptiveSync, Redmi 12 automatycznie dostosowuje cz\u0119stotliwo\u015b\u0107 od\u015bwie\u017cania, aby zapewni\u0107 optymalne do\u015bwiadczenie w zale\u017cno\u015bci od wykonywanych czynno\u015bci<\/li>\n<li style='padding-top: 10px;'> Ponadto, dzi\u0119ki mo\u017cliwo\u015bci rozszerzenia pami\u0119ci masowej do 1 TB, Redmi 12 u\u0142atwia przechowywanie istotnych zdj\u0119\u0107, film\u00f3w i plik\u00f3w w dowolnym miejscu<\/li>\n<li style='padding-top: 10px;'> Do 16 GB pami\u0119ci RAM z funkcj\u0105 rozszerzenia pami\u0119ci Redmi 12 dostarcza p\u0142ynne do\u015bwiadczenie u\u017cytkowania i pozwala na rozszerzenie pami\u0119ci RAM a\u017c do 16 GB (w tym 8 GB rozszerzonej pami\u0119ci RAM)*, co zapewnia maksymaln\u0105 pr\u0119dko\u015b\u0107 w momencie, gdy jest to potrzebne<\/li>\n<li style='padding-top: 10px;'> MediaTek Helio G88 Dzi\u0119ki procesorowi MediaTek Helio G88, Redmi 12 zapewnia rewelacyjn\u0105 r\u00f3wnowag\u0119 mi\u0119dzy moc\u0105 a wydajno\u015bci\u0105, co prze\u0142o\u017cy si\u0119 na p\u0142ynne i stabilne dzia\u0142anie podczas codziennego u\u017cytkowania<\/li>\n<li style='padding-top: 10px;'> Wysoka jako\u015b\u0107, smuklejsza obudowa Redmi 12 o zaledwie 8,17 mm grubo\u015bci to rewolucyjny telefon pod wzgl\u0119dem wygl\u0105du i obs\u0142ugi, z eleganck\u0105 i wytrzyma\u0142\u0105 szklan\u0105 obudow\u0105<\/li>\n<li style='padding-top: 10px;'> Nie przejmuj si\u0119 drobiazgami i korzystaj z Redmi 12 bez zmartwie\u0144* 6,79\u2033 FHD+ DotDisplay<\/li>\n<\/ul>\n<p style='padding: 10px; font-weight: bold; background-color: aliceblue;'>Dost\u0119pno\u015b\u0107:<\/p>\n","protected":false},"featured_media":82163,"comment_status":"closed","ping_status":"open","template":"","meta":[],"product_brand":[],"product_cat":[164],"product_tag":[],"class_list":{"0":"post-82162","1":"product","2":"type-product","3":"status-publish","6":"product_cat-xiaomi","7":"pa_model-gs-t-xia-1066","8":"pa_producent-xiaomi","9":"pa_sklep-komputronik-pl","11":"first","12":"instock","13":"product-type-external"},"_links":{"self":[{"href":"https:\/\/taniabonament.pl\/telefony\/wp-json\/wp\/v2\/product\/82162","targetHints":{"allow":["GET"]}}],"collection":[{"href":"https:\/\/taniabonament.pl\/telefony\/wp-json\/wp\/v2\/product"}],"about":[{"href":"https:\/\/taniabonament.pl\/telefony\/wp-json\/wp\/v2\/types\/product"}],"replies":[{"embeddable":true,"href":"https:\/\/taniabonament.pl\/telefony\/wp-json\/wp\/v2\/comments?post=82162"}],"wp:featuredmedia":[{"embeddable":true,"href":"https:\/\/taniabonament.pl\/telefony\/wp-json\/wp\/v2\/media\/82163"}],"wp:attachment":[{"href":"https:\/\/taniabonament.pl\/telefony\/wp-json\/wp\/v2\/media?parent=82162"}],"wp:term":[{"taxonomy":"product_brand","embeddable":true,"href":"https:\/\/taniabonament.pl\/telefony\/wp-json\/wp\/v2\/product_brand?post=82162"},{"taxonomy":"product_cat","embeddable":true,"href":"https:\/\/taniabonament.pl\/telefony\/wp-json\/wp\/v2\/product_cat?post=82162"},{"taxonomy":"product_tag","embeddable":true,"href":"https:\/\/taniabonament.pl\/telefony\/wp-json\/wp\/v2\/product_tag?post=82162"}],"curies":[{"name":"wp","href":"https:\/\/api.w.org\/{rel}","templated":true}]}}