{"id":82138,"date":"2024-04-19T06:03:14","date_gmt":"2024-04-19T06:03:14","guid":{"rendered":"https:\/\/taniabonament.pl\/telefony\/produkt\/smartfon-xiaomi-redmi-13c-8-256gb-clover-green\/"},"modified":"2024-04-19T06:03:16","modified_gmt":"2024-04-19T06:03:16","slug":"smartfon-xiaomi-redmi-13c-8-256gb-clover-green","status":"publish","type":"product","link":"https:\/\/taniabonament.pl\/telefony\/produkt\/smartfon-xiaomi-redmi-13c-8-256gb-clover-green\/","title":{"rendered":"Smartfon Xiaomi Redmi 13C 8\/256GB Clover Green"},"content":{"rendered":"<h3><strong>Gdzie kupi\u0107 ten telefon marki Xiaomi?<\/strong><\/h3>\n<p>Ten model kupisz w sklepie <a href=\"https:\/\/converti.se\/click\/34590059-c70e8160-5f3ad4bf\/?deep_link=https%3A%2F%2Fwww.komputronik.pl%2Fproduct%2F884177%2Ftelefon-xiaomi-redmi-13c-8-256gb-clover-green.html&#038;sid=xiaomi&#038;tag6=product&#038;tag8=e5481af54c0543ec1d2fd58408eea293&#038;tag9=Smartfon+Xiaomi+Redmi+13C+8%2F256GB+Clover+Green\" rel=\"noopener\">Komputronik.pl<\/a>, w niskiej cenie 699.0 PLN. Przeczytaj opinie oraz zapoznaj si\u0119 z plusami tego konkretnego telefonu od producenta Xiaomi.<\/p>\n<h3><strong>Czy warto kupi\u0107 Smartfon Xiaomi Redmi 13C 8\/256GB Clover Green?<\/strong><\/h3>\n<p>Tak, to unikalny smartfon. Sprawdzony i dobrze wykonany. Telefony od <a href=\"https:\/\/taniabonament.pl\/telefony\/kategoria-produktu\/xiaomi\/\">Xiaomi<\/a> cechuj\u0105 si\u0119 bardzo dobr\u0105 wydajno\u015bci\u0105 oraz dopracowaniem. System operacyjny Android w najnowszym wydaniu zapewnia komfort u\u017cytkowania oraz stabilno\u015b\u0107 dzia\u0142ania.<\/p>\n<p>Bardzo du\u017co os\u00f3b jest wierna tej marce, kt\u00f3ra w ostatnich latach bardzo mocno zainwestowa\u0142a w technologie zyskuj\u0105c ugruntowan\u0105 pozycj\u0119 na rynku nowych telefon\u00f3w.<\/p>\n<p>Wielu klient\u00f3w ponownie decyduje si\u0119 na nowego smartfona tego producenta. <strong>Smartfony te ciesz\u0105 si\u0119 bardzo dobr\u0105 opini\u0105<\/strong>.<\/p>\n<h3>Cena smartfona<\/h3>\n<p>Kliknij klawisz &#8217;<strong>Kup ..<\/strong>&#8217; i przejd\u017a do sklepu naszego partnera gdzie kupisz ten telefon (sprawd\u017a czy przypadkiem nie ma na niego promocji, bo <strong>cena mo\u017ce by\u0107 jeszcze ni\u017csza!<\/strong>)<\/p>\n<p style=\"text-align: center; margin: 25px 10px;\"><a style=\"background-color: red; padding: 10px 20px; border-radius: 7px; color: #fff;\" href=\"https:\/\/converti.se\/click\/34590059-c70e8160-5f3ad4bf\/?deep_link=https%3A%2F%2Fwww.komputronik.pl%2Fproduct%2F884177%2Ftelefon-xiaomi-redmi-13c-8-256gb-clover-green.html&#038;sid=xiaomi&#038;tag6=product&#038;tag8=e5481af54c0543ec1d2fd58408eea293&#038;tag9=Smartfon+Xiaomi+Redmi+13C+8%2F256GB+Clover+Green\" rel=\"nofollow\"><strong>Kup w Komputronik.pl<\/strong><\/a><\/p>\n<p>&nbsp;<\/p>\n<p>\u2605\u2605\u2605\u2605\u2605<\/p>\n<p>Poszukujesz innego <a href=\"https:\/\/taniabonament.pl\/telefony\/\">dobrego taniego smartfona<\/a>? Sprawd\u017a w\u015br\u00f3d pozosta\u0142ych producent\u00f3w telefon\u00f3w, kt\u00f3rych produkty przedstawiamy na naszym portalu (m.in. Apple, Xiaomi, MyPhone) . Telefon to urz\u0105dzenie kt\u00f3re u\u017cywamy codziennie. Ze smartfonem w dzisiejszych czasach praktycznie si\u0119 nie rozstajemy, dlatego warto zainwestowa\u0107 par\u0119 z\u0142otych w dobry sprz\u0119t. Wierzymy, \u017ce znajdziesz na naszym portalu odpowiedni model dla siebie!<\/p>\n<p><strong>Spraw sobie nowy Tani Abonament i zyskaj<\/strong><\/p>\n<p>Z pewno\u015bci\u0105 do nowego smartfona przyda Ci si\u0119 <a href=\"https:\/\/taniabonament.pl\">dobry tani abonament<\/a> czy to na kart\u0119 czy tradycyjny. Sprawd\u017a oferty na TaniAbonament.pl &#8211; szczeg\u00f3lnie polecamy bardzo atrakcyjn\u0105 <a style=\"color: red;\" href=\"https:\/\/taniabonament.pl\/nju-mobile-w-parze-wszystko-bez-limitu-za-19-zl\/\">ofert\u0119 abonamentu od NJU MOBILE<\/a>! Warto zobaczy\u0107 czemu&#8230; i co mo\u017cesz mie\u0107 za 19z\u0142!<\/p>\n","protected":false},"excerpt":{"rendered":"<h4>Smartfon <span style='color: #0286E7;'>dobry i godny zaufania<\/span> &#8211; <strong>Xiaomi<\/strong>!<\/h4>\n<p style='padding: 17px 0px;'><span style='color: #fff; background-color: yellowgreen; padding: 2px 7px;border-left: 13px solid #000000;'> polecany <\/span><span style='margin-left: 10px; color: #fff; background-color: red; padding: 2px 7px;border-left: 13px solid #000000;'> dobra cena <\/span><\/p>\n<p style='padding-top: 10px;'>Smartfon Xiaomi Redmi 13C, cechy i zalety: <\/p>\n<ul style='padding-left: 45px; padding-bottom: 10px;'>\n<li style='padding-top: 10px;'>  Szk\u0142o ekranu Corning\u00ae Gorilla\u00ae Pewne zabezpieczenie Wci\u0105gaj\u0105cy wy\u015bwietlacz 6,74\u2033 Ekran zapewniaj\u0105cy realistyczny obraz<\/li>\n<li style='padding-top: 10px;'> Redmi 13C oferuje imponuj\u0105cy i p\u0142ynny obraz na du\u017cym wy\u015bwietlaczu o przek\u0105tnej 6,74 cala<\/li>\n<li style='padding-top: 10px;'> Du\u017cy zas\u00f3b pami\u0119ci wewn\u0119trznej Dzi\u0119ki mo\u017cliwo\u015bci rozszerzenia pami\u0119ci nawet do 1 TB, Redmi 13C zapewnia wygodne przechowywanie zdj\u0119\u0107, plik\u00f3w, gier i aplikacji<\/li>\n<li style='padding-top: 10px;'><strong> Du\u017cy zas\u00f3b pami\u0119ci wewn\u0119trznej Dzi\u0119ki mo\u017cliwo\u015bci rozszerzenia pami\u0119ci nawet do 1 TB, Redmi 13C zapewnia wygodne przechowywanie zdj\u0119\u0107, plik\u00f3w, gier i aplikacji<\/strong><\/li>\n<li style='padding-top: 10px;'> Port USB-C do szybkiego \u0142adowania do 18 W Pojemna bateria 5000 mAh w Redmi 13C zapewnia d\u0142ugotrwa\u0142e dzia\u0142anie nawet przy intensywnym u\u017cywaniu<\/li>\n<li style='padding-top: 10px;'>Smartfon Xiaomi Redmi 13C.  Port USB-C do szybkiego \u0142adowania do 18 W Pojemna bateria 5000 mAh w Redmi 13C zapewnia d\u0142ugotrwa\u0142e dzia\u0142anie nawet przy intensywnym u\u017cywaniu<\/li>\n<li style='padding-top: 10px;'> Redmi 13C dzia\u0142a niezawodnie i p\u0142ynnie dzi\u0119ki o\u015bmiordzeniowemu procesorowi MediaTek Helio G85, kt\u00f3ry umiej\u0119tnie \u0142\u0105czy moc z wydajno\u015bci\u0105<\/li>\n<li style='padding-top: 10px;'> Pozwala na tworzenie perfekcyjnych selfie nawet noc\u0105<\/li>\n<li style='padding-top: 10px;'> Wysoka cz\u0119stotliwo\u015b\u0107 od\u015bwie\u017cania do 90 Hz Urz\u0105dzenie zapewnia cz\u0119stotliwo\u015b\u0107 od\u015bwie\u017cania do 90 Hz, dzi\u0119ki czemu dzia\u0142a niezwykle p\u0142ynnie podczas czynno\u015bci takich jak granie, ogl\u0105danie film\u00f3w czy szukanie informacji<\/li>\n<li style='padding-top: 10px;'> Jeszcze wi\u0119cej do\u015bwiadcze\u0144 Czytnik linii papilarnych w przycisku w\u0142\u0105cznika<\/li>\n<li style='padding-top: 10px;'> G\u0142\u00f3wny aparat o rozdzielczo\u015bci 50 MP i zachwycaj\u0105cej wyrazisto\u015bci Chwytaj ka\u017cdy moment Aparat przedni 8 MP z pier\u015bcieniem mi\u0119kkiego \u015bwiat\u0142a<\/li>\n<li style='padding-top: 10px;'>Redmi 13C Wy\u015bwietlacz 6,74\u2033 90 Hz z p\u0142ynnym obrazem<\/li>\n<li style='padding-top: 10px;'> 50 MP Technologia zapewniaj\u0105ca wyj\u0105tkow\u0105 ostro\u015b\u0107 obrazu Dzi\u0119ki wydajno\u015bci urz\u0105dzenia i jeszcze lepszemu przetwarzaniu obrazu Twoje zdj\u0119cia b\u0119d\u0105 perfekcyjne niezale\u017cnie od o\u015bwietlenia<\/li>\n<li style='padding-top: 10px;'> Dzi\u0119ki szybkiemu \u0142adowaniu do 18 W, Redmi 13C zapewnia wygodne i szybkie \u0142adowanie zawsze wtedy, gdy jest to niezb\u0119dne<\/li>\n<li style='padding-top: 10px;'> To jedyne urz\u0105dzenie, kt\u00f3rego potrzebujesz<\/li>\n<li style='padding-top: 10px;'> O\u015bmiordzeniowy procesor Fantastyczne wra\u017cenia<\/li>\n<li style='padding-top: 10px;'> Potr\u00f3jny aparat ze wsparciem AI o rozdzielczo\u015bci 50 MP Konstrukcja o eleganckim i smuk\u0142ym kszta\u0142cie Smuk\u0142a i starannie zaprojektowana konstrukcja Redmi 13C, przy grubo\u015bci zaledwie 8,09 mm, daje wyj\u0105tkowy komfort u\u017cytkowania i doskonale le\u017cy w r\u0119ce<\/li>\n<li style='padding-top: 10px;'> Do 16 GB z mo\u017cliwo\u015bci\u0105 rozszerzenia o 8 GB pami\u0119ci RAM Dzi\u0119ki zwi\u0119kszeniu pami\u0119ci RAM Redmi 13C jeszcze lepiej radzi sobie z jednoczesn\u0105 obs\u0142ug\u0105 kilku aplikacji oraz zada\u0144<\/li>\n<li style='padding-top: 10px;'> Du\u017ca bateria o pojemno\u015bci 5000 mAh (typ)<\/li>\n<\/ul>\n<p style='padding: 10px; font-weight: bold; background-color: aliceblue;'>Dost\u0119pno\u015b\u0107:<\/p>\n","protected":false},"featured_media":82139,"comment_status":"closed","ping_status":"open","template":"","meta":[],"product_brand":[],"product_cat":[164],"product_tag":[],"class_list":{"0":"post-82138","1":"product","2":"type-product","3":"status-publish","6":"product_cat-xiaomi","7":"pa_model-gs-t-xia-1141","8":"pa_producent-xiaomi","9":"pa_sklep-komputronik-pl","11":"first","12":"instock","13":"product-type-external"},"_links":{"self":[{"href":"https:\/\/taniabonament.pl\/telefony\/wp-json\/wp\/v2\/product\/82138","targetHints":{"allow":["GET"]}}],"collection":[{"href":"https:\/\/taniabonament.pl\/telefony\/wp-json\/wp\/v2\/product"}],"about":[{"href":"https:\/\/taniabonament.pl\/telefony\/wp-json\/wp\/v2\/types\/product"}],"replies":[{"embeddable":true,"href":"https:\/\/taniabonament.pl\/telefony\/wp-json\/wp\/v2\/comments?post=82138"}],"wp:featuredmedia":[{"embeddable":true,"href":"https:\/\/taniabonament.pl\/telefony\/wp-json\/wp\/v2\/media\/82139"}],"wp:attachment":[{"href":"https:\/\/taniabonament.pl\/telefony\/wp-json\/wp\/v2\/media?parent=82138"}],"wp:term":[{"taxonomy":"product_brand","embeddable":true,"href":"https:\/\/taniabonament.pl\/telefony\/wp-json\/wp\/v2\/product_brand?post=82138"},{"taxonomy":"product_cat","embeddable":true,"href":"https:\/\/taniabonament.pl\/telefony\/wp-json\/wp\/v2\/product_cat?post=82138"},{"taxonomy":"product_tag","embeddable":true,"href":"https:\/\/taniabonament.pl\/telefony\/wp-json\/wp\/v2\/product_tag?post=82138"}],"curies":[{"name":"wp","href":"https:\/\/api.w.org\/{rel}","templated":true}]}}