{"id":82134,"date":"2024-04-19T06:03:14","date_gmt":"2024-04-19T06:03:14","guid":{"rendered":"https:\/\/taniabonament.pl\/telefony\/produkt\/smartfon-xiaomi-14-12-512gb-black\/"},"modified":"2024-04-19T06:03:15","modified_gmt":"2024-04-19T06:03:15","slug":"smartfon-xiaomi-14-12-512gb-black","status":"publish","type":"product","link":"https:\/\/taniabonament.pl\/telefony\/produkt\/smartfon-xiaomi-14-12-512gb-black\/","title":{"rendered":"Smartfon Xiaomi 14 12\/512GB Black"},"content":{"rendered":"<h3><strong>Gdzie kupi\u0107 ten telefon marki Xiaomi?<\/strong><\/h3>\n<p>Ten model kupisz w sklepie <a href=\"https:\/\/converti.se\/click\/34590059-c70e8160-5f3ad4bf\/?deep_link=https%3A%2F%2Fwww.komputronik.pl%2Fproduct%2F895400%2Ftelefon-xiaomi-14-12-512gb-black.html&#038;sid=xiaomi&#038;tag6=product&#038;tag8=9a81bc16131fe86c37b4bdaafaed4d46&#038;tag9=Smartfon+Xiaomi+14+12%2F512GB+Black\" rel=\"noopener\">Komputronik.pl<\/a>, w niskiej cenie 4799.0 PLN. Przeczytaj opinie oraz zapoznaj si\u0119 z plusami tego konkretnego telefonu od producenta Xiaomi.<\/p>\n<h3><strong>Czy warto kupi\u0107 Smartfon Xiaomi 14 12\/512GB Black?<\/strong><\/h3>\n<p>Tak, to unikalny smartfon. Sprawdzony i dobrze wykonany. Telefony od <a href=\"https:\/\/taniabonament.pl\/telefony\/kategoria-produktu\/xiaomi\/\">Xiaomi<\/a> cechuj\u0105 si\u0119 bardzo dobr\u0105 wydajno\u015bci\u0105 oraz dopracowaniem. System operacyjny Android w najnowszym wydaniu zapewnia komfort u\u017cytkowania oraz stabilno\u015b\u0107 dzia\u0142ania.<\/p>\n<p>Bardzo du\u017co os\u00f3b jest wierna tej marce, kt\u00f3ra w ostatnich latach bardzo mocno zainwestowa\u0142a w technologie zyskuj\u0105c ugruntowan\u0105 pozycj\u0119 na rynku nowych telefon\u00f3w.<\/p>\n<p>Wielu klient\u00f3w ponownie decyduje si\u0119 na nowego smartfona tego producenta. <strong>Smartfony te ciesz\u0105 si\u0119 bardzo dobr\u0105 opini\u0105<\/strong>.<\/p>\n<h3>Cena smartfona<\/h3>\n<p>Kliknij klawisz &#8217;<strong>Kup ..<\/strong>&#8217; i przejd\u017a do sklepu naszego partnera gdzie kupisz ten telefon (sprawd\u017a czy przypadkiem nie ma na niego promocji, bo <strong>cena mo\u017ce by\u0107 jeszcze ni\u017csza!<\/strong>)<\/p>\n<p style=\"text-align: center; margin: 25px 10px;\"><a style=\"background-color: red; padding: 10px 20px; border-radius: 7px; color: #fff;\" href=\"https:\/\/converti.se\/click\/34590059-c70e8160-5f3ad4bf\/?deep_link=https%3A%2F%2Fwww.komputronik.pl%2Fproduct%2F895400%2Ftelefon-xiaomi-14-12-512gb-black.html&#038;sid=xiaomi&#038;tag6=product&#038;tag8=9a81bc16131fe86c37b4bdaafaed4d46&#038;tag9=Smartfon+Xiaomi+14+12%2F512GB+Black\" rel=\"nofollow\"><strong>Kup w Komputronik.pl<\/strong><\/a><\/p>\n<p>&nbsp;<\/p>\n<p>\u2605\u2605\u2605\u2605\u2605<\/p>\n<p>Poszukujesz innego <a href=\"https:\/\/taniabonament.pl\/telefony\/\">dobrego taniego smartfona<\/a>? Sprawd\u017a w\u015br\u00f3d pozosta\u0142ych producent\u00f3w telefon\u00f3w, kt\u00f3rych produkty przedstawiamy na naszym portalu (m.in. Apple, Xiaomi, MyPhone) . Telefon to urz\u0105dzenie kt\u00f3re u\u017cywamy codziennie. Ze smartfonem w dzisiejszych czasach praktycznie si\u0119 nie rozstajemy, dlatego warto zainwestowa\u0107 par\u0119 z\u0142otych w dobry sprz\u0119t. Wierzymy, \u017ce znajdziesz na naszym portalu odpowiedni model dla siebie!<\/p>\n<p><strong>Spraw sobie nowy Tani Abonament i zyskaj<\/strong><\/p>\n<p>Z pewno\u015bci\u0105 do nowego smartfona przyda Ci si\u0119 <a href=\"https:\/\/taniabonament.pl\">dobry tani abonament<\/a> czy to na kart\u0119 czy tradycyjny. Sprawd\u017a oferty na TaniAbonament.pl &#8211; szczeg\u00f3lnie polecamy bardzo atrakcyjn\u0105 <a style=\"color: red;\" href=\"https:\/\/taniabonament.pl\/nju-mobile-w-parze-wszystko-bez-limitu-za-19-zl\/\">ofert\u0119 abonamentu od NJU MOBILE<\/a>! Warto zobaczy\u0107 czemu&#8230; i co mo\u017cesz mie\u0107 za 19z\u0142!<\/p>\n","protected":false},"excerpt":{"rendered":"<h4>Smartfon <span style='color: #0286E7;'>dobry i godny zaufania<\/span> &#8211; <strong>Xiaomi<\/strong>!<\/h4>\n<p style='padding: 17px 0px;'><span style='color: #fff; background-color: yellowgreen; padding: 2px 7px;border-left: 13px solid #000000;'> polecany <\/span><span style='margin-left: 10px; color: #fff; background-color: red; padding: 2px 7px;border-left: 13px solid #000000;'> dobra cena <\/span><\/p>\n<p style='padding-top: 10px;'>Smartfon Xiaomi 14 12\/512GB, cechy i zalety: <\/p>\n<ul style='padding-left: 45px; padding-bottom: 10px;'>\n<li style='padding-top: 10px;'>  System zarz\u0105dzania bateri\u0105 Xiaomi Surge Podw\u00f3jne chipsety wsp\u00f3\u0142pracuj\u0105 ze sob\u0105, zapewniaj\u0105c szybsze inteligentne \u0142adowanie<\/li>\n<li style='padding-top: 10px;'> Model Xiaomi 14, posiadaj\u0105cy klas\u0119 ochrony IP68*, gwarantuje odporno\u015b\u0107 na wnikanie kurzu i wody, staj\u0105c si\u0119 idealnym urz\u0105dzeniem do u\u017cytku w ka\u017cdych warunkach<\/li>\n<li style='padding-top: 10px;'> Standardowa wielko\u015b\u0107 6,36&#8221; Doskonale le\u017cy w jednej r\u0119ce Telefon zachowuje doskona\u0142e proporcje, u\u0142atwiaj\u0105ce u\u017cywanie go jedn\u0105 r\u0119k\u0105<\/li>\n<li style='padding-top: 10px;'><strong> Standardowa wielko\u015b\u0107 6,36&#8221; Doskonale le\u017cy w jednej r\u0119ce Telefon zachowuje doskona\u0142e proporcje, u\u0142atwiaj\u0105ce u\u017cywanie go jedn\u0105 r\u0119k\u0105<\/strong><\/li>\n<li style='padding-top: 10px;'> Osza\u0142amiaj\u0105ce efekty wizualne Perfekcyjne udoskonalenie<\/li>\n<li style='padding-top: 10px;'>Smartfon Xiaomi 14 12\/512GB.  Osza\u0142amiaj\u0105ce efekty wizualne Perfekcyjne udoskonalenie<\/li>\n<li style='padding-top: 10px;'> Chipset \u0142adowania Xiaomi Surge P2 zwi\u0119ksza wydajno\u015b\u0107 \u0142adowania i zmniejsza straty energii<\/li>\n<li style='padding-top: 10px;'> Ultraw\u0105skie ramki ekranu<\/li>\n<li style='padding-top: 10px;'> Dzi\u0119ki zastosowaniu silnika wieloobiektywowego, model ten gwarantuje jednolito\u015b\u0107 kolor\u00f3w zdj\u0119\u0107, niezale\u017cnie od wybranego obiektywu<\/li>\n<li style='padding-top: 10px;'> Procesor Snapdragon\u00ae 8 Gen 3 Mobile Nowatorska konstrukcja procesora w formacie 1+5+2 pozwala na 32% wzrost wydajno\u015bci obliczeniowej i 34% wzrost wydajno\u015bci graficznej, ustanawiaj\u0105c nowe standardy w zakresie grafiki przy r\u00f3wnoczesnym znacz\u0105cym obni\u017ceniu zu\u017cycia energii poprzez innowacyjne optymalizacje<\/li>\n<li style='padding-top: 10px;'> Leica Vibrant Look Innowacyjne podej\u015bcie do sztuki wywodz\u0105ce si\u0119 z tradycji, charakteryzuj\u0105ce si\u0119 jaskrawymi odcieniami i dynamicznymi, nasyconymi barwami<\/li>\n<li style='padding-top: 10px;'> Doskona\u0142e mo\u017cliwo\u015bci obrazowania Potr\u00f3jny obiektyw, cztery ogniskowe Rejestruj detale bez trudu zar\u00f3wno z bliska, jak i z daleka<\/li>\n<li style='padding-top: 10px;'> IP68 Odporno\u015b\u0107 na kurz i wod\u0119 Odkrywaj \u015bwiat bez ogranicze\u0144<\/li>\n<li style='padding-top: 10px;'> Uk\u0142ad czterech mikrofon\u00f3w<\/li>\n<li style='padding-top: 10px;'> Uchwy\u0107 \u015bwiat d\u017awi\u0119ku w 360\u00b0 Ka\u017cdy mikrofon o skuteczno\u015bci 62 dB oferuje doskona\u0142\u0105 redukcj\u0119 szum\u00f3w, a uk\u0142ad czterech mikrofon\u00f3w odbiera d\u017awi\u0119k w tym samym czasie, pozwalaj\u0105c nagrywa\u0107 d\u017awi\u0119k przestrzenny z wra\u017ceniem tr\u00f3jwymiarowo\u015bci<\/li>\n<li style='padding-top: 10px;'> Uk\u0142ad optyczny nowej generacji marki Leica Wsp\u00f3\u0142tworzony z Leica obiektyw najnowszej generacji Xiaomi Obiektyw Leica Summilux z imponuj\u0105c\u0105 przys\u0142on\u0105 gwarantuje szybk\u0105 prac\u0119, umo\u017cliwiaj\u0105c doskona\u0142e zbieranie \u015bwiat\u0142a w ciemnych warunkach oraz oferuj\u0105c nieskazitelne reprodukcje barw, kontrast i klarowno\u015b\u0107 obrazu<\/li>\n<li style='padding-top: 10px;'>Xiaomi 14, istotnie zmodernizowany Perfekcyjny wymiar 6,36&#8243; z ultraw\u0105sk\u0105 ramk\u0105<\/li>\n<li style='padding-top: 10px;'> Obiektyw ten mo\u017cna nazwa\u0107 Fast Lens dzi\u0119ki jego w\u0142a\u015bciwo\u015bciom<\/li>\n<li style='padding-top: 10px;'> Zastosowanie najnowocze\u015bniejszej technologii ekranu FIAA w budowie panelu, bazuj\u0105ce na zastosowaniu przewod\u00f3w fanout w cz\u0119\u015bci wy\u015bwietlacza, umo\u017cliwi\u0142o osi\u0105gni\u0119cie niezwykle smuk\u0142ych ramek o grubo\u015bci jedynie 1,61 mm, co gwarantuje najwy\u017csz\u0105 jako\u015b\u0107 obrazu<\/li>\n<li style='padding-top: 10px;'> Light Fusion 900 Dla telefon\u00f3w Xiaomi zaprojektowano przetwornik Light Fusion 900 o wymiarach 1\/1,31 cala, kt\u00f3ry oferuje imponuj\u0105cy zakres dynamiki 13,5 EV i g\u0142\u0119bi\u0119 kolor\u00f3w na poziomie 14 bit\u00f3w, co pozwala na oddanie niezwyk\u0142ych szczeg\u00f3\u0142\u00f3w w r\u00f3\u017cnych warunkach o\u015bwietleniowych, zar\u00f3wno w \u015bwiat\u0142ach, jak i cieniach<\/li>\n<li style='padding-top: 10px;'> Jego zakrzywiona tylna cz\u0119\u015b\u0107 oferuje mi\u0119kki i przyjemny uchwyt, co przek\u0142ada si\u0119 na niepor\u00f3wnywalny komfort trzymania<\/li>\n<li style='padding-top: 10px;'> Oferuje on znacz\u0105ce przyspieszenie w rejestrowaniu obraz\u00f3w, a jego przys\u0142ona \u0192\/1,6 pozwala Xiaomi 14 na zachowanie wysokiej jasno\u015bci przy skr\u00f3conym czasie na\u015bwietlania<\/li>\n<li style='padding-top: 10px;'> Obiektyw Leica Summilux umo\u017cliwia uzyskanie bardziej jasnych i wyra\u017anych zdj\u0119\u0107 dzi\u0119ki du\u017cej przys\u0142onie<\/li>\n<li style='padding-top: 10px;'> Aparat Xiaomi 14 oferuje zakres ogniskowych od 14 mm do 75 mm, wyposa\u017cony w trzy obiektywy, ka\u017cdy z nich zdolny do tworzenia zachwycaj\u0105cych obraz\u00f3w<\/li>\n<li style='padding-top: 10px;'> Dwa style, wyj\u0105tkowy wyb\u00f3r System opracowany przy u\u017cyciu autorskiego silnika g\u0142\u0119bi, we wsp\u00f3\u0142pracy z firm\u0105 Leica, pozwala uzyska\u0107 wi\u0119cej przestrzeni, zapewniaj\u0105c bardziej autentyczne barwy, bli\u017csze prawdziwym barwom obiektyw\u00f3w Leica Leica Authentic Look Dzi\u0119ki unikalnemu stylowi Leica, podkre\u015blaj\u0105cemu kontrasty \u015bwiat\u0142a i cienia, zdj\u0119cia zyskuj\u0105 na wielowymiarowo\u015bci, nadaj\u0105c fotografowanym obiektom poczucie namacalnej obecno\u015bci<\/li>\n<li style='padding-top: 10px;'> Chipset zarz\u0105dzania bateri\u0105 Xiaomi Surge G1 zapewnia kompleksow\u0105 opiek\u0119 nad ogniwami baterii, z inteligentn\u0105 funkcj\u0105 naprawy w celu wyd\u0142u\u017cenia \u017cywotno\u015bci baterii<\/li>\n<li style='padding-top: 10px;'> Snapdragon\u00ae 8 Gen 3, platforma mobilna oferuj\u0105ca najwy\u017csz\u0105 efektywno\u015b\u0107 energetyczn\u0105 w bran\u017cy<\/li>\n<li style='padding-top: 10px;'> Legenda w obiektywie Potr\u00f3jny profesjonalny obiektyw Leica<\/li>\n<li style='padding-top: 10px;'> Xiaomi 14 oferuje znakomite do\u015bwiadczenia, niezale\u017cnie od tego, czy jest u\u017cywany do codziennych operacji, zaawansowanej rozgrywki, czy tw\u00f3rczo\u015bci na wysokim poziomie<\/li>\n<li style='padding-top: 10px;'> Specjalnie zaprojektowany sensor Light Fusion 900 z imponuj\u0105cym zakresem dynamicznym 13,5 EV<\/li>\n<li style='padding-top: 10px;'> Dwa style fotograficzne Leica<\/li>\n<\/ul>\n<p style='padding: 10px; font-weight: bold; background-color: aliceblue;'>Dost\u0119pno\u015b\u0107:<\/p>\n","protected":false},"featured_media":82135,"comment_status":"closed","ping_status":"open","template":"","meta":[],"product_brand":[],"product_cat":[164],"product_tag":[],"class_list":{"0":"post-82134","1":"product","2":"type-product","3":"status-publish","6":"product_cat-xiaomi","7":"pa_model-gs-t-xia-1174","8":"pa_producent-xiaomi","9":"pa_sklep-komputronik-pl","11":"first","12":"instock","13":"product-type-external"},"_links":{"self":[{"href":"https:\/\/taniabonament.pl\/telefony\/wp-json\/wp\/v2\/product\/82134","targetHints":{"allow":["GET"]}}],"collection":[{"href":"https:\/\/taniabonament.pl\/telefony\/wp-json\/wp\/v2\/product"}],"about":[{"href":"https:\/\/taniabonament.pl\/telefony\/wp-json\/wp\/v2\/types\/product"}],"replies":[{"embeddable":true,"href":"https:\/\/taniabonament.pl\/telefony\/wp-json\/wp\/v2\/comments?post=82134"}],"wp:featuredmedia":[{"embeddable":true,"href":"https:\/\/taniabonament.pl\/telefony\/wp-json\/wp\/v2\/media\/82135"}],"wp:attachment":[{"href":"https:\/\/taniabonament.pl\/telefony\/wp-json\/wp\/v2\/media?parent=82134"}],"wp:term":[{"taxonomy":"product_brand","embeddable":true,"href":"https:\/\/taniabonament.pl\/telefony\/wp-json\/wp\/v2\/product_brand?post=82134"},{"taxonomy":"product_cat","embeddable":true,"href":"https:\/\/taniabonament.pl\/telefony\/wp-json\/wp\/v2\/product_cat?post=82134"},{"taxonomy":"product_tag","embeddable":true,"href":"https:\/\/taniabonament.pl\/telefony\/wp-json\/wp\/v2\/product_tag?post=82134"}],"curies":[{"name":"wp","href":"https:\/\/api.w.org\/{rel}","templated":true}]}}