{"id":82122,"date":"2024-04-19T06:02:49","date_gmt":"2024-04-19T06:02:49","guid":{"rendered":"https:\/\/taniabonament.pl\/telefony\/produkt\/smartfon-xiaomi-redmi-note-13-pro-5g-12-512gb-aurora-purple\/"},"modified":"2024-04-19T06:03:09","modified_gmt":"2024-04-19T06:03:09","slug":"smartfon-xiaomi-redmi-note-13-pro-5g-12-512gb-aurora-purple","status":"publish","type":"product","link":"https:\/\/taniabonament.pl\/telefony\/produkt\/smartfon-xiaomi-redmi-note-13-pro-5g-12-512gb-aurora-purple\/","title":{"rendered":"Smartfon Xiaomi Redmi Note 13 Pro+ 5G 12\/512GB Aurora Purple"},"content":{"rendered":"<h3><strong>Gdzie kupi\u0107 ten telefon marki Xiaomi?<\/strong><\/h3>\n<p>Ten model kupisz w sklepie <a href=\"https:\/\/converti.se\/click\/34590059-c70e8160-5f3ad4bf\/?deep_link=https%3A%2F%2Fwww.komputronik.pl%2Fproduct%2F886732%2Ftelefon-xiaomi-redmi-note-13-pro-5g-12-512gb-aurora-purple.html&#038;sid=xiaomi&#038;tag6=product&#038;tag8=b83ff50854d4ef3f94090f33ca7ef514&#038;tag9=Smartfon+Xiaomi+Redmi+Note+13+Pro%2B+5G+12%2F512GB+Aurora+Purple\" rel=\"noopener\">Komputronik.pl<\/a>, w niskiej cenie 2499.0 PLN. Przeczytaj opinie oraz zapoznaj si\u0119 z plusami tego konkretnego telefonu od producenta Xiaomi.<\/p>\n<h3><strong>Czy warto kupi\u0107 Smartfon Xiaomi Redmi Note 13 Pro+ 5G 12\/512GB Aurora Purple?<\/strong><\/h3>\n<p>Tak, to unikalny smartfon. Sprawdzony i dobrze wykonany. Telefony od <a href=\"https:\/\/taniabonament.pl\/telefony\/kategoria-produktu\/xiaomi\/\">Xiaomi<\/a> cechuj\u0105 si\u0119 bardzo dobr\u0105 wydajno\u015bci\u0105 oraz dopracowaniem. System operacyjny Android w najnowszym wydaniu zapewnia komfort u\u017cytkowania oraz stabilno\u015b\u0107 dzia\u0142ania.<\/p>\n<p>Bardzo du\u017co os\u00f3b jest wierna tej marce, kt\u00f3ra w ostatnich latach bardzo mocno zainwestowa\u0142a w technologie zyskuj\u0105c ugruntowan\u0105 pozycj\u0119 na rynku nowych telefon\u00f3w.<\/p>\n<p>Wielu klient\u00f3w ponownie decyduje si\u0119 na nowego smartfona tego producenta. <strong>Smartfony te ciesz\u0105 si\u0119 bardzo dobr\u0105 opini\u0105<\/strong>.<\/p>\n<h3>Cena smartfona<\/h3>\n<p>Kliknij klawisz &#8217;<strong>Kup ..<\/strong>&#8217; i przejd\u017a do sklepu naszego partnera gdzie kupisz ten telefon (sprawd\u017a czy przypadkiem nie ma na niego promocji, bo <strong>cena mo\u017ce by\u0107 jeszcze ni\u017csza!<\/strong>)<\/p>\n<p style=\"text-align: center; margin: 25px 10px;\"><a style=\"background-color: red; padding: 10px 20px; border-radius: 7px; color: #fff;\" href=\"https:\/\/converti.se\/click\/34590059-c70e8160-5f3ad4bf\/?deep_link=https%3A%2F%2Fwww.komputronik.pl%2Fproduct%2F886732%2Ftelefon-xiaomi-redmi-note-13-pro-5g-12-512gb-aurora-purple.html&#038;sid=xiaomi&#038;tag6=product&#038;tag8=b83ff50854d4ef3f94090f33ca7ef514&#038;tag9=Smartfon+Xiaomi+Redmi+Note+13+Pro%2B+5G+12%2F512GB+Aurora+Purple\" rel=\"nofollow\"><strong>Kup w Komputronik.pl<\/strong><\/a><\/p>\n<p>&nbsp;<\/p>\n<p>\u2605\u2605\u2605\u2605\u2605<\/p>\n<p>Poszukujesz innego <a href=\"https:\/\/taniabonament.pl\/telefony\/\">dobrego taniego smartfona<\/a>? Sprawd\u017a w\u015br\u00f3d pozosta\u0142ych producent\u00f3w telefon\u00f3w, kt\u00f3rych produkty przedstawiamy na naszym portalu (m.in. Apple, Xiaomi, MyPhone) . Telefon to urz\u0105dzenie kt\u00f3re u\u017cywamy codziennie. Ze smartfonem w dzisiejszych czasach praktycznie si\u0119 nie rozstajemy, dlatego warto zainwestowa\u0107 par\u0119 z\u0142otych w dobry sprz\u0119t. Wierzymy, \u017ce znajdziesz na naszym portalu odpowiedni model dla siebie!<\/p>\n<p><strong>Spraw sobie nowy Tani Abonament i zyskaj<\/strong><\/p>\n<p>Z pewno\u015bci\u0105 do nowego smartfona przyda Ci si\u0119 <a href=\"https:\/\/taniabonament.pl\">dobry tani abonament<\/a> czy to na kart\u0119 czy tradycyjny. Sprawd\u017a oferty na TaniAbonament.pl &#8211; szczeg\u00f3lnie polecamy bardzo atrakcyjn\u0105 <a style=\"color: red;\" href=\"https:\/\/taniabonament.pl\/nju-mobile-w-parze-wszystko-bez-limitu-za-19-zl\/\">ofert\u0119 abonamentu od NJU MOBILE<\/a>! Warto zobaczy\u0107 czemu&#8230; i co mo\u017cesz mie\u0107 za 19z\u0142!<\/p>\n","protected":false},"excerpt":{"rendered":"<h4>Smartfon <span style='color: #0286E7;'>dobry i godny zaufania<\/span> &#8211; <strong>Xiaomi<\/strong>!<\/h4>\n<p style='padding: 17px 0px;'><span style='color: #fff; background-color: yellowgreen; padding: 2px 7px;border-left: 13px solid #000000;'> godny uwagi <\/span><\/p>\n<p style='padding: 17px 0px;'><span style='color: #fff; background-color: yellowgreen; padding: 2px 7px;border-left: 13px solid #000000;'> dobra cena <\/span><\/p>\n<p style='padding-top: 10px;'>Smartfon Xiaomi Redmi Note, cechy i zalety: <\/p>\n<ul style='padding-left: 45px; padding-bottom: 10px;'>\n<li style='padding-top: 10px;'>  Ogl\u0105daj hity kinowe w ka\u017cdej chwili<\/li>\n<li style='padding-top: 10px;'> HyperCharge 120W<\/li>\n<li style='padding-top: 10px;'> Dostosowanie do wysokich standard\u00f3w jako\u015bci Wszystkie smartfony Redmi Note 13 Pro+ 5G s\u0105 poddawane intensywnym testom przed dostarczeniem do u\u017cytkownika, dzi\u0119ki czemu ma gwarancj\u0119 najlepszych dozna\u0144<\/li>\n<li style='padding-top: 10px;'><strong> Dostosowanie do wysokich standard\u00f3w jako\u015bci Wszystkie smartfony Redmi Note 13 Pro+ 5G s\u0105 poddawane intensywnym testom przed dostarczeniem do u\u017cytkownika, dzi\u0119ki czemu ma gwarancj\u0119 najlepszych dozna\u0144<\/strong><\/li>\n<li style='padding-top: 10px;'> Podw\u00f3jna stabilizacja OIS+EIS Optyczna stabilizacja obrazu (OIS) eliminuje wp\u0142yw drga\u0144 r\u0105k i ruch\u00f3w aparatu, a we wsp\u00f3\u0142pracy z elektroniczn\u0105 stabilizacj\u0105 obrazu (EIS) sprawia, \u017ce urz\u0105dzenie dzia\u0142a niczym niezauwa\u017calny statyw, gwarantuj\u0105c doskona\u0142e zdj\u0119cia i nagrania wideo<\/li>\n<li style='padding-top: 10px;'>Smartfon Xiaomi Redmi Note.  Podw\u00f3jna stabilizacja OIS+EIS Optyczna stabilizacja obrazu (OIS) eliminuje wp\u0142yw drga\u0144 r\u0105k i ruch\u00f3w aparatu, a we wsp\u00f3\u0142pracy z elektroniczn\u0105 stabilizacj\u0105 obrazu (EIS) sprawia, \u017ce urz\u0105dzenie dzia\u0142a niczym niezauwa\u017calny statyw, gwarantuj\u0105c doskona\u0142e zdj\u0119cia i nagrania wideo<\/li>\n<li style='padding-top: 10px;'> Dodatkowo redukuje zm\u0119czenie wzroku zwi\u0105zane z efektami stroboskopowymi w warunkach s\u0142abego \u015bwiat\u0142a<\/li>\n<li style='padding-top: 10px;'> Zaawansowane funkcje od Xiaomi zrobi\u0105 dzie\u0142o sztuki z ka\u017cdego kadru<\/li>\n<li style='padding-top: 10px;'>5K CrystalRes Flagowy wy\u015bwietlacz AMOLED 6<\/li>\n<li style='padding-top: 10px;'> MediaTek Dimensity 7200-Ultra O\u015bmiordzeniowy procesor, bazuj\u0105cy na zaawansowanym procesie 4 nm, umo\u017cliwia zwi\u0119kszenie szybko\u015bci, co przek\u0142ada si\u0119 na niezak\u0142\u00f3cone wra\u017cenia podczas grania oraz wi\u0119ksz\u0105 pr\u0119dko\u015b\u0107 od\u015bwie\u017cania<\/li>\n<li style='padding-top: 10px;'> Kinowa klasa w Twojej kieszeni Wy\u015bwietlacz HDR jako\u015bci kinowej dynamicznie modyfikuje obraz, aby precyzyjnie odda\u0107 \u015bwiat\u0142o i cienie<\/li>\n<li style='padding-top: 10px;'> Pierwszy zaokr\u0105glony wy\u015bwietlacz Redmi Sp\u00f3jny i elegancki, z jasnym, lekkim wy\u015bwietlaczem o zaokr\u0105glonych kraw\u0119dziach bez ramek<\/li>\n<li style='padding-top: 10px;'>67&#8243;, zbudowany z nowatorskiego materia\u0142u luminescencyjnego, zapewnia zachwycaj\u0105ce kolory oraz wra\u017cenia wizualne<\/li>\n<li style='padding-top: 10px;'> Wy\u015bwietlacz 120Hz z od\u015bwie\u017caniem adaptacyjnym Mnogo\u015b\u0107 opcji cz\u0119stotliwo\u015bci od\u015bwie\u017cania oznacza inteligentne dostosowanie do sytuacji, mniejsze zu\u017cycie energii i p\u0142ynny obraz dla bezkonkurencyjnych do\u015bwiadcze\u0144 wzrokowych<\/li>\n<li style='padding-top: 10px;'> Ultra precyzja i 200MP Dzi\u0119ki rozdzielczo\u015bci do 16320 x 12240 ka\u017cde zdj\u0119cie zachwyca swoimi detalami Profesjonalna kalibracja obiektywu Wykorzystanie precyzyjnych ustawie\u0144 flagowego obiektywu z funkcj\u0105 ALD i \u0142\u0105czeniem pikseli do 16 w 1 pozwala uzyska\u0107 najwi\u0119kszy rozmiar piksela 2,24\u03bcm dla niezwykle dynamicznych i wyra\u017anych kadr\u00f3w nocnych<\/li>\n<li style='padding-top: 10px;'> U\u017cywaj Redmi swobodnie bez wzgl\u0119du na miejsce i czas<\/li>\n<li style='padding-top: 10px;'> Podw\u00f3jne g\u0142o\u015bniki Redmi Note 13 Pro+ 5G, kompatybilne z d\u017awi\u0119kiem panoramicznym, gwarantuj\u0105 moc audiowizualnych wra\u017ce\u0144<\/li>\n<li style='padding-top: 10px;'> Szeroka gama DCI-P3 Niezwykle precyzyjne odwzorowanie barw Dzi\u0119ki ultraprecyzyjnemu aparatowi mo\u017cesz rejestrowa\u0107 szersz\u0105 gam\u0119 kolor\u00f3w ni\u017c klasyczne sRGB i otrzyma\u0107 lepsz\u0105 gradacj\u0119 barw oraz realistyczniejsze odtworzenie kadru<\/li>\n<li style='padding-top: 10px;'> Aparat g\u0142\u00f3wny z funkcj\u0105 redukcji wstrz\u0105s\u00f3w i optyczn\u0105 stabilizacj\u0105 obrazu Wysoka rozdzielczo\u015b\u0107 200 MP oraz kompatybilno\u015b\u0107 z technologi\u0105 Super QPD sprawiaj\u0105, \u017ce aparat Redmi Note 13 Pro+ 5G ustawia ostro\u015b\u0107 szybko i precyzyjnie<\/li>\n<li style='padding-top: 10px;'> Na\u0142aduj bateri\u0119 do 100% ju\u017c w 19 minut \u0141adowanie o nadzwyczajnej szybko\u015bci daje spok\u00f3j nawet w pilnych sytuacjach<\/li>\n<li style='padding-top: 10px;'> Wy\u015bwietlacz z certyfikatem dostosowania do rytmu dnia redukuje obci\u0105\u017cenie oczu, reguluj\u0105c temperatur\u0119 koloru zale\u017cnie od w\u0142\u0105czonej aplikacji oraz godzin wschodu i zachodu s\u0142o\u0144ca<\/li>\n<li style='padding-top: 10px;'> Po\u0142\u0105czone funkcje stabilizacji obrazu OIS i EIS skutecznie zwi\u0119kszaj\u0105 odporno\u015b\u0107 na wstrz\u0105sy<\/li>\n<li style='padding-top: 10px;'>Flagowe 200 MP<\/li>\n<li style='padding-top: 10px;'> Profesjonalne efekty d\u017awi\u0119kowe i wizualne<\/li>\n<li style='padding-top: 10px;'> Zadbaj o wzrok dzi\u0119ki profesjonalnemu dopasowaniu funkcji Zaawansowana technologia \u015bciemniania ekranu zosta\u0142a dopasowana do ciemnych wy\u015bwietlaczy, pozwalaj\u0105c na dok\u0142adne odwzorowanie kolor\u00f3w w tych warunkach<\/li>\n<li style='padding-top: 10px;'> Odporno\u015b\u0107 na wod\u0119 i py\u0142 z certyfikatem IP68 Urz\u0105dzenie jako pierwsze z serii Redmi osi\u0105gn\u0119\u0142o \u015bwiatowy poziom odporno\u015bci na wod\u0119 i py\u0142<\/li>\n<li style='padding-top: 10px;'> 6,67&#8243; AMOLED Wy\u015bwietlacz 1<\/li>\n<\/ul>\n<p style='padding: 10px; font-weight: bold; background-color: aliceblue;'>Dost\u0119pno\u015b\u0107:<\/p>\n","protected":false},"featured_media":82123,"comment_status":"closed","ping_status":"open","template":"","meta":[],"product_brand":[],"product_cat":[164],"product_tag":[],"class_list":{"0":"post-82122","1":"product","2":"type-product","3":"status-publish","6":"product_cat-xiaomi","7":"pa_model-gs-t-xia-1170","8":"pa_producent-xiaomi","9":"pa_sklep-komputronik-pl","11":"first","12":"instock","13":"product-type-external"},"_links":{"self":[{"href":"https:\/\/taniabonament.pl\/telefony\/wp-json\/wp\/v2\/product\/82122","targetHints":{"allow":["GET"]}}],"collection":[{"href":"https:\/\/taniabonament.pl\/telefony\/wp-json\/wp\/v2\/product"}],"about":[{"href":"https:\/\/taniabonament.pl\/telefony\/wp-json\/wp\/v2\/types\/product"}],"replies":[{"embeddable":true,"href":"https:\/\/taniabonament.pl\/telefony\/wp-json\/wp\/v2\/comments?post=82122"}],"wp:featuredmedia":[{"embeddable":true,"href":"https:\/\/taniabonament.pl\/telefony\/wp-json\/wp\/v2\/media\/82123"}],"wp:attachment":[{"href":"https:\/\/taniabonament.pl\/telefony\/wp-json\/wp\/v2\/media?parent=82122"}],"wp:term":[{"taxonomy":"product_brand","embeddable":true,"href":"https:\/\/taniabonament.pl\/telefony\/wp-json\/wp\/v2\/product_brand?post=82122"},{"taxonomy":"product_cat","embeddable":true,"href":"https:\/\/taniabonament.pl\/telefony\/wp-json\/wp\/v2\/product_cat?post=82122"},{"taxonomy":"product_tag","embeddable":true,"href":"https:\/\/taniabonament.pl\/telefony\/wp-json\/wp\/v2\/product_tag?post=82122"}],"curies":[{"name":"wp","href":"https:\/\/api.w.org\/{rel}","templated":true}]}}