{"id":82046,"date":"2024-04-19T06:02:27","date_gmt":"2024-04-19T06:02:27","guid":{"rendered":"https:\/\/taniabonament.pl\/telefony\/produkt\/smartfon-xiaomi-redmi-note-12-4-128gb-czarny-onyx-gray\/"},"modified":"2024-04-19T06:02:39","modified_gmt":"2024-04-19T06:02:39","slug":"smartfon-xiaomi-redmi-note-12-4-128gb-czarny-onyx-gray","status":"publish","type":"product","link":"https:\/\/taniabonament.pl\/telefony\/produkt\/smartfon-xiaomi-redmi-note-12-4-128gb-czarny-onyx-gray\/","title":{"rendered":"Smartfon Xiaomi Redmi Note 12 4\/128GB czarny (Onyx Gray)"},"content":{"rendered":"<h3><strong>Gdzie kupi\u0107 ten telefon marki Xiaomi?<\/strong><\/h3>\n<p>Ten model kupisz w sklepie <a href=\"https:\/\/converti.se\/click\/34590059-c70e8160-5f3ad4bf\/?deep_link=https%3A%2F%2Fwww.komputronik.pl%2Fproduct%2F817994%2Fxiaomi-redmi-note-12-4-128gb-czarny-onyx-gray-.html&#038;sid=xiaomi&#038;tag6=product&#038;tag8=d57b415ddb8cf7e4dee96a522bed6803&#038;tag9=Smartfon+Xiaomi+Redmi+Note+12+4%2F128GB+czarny+%28Onyx+Gray%29\" rel=\"noopener\">Komputronik.pl<\/a>, w niskiej cenie 630.31 PLN. Przeczytaj opinie oraz zapoznaj si\u0119 z plusami tego konkretnego telefonu od producenta Xiaomi.<\/p>\n<h3><strong>Czy warto kupi\u0107 Smartfon Xiaomi Redmi Note 12 4\/128GB czarny (Onyx Gray)?<\/strong><\/h3>\n<p>Tak, to unikalny smartfon. Sprawdzony i dobrze wykonany. Telefony od <a href=\"https:\/\/taniabonament.pl\/telefony\/kategoria-produktu\/xiaomi\/\">Xiaomi<\/a> cechuj\u0105 si\u0119 bardzo dobr\u0105 wydajno\u015bci\u0105 oraz dopracowaniem. System operacyjny Android w najnowszym wydaniu zapewnia komfort u\u017cytkowania oraz stabilno\u015b\u0107 dzia\u0142ania.<\/p>\n<p>Bardzo du\u017co os\u00f3b jest wierna tej marce, kt\u00f3ra w ostatnich latach bardzo mocno zainwestowa\u0142a w technologie zyskuj\u0105c ugruntowan\u0105 pozycj\u0119 na rynku nowych telefon\u00f3w.<\/p>\n<p>Wielu klient\u00f3w ponownie decyduje si\u0119 na nowego smartfona tego producenta. <strong>Smartfony te ciesz\u0105 si\u0119 bardzo dobr\u0105 opini\u0105<\/strong>.<\/p>\n<h3>Cena smartfona<\/h3>\n<p>Kliknij klawisz &#8217;<strong>Kup ..<\/strong>&#8217; i przejd\u017a do sklepu naszego partnera gdzie kupisz ten telefon (sprawd\u017a czy przypadkiem nie ma na niego promocji, bo <strong>cena mo\u017ce by\u0107 jeszcze ni\u017csza!<\/strong>)<\/p>\n<p style=\"text-align: center; margin: 25px 10px;\"><a style=\"background-color: red; padding: 10px 20px; border-radius: 7px; color: #fff;\" href=\"https:\/\/converti.se\/click\/34590059-c70e8160-5f3ad4bf\/?deep_link=https%3A%2F%2Fwww.komputronik.pl%2Fproduct%2F817994%2Fxiaomi-redmi-note-12-4-128gb-czarny-onyx-gray-.html&#038;sid=xiaomi&#038;tag6=product&#038;tag8=d57b415ddb8cf7e4dee96a522bed6803&#038;tag9=Smartfon+Xiaomi+Redmi+Note+12+4%2F128GB+czarny+%28Onyx+Gray%29\" rel=\"nofollow\"><strong>Kup w Komputronik.pl<\/strong><\/a><\/p>\n<p>&nbsp;<\/p>\n<p>\u2605\u2605\u2605\u2605\u2605<\/p>\n<p>Poszukujesz innego <a href=\"https:\/\/taniabonament.pl\/telefony\/\">dobrego taniego smartfona<\/a>? Sprawd\u017a w\u015br\u00f3d pozosta\u0142ych producent\u00f3w telefon\u00f3w, kt\u00f3rych produkty przedstawiamy na naszym portalu (m.in. Apple, Xiaomi, MyPhone) . Telefon to urz\u0105dzenie kt\u00f3re u\u017cywamy codziennie. Ze smartfonem w dzisiejszych czasach praktycznie si\u0119 nie rozstajemy, dlatego warto zainwestowa\u0107 par\u0119 z\u0142otych w dobry sprz\u0119t. Wierzymy, \u017ce znajdziesz na naszym portalu odpowiedni model dla siebie!<\/p>\n<p><strong>Spraw sobie nowy Tani Abonament i zyskaj<\/strong><\/p>\n<p>Z pewno\u015bci\u0105 do nowego smartfona przyda Ci si\u0119 <a href=\"https:\/\/taniabonament.pl\">dobry tani abonament<\/a> czy to na kart\u0119 czy tradycyjny. Sprawd\u017a oferty na TaniAbonament.pl &#8211; szczeg\u00f3lnie polecamy bardzo atrakcyjn\u0105 <a style=\"color: red;\" href=\"https:\/\/taniabonament.pl\/nju-mobile-w-parze-wszystko-bez-limitu-za-19-zl\/\">ofert\u0119 abonamentu od NJU MOBILE<\/a>! Warto zobaczy\u0107 czemu&#8230; i co mo\u017cesz mie\u0107 za 19z\u0142!<\/p>\n","protected":false},"excerpt":{"rendered":"<h4>Smartfon <span style='color: #0286E7;'>dobry i godny zaufania<\/span> &#8211; <strong>Xiaomi<\/strong>!<\/h4>\n<p style='padding: 17px 0px;'><span style='color: #fff; background-color: yellowgreen; padding: 2px 7px;border-left: 13px solid #000000;'> polecany <\/span><span style='margin-left: 10px; color: #fff; background-color: red; padding: 2px 7px;border-left: 13px solid #000000;'> dobra cena <\/span><\/p>\n<p style='padding-top: 10px;'>Smartfon Xiaomi Redmi Note, cechy i zalety: <\/p>\n<ul style='padding-left: 45px; padding-bottom: 10px;'>\n<li style='padding-top: 10px;'>  Przemy\u015blany projekt z wbudowan\u0105 ochron\u0105 \u2013 troska o Tw\u00f3j wzrok Ekran przyciemnia si\u0119 p\u0142ynnie i subtelnie dzi\u0119ki 4096 poziomom jasno\u015bci<\/li>\n<li style='padding-top: 10px;'> *Dane dotycz\u0105ce baterii i \u0142adowania uzyskano z wewn\u0119trznych laboratori\u00f3w<\/li>\n<li style='padding-top: 10px;'><strong> *Dane dotycz\u0105ce baterii i \u0142adowania uzyskano z wewn\u0119trznych laboratori\u00f3w<\/strong><\/li>\n<li style='padding-top: 10px;'> Wybierz spo\u015br\u00f3d 3 kolor\u00f3w *Obrazy i filmy na tej stronie s\u0142u\u017c\u0105 wy\u0142\u0105cznie celom ilustracyjnym i mog\u0105 nie odzwierciedla\u0107 dok\u0142adnie produktu<\/li>\n<li style='padding-top: 10px;'>Smartfon Xiaomi Redmi Note.  Wybierz spo\u015br\u00f3d 3 kolor\u00f3w *Obrazy i filmy na tej stronie s\u0142u\u017c\u0105 wy\u0142\u0105cznie celom ilustracyjnym i mog\u0105 nie odzwierciedla\u0107 dok\u0142adnie produktu<\/li>\n<li style='padding-top: 10px;'> *Dost\u0119pno\u015b\u0107 niekt\u00f3rych funkcji mo\u017ce si\u0119 r\u00f3\u017cni\u0107 w zale\u017cno\u015bci od regionu<\/li>\n<li style='padding-top: 10px;'> Ciesz si\u0119 bezproblemowym u\u017cytkowaniem w ka\u017cdej chwili<\/li>\n<li style='padding-top: 10px;'> Rzeczywisty interfejs u\u017cytkownika mo\u017ce si\u0119 r\u00f3\u017cni\u0107<\/li>\n<li style='padding-top: 10px;'> Szybkie \u0142adowanie 33 W Redmi Note 12 zosta\u0142 wyposa\u017cony w technologie Mi-FC i MMT oraz szybkie \u0142adowanie 33 W, dzi\u0119ki czemu bateria \u0142aduje si\u0119 do pe\u0142na w mgnieniu oka<\/li>\n<li style='padding-top: 10px;'> P\u0142ynne, niezak\u0142\u00f3cone do\u015bwiadczenia wizualne Redmi Note 12 obs\u0142uguje 3 cz\u0119stotliwo\u015bci od\u015bwie\u017cania (60 Hz \/ 90 Hz \/ 120 Hz) co sprawia, \u017ce do\u015bwiadczenia wizualne staj\u0105 si\u0119 bardziej p\u0142ynne \u2013 i to przy niskim zu\u017cyciu energii<\/li>\n<li style='padding-top: 10px;'> Najlepsze wra\u017cenia zapewni Ci wy\u015bwietlacz OLED, kt\u00f3ry imponuje i przyci\u0105ga wzrok<\/li>\n<li style='padding-top: 10px;'> Podczas nag\u0142ej zmiany o\u015bwietlenia w Twoim otoczeniu jasno\u015b\u0107 wy\u015bwietlacza automatycznie si\u0119 reguluje, delikatnie i bez odblask\u00f3w<\/li>\n<li style='padding-top: 10px;'>2<\/li>\n<li style='padding-top: 10px;'> Przedstawione zdj\u0119cia produkt\u00f3w i funkcji s\u0142u\u017c\u0105 wy\u0142\u0105cznie do cel\u00f3w informacyjnych, obrazy pokazane na ekranie wy\u015bwietlacza s\u0105 symulowane i s\u0142u\u017c\u0105 wy\u0142\u0105cznie do cel\u00f3w demonstracyjnych<\/li>\n<li style='padding-top: 10px;'> Imponuj\u0105ca cz\u0119stotliwo\u015b\u0107 od\u015bwie\u017cania 120 Hz<\/li>\n<li style='padding-top: 10px;'> Po\u0142\u0105czenie pami\u0119ci RAM oraz szybkiej pami\u0119ci masowej Redmi Note 12 jest stworzony do wielozadaniowej pracy<\/li>\n<li style='padding-top: 10px;'> Pozwala na korzystanie ze smartfona do nawet 1,35 dnia<\/li>\n<li style='padding-top: 10px;'>Wy\u015bwietlacz AMOLED 6,67\u2019\u2019 Ogl\u0105daj to, co lubisz i obserwuj, jak wszystko o\u017cywa dzi\u0119ki doskona\u0142ej czerni i \u017cywym kolorom<\/li>\n<li style='padding-top: 10px;'> Zatrzymaj najlepsze momenty z potr\u00f3jnym aparatem 50 MP G\u0142\u00f3wny obiektyw o wysokiej rozdzielczo\u015bci, obiektyw ultraszerokok\u0105tny oraz dedykowany obiektyw makro stanowi\u0105 system trzech aparat\u00f3w, kt\u00f3ry pozwoli Ci uchwyci\u0107 \u015bwiat pod ka\u017cdym k\u0105tem<\/li>\n<li style='padding-top: 10px;'> Snapdragon\u00ae 685 oparty o proces 6 nm Wy\u017cszy poziom wydajno\u015bci Pot\u0119\u017cny procesor Snapdragon\u00ae 685 od Qualcomm zosta\u0142 stworzony w oparciu o flagowy proces 6 nm, co zapewnia smartfonom Redmi Note 12 p\u0142ynno\u015b\u0107 i jeszcze wi\u0119ksz\u0105 wydajno\u015b\u0107<\/li>\n<li style='padding-top: 10px;'> Dane testowe mog\u0105 si\u0119 nieznacznie r\u00f3\u017cni\u0107 mi\u0119dzy r\u00f3\u017cnymi wersjami test\u00f3w i \u015brodowiskami testowymi<\/li>\n<li style='padding-top: 10px;'> Niezr\u00f3wnana p\u0142ynno\u015b\u0107 z cz\u0119stotliwo\u015bci\u0105 od\u015bwie\u017cania do 120 Hz pozwoli Ci cieszy\u0107 si\u0119 w pe\u0142ni zar\u00f3wno przegl\u0105daniem medi\u00f3w spo\u0142eczno\u015bciowych, jak i g\u0142\u0119bok\u0105 sesj\u0105 gry<\/li>\n<li style='padding-top: 10px;'> *Wszystkie por\u00f3wnania z typowymi telefonami dokonane na tej stronie odnosz\u0105 si\u0119 do typowych telefon\u00f3w Redmi; O ile nie wskazano inaczej na stronie tego produktu, wszystkie dane pochodz\u0105 z laboratori\u00f3w Xiaomi, parametr\u00f3w projektowych i technologicznych oraz danych dostarczanych przez dostawc\u00f3w<\/li>\n<li style='padding-top: 10px;'> Umo\u017cliwia mu j\u0105 po\u0142\u0105czenie pami\u0119ci RAM LPDDR4X oraz pami\u0119ci ROM UFS 2<\/li>\n<li style='padding-top: 10px;'> Rzeczywiste wyniki mog\u0105 si\u0119 r\u00f3\u017cni\u0107 w zale\u017cno\u015bci od wersji oprogramowania, \u015brodowiska oraz warunk\u00f3w u\u017cytkowania i mog\u0105 nie odzwierciedla\u0107 rzeczywistego produktu<\/li>\n<li style='padding-top: 10px;'> G\u0142\u00f3wny aparat 50 MP Nieskazitelnie czyste krajobrazy<\/li>\n<li style='padding-top: 10px;'> Niezale\u017cnie od pory dnia mo\u017cesz uchwyci\u0107 ka\u017cdy szczeg\u00f3\u0142 krajobrazu P\u0142aska ramka i modne warianty kolorystyczne Redmi Note 12 \u0142\u0105czy w sobie elegancj\u0119 i lekko\u015b\u0107, doskonale le\u017c\u0105c w d\u0142oni<\/li>\n<li style='padding-top: 10px;'> 5000 mAh Du\u017ca pojemno\u015b\u0107 akumulatora Bateria posiada wysok\u0105 \u017cywotno\u015b\u0107<\/li>\n<li style='padding-top: 10px;'> Wszystkie liczby pokazane na stronie tego produktu s\u0142u\u017c\u0105 wy\u0142\u0105cznie jako odniesienie i mog\u0105 nie odzwierciedla\u0107 rzeczywistego produktu<\/li>\n<li style='padding-top: 10px;'> Prosz\u0119 postrzega\u0107 rzeczywiste produkty jako standard<\/li>\n<\/ul>\n<p style='padding: 10px; font-weight: bold; background-color: aliceblue;'>Dost\u0119pno\u015b\u0107:<\/p>\n","protected":false},"featured_media":82047,"comment_status":"closed","ping_status":"open","template":"","meta":[],"product_brand":[],"product_cat":[164],"product_tag":[],"class_list":{"0":"post-82046","1":"product","2":"type-product","3":"status-publish","6":"product_cat-xiaomi","7":"pa_model-gs-t-xia-1026","8":"pa_producent-xiaomi","9":"pa_sklep-komputronik-pl","11":"first","12":"instock","13":"product-type-external"},"_links":{"self":[{"href":"https:\/\/taniabonament.pl\/telefony\/wp-json\/wp\/v2\/product\/82046","targetHints":{"allow":["GET"]}}],"collection":[{"href":"https:\/\/taniabonament.pl\/telefony\/wp-json\/wp\/v2\/product"}],"about":[{"href":"https:\/\/taniabonament.pl\/telefony\/wp-json\/wp\/v2\/types\/product"}],"replies":[{"embeddable":true,"href":"https:\/\/taniabonament.pl\/telefony\/wp-json\/wp\/v2\/comments?post=82046"}],"wp:featuredmedia":[{"embeddable":true,"href":"https:\/\/taniabonament.pl\/telefony\/wp-json\/wp\/v2\/media\/82047"}],"wp:attachment":[{"href":"https:\/\/taniabonament.pl\/telefony\/wp-json\/wp\/v2\/media?parent=82046"}],"wp:term":[{"taxonomy":"product_brand","embeddable":true,"href":"https:\/\/taniabonament.pl\/telefony\/wp-json\/wp\/v2\/product_brand?post=82046"},{"taxonomy":"product_cat","embeddable":true,"href":"https:\/\/taniabonament.pl\/telefony\/wp-json\/wp\/v2\/product_cat?post=82046"},{"taxonomy":"product_tag","embeddable":true,"href":"https:\/\/taniabonament.pl\/telefony\/wp-json\/wp\/v2\/product_tag?post=82046"}],"curies":[{"name":"wp","href":"https:\/\/api.w.org\/{rel}","templated":true}]}}