{"id":82030,"date":"2024-04-19T06:02:27","date_gmt":"2024-04-19T06:02:27","guid":{"rendered":"https:\/\/taniabonament.pl\/telefony\/produkt\/smartfon-xiaomi-redmi-note-13-pro-8-256gb-lavender-purple\/"},"modified":"2024-04-19T06:02:33","modified_gmt":"2024-04-19T06:02:33","slug":"smartfon-xiaomi-redmi-note-13-pro-8-256gb-lavender-purple","status":"publish","type":"product","link":"https:\/\/taniabonament.pl\/telefony\/produkt\/smartfon-xiaomi-redmi-note-13-pro-8-256gb-lavender-purple\/","title":{"rendered":"Smartfon Xiaomi Redmi Note 13 Pro 8\/256GB Lavender Purple"},"content":{"rendered":"<h3><strong>Gdzie kupi\u0107 ten telefon marki Xiaomi?<\/strong><\/h3>\n<p>Ten model kupisz w sklepie <a href=\"https:\/\/converti.se\/click\/34590059-c70e8160-5f3ad4bf\/?deep_link=https%3A%2F%2Fwww.komputronik.pl%2Fproduct%2F886725%2Ftelefon-xiaomi-redmi-note-13-pro-8-256gb-lavender-purple.html&#038;sid=xiaomi&#038;tag6=product&#038;tag8=15e1c3e7e3edf7537f68e330d516941b&#038;tag9=Smartfon+Xiaomi+Redmi+Note+13+Pro+8%2F256GB+Lavender+Purple\" rel=\"noopener\">Komputronik.pl<\/a>, w niskiej cenie 1499.0 PLN. Przeczytaj opinie oraz zapoznaj si\u0119 z plusami tego konkretnego telefonu od producenta Xiaomi.<\/p>\n<h3><strong>Czy warto kupi\u0107 Smartfon Xiaomi Redmi Note 13 Pro 8\/256GB Lavender Purple?<\/strong><\/h3>\n<p>Tak, to unikalny smartfon. Sprawdzony i dobrze wykonany. Telefony od <a href=\"https:\/\/taniabonament.pl\/telefony\/kategoria-produktu\/xiaomi\/\">Xiaomi<\/a> cechuj\u0105 si\u0119 bardzo dobr\u0105 wydajno\u015bci\u0105 oraz dopracowaniem. System operacyjny Android w najnowszym wydaniu zapewnia komfort u\u017cytkowania oraz stabilno\u015b\u0107 dzia\u0142ania.<\/p>\n<p>Bardzo du\u017co os\u00f3b jest wierna tej marce, kt\u00f3ra w ostatnich latach bardzo mocno zainwestowa\u0142a w technologie zyskuj\u0105c ugruntowan\u0105 pozycj\u0119 na rynku nowych telefon\u00f3w.<\/p>\n<p>Wielu klient\u00f3w ponownie decyduje si\u0119 na nowego smartfona tego producenta. <strong>Smartfony te ciesz\u0105 si\u0119 bardzo dobr\u0105 opini\u0105<\/strong>.<\/p>\n<h3>Cena smartfona<\/h3>\n<p>Kliknij klawisz &#8217;<strong>Kup ..<\/strong>&#8217; i przejd\u017a do sklepu naszego partnera gdzie kupisz ten telefon (sprawd\u017a czy przypadkiem nie ma na niego promocji, bo <strong>cena mo\u017ce by\u0107 jeszcze ni\u017csza!<\/strong>)<\/p>\n<p style=\"text-align: center; margin: 25px 10px;\"><a style=\"background-color: red; padding: 10px 20px; border-radius: 7px; color: #fff;\" href=\"https:\/\/converti.se\/click\/34590059-c70e8160-5f3ad4bf\/?deep_link=https%3A%2F%2Fwww.komputronik.pl%2Fproduct%2F886725%2Ftelefon-xiaomi-redmi-note-13-pro-8-256gb-lavender-purple.html&#038;sid=xiaomi&#038;tag6=product&#038;tag8=15e1c3e7e3edf7537f68e330d516941b&#038;tag9=Smartfon+Xiaomi+Redmi+Note+13+Pro+8%2F256GB+Lavender+Purple\" rel=\"nofollow\"><strong>Kup w Komputronik.pl<\/strong><\/a><\/p>\n<p>&nbsp;<\/p>\n<p>\u2605\u2605\u2605\u2605\u2605<\/p>\n<p>Poszukujesz innego <a href=\"https:\/\/taniabonament.pl\/telefony\/\">dobrego taniego smartfona<\/a>? Sprawd\u017a w\u015br\u00f3d pozosta\u0142ych producent\u00f3w telefon\u00f3w, kt\u00f3rych produkty przedstawiamy na naszym portalu (m.in. Apple, Xiaomi, MyPhone) . Telefon to urz\u0105dzenie kt\u00f3re u\u017cywamy codziennie. Ze smartfonem w dzisiejszych czasach praktycznie si\u0119 nie rozstajemy, dlatego warto zainwestowa\u0107 par\u0119 z\u0142otych w dobry sprz\u0119t. Wierzymy, \u017ce znajdziesz na naszym portalu odpowiedni model dla siebie!<\/p>\n<p><strong>Spraw sobie nowy Tani Abonament i zyskaj<\/strong><\/p>\n<p>Z pewno\u015bci\u0105 do nowego smartfona przyda Ci si\u0119 <a href=\"https:\/\/taniabonament.pl\">dobry tani abonament<\/a> czy to na kart\u0119 czy tradycyjny. Sprawd\u017a oferty na TaniAbonament.pl &#8211; szczeg\u00f3lnie polecamy bardzo atrakcyjn\u0105 <a style=\"color: red;\" href=\"https:\/\/taniabonament.pl\/nju-mobile-w-parze-wszystko-bez-limitu-za-19-zl\/\">ofert\u0119 abonamentu od NJU MOBILE<\/a>! Warto zobaczy\u0107 czemu&#8230; i co mo\u017cesz mie\u0107 za 19z\u0142!<\/p>\n","protected":false},"excerpt":{"rendered":"<h4>Smartfon <span style='color: #0286E7;'>dobry i godny zaufania<\/span> &#8211; <strong>Xiaomi<\/strong>!<\/h4>\n<p style='padding: 17px 0px;'><span style='color: #fff; background-color: yellowgreen; padding: 2px 7px;border-left: 13px solid #000000;'> polecany <\/span><span style='margin-left: 10px; color: #fff; background-color: red; padding: 2px 7px;border-left: 13px solid #000000;'> dobra cena <\/span><\/p>\n<p style='padding-top: 10px;'>Smartfon Xiaomi Redmi Note, cechy i zalety: <\/p>\n<ul style='padding-left: 45px; padding-bottom: 10px;'>\n<li style='padding-top: 10px;'>  Adaptacyjny wy\u015bwietlacz o wysokiej cz\u0119stotliwo\u015bci od\u015bwie\u017cania do 120 Hz<\/li>\n<li style='padding-top: 10px;'> Przys\u0142ona f\/1<\/li>\n<li style='padding-top: 10px;'> Po\u0142\u0105czenie znacznej pami\u0119ci RAM i pami\u0119ci masowej umo\u017cliwia pe\u0142ne korzystanie z ulubionych tre\u015bci, a brak miejsca na pewno nie b\u0119dzie problemem<\/li>\n<li style='padding-top: 10px;'><strong> Po\u0142\u0105czenie znacznej pami\u0119ci RAM i pami\u0119ci masowej umo\u017cliwia pe\u0142ne korzystanie z ulubionych tre\u015bci, a brak miejsca na pewno nie b\u0119dzie problemem<\/strong><\/li>\n<li style='padding-top: 10px;'> Profesjonalny obiektyw optyczny<\/li>\n<li style='padding-top: 10px;'>Smartfon Xiaomi Redmi Note.  Profesjonalny obiektyw optyczny<\/li>\n<li style='padding-top: 10px;'> Ponadto, ekran Redmi Note 13 Pro przeszed\u0142 specjaln\u0105 optymalizacj\u0119, kt\u00f3ra poprawia jego zdolno\u015b\u0107 do rozpoznawania dotyku, aby unikn\u0105\u0107 niechcianego dzia\u0142ania po kontakcie z wod\u0105<\/li>\n<li style='padding-top: 10px;'> Konstrukcja bryzgoszczelna IP54 Klasa ochrony IP54 chroni Redmi Note 13 Pro przed przypadkowymi zachlapaniami i zanieczyszczeniami<\/li>\n<li style='padding-top: 10px;'> MediaTek Helio G99-Ultra O\u015bmiordzeniowy procesor 6 nm<\/li>\n<li style='padding-top: 10px;'> Silnik obrazowania Xiaomi Silnik obrazowania Xiaomi w Redmi Note 13 Pro gwarantuje imponuj\u0105c\u0105 szybko\u015b\u0107 rejestrowania i obr\u00f3bki zdj\u0119\u0107, co pozwoli Ci by\u0107 pewniejszym w ka\u017cdej sytuacji fotograficznej<\/li>\n<li style='padding-top: 10px;'> Co wi\u0119cej, istnieje mo\u017cliwo\u015b\u0107 rozszerzenia pami\u0119ci masowej o kolejne 1 TB, wykorzystuj\u0105c kart\u0119 microSD, co pozwala pomie\u015bci\u0107 jeszcze wi\u0119cej wspomnie\u0144<\/li>\n<li style='padding-top: 10px;'> Doskona\u0142a wydajno\u015b\u0107 i p\u0142ynne codzienne do\u015bwiadczenia<\/li>\n<li style='padding-top: 10px;'> Dzi\u0119ki \u0142adowaniu o mocy do 67 W oraz usprawnieniom sprz\u0119towym i programowym, kt\u00f3re obni\u017caj\u0105 zu\u017cycie energii, Redmi Note 13 Pro oferuje wyd\u0142u\u017cony czas pracy na baterii, co sprawia, \u017ce nie musisz si\u0119 martwi\u0107, \u017ce szybko si\u0119 roz\u0142aduje Natychmiastowe odblokowanie odciskiem palca na wy\u015bwietlaczu Szybsze odblokowywanie przy s\u0142abym o\u015bwietleniu, przy zachowaniu komfortu dla oczu<\/li>\n<li style='padding-top: 10px;'> Ka\u017cde Twoje uj\u0119cie stanie si\u0119 wyj\u0105tkowe, dzi\u0119ki zaawansowanym opcjom oferowanym przez Xiaomi<\/li>\n<li style='padding-top: 10px;'> Do 12 GB + 512 GB, szybszy i wi\u0119kszy<\/li>\n<li style='padding-top: 10px;'> Aparat g\u0142\u00f3wny z optyczn\u0105 stabilizacj\u0105 obrazu Dzi\u0119ki aparatowi o rozdzielczo\u015bci 200 MP i zdolno\u015bci do korzystania z Super QPD, Redmi Note 13 Pro gwarantuje szybkie i dok\u0142adne ustawienia ostro\u015bci<\/li>\n<li style='padding-top: 10px;'>Flagowe 200 MP<\/li>\n<li style='padding-top: 10px;'> Po\u0142\u0105czenie stabilizacji obrazu OIS i EIS znacznie poprawia stabilno\u015b\u0107 obraz\u00f3w w trudnych warunkach<\/li>\n<li style='padding-top: 10px;'> Wspania\u0142y obraz w rozdzielczo\u015bci 200 MP Dzi\u0119ki Redmi Note 13 Pro masz mo\u017cliwo\u015b\u0107 p\u0142ynnego prze\u0142\u0105czania mi\u0119dzy trzema r\u00f3\u017cnymi ogniskowymi, a to wszystko przy utrzymaniu doskona\u0142ej jako\u015bci obrazu<\/li>\n<li style='padding-top: 10px;'> Najwy\u017csze standardy flagowej jako\u015bci Ka\u017cdy Redmi Note 13 Pro przechodzi niezwykle wymagaj\u0105ce testy przed wysy\u0142k\u0105, aby zagwarantowa\u0107 u\u017cytkownikowi niezwyk\u0142e wra\u017cenia<\/li>\n<li style='padding-top: 10px;'>65 doskonale nadaje si\u0119 do fotografowania w nocy, a du\u017cy piksel o rozmiarze 2,24\u03bcm efektywnie zwi\u0119ksza zdolno\u015b\u0107 aparatu do przyci\u0105gania \u015bwiat\u0142a, co wp\u0142ywa na jako\u015b\u0107 zdj\u0119\u0107 w ciemno\u015bci<\/li>\n<li style='padding-top: 10px;'> Mo\u017cliwo\u015b\u0107 rozszerzenia o dodatkowy 1 TB Dzi\u0119ki 12-gigabajtowej pami\u0119ci RAM i 512-gigabajtowej pami\u0119ci masowej, Redmi Note 13 Pro osi\u0105ga szybkie dzia\u0142anie aplikacji i pozwala na przechowywanie ogromnej ilo\u015bci zdj\u0119\u0107 i film\u00f3w<\/li>\n<li style='padding-top: 10px;'> Pracuje w pe\u0142nej harmonii z Tob\u0105 Wyb\u00f3r wielu opcji cz\u0119stotliwo\u015bci od\u015bwie\u017cania umo\u017cliwia dostosowanie si\u0119 do r\u00f3\u017cnych warunk\u00f3w, co pozwala na oszcz\u0119dzanie energii i zapewnia p\u0142ynne wy\u015bwietlanie<\/li>\n<li style='padding-top: 10px;'> Teraz mo\u017cesz kadrowa\u0107 swoje zdj\u0119cia wed\u0142ug w\u0142asnych preferencji, aby uwieczni\u0107 miejsca, osoby i szczeg\u00f3\u0142y za pomoc\u0105 mocnego aparatu g\u0142\u00f3wnego o rozdzielczo\u015bci 200 MP i OIS<\/li>\n<li style='padding-top: 10px;'> Bardzo wyra\u017ane zdj\u0119cia Wyposa\u017cony we flagowy obiektyw 7P i specjaln\u0105 pow\u0142ok\u0119 optyczn\u0105 ALD o niskim wsp\u00f3\u0142czynniku odbicia gwarantuje skuteczn\u0105 redukcj\u0119 odblask\u00f3w i efektu widma<\/li>\n<li style='padding-top: 10px;'> Flagowy wy\u015bwietlacz Dzi\u0119ki cz\u0119stotliwo\u015bci od\u015bwie\u017cania wynosz\u0105cej do 120 Hz, obs\u0142udze ca\u0142ej gamy kolor\u00f3w DCI-P3 i minimalnym ramkom, wy\u015bwietlacz prezentuje zdj\u0119cia, kt\u00f3re przyci\u0105gaj\u0105 wzrok, s\u0105 ostre i o\u017cywione kolorami<\/li>\n<li style='padding-top: 10px;'> Turbo\u0142adowanie o mocy do 67 W Bateria o du\u017cej pojemno\u015bci 5000 mAh(typ) zapewnia d\u0142ugi okres korzystania z rozrywki<\/li>\n<li style='padding-top: 10px;'> Niepowtarzalne wra\u017cenia audiowizualne Doskona\u0142a harmonia mi\u0119dzy wy\u015bwietlaczem a obudow\u0105 oraz obecno\u015b\u0107 dw\u00f3ch g\u0142o\u015bnik\u00f3w stereo zapewniaj\u0105 doskona\u0142e efekty audiowizualne i wyj\u0105tkowe wra\u017cenia podczas korzystania z urz\u0105dzenia<\/li>\n<\/ul>\n<p style='padding: 10px; font-weight: bold; background-color: aliceblue;'>Dost\u0119pno\u015b\u0107:<\/p>\n","protected":false},"featured_media":82031,"comment_status":"closed","ping_status":"open","template":"","meta":[],"product_brand":[],"product_cat":[164],"product_tag":[],"class_list":{"0":"post-82030","1":"product","2":"type-product","3":"status-publish","6":"product_cat-xiaomi","7":"pa_model-gs-t-xia-1164","8":"pa_producent-xiaomi","9":"pa_sklep-komputronik-pl","11":"first","12":"instock","13":"product-type-external"},"_links":{"self":[{"href":"https:\/\/taniabonament.pl\/telefony\/wp-json\/wp\/v2\/product\/82030","targetHints":{"allow":["GET"]}}],"collection":[{"href":"https:\/\/taniabonament.pl\/telefony\/wp-json\/wp\/v2\/product"}],"about":[{"href":"https:\/\/taniabonament.pl\/telefony\/wp-json\/wp\/v2\/types\/product"}],"replies":[{"embeddable":true,"href":"https:\/\/taniabonament.pl\/telefony\/wp-json\/wp\/v2\/comments?post=82030"}],"wp:featuredmedia":[{"embeddable":true,"href":"https:\/\/taniabonament.pl\/telefony\/wp-json\/wp\/v2\/media\/82031"}],"wp:attachment":[{"href":"https:\/\/taniabonament.pl\/telefony\/wp-json\/wp\/v2\/media?parent=82030"}],"wp:term":[{"taxonomy":"product_brand","embeddable":true,"href":"https:\/\/taniabonament.pl\/telefony\/wp-json\/wp\/v2\/product_brand?post=82030"},{"taxonomy":"product_cat","embeddable":true,"href":"https:\/\/taniabonament.pl\/telefony\/wp-json\/wp\/v2\/product_cat?post=82030"},{"taxonomy":"product_tag","embeddable":true,"href":"https:\/\/taniabonament.pl\/telefony\/wp-json\/wp\/v2\/product_tag?post=82030"}],"curies":[{"name":"wp","href":"https:\/\/api.w.org\/{rel}","templated":true}]}}