{"id":81602,"date":"2023-12-21T06:31:20","date_gmt":"2023-12-21T06:31:20","guid":{"rendered":"https:\/\/taniabonament.pl\/telefony\/produkt\/smartfon-samsung-galaxy-s23-fe-5g-8-128gb-dual-sim-mietowy-s711\/"},"modified":"2023-12-21T06:31:20","modified_gmt":"2023-12-21T06:31:20","slug":"smartfon-samsung-galaxy-s23-fe-5g-8-128gb-dual-sim-mietowy-s711","status":"publish","type":"product","link":"https:\/\/taniabonament.pl\/telefony\/produkt\/smartfon-samsung-galaxy-s23-fe-5g-8-128gb-dual-sim-mietowy-s711\/","title":{"rendered":"Smartfon Samsung Galaxy S23 FE 5G 8\/128GB Dual SIM mi\u0119towy (S711)"},"content":{"rendered":"<h3><strong>Gdzie kupi\u0107 ten telefon marki Samsung?<\/strong><\/h3>\n<p>Ten smartfon &#8211; model GS-T-SAM-2044, kt\u00f3ry jest ch\u0119tnie wybierany, kupisz w cenie 3199.0 PLN w sklepie <a href=\"https:\/\/converti.se\/click\/34590059-c70e8160-5f3ad4bf\/?sid=samsung&#038;tag6=product&#038;tag8=faa48b178598d1dc8d9b32f67909f4ff&#038;tag9=Smartfon+Samsung+Galaxy+S23+FE+5G+8%2F128GB+Dual+SIM+mi%C4%99towy+%28S711%29\" rel=\"noopener\">Komputronik.pl<\/a> (sprawd\u017a na stronie naszego partnera czy na ten model obowi\u0105zuj\u0119 promocja, bo ta cena mo\u017ce by\u0107 jeszcze ni\u017csza!)<\/p>\n<h3><strong>Czy warto kupi\u0107 Smartfon Samsung Galaxy S23 FE 5G 8\/128GB Dual SIM mi\u0119towy (S711)?<\/strong><\/h3>\n<p>Tak, to sprawdzony smartfon. Telefony od Samsunga cechuj\u0105 si\u0119 dobr\u0105 wydajno\u015bci\u0105 oraz dopracowaniem, korzystaj\u0105 z najnowszych wersji systemu operacyjnego Android. To stabilne i wydajne urz\u0105dzenia z kt\u00f3rych korzystamy na co dzie\u0144. <strong>Bardzo du\u017co os\u00f3b jest wierna marce Samsung<\/strong> i ponownie <strong>decyduje si\u0119 na nowego smartfona tego producenta<\/strong>. Telefony te ciesz\u0105 si\u0119 bardzo dobr\u0105 opini\u0105.<\/p>\n<p style=\"text-align: center; margin: 25px 10px;\"><a style=\"background-color: red; padding: 10px 20px; border-radius: 7px; color: #fff;\" href=\"https:\/\/converti.se\/click\/34590059-c70e8160-5f3ad4bf\/?deep_link=https%3A%2F%2Fwww.komputronik.pl%2Fproduct%2F881381%2Ftelefon-samsung-galaxy-s23-fe-5g-8-128gb-dual-sim-mietowy-s711-.html&#038;sid=samsung&#038;tag6=product&#038;tag8=faa48b178598d1dc8d9b32f67909f4ff&#038;tag9=Smartfon+Samsung+Galaxy+S23+FE+5G+8%2F128GB+Dual+SIM+mi%C4%99towy+%28S711%29\" rel=\"nofollow\"><strong>Sprawd\u017a parametry<\/strong><\/a><\/p>\n<p>\u2605\u2605\u2605\u2605\u2605<\/p>\n<p>Poszukujesz <a href=\"https:\/\/taniabonament.pl\/telefony\/\">dobrego taniego smartfona<\/a>? Sprawd\u017a w\u015br\u00f3d pozosta\u0142ych producent\u00f3w telefon\u00f3w, kt\u00f3rych produkty przedstawiamy na naszym portalu (m.in. Apple, Xiaomi, MyPhone) . Telefon to urz\u0105dzenie kt\u00f3re u\u017cywamy codziennie. Ze smartfonem w dzisiejszych czasach praktycznie si\u0119 nie rozstajemy, dlatego warto zainwestowa\u0107 par\u0119 z\u0142otych w dobry sprz\u0119t. Wierzymy, \u017ce znajdziesz na naszym portalu <strong>odpowiedni model telefonu dla siebie<\/strong>!<\/p>\n","protected":false},"excerpt":{"rendered":"<h4>Smartfon <span style='color: #0286E7;'>godny zaufania<\/span> &#8211; <strong>Samsung<\/strong>!<\/h4>\n<p style='padding: 17px 0px;'><span style='color: #fff; background-color: yellowgreen; padding: 2px 7px;border-left: 13px solid #000000;'> dobra cena <\/span><span style='color: #fff; background-color: red; padding: 2px 7px;border-left: 13px solid gainsboro; margin-left: 10px;'> polecany <\/span><\/p>\n<p style='padding-top: 10px;'>Smartfon Samsung Galaxy S23, cechy i zalety: <\/p>\n<ul style='padding-left: 45px; padding-bottom: 10px;'>\n<li style='padding-top: 10px;'>  Sekret udanych selfie Tw\u00f3rz wyj\u0105tkowe zdj\u0119cia portretowe niezale\u017cnie pod jakim k\u0105tem je robisz<\/li>\n<li style='padding-top: 10px;'> Z trybem nocnym filmy staja si\u0119 p\u0142ynne i stabilne nawet w ciemno\u015bci<\/li>\n<li style='padding-top: 10px;'> Jeszcze wi\u0119cej detali Obrazy na wy\u015bwietlaczu Dynamic AMOLED 2X s\u0105 pe\u0142ne kolor\u00f3w i wyra\u017anych detali w ka\u017cdych warunkach o\u015bwietleniowych<\/li>\n<li style='padding-top: 10px;'><strong> Jeszcze wi\u0119cej detali Obrazy na wy\u015bwietlaczu Dynamic AMOLED 2X s\u0105 pe\u0142ne kolor\u00f3w i wyra\u017anych detali w ka\u017cdych warunkach o\u015bwietleniowych<\/strong><\/li>\n<li style='padding-top: 10px;'> Co wi\u0119cej, funkcja adaptacyjnego od\u015bwie\u017cania obrazu 120 Hz umo\u017cliwia p\u0142ynne przegl\u0105danie ulubionych tre\u015bci<\/li>\n<li style='padding-top: 10px;'>Smartfon Samsung Galaxy S23.  Co wi\u0119cej, funkcja adaptacyjnego od\u015bwie\u017cania obrazu 120 Hz umo\u017cliwia p\u0142ynne przegl\u0105danie ulubionych tre\u015bci<\/li>\n<li style='padding-top: 10px;'> Magia kolor\u00f3w przyci\u0105gaj\u0105ca spojrzenie Odkryj wyj\u0105tkowy charakter Galaxy S23 FE, wybieraj\u0105c jeden spo\u015br\u00f3d czterech odcieni: mi\u0119towego, grafitowego, be\u017cowego i purpurowego<\/li>\n<li style='padding-top: 10px;'> *Dost\u0119pno\u015b\u0107 kolor\u00f3w zale\u017cy od sprzedawcy<\/li>\n<li style='padding-top: 10px;'> APARAT Spektakularne zdj\u0119cia w dzie\u0144 i w nocy Uwieczniaj najpi\u0119kniejsze momenty z \u017cycia dzi\u0119ki zaawansowanemu zestawowi aparat\u00f3w, kt\u00f3re zmieni\u0105 Twoje zdj\u0119cia w dzie\u0142a sztuki<\/li>\n<li style='padding-top: 10px;'> Skorzystaj z funkcji szybkiego \u0142adowania i w mgnieniu oka uzupe\u0142nij bateri\u0119<\/li>\n<li style='padding-top: 10px;'> Pojemno\u015b\u0107 znamionowa wynosi 4370 mAh<\/li>\n<li style='padding-top: 10px;'> ***Typowa warto\u015b\u0107 testowana w warunkach laboratoryjnych strony trzeciej<\/li>\n<li style='padding-top: 10px;'> Nadaj wspomnieniom nowe \u017cycie Prze\u017cyj raz jeszcze swoje najcenniejsze wspomnienia<\/li>\n<li style='padding-top: 10px;'> Szczeg\u00f3\u0142owo\u015b\u0107 na najwy\u017cszym poziomie Uchwy\u0107 niesamowite chwile aparatem o wysokiej rozdzielczo\u015bci 50 MP, kt\u00f3ry jest w stanie zarejestrowa\u0107 na zdj\u0119ciach nawet najmniejsze szczeg\u00f3\u0142y<\/li>\n<li style='padding-top: 10px;'> Przetwarzaj obraz, kt\u00f3ra nada nowego \u017cycia starym lub niewyra\u017anym zdj\u0119ciom<\/li>\n<li style='padding-top: 10px;'> Teraz niech b\u0119d\u0105 pe\u0142ne intensywnych kolor\u00f3w i wyra\u017ane jak nigdy<\/li>\n<li style='padding-top: 10px;'> Typowa warto\u015b\u0107 to szacowana \u015brednia warto\u015b\u0107 uwzgl\u0119dniaj\u0105ca odchylenia w pojemno\u015bci baterii w\u015br\u00f3d pr\u00f3bek baterii testowanych zgodnie z norm\u0105 IEC 61960<\/li>\n<li style='padding-top: 10px;'> Klawisze g\u0142o\u015bno\u015bci, klawisze boczne i szuflada nie s\u0105 cz\u0119\u015bci\u0105 aluminiowej ramki<\/li>\n<li style='padding-top: 10px;'> Funkcja Vision Booster optymalizuje ustawienia wy\u015bwietlacza, gwarantuj\u0105c wyra\u017any obraz nawet w intensywnym \u015bwietle<\/li>\n<li style='padding-top: 10px;'>* *Tylne szk\u0142o nie obejmuje szk\u0142a aparatu<\/li>\n<li style='padding-top: 10px;'> Ponadto Certyfikat IP68 zapewnia ochron\u0119 przed wod\u0105 i kurzem<\/li>\n<li style='padding-top: 10px;'> Galaxy S23 FE wprowadza nowy rozdzia\u0142, umo\u017cliwiaj\u0105c do\u015bwiadczenie tego, co nadzwyczajne<\/li>\n<li style='padding-top: 10px;'> Nie zaleca si\u0119 u\u017cywania na pla\u017cy lub basenie<\/li>\n<li style='padding-top: 10px;'> P\u0142ynna praca na wielu aplikacjach na raz teraz to tak\u017ce \u017cadne wyzwanie dla Twojego smartfonu<\/li>\n<li style='padding-top: 10px;'> *Obraz symulowany w celach ilustracyjnych<\/li>\n<li style='padding-top: 10px;'> ****Na podstawie wewn\u0119trznych test\u00f3w laboratoryjnych firmy Samsung z przedpremierow\u0105 wersj\u0105 danego modelu pod\u0142\u0105czon\u0105 do s\u0142uchawek przez Bluetooth przy ustawieniach domy\u015blnych przez LTE<\/li>\n<li style='padding-top: 10px;'> Na podstawie warunk\u00f3w testu laboratoryjnego dotycz\u0105cego zanurzenia w s\u0142odkiej wodzie na g\u0142\u0119boko\u015b\u0107 do 1,5 metra na maksymalnie 30 minut<\/li>\n<li style='padding-top: 10px;'> Nocne zdj\u0119cia pe\u0142ne detali Odkryj na nowo zdj\u0119cia robione w s\u0142abym o\u015bwietleniu<\/li>\n<li style='padding-top: 10px;'> Ka\u017cdy z nich idealnie wsp\u00f3\u0142gra z aluminiow\u0105 ramk\u0105<\/li>\n<li style='padding-top: 10px;'> Dodatkowo, technologia Eye Comfort Shield eliminuje uczucie zm\u0119czenia oczu w ciemno\u015bci za spraw\u0105 redukcji \u015bwiat\u0142a niebieskiego<\/li>\n<li style='padding-top: 10px;'> Szacowana pojemno\u015b\u0107 baterii i zmierzony pob\u00f3r pr\u0105du przez bateri\u0119 podczas odtwarzania wideo (rozd<\/li>\n<li style='padding-top: 10px;'> Mniej zmartwie\u0144 dzi\u0119ki wydajnej baterii Bateria o pojemno\u015bci 4500 mAh pozwala gra\u0107 i ogl\u0105da\u0107 tre\u015bci bez ogranicze\u0144 &#8211; nawet przez wiele godzin nieprzerwanie<\/li>\n<li style='padding-top: 10px;'> Wysoka rozdzielczo\u015b\u0107 aparatu 50 MP sprawi, \u017ce Twoje zdj\u0119cia b\u0119d\u0105 jeszcze bardziej wyraziste i szczeg\u00f3\u0142owe &#8211; nawet w trudnych warunkach o\u015bwietleniowych<\/li>\n<li style='padding-top: 10px;'> Wyra\u017ane wideo nawet w s\u0142abym o\u015bwietleniu S\u0142abe o\u015bwietlenie nie b\u0119dzie ju\u017c problemem<\/li>\n<li style='padding-top: 10px;'> **Galaxy S23 FE ma stopie\u0144 ochrony IP68<\/li>\n<li style='padding-top: 10px;'> *Obraz ma charakter pogl\u0105dowy w celach demonstracyjnych **Rzeczywista wydajno\u015b\u0107 baterii mo\u017ce si\u0119 r\u00f3\u017cni\u0107 w zale\u017cno\u015bci od warunk\u00f3w pracy i zastosowa\u0144<\/li>\n<li style='padding-top: 10px;'> Wy\u015bwietlacz Dynamic AMOLED 2X w Galaxy S23 FE otrzyma\u0142 certyfikat VDE Germany potwierdzaj\u0105cy 100-procentow\u0105 Mobile Color Volume w gamie kolor\u00f3w DCI-P3, co oznacza, \u017ce Twoje obrazy nie b\u0119d\u0105 wyprane z kolor\u00f3w i uzyskasz niewiarygodnie \u017cywe kolory niezale\u017cnie od r\u00f3\u017cnych poziom\u00f3w jasno\u015bci<\/li>\n<li style='padding-top: 10px;'>DESIGN GALAXY Doskona\u0142o\u015b\u0107 zaczyna si\u0119 w\u0142a\u015bnie w tym miejscu Niezwyk\u0142e momenty s\u0105 od tej chwili dost\u0119pne dla ka\u017cdego<\/li>\n<li style='padding-top: 10px;'> Rzeczywisty interfejs u\u017cytkownika mo\u017ce by\u0107 inny<\/li>\n<li style='padding-top: 10px;'> Wy\u015bwietlacz mo\u017ce osi\u0105gn\u0105\u0107 szczytow\u0105 jasno\u015b\u0107 do 1450 nit\u00f3w, poprawiaj\u0105c kontrast mi\u0119dzy ciemnymi i jasnymi aspektami wy\u015bwietlanych tre\u015bci w celu uzyskania najwy\u017cszej jako\u015bci obrazu, ze wsp\u00f3\u0142czynnikiem kontrastu 2 000 000:1<\/li>\n<li style='padding-top: 10px;'> Do\u015bwiadczaj niezwyk\u0142ej wydajno\u015bci Superwydajny, o\u015bmiordzeniowy procesor sprawia, \u017ce urz\u0105dzenie bez problemu radzi sobie z ka\u017cdym zadaniem, zaczynaj\u0105c od gier i ogl\u0105danie film\u00f3w po nagrywanie wideo<\/li>\n<li style='padding-top: 10px;'> Mi\u0119towy Grafitowy Be\u017cowy Purpurowy Trwa\u0142o\u015b\u0107, na kt\u00f3rej mo\u017cesz polega\u0107 Szk\u0142o Corning\u00ae Gorilla\u00ae Glass 5 chroni prz\u00f3d i ty\u0142 urz\u0105dzenia, gwarantuj\u0105c niezwyk\u0142\u0105 trwa\u0142o\u015b\u0107<\/li>\n<li style='padding-top: 10px;'> Dzi\u0119ki wytrzyma\u0142ej baterii i osza\u0142amiaj\u0105cym zdj\u0119ciom nocnym, to smartfon, kt\u00f3ry sprawdzi si\u0119 w ka\u017cdych warunkach<\/li>\n<li style='padding-top: 10px;'> Brak kabli to tak\u017ce nie problem &#8211; odkryj funkcj\u0119 \u0142adowania bezprzewodowego i uzupe\u0142niaj energi\u0119 Galaxy S23 FE niezale\u017cnie od tego, gdzie przebywasz<\/li>\n<li style='padding-top: 10px;'> Odporno\u015b\u0107 urz\u0105dzenia na wod\u0119 i kurz nie jest trwa\u0142a i z czasem mo\u017ce si\u0119 zmniejszy\u0107 w wyniku normalnego zu\u017cycia<\/li>\n<li style='padding-top: 10px;'> Dzi\u0119ki sztucznej inteligencji poprawisz niedoskona\u0142o\u015bci na swoich zdj\u0119ciach i nadasz im nowego charakteru<\/li>\n<\/ul>\n<p style='padding: 10px; font-weight: bold; background-color: aliceblue;'>Dost\u0119pno\u015b\u0107:<\/p>\n","protected":false},"featured_media":81603,"comment_status":"closed","ping_status":"open","template":"","meta":[],"product_brand":[],"product_cat":[109],"product_tag":[],"class_list":{"0":"post-81602","1":"product","2":"type-product","3":"status-publish","6":"product_cat-samsung","7":"pa_model-gs-t-sam-2044","8":"pa_producent-samsung","9":"pa_sklep-komputronik-pl","11":"first","12":"instock","13":"product-type-external"},"_links":{"self":[{"href":"https:\/\/taniabonament.pl\/telefony\/wp-json\/wp\/v2\/product\/81602","targetHints":{"allow":["GET"]}}],"collection":[{"href":"https:\/\/taniabonament.pl\/telefony\/wp-json\/wp\/v2\/product"}],"about":[{"href":"https:\/\/taniabonament.pl\/telefony\/wp-json\/wp\/v2\/types\/product"}],"replies":[{"embeddable":true,"href":"https:\/\/taniabonament.pl\/telefony\/wp-json\/wp\/v2\/comments?post=81602"}],"wp:featuredmedia":[{"embeddable":true,"href":"https:\/\/taniabonament.pl\/telefony\/wp-json\/wp\/v2\/media\/81603"}],"wp:attachment":[{"href":"https:\/\/taniabonament.pl\/telefony\/wp-json\/wp\/v2\/media?parent=81602"}],"wp:term":[{"taxonomy":"product_brand","embeddable":true,"href":"https:\/\/taniabonament.pl\/telefony\/wp-json\/wp\/v2\/product_brand?post=81602"},{"taxonomy":"product_cat","embeddable":true,"href":"https:\/\/taniabonament.pl\/telefony\/wp-json\/wp\/v2\/product_cat?post=81602"},{"taxonomy":"product_tag","embeddable":true,"href":"https:\/\/taniabonament.pl\/telefony\/wp-json\/wp\/v2\/product_tag?post=81602"}],"curies":[{"name":"wp","href":"https:\/\/api.w.org\/{rel}","templated":true}]}}