{"id":81563,"date":"2023-12-21T06:30:46","date_gmt":"2023-12-21T06:30:46","guid":{"rendered":"https:\/\/taniabonament.pl\/telefony\/produkt\/smartfon-samsung-galaxy-z-fold-5-5g-256gb-blekitny-f946\/"},"modified":"2023-12-21T06:30:46","modified_gmt":"2023-12-21T06:30:46","slug":"smartfon-samsung-galaxy-z-fold-5-5g-256gb-blekitny-f946","status":"publish","type":"product","link":"https:\/\/taniabonament.pl\/telefony\/produkt\/smartfon-samsung-galaxy-z-fold-5-5g-256gb-blekitny-f946\/","title":{"rendered":"Smartfon Samsung Galaxy Z Fold 5 5G 256GB b\u0142\u0119kitny (F946)"},"content":{"rendered":"<h3><strong>Gdzie kupi\u0107 ten telefon marki Samsung?<\/strong><\/h3>\n<p>Ten smartfon &#8211; model GS-T-SAM-1985, kt\u00f3ry jest ch\u0119tnie wybierany, kupisz w cenie 7779.0 PLN w sklepie <a href=\"https:\/\/converti.se\/click\/34590059-c70e8160-5f3ad4bf\/?sid=samsung&#038;tag6=product&#038;tag8=587c647115ec65c135380c6dcf4a9192&#038;tag9=Smartfon+Samsung+Galaxy+Z+Fold+5+5G+256GB+b%C5%82%C4%99kitny+%28F946%29\" rel=\"noopener\">Komputronik.pl<\/a> (sprawd\u017a na stronie naszego partnera czy na ten model obowi\u0105zuj\u0119 promocja, bo ta cena mo\u017ce by\u0107 jeszcze ni\u017csza!)<\/p>\n<h3><strong>Czy warto kupi\u0107 Smartfon Samsung Galaxy Z Fold 5 5G 256GB b\u0142\u0119kitny (F946)?<\/strong><\/h3>\n<p>Tak, to sprawdzony smartfon. Telefony od Samsunga cechuj\u0105 si\u0119 dobr\u0105 wydajno\u015bci\u0105 oraz dopracowaniem, korzystaj\u0105 z najnowszych wersji systemu operacyjnego Android. To stabilne i wydajne urz\u0105dzenia z kt\u00f3rych korzystamy na co dzie\u0144. <strong>Bardzo du\u017co os\u00f3b jest wierna marce Samsung<\/strong> i ponownie <strong>decyduje si\u0119 na nowego smartfona tego producenta<\/strong>. Telefony te ciesz\u0105 si\u0119 bardzo dobr\u0105 opini\u0105.<\/p>\n<p style=\"text-align: center; margin: 25px 10px;\"><a style=\"background-color: red; padding: 10px 20px; border-radius: 7px; color: #fff;\" href=\"https:\/\/converti.se\/click\/34590059-c70e8160-5f3ad4bf\/?deep_link=https%3A%2F%2Fwww.komputronik.pl%2Fproduct%2F842398%2Fsamsung-galaxy-z-fold-5-5g-256gb-blekitny-f946-.html&#038;sid=samsung&#038;tag6=product&#038;tag8=587c647115ec65c135380c6dcf4a9192&#038;tag9=Smartfon+Samsung+Galaxy+Z+Fold+5+5G+256GB+b%C5%82%C4%99kitny+%28F946%29\" rel=\"nofollow\"><strong>Sprawd\u017a parametry<\/strong><\/a><\/p>\n<p>\u2605\u2605\u2605\u2605\u2605<\/p>\n<p>Poszukujesz <a href=\"https:\/\/taniabonament.pl\/telefony\/\">dobrego taniego smartfona<\/a>? Sprawd\u017a w\u015br\u00f3d pozosta\u0142ych producent\u00f3w telefon\u00f3w, kt\u00f3rych produkty przedstawiamy na naszym portalu (m.in. Apple, Xiaomi, MyPhone) . Telefon to urz\u0105dzenie kt\u00f3re u\u017cywamy codziennie. Ze smartfonem w dzisiejszych czasach praktycznie si\u0119 nie rozstajemy, dlatego warto zainwestowa\u0107 par\u0119 z\u0142otych w dobry sprz\u0119t. Wierzymy, \u017ce znajdziesz na naszym portalu <strong>odpowiedni model telefonu dla siebie<\/strong>!<\/p>\n","protected":false},"excerpt":{"rendered":"<h4>Smartfon <span style='color: #0286E7;'>godny zaufania<\/span> &#8211; <strong>Samsung<\/strong>!<\/h4>\n<p style='padding: 17px 0px;'><span style='color: #fff; background-color: yellowgreen; padding: 2px 7px;border-left: 13px solid #000000;'> godny uwagi <\/span><\/p>\n<p style='padding: 17px 0px;'><span style='color: #fff; background-color: yellowgreen; padding: 2px 7px;border-left: 13px solid #000000;'> dobra cena <\/span><\/p>\n<p style='padding-top: 10px;'>Smartfon Samsung Galaxy Z, cechy i zalety: <\/p>\n<ul style='padding-left: 45px; padding-bottom: 10px;'>\n<li style='padding-top: 10px;'>  Dzi\u0119ki niemu zdj\u0119cia i filmy zachwycaj\u0105 jako\u015bci\u0105 obrazu, rewelacyjn\u0105 ostro\u015bci\u0105 i szczeg\u00f3\u0142ami, kt\u00f3re do tej pory pozostawa\u0142y niezauwa\u017cone<\/li>\n<li style='padding-top: 10px;'> Prowad\u017a wideorozmowy, przegl\u0105daj media spo\u0142eczno\u015bciowe i odtwarzaj multimedia<\/li>\n<li style='padding-top: 10px;'> Tw\u00f3rz panoramiczne uj\u0119cia z ultraszerokok\u0105tnym obiektywem i r\u00f3b niesamowite zbli\u017cenia z 30-krotnym Space Zoomem<\/li>\n<li style='padding-top: 10px;'><strong> Tw\u00f3rz panoramiczne uj\u0119cia z ultraszerokok\u0105tnym obiektywem i r\u00f3b niesamowite zbli\u017cenia z 30-krotnym Space Zoomem<\/strong><\/li>\n<li style='padding-top: 10px;'> Trwa\u0142o\u015b\u0107 ekranu g\u0142\u00f3wnego oszacowano na 200 000 z\u0142o\u017ce\u0144, co potwierdza certyfikat Bureau Veritas<\/li>\n<li style='padding-top: 10px;'>Smartfon Samsung Galaxy Z.  Trwa\u0142o\u015b\u0107 ekranu g\u0142\u00f3wnego oszacowano na 200 000 z\u0142o\u017ce\u0144, co potwierdza certyfikat Bureau Veritas<\/li>\n<li style='padding-top: 10px;'> W razie zaj\u015bcia potrzeby, konsument, podczas trwania gwarancji, mo\u017ce nieodp\u0142atnie wymieni\u0107 foli\u0119 ochronn\u0105 ekranu w autoryzowanym serwisie<\/li>\n<li style='padding-top: 10px;'> Rzeczywisty interfejs u\u017cytkownika mo\u017ce si\u0119 r\u00f3\u017cni\u0107<\/li>\n<li style='padding-top: 10px;'> *Nie nale\u017cy usuwa\u0107 folii ochronnej z ekranu g\u0142\u00f3wnego<\/li>\n<li style='padding-top: 10px;'> TRYB FLEX Wi\u0119cej mo\u017cliwo\u015bci z Trybem Flex Roz\u0142\u00f3\u017c Galaxy Z Fold5 i odkryj wygod\u0119 Trybu Flex*<\/li>\n<li style='padding-top: 10px;'> Galaxy Z Fold5 \u0142\u0105czy zachwycaj\u0105cy design z niezwyk\u0142\u0105 wytrzyma\u0142o\u015bci\u0105<\/li>\n<li style='padding-top: 10px;'> Za pomoc\u0105 wy\u015bwietlanych na ekranie przycisk\u00f3w oraz touchpada, a tak\u017ce gest\u00f3w mo\u017cesz \u0142atwo ustawi\u0107 jasno\u015b\u0107, g\u0142o\u015bno\u015b\u0107, przewija\u0107 materia\u0142 czy czatowa\u0107 podczas rozmowy online<\/li>\n<li style='padding-top: 10px;'> Wytrzyma\u0142e materia\u0142y Wszechstronna ochrona Prz\u00f3d i ty\u0142 smartfonu chroni najnowsze szk\u0142o Corning Gorilla\u00ae Glass Victus\u00ae 2, a konstrukcj\u0119 wykonano ze wzmocnionego aluminium<\/li>\n<li style='padding-top: 10px;'> Niezalecane u\u017cywanie na pla\u017cy lub basenie<\/li>\n<li style='padding-top: 10px;'> Precyzyjny, niczym Tw\u00f3j ulubiony d\u0142ugopis, umo\u017cliwia robienie szybkich notatek, wygodniejsze korzystanie z wielu aplikacji czy zdalne sterowanie aparatem i prezentacjami<\/li>\n<li style='padding-top: 10px;'> Idealne uzupe\u0142nienie Twojego Galaxy Z Fold5<\/li>\n<li style='padding-top: 10px;'> Du\u017cy wy\u015bwietlacz docenisz tak\u017ce podczas wykonywania ka\u017cdego zadania, otwieraj\u0105c r\u00f3wnocze\u015bnie wiele okien i dzia\u0142aj\u0105c w pe\u0142ni komfortowo<\/li>\n<li style='padding-top: 10px;'> WIDEO STUDIO Prosta edycja i wyszukiwanie zdj\u0119\u0107 Zdj\u0119cie lub film wy\u015bwietla si\u0119 na g\u00f3rnej cz\u0119\u015bci ekranu, a na dolnej mo\u017cesz sterowa\u0107 aparatem b\u0105d\u017a edytowa\u0107 kadry<\/li>\n<li style='padding-top: 10px;'> *Tryb Flex jest obs\u0142ugiwany pod k\u0105tami od 75\u00b0 do 115\u00b0<\/li>\n<li style='padding-top: 10px;'> DUAL PREVIEW Podgl\u0105d na zewn\u0119trznym ekranie Kiedy Ty kadrujesz zdj\u0119cie na ekranie g\u0142\u00f3wnym, osoba, kt\u00f3r\u0105 portretujesz widzi podgl\u0105d na ekranie zewn\u0119trznym<\/li>\n<li style='padding-top: 10px;'> Wszystko po to, by zabezpieczy\u0107 Twoje urz\u0105dzenie przed zarysowaniami i upadkami*<\/li>\n<li style='padding-top: 10px;'> **Stopie\u0144 ochrony IPX8<\/li>\n<li style='padding-top: 10px;'>Otw\u00f3rz sw\u00f3j \u015bwiat Du\u017cy ekran 7,6&#8243; zamkni\u0119ty w kompaktowej obudowie Maksymalna wielozadaniowo\u015b\u0107 dzi\u0119ki ultra mocnemu procesorowi Gaming na najwy\u017cszym poziomie Poznaj Galaxy Z Fold5 Jeszcze l\u017cejszy i smuklejszy<\/li>\n<li style='padding-top: 10px;'> Klasa IPX8 jest przyznawana na podstawie test\u00f3w przeprowadzonych przy zanurzeniu w wodzie s\u0142odkiej na g\u0142\u0119boko\u015b\u0107 do 1,5 metra w czasie nieprzekraczaj\u0105cym 30 minut<\/li>\n<li style='padding-top: 10px;'> GAMING NA NAJWY\u017bSZYM POZIOMIE Do\u0142\u0105cz do gry z pe\u0142n\u0105 moc\u0105 Galaxy Z Fold5 posiada superwydajny procesor Snapdragon 8 Gen 2* oraz ultraszybkie od\u015bwie\u017canie do 120 Hz**, dzi\u0119ki kt\u00f3rym nawet dynamiczne gry dzia\u0142aj\u0105 perfekcyjnie i wygl\u0105daj\u0105 osza\u0142amiaj\u0105co<\/li>\n<li style='padding-top: 10px;'> Zachwy\u0107 si\u0119 maksymalnie nasyconymi kolorami i ultra wysok\u0105 jasno\u015bci\u0105 ekranu a\u017c 1200 nit\u00f3w<\/li>\n<li style='padding-top: 10px;'> flex mode panel Ogl\u0105daj, komentuj i kontroluj tre\u015bci w tym samym czasie Ustaw smartfon w Trybie Flex i odtwarzaj multimedia, wygodnie nimi steruj\u0105c<\/li>\n<li style='padding-top: 10px;'> Nieodporny na kurz<\/li>\n<li style='padding-top: 10px;'> Wykonany z najlepszych materia\u0142\u00f3w, zapewnia trwa\u0142o\u015b\u0107 i odporno\u015b\u0107, by\u015b m\u00f3g\u0142 po niego si\u0119gn\u0105\u0107 w ka\u017cdej sytuacji<\/li>\n<li style='padding-top: 10px;'> Z\u0142o\u017cony mo\u017ce by\u0107 obs\u0142ugiwany jedn\u0105 r\u0119k\u0105 i zmie\u015bci si\u0119 w kieszeni, a roz\u0142o\u017cony oferuje wyj\u0105tkowo du\u017cy wy\u015bwietlacz, kt\u00f3ry otwiera przed Tob\u0105 nowe mo\u017cliwo\u015bci<\/li>\n<li style='padding-top: 10px;'> Niedo\u015bcignione aparaty Mo\u017cesz jeszcze wi\u0119cej Galaxy Z Fold5 posiada obiektyw g\u0142\u00f3wny o wysokiej rozdzielczo\u015bci 50 MP z optyczn\u0105 stabilizacj\u0105 obrazu i jasn\u0105 przys\u0142on\u0105, sprawdzi si\u0119 w dzie\u0144 i w nocy<\/li>\n<li style='padding-top: 10px;'> Dodatkowo mo\u017cesz cieszy\u0107 si\u0119 nimi d\u0142ugimi godzinami za spraw\u0105 pojemnej baterii (4400 mAh)***, kt\u00f3ra zosta\u0142a zaprojektowan<\/li>\n<li style='padding-top: 10px;'> *S Pen Fold Edition sprzedawany jest osobno<\/li>\n<li style='padding-top: 10px;'> Dodatkowo w nowym panelu sterowania znajdziesz skr\u00f3ty do a\u017c 8 Twoich ulubionych aplikacji oraz 4 ostatnio u\u017cywanych*<\/li>\n<li style='padding-top: 10px;'> * Mierzony po przek\u0105tnej ekran ma 7,6\u201d jako pe\u0142en prostok\u0105t i 7,4\u201d bior\u0105c pod uwag\u0119 zaokr\u0105glone rogi<\/li>\n<li style='padding-top: 10px;'> Najwy\u017csza jako\u015b\u0107 wykonania Gotowy na codzienne wyzwania Ochrona ekranu Zwi\u0119kszona wytrzyma\u0142o\u015b\u0107 Wy\u015bwietlacz g\u0142\u00f3wny i zawias otrzyma\u0142y ulepszon\u0105 konstrukcj\u0119, bardziej odporn\u0105 na wstrz\u0105sy<\/li>\n<li style='padding-top: 10px;'> Czarny Be\u017cowy B\u0142\u0119kitny DU\u017bY EKRAN 7,6&#8243; Dla jeszcze wi\u0119kszych wra\u017ce\u0144 Ekran g\u0142\u00f3wny ma wielko\u015b\u0107 a\u017c 7,6 cala*<\/li>\n<li style='padding-top: 10px;'> *Na pasku zada\u0144 wy\u015bwietlane s\u0105 skr\u00f3ty do 10 aplikacji podczas korzystania z nawigacji za pomoc\u0105 przycisk\u00f3w lub do 12 podczas korzystania z przewijania<\/li>\n<li style='padding-top: 10px;'> Niekt\u00f3re aplikacje mog\u0105 nie by\u0107 obs\u0142ugiwane w Trybie Flex<\/li>\n<li style='padding-top: 10px;'> Od ulubionych film\u00f3w i seriali trudno jest oderwa\u0107 wzrok<\/li>\n<li style='padding-top: 10px;'> KLASA IPX8 Wodoodporno\u015b\u0107 Zgodno\u015b\u0107 z norm\u0105 IPX8** oznacza, \u017ce mo\u017cesz go bez obaw rozk\u0142ada\u0107, tak\u017ce w trudnych warunkach, nawet podczas spaceru w deszczu<\/li>\n<li style='padding-top: 10px;'> Rzeczywista powierzchnia wy\u015bwietlania jest mniejsza o zaokr\u0105glone rogi i wyci\u0119cie na aparat<\/li>\n<li style='padding-top: 10px;'> **Obraz symulowany do cel\u00f3w ilustracyjnych<\/li>\n<li style='padding-top: 10px;'> Rysik S Pen fold edition Mo\u017cesz jeszcze wi\u0119cej 4096 poziom\u00f3w nacisku 1,5 mm smuk\u0142a ko\u0144c\u00f3wka Dobierz do swojego Galaxy Z Fold5 dedykowany rysik S Pen Fold Edition*<\/li>\n<li style='padding-top: 10px;'> Ulepszona konstrukcja jest niezwykle elegancka i sprawia, \u017ce Galaxy Z Fold5 doskonale le\u017cy w d\u0142oni<\/li>\n<\/ul>\n<p style='padding: 10px; font-weight: bold; background-color: aliceblue;'>Dost\u0119pno\u015b\u0107:<\/p>\n","protected":false},"featured_media":81564,"comment_status":"closed","ping_status":"open","template":"","meta":[],"product_brand":[],"product_cat":[109],"product_tag":[],"class_list":{"0":"post-81563","1":"product","2":"type-product","3":"status-publish","6":"product_cat-samsung","7":"pa_model-gs-t-sam-1985","8":"pa_producent-samsung","9":"pa_sklep-komputronik-pl","11":"first","12":"instock","13":"product-type-external"},"_links":{"self":[{"href":"https:\/\/taniabonament.pl\/telefony\/wp-json\/wp\/v2\/product\/81563","targetHints":{"allow":["GET"]}}],"collection":[{"href":"https:\/\/taniabonament.pl\/telefony\/wp-json\/wp\/v2\/product"}],"about":[{"href":"https:\/\/taniabonament.pl\/telefony\/wp-json\/wp\/v2\/types\/product"}],"replies":[{"embeddable":true,"href":"https:\/\/taniabonament.pl\/telefony\/wp-json\/wp\/v2\/comments?post=81563"}],"wp:featuredmedia":[{"embeddable":true,"href":"https:\/\/taniabonament.pl\/telefony\/wp-json\/wp\/v2\/media\/81564"}],"wp:attachment":[{"href":"https:\/\/taniabonament.pl\/telefony\/wp-json\/wp\/v2\/media?parent=81563"}],"wp:term":[{"taxonomy":"product_brand","embeddable":true,"href":"https:\/\/taniabonament.pl\/telefony\/wp-json\/wp\/v2\/product_brand?post=81563"},{"taxonomy":"product_cat","embeddable":true,"href":"https:\/\/taniabonament.pl\/telefony\/wp-json\/wp\/v2\/product_cat?post=81563"},{"taxonomy":"product_tag","embeddable":true,"href":"https:\/\/taniabonament.pl\/telefony\/wp-json\/wp\/v2\/product_tag?post=81563"}],"curies":[{"name":"wp","href":"https:\/\/api.w.org\/{rel}","templated":true}]}}