{"id":81461,"date":"2023-12-21T06:30:35","date_gmt":"2023-12-21T06:30:35","guid":{"rendered":"https:\/\/taniabonament.pl\/telefony\/produkt\/smartfon-samsung-galaxy-a34-128gb-5g-dual-sim-czarny-a346\/"},"modified":"2023-12-21T06:30:35","modified_gmt":"2023-12-21T06:30:35","slug":"smartfon-samsung-galaxy-a34-128gb-5g-dual-sim-czarny-a346","status":"publish","type":"product","link":"https:\/\/taniabonament.pl\/telefony\/produkt\/smartfon-samsung-galaxy-a34-128gb-5g-dual-sim-czarny-a346\/","title":{"rendered":"Smartfon Samsung Galaxy A34 128GB 5G Dual SIM czarny (A346)"},"content":{"rendered":"<h3><strong>Gdzie kupi\u0107 ten telefon marki Samsung?<\/strong><\/h3>\n<p>Ten smartfon &#8211; model GS-T-SAM-1937, kt\u00f3ry jest ch\u0119tnie wybierany, kupisz w cenie 1399.0 PLN w sklepie <a href=\"https:\/\/converti.se\/click\/34590059-c70e8160-5f3ad4bf\/?sid=samsung&#038;tag6=product&#038;tag8=7c4c650bc0a506d66131cbe2e926d14f&#038;tag9=Smartfon+Samsung+Galaxy+A34+128GB+5G+Dual+SIM+czarny+%28A346%29\" rel=\"noopener nofollow\" target=\"_blank\">Komputronik.pl<\/a> (sprawd\u017a na stronie naszego partnera czy na ten model obowi\u0105zuj\u0119 promocja, bo ta cena mo\u017ce by\u0107 jeszcze ni\u017csza!)<\/p>\n<h3><strong>Czy warto kupi\u0107 Smartfon Samsung Galaxy A34 128GB 5G Dual SIM czarny (A346)?<\/strong><\/h3>\n<p>Tak, to sprawdzony smartfon. Telefony od Samsunga cechuj\u0105 si\u0119 dobr\u0105 wydajno\u015bci\u0105 oraz dopracowaniem, korzystaj\u0105 z najnowszych wersji systemu operacyjnego Android. To stabilne i wydajne urz\u0105dzenia z kt\u00f3rych korzystamy na co dzie\u0144. <strong>Bardzo du\u017co os\u00f3b jest wierna marce Samsung<\/strong> i ponownie <strong>decyduje si\u0119 na nowego smartfona tego producenta<\/strong>. Telefony te ciesz\u0105 si\u0119 bardzo dobr\u0105 opini\u0105.<\/p>\n<p style=\"text-align: center; margin: 25px 10px;\"><a style=\"background-color: red; padding: 10px 20px; border-radius: 7px; color: #fff;\" href=\"https:\/\/converti.se\/click\/34590059-c70e8160-5f3ad4bf\/?deep_link=https%3A%2F%2Fwww.komputronik.pl%2Fproduct%2F819013%2Fsamsung-galaxy-a34-128gb-5g-dual-sim-czarny-a346-.html&#038;sid=samsung&#038;tag6=product&#038;tag8=7c4c650bc0a506d66131cbe2e926d14f&#038;tag9=Smartfon+Samsung+Galaxy+A34+128GB+5G+Dual+SIM+czarny+%28A346%29\" rel=\"nofollow noopener\" target=\"_blank\"><strong>Sprawd\u017a parametry<\/strong><\/a><\/p>\n<p>\u2605\u2605\u2605\u2605\u2605<\/p>\n<p>Poszukujesz <a href=\"https:\/\/taniabonament.pl\/telefony\/\">dobrego taniego smartfona<\/a>? Sprawd\u017a w\u015br\u00f3d pozosta\u0142ych producent\u00f3w telefon\u00f3w, kt\u00f3rych produkty przedstawiamy na naszym portalu (m.in. Apple, Xiaomi, MyPhone) . Telefon to urz\u0105dzenie kt\u00f3re u\u017cywamy codziennie. Ze smartfonem w dzisiejszych czasach praktycznie si\u0119 nie rozstajemy, dlatego warto zainwestowa\u0107 par\u0119 z\u0142otych w dobry sprz\u0119t. Wierzymy, \u017ce znajdziesz na naszym portalu <strong>odpowiedni model telefonu dla siebie<\/strong>!<\/p>\n","protected":false},"excerpt":{"rendered":"<h4>Smartfon <span style='color: #0286E7;'>godny zaufania<\/span> &#8211; <strong>Samsung<\/strong>!<\/h4>\n<p style='padding: 17px 0px;'><span style='color: #fff; background-color: yellowgreen; padding: 2px 7px;border-left: 13px solid #000000;'> polecany <\/span><span style='margin-left: 10px; color: #fff; background-color: red; padding: 2px 7px;border-left: 13px solid #000000;'> dobra cena <\/span><\/p>\n<p style='padding-top: 10px;'>Smartfon Samsung Galaxy A34, cechy i zalety: <\/p>\n<ul style='padding-left: 45px; padding-bottom: 10px;'>\n<li style='padding-top: 10px;'> Superpojemna bateria, kt\u00f3ra wystarczy na d\u0142u\u017cej Samsung Galaxy A34 5G zosta\u0142 wyposa\u017cony w bateri\u0119 o pojemno\u015bci 5000 mAh*, kt\u00f3ra zapewni Ci d\u0142ugie godziny pracy, streamowania czy grania<\/li>\n<li style='padding-top: 10px;'> *Dost\u0119pno\u015b\u0107 kolor\u00f3w mo\u017ce si\u0119 r\u00f3\u017cni\u0107 w zale\u017cno\u015bci od kraju, regionu lub sprzedawcy<\/li>\n<li style='padding-top: 10px;'><strong> *Dost\u0119pno\u015b\u0107 kolor\u00f3w mo\u017ce si\u0119 r\u00f3\u017cni\u0107 w zale\u017cno\u015bci od kraju, regionu lub sprzedawcy<\/strong><\/li>\n<li style='padding-top: 10px;'> Wysoka cz\u0119stotliwo\u015b\u0107 od\u015bwie\u017cania 120 Hz zapewnia niesamowit\u0105 p\u0142ynno\u015b\u0107 obrazu<\/li>\n<li style='padding-top: 10px;'>Smartfon Samsung Galaxy A34.  Wysoka cz\u0119stotliwo\u015b\u0107 od\u015bwie\u017cania 120 Hz zapewnia niesamowit\u0105 p\u0142ynno\u015b\u0107 obrazu<\/li>\n<li style='padding-top: 10px;'> *Wymaga optymalnego po\u0142\u0105czenia<\/li>\n<li style='padding-top: 10px;'> Wybierz odpowiedni aparat do sytuacji i nie pozw\u00f3l, by umkn\u0119\u0142a Ci \u017cadna chwila &#8211; r\u00f3b zdj\u0119cia w nocy, \u015bwietne selfie i nagrywaj niemal jak profesjonalista z pomoc\u0105 technologii stabilizacji obrazu*<\/li>\n<li style='padding-top: 10px;'> Pojemno\u015b\u0107 znamionowa wynosi 4 905 mAh<\/li>\n<li style='padding-top: 10px;'> Wy\u015bwietlacz &#8211; Jasny i wyra\u017any, nawet w s\u0142onecznym \u015bwietle Ciesz si\u0119 \u017cywymi kolorami na ekranie telefonu na zewn\u0105trz i to w bardzo s\u0142oneczne dni! Poznaj 6,6-calowy wy\u015bwietlacz o super wysokiej jasno\u015bci 1000 nit\u00f3w, dzi\u0119ki czemu mo\u017cesz ogl\u0105da\u0107 tre\u015bci nawet w pe\u0142nym \u015bwietle<\/li>\n<li style='padding-top: 10px;'> **Aktualny czas pracy baterii zale\u017cy od \u015brodowiska sieciowego, u\u017cywanych funkcji i aplikacji, cz\u0119stotliwo\u015bci po\u0142\u0105cze\u0144 i wiadomo\u015bci,liczby \u0142adowa\u0144 i wielu innych czynnik\u00f3w<\/li>\n<li style='padding-top: 10px;'> Aparat &#8211; Wiele obiektyw\u00f3w<\/li>\n<li style='padding-top: 10px;'> Oszacowano na podstawie \u015bredniego profilu u\u017cytkowania opracowanego przez Strategy Analytics<\/li>\n<li style='padding-top: 10px;'> Rzeczywista dost\u0119pno\u015b\u0107 pami\u0119ci masowej mo\u017ce si\u0119 r\u00f3\u017cni\u0107 w zale\u017cno\u015bci od zainstalowanego oprogramowania<\/li>\n<li style='padding-top: 10px;'> Zatrzymaj to, co chcesz Zapomnij o nerwach zwi\u0105zanych z oczekiwaniem na idealne uj\u0119cie<\/li>\n<li style='padding-top: 10px;'> sprzeda\u017cy detalicznej w Polsce w 2022<\/li>\n<li style='padding-top: 10px;'>01<\/li>\n<li style='padding-top: 10px;'>30 w Wielkiej Brytanii z przedpremierowymi wersjami SM-A346 w ustawieniach domy\u015blnych z wykorzystaniem sieci 5G Sub6, LTE i Wi-Fi ODPORNO\u015a\u0106 IP67 &#8211; Pewno\u015b\u0107 i wytrzyma\u0142o\u015b\u0107 Samsung Galaxy A34 5G mo\u017ce by\u0107 Twoim niezawodnym kompanem podczas wypad\u00f3w w teren<\/li>\n<li style='padding-top: 10px;'> **Opcje pami\u0119ci\/pami\u0119ci masowej i jej dost\u0119pno\u015b\u0107 mog\u0105 si\u0119 r\u00f3\u017cni\u0107 w zale\u017cno\u015bci od kraju, regionu i operatora<\/li>\n<li style='padding-top: 10px;'> Wykorzystaj sztuczn\u0105 inteligencj\u0119 w udoskonalaniu swoich kadr\u00f3w i sprawd\u017a, jak dzia\u0142a technologia remasteringu<\/li>\n<li style='padding-top: 10px;'> Wodoodporno\u015b\u0107 i odporno\u015b\u0107 urz\u0105dzenia na kurz nie jestr trwa\u0142a i mo\u017ce z czasem ulec zmniejszeniu<\/li>\n<li style='padding-top: 10px;'> W Samsungu Galaxy A34 5G masz funkcj\u0119 Gumki do usuwania obiekt\u00f3w, dzi\u0119ki kt\u00f3rej szybko i \u0142atwo usuniesz ze zdj\u0119cia niechciane obiekty: cienie, przypadkowe osoby, odbicia itp<\/li>\n<li style='padding-top: 10px;'> ZABEZPIECZENIA &#8211; Zajmiemy si\u0119 Tob\u0105 Samsung Galaxy A34 5G to wyb\u00f3r na lata<\/li>\n<li style='padding-top: 10px;'> Wideo &#8211; Wyj\u0105tkowe momenty w \u017cywych kolorach Z Galaxy A34 5G nawet przy s\u0142abym o\u015bwietleniu nagrasz wyj\u0105tkowe chwile w jasnych, \u017cywych kolorach, a idealnie dopasowany kadr z\u0142apiesz z funkcj\u0105 Automatycznego Kadrowania<\/li>\n<li style='padding-top: 10px;'> Je\u015bli masowa pami\u0119\u0107 128 GB** to dla Ciebie za ma\u0142o, wykorzystaj wej\u015bcie na kart\u0119 microSD i zwi\u0119ksz pojemo\u015b\u0107 telefonu a\u017c do 1 TB***<\/li>\n<li style='padding-top: 10px;'> **Galaxy A34 5G i Galaxy A54 5G maj\u0105 stopie\u0144 ochrony IP67<\/li>\n<li style='padding-top: 10px;'> Wiele mo\u017cliwo\u015bci W Galaxy A34 znajdziesz aparaty: przedni 13MP, g\u0142\u00f3wny 48MP, ultraszerokok\u0105tny 8MP oraz makro 5MP<\/li>\n<li style='padding-top: 10px;'> *OIS: Optyczna stabilizacja obrazu<\/li>\n<li style='padding-top: 10px;'> Wodoodporno\u015b\u0107 i odporno\u015b\u0107 urz\u0105dze\u0144 na kurz nie jest trwa\u0142a i mo\u017ce z czasem ulec zmniejszeniu<\/li>\n<li style='padding-top: 10px;'> Niezale\u017cnie oceniony przez Strategy Analytics w okresie 2023<\/li>\n<li style='padding-top: 10px;'> Design &#8211; Prostota i elegancja Postaw na wielopoziomow\u0105 funkcjonalno\u015b\u0107 i wyj\u0105tkowy design w oryginalnych kolorach &#8211; limonkowym, srebrnym, fioletowym i czarnym*<\/li>\n<li style='padding-top: 10px;'> ***Karta microSD sprzedawana oddzielnie<\/li>\n<li style='padding-top: 10px;'> Dodatkowo, uruchom opcj\u0119 adaptacyjnej oszcz\u0119dno\u015bci energii, by zachowa\u0107 jej dobr\u0105 kondycj\u0119 jak najd\u0142u\u017cej**<\/li>\n<li style='padding-top: 10px;'> Na podstawie testu zanurzenia do 1 metra w wodzie s\u0142odkiej przez czas nieprzekraczaj\u0105cy 30 minut<\/li>\n<li style='padding-top: 10px;'> *Typowa warto\u015b\u0107 testowana w warunkach laboratoryjnych innych firm<\/li>\n<li style='padding-top: 10px;'> Na podstawie wynik\u00f3w testu zanurzenia do 1 metra w wodzie s\u0142odkiej przez czas nieprzekraczaj\u0105cy 30 minut<\/li>\n<li style='padding-top: 10px;'> Zmie\u0144 dobre w Awesome Samsung Galaxy A34 5G umo\u017cliwi Ci zwi\u0119kszanie rozdzielczo\u015bci zdj\u0119\u0107, jednocze\u015bnie redukuj\u0105c niechciane rozmycia i szumy<\/li>\n<li style='padding-top: 10px;'> Dost\u0119pno\u015b\u0107 sieci i rzeczywista pr\u0119dko\u015b\u0107 mog\u0105 si\u0119 r\u00f3\u017cni\u0107 w zale\u017cno\u015bci od kraju, regionu, dostawcy sieci i \u015brodowiska u\u017cytkownika<\/li>\n<li style='padding-top: 10px;'> Warto\u015b\u0107 typowa to szacowana \u015brednia warto\u015b\u0107 uwzgl\u0119dniaj\u0105ca odchylenia w pojemno\u015bci baterii w\u015br\u00f3d pr\u00f3bek baterii testowanych zgodnie z norm\u0105 IEC 61960<\/li>\n<li style='padding-top: 10px;'> Telefon spe\u0142nia wymogi normy IP67 w zakresie odporno\u015bci na py\u0142 i wod\u0119*<\/li>\n<li style='padding-top: 10px;'>Jasny, du\u017cy wy\u015bwietlacz 6,6&#8243; ekran z superp\u0142ynnym przewijaniem 120 Hz* Zdj\u0119cia w nocy Doskona\u0142e zdj\u0119cia nawet w nocy dzi\u0119ki optycznej stabilizacji obrazu (OIS) Wytrzyma\u0142a bateria Pojemna bateria i szybkie \u0142adowanie zapewniaj\u0105 d\u0142ugie godziny pracy Design i wytrzyma\u0142o\u015b\u0107 Smuk\u0142a i wytrzyma\u0142a obudowa dzi\u0119ki odporno\u015bci IP67** *Dost\u0119pno\u015b\u0107 kolor\u00f3w mo\u017ce si\u0119 r\u00f3\u017cni\u0107 w zale\u017cno\u015bci od kraju, regionu i sprzedawcy<\/li>\n<li style='padding-top: 10px;'>Nie zaleca si\u0119 u\u017cywania na pla\u017cy lub w basenie<\/li>\n<li style='padding-top: 10px;'>19-01<\/li>\n<li style='padding-top: 10px;'> ***Bestseller 2022 to Galaxy A53 5G, najcz\u0119\u015bciej kupowany smartfon, na podstawie raport\u00f3w mi\u0119dzynarodowej firmy badawczej dot<\/li>\n<li style='padding-top: 10px;'> Samsunga Galaxy A34 5G* wspiera pot\u0119\u017cny, o\u015bmiordzeniowy procesor, a smartfon korzysta do tego z technologii szybkiego internetu 5G<\/li>\n<li style='padding-top: 10px;'> *Galaxy A34 5G maj\u0105 stopie\u0144 ochrony IP67<\/li>\n<li style='padding-top: 10px;'> SUPERSZYBKO\u015a\u0106 5G I WYDAJNO\u015a\u0106 &#8211; Niezr\u00f3wnana moc I pr\u0119dko\u015b\u0107 Zapomnij o ograniczeniach technicznych podczas zabawy czy pracy<\/li>\n<\/ul>\n<p style='padding: 10px; font-weight: bold; background-color: aliceblue;'>Dost\u0119pno\u015b\u0107:<\/p>\n","protected":false},"featured_media":81551,"comment_status":"closed","ping_status":"open","template":"","meta":[],"product_brand":[],"product_cat":[109],"product_tag":[],"class_list":{"0":"post-81461","1":"product","2":"type-product","3":"status-publish","6":"product_cat-samsung","7":"pa_model-gs-t-sam-1937","8":"pa_producent-samsung","9":"pa_sklep-komputronik-pl","11":"first","12":"instock","13":"product-type-external"},"_links":{"self":[{"href":"https:\/\/taniabonament.pl\/telefony\/wp-json\/wp\/v2\/product\/81461","targetHints":{"allow":["GET"]}}],"collection":[{"href":"https:\/\/taniabonament.pl\/telefony\/wp-json\/wp\/v2\/product"}],"about":[{"href":"https:\/\/taniabonament.pl\/telefony\/wp-json\/wp\/v2\/types\/product"}],"replies":[{"embeddable":true,"href":"https:\/\/taniabonament.pl\/telefony\/wp-json\/wp\/v2\/comments?post=81461"}],"wp:featuredmedia":[{"embeddable":true,"href":"https:\/\/taniabonament.pl\/telefony\/wp-json\/wp\/v2\/media\/81551"}],"wp:attachment":[{"href":"https:\/\/taniabonament.pl\/telefony\/wp-json\/wp\/v2\/media?parent=81461"}],"wp:term":[{"taxonomy":"product_brand","embeddable":true,"href":"https:\/\/taniabonament.pl\/telefony\/wp-json\/wp\/v2\/product_brand?post=81461"},{"taxonomy":"product_cat","embeddable":true,"href":"https:\/\/taniabonament.pl\/telefony\/wp-json\/wp\/v2\/product_cat?post=81461"},{"taxonomy":"product_tag","embeddable":true,"href":"https:\/\/taniabonament.pl\/telefony\/wp-json\/wp\/v2\/product_tag?post=81461"}],"curies":[{"name":"wp","href":"https:\/\/api.w.org\/{rel}","templated":true}]}}