{"id":81438,"date":"2023-12-21T06:31:15","date_gmt":"2023-12-21T06:31:15","guid":{"rendered":"https:\/\/taniabonament.pl\/telefony\/produkt\/smartfon-samsung-galaxy-a54-128gb-5g-dual-sim-czarny-a546\/"},"modified":"2023-12-21T06:31:15","modified_gmt":"2023-12-21T06:31:15","slug":"smartfon-samsung-galaxy-a54-128gb-5g-dual-sim-czarny-a546","status":"publish","type":"product","link":"https:\/\/taniabonament.pl\/telefony\/produkt\/smartfon-samsung-galaxy-a54-128gb-5g-dual-sim-czarny-a546\/","title":{"rendered":"Smartfon Samsung Galaxy A54 128GB 5G Dual SIM czarny (A546)"},"content":{"rendered":"<h3><strong>Gdzie kupi\u0107 ten telefon marki Samsung?<\/strong><\/h3>\n<p>Ten smartfon &#8211; model GS-T-SAM-1943, kt\u00f3ry jest ch\u0119tnie wybierany, kupisz w cenie 1799.0 PLN w sklepie <a href=\"https:\/\/converti.se\/click\/34590059-c70e8160-5f3ad4bf\/?sid=samsung&#038;tag6=product&#038;tag8=20dbb26ad9dfc3b493d9f8a1c6d2ec35&#038;tag9=Smartfon+Samsung+Galaxy+A54+128GB+5G+Dual+SIM+czarny+%28A546%29\" rel=\"noopener nofollow\" target=\"_blank\">Komputronik.pl<\/a> (sprawd\u017a na stronie naszego partnera czy na ten model obowi\u0105zuj\u0119 promocja, bo ta cena mo\u017ce by\u0107 jeszcze ni\u017csza!)<\/p>\n<h3><strong>Czy warto kupi\u0107 Smartfon Samsung Galaxy A54 128GB 5G Dual SIM czarny (A546)?<\/strong><\/h3>\n<p>Tak, to sprawdzony smartfon. Telefony od Samsunga cechuj\u0105 si\u0119 dobr\u0105 wydajno\u015bci\u0105 oraz dopracowaniem, korzystaj\u0105 z najnowszych wersji systemu operacyjnego Android. To stabilne i wydajne urz\u0105dzenia z kt\u00f3rych korzystamy na co dzie\u0144. <strong>Bardzo du\u017co os\u00f3b jest wierna marce Samsung<\/strong> i ponownie <strong>decyduje si\u0119 na nowego smartfona tego producenta<\/strong>. Telefony te ciesz\u0105 si\u0119 bardzo dobr\u0105 opini\u0105.<\/p>\n<p style=\"text-align: center; margin: 25px 10px;\"><a style=\"background-color: red; padding: 10px 20px; border-radius: 7px; color: #fff;\" href=\"https:\/\/converti.se\/click\/34590059-c70e8160-5f3ad4bf\/?deep_link=https%3A%2F%2Fwww.komputronik.pl%2Fproduct%2F819020%2Fsamsung-galaxy-a54-128gb-5g-dual-sim-czarny-a546-.html&#038;sid=samsung&#038;tag6=product&#038;tag8=20dbb26ad9dfc3b493d9f8a1c6d2ec35&#038;tag9=Smartfon+Samsung+Galaxy+A54+128GB+5G+Dual+SIM+czarny+%28A546%29\" rel=\"nofollow noopener\" target=\"_blank\"><strong>Sprawd\u017a parametry<\/strong><\/a><\/p>\n<p>\u2605\u2605\u2605\u2605\u2605<\/p>\n<p>Poszukujesz <a href=\"https:\/\/taniabonament.pl\/telefony\/\">dobrego taniego smartfona<\/a>? Sprawd\u017a w\u015br\u00f3d pozosta\u0142ych producent\u00f3w telefon\u00f3w, kt\u00f3rych produkty przedstawiamy na naszym portalu (m.in. Apple, Xiaomi, MyPhone) . Telefon to urz\u0105dzenie kt\u00f3re u\u017cywamy codziennie. Ze smartfonem w dzisiejszych czasach praktycznie si\u0119 nie rozstajemy, dlatego warto zainwestowa\u0107 par\u0119 z\u0142otych w dobry sprz\u0119t. Wierzymy, \u017ce znajdziesz na naszym portalu <strong>odpowiedni model telefonu dla siebie<\/strong>!<\/p>\n","protected":false},"excerpt":{"rendered":"<h4>Smartfon <span style='color: #0286E7;'>godny zaufania<\/span> &#8211; <strong>Samsung<\/strong>!<\/h4>\n<p style='padding: 17px 0px;'><span style='color: #fff; background-color: yellowgreen; padding: 2px 7px;border-left: 13px solid #000000;'> dobra cena <\/span><span style='color: #fff; background-color: red; padding: 2px 7px;border-left: 13px solid gainsboro; margin-left: 10px;'> polecany <\/span><\/p>\n<p style='padding-top: 10px;'>Smartfon Samsung Galaxy A54, cechy i zalety: <\/p>\n<ul style='padding-left: 45px; padding-bottom: 10px;'>\n<li style='padding-top: 10px;'>  Nawet wtedy, gdy ogl\u0105dasz je na zewn\u0105trz*<\/li>\n<li style='padding-top: 10px;'> *Pomiar po przek\u0105tnej, rozmiar ekranu to 6,4&#8243; w pe\u0142nym prostok\u0105cie i 6,3&#8243; uwzgl\u0119dniaj\u0105c zaokr\u0105glone rogi<\/li>\n<li style='padding-top: 10px;'> *Warto\u015b\u0107 typowa testowana w warunkach laboratoryjnych innych firm<\/li>\n<li style='padding-top: 10px;'><strong> *Warto\u015b\u0107 typowa testowana w warunkach laboratoryjnych innych firm<\/strong><\/li>\n<li style='padding-top: 10px;'> Dzi\u0119ki temu mo\u017cesz w kr\u00f3tk\u0105 chwil\u0119 \u015bci\u0105gn\u0105\u0107 nowy sezon ulubionego serialu**<\/li>\n<li style='padding-top: 10px;'>Smartfon Samsung Galaxy A54.  Dzi\u0119ki temu mo\u017cesz w kr\u00f3tk\u0105 chwil\u0119 \u015bci\u0105gn\u0105\u0107 nowy sezon ulubionego serialu**<\/li>\n<li style='padding-top: 10px;'> Jasny i wyra\u017any, nawet w mocnym \u015bwietle Zawsze i wsz\u0119dzie wygodnie korzystaj ze swojego smartfona dzi\u0119ki nowoczesnemu wy\u015bwietlaczowi Super AMOLED Infinity-O o przek\u0105tnej 6,4 cala z cz\u0119stotliwo\u015bci\u0105 od\u015bwie\u017cania obrazu do 120 Hz<\/li>\n<li style='padding-top: 10px;'> Te technologie, we wsp\u00f3\u0142pracy z autofokusem i automatycznym kadrowaniem, pozwol\u0105 Ci na robienie wysokiej jako\u015bci zdj\u0119\u0107 i film\u00f3w &#8211; nawet w trudnych warunkach o\u015bwietleniowych<\/li>\n<li style='padding-top: 10px;'> Wybierz model z pami\u0119ci\u0105 128 GB, a je\u015bli oka\u017ce si\u0119 to wci\u0105\u017c ma\u0142o na Twoj\u0105 kolekcj\u0119 zdj\u0119\u0107, po prostu do\u0142\u00f3\u017c dodatkow\u0105 kart\u0119 microSD o pojemno\u015bci a\u017c do 1 TB!* **Karta microSD sprzedawana oddzielnie<\/li>\n<li style='padding-top: 10px;'> Aparat &#8211; Wiele obiektyw\u00f3w, by uchwyci\u0107 wyj\u0105tkowe momenty Wybierz odpowiedni aparat do sytuacji i nie pozw\u00f3l, by umkn\u0119\u0142a Ci \u017cadna chwila &#8211; r\u00f3b zdj\u0119cia w nocy, \u015bwietne selfie i nagrywaj profesjonalne wideo z pomoc\u0105 technologii stabilizacji obrazu<\/li>\n<li style='padding-top: 10px;'> Na podstawie testu zanurzenia do 1 metra w wodzie s\u0142odkiej przez czas nieprzekraczaj\u0105cy 30 minut<\/li>\n<li style='padding-top: 10px;'> NIGHTOGRAFIA &#8211; Noce t\u0119tni\u0105ce \u017cyciem Przekonaj si\u0119, \u017ce robienie wyra\u017anych zdj\u0119\u0107 w nocy mo\u017ce by\u0107 szybkie, przyjemne i \u0142atwe<\/li>\n<li style='padding-top: 10px;'> Rzeczywisty obszar widzenia jest mniejszy ze wzgl\u0119du na zaokr\u0105glone rogi i otw\u00f3r na aparat<\/li>\n<li style='padding-top: 10px;'> Za spraw\u0105 o\u015bmiordzeniowego procesora i zwi\u0119kszonej wydajno\u015bci smartfon Galaxy z \u0142atwo\u015bci\u0105 poradzi sobie z wieloma zadaniami<\/li>\n<li style='padding-top: 10px;'> Zatrzymaj to, co chcesz Denerwujesz si\u0119, gdy perfekcyjne uj\u0119cie psuje Ci przelatuj\u0105cy ptak lub niechciany cie\u0144? Zapomnij o tym! Funkcja Gumki do usuwania obiekt\u00f3w umo\u017cliwi Ci \u0142atwe usuni\u0119cie ze zdj\u0119cia niechcianego obiektu<\/li>\n<li style='padding-top: 10px;'> Wy\u015bwietlane tre\u015bci zawsze pozostaj\u0105 \u017cywe i wyra\u017ane<\/li>\n<li style='padding-top: 10px;'> NOCNE WIDEO &#8211; Z \u0142atwo\u015bci\u0105 nagrywaj wyj\u0105tkowe wideo Samsung Galaxy A54 5G posiada po\u0142\u0105czenie optycznej stabilizacji obrazu (OIS) oraz cyfrowej stabilizacji obrazu video (VDIS)<\/li>\n<li style='padding-top: 10px;'> Niezale\u017cnie oceniony przez Strategy Analytics w okresie 2023<\/li>\n<li style='padding-top: 10px;'> Pojemno\u015b\u0107 znamionowa wynosi 4 905 mAh<\/li>\n<li style='padding-top: 10px;'> Dzia\u0142aj d\u0142u\u017cej z niesamowit\u0105 bateri\u0105 Smartfon posiada pot\u0119\u017cn\u0105 bateri\u0119 o pojemno\u015bci 5000 mAh oraz wspiera szybkie \u0142adowanie 25 W<\/li>\n<li style='padding-top: 10px;'> **Galaxy A34 5G i Galaxy A54 5G maj\u0105 stopie\u0144 ochrony IP67<\/li>\n<li style='padding-top: 10px;'> ***Obraz symulowany w celach ilustracyjnych Wysoka odporno\u015b\u0107 Lubisz wypady w teren? Tw\u00f3j Samsung Galaxy A54 z przyjemno\u015bci\u0105 Ci w nich potowa<\/li>\n<li style='padding-top: 10px;'> *Dotyczy dzia\u0142ania w sieci 5G<\/li>\n<li style='padding-top: 10px;'> **Obraz symulowany w celach pogl\u0105dowych<\/li>\n<li style='padding-top: 10px;'> DESIGN &#8211; Prostota, kt\u00f3ra inspiruje Samsung Galaxy A54 5G przyci\u0105ga uwag\u0119 bezpretensjonalnym, eleganckim i minimalistycznym designem<\/li>\n<li style='padding-top: 10px;'> Zmie\u0144 dobre w Awesome Samsung Galaxy A54 5G pozwoli Ci dopracowa\u0107 swoje zdj\u0119cia<\/li>\n<li style='padding-top: 10px;'> Pe\u0142na wdzi\u0119ku ramka i prosty uk\u0142ad aparat\u00f3w nadaj\u0105 smartfonowi niepowtarzalnej klasy*<\/li>\n<li style='padding-top: 10px;'>Design i wytrzyma\u0142o\u015b\u0107 Smuk\u0142a i wytrzyma\u0142a obudowa dzi\u0119ki odporno\u015bci IP67 Zaawansowane aparaty Doskona\u0142e zdj\u0119cia nawet w nocy dzi\u0119ki optycznej stabilizacji obrazu (OIS) Wytrzyma\u0142a bateria Superpojemna bateria 5000 mAh na d\u0142ugie godziny rozrywki Superp\u0142ynny wy\u015bwietlacz Przewijaj swoje ulubione tre\u015bci w 120 Hz *Dost\u0119pno\u015b\u0107 kolor\u00f3w mo\u017ce si\u0119 r\u00f3\u017cni\u0107 w zale\u017cno\u015bci od kraju, regionu i sprzedawcy<\/li>\n<li style='padding-top: 10px;'> Samsung Galaxy A54 5G automatycznie prze\u0142\u0105czy si\u0119 w Tryb Nocny, gdy po w\u0142\u0105czeniu aparatu wykryje ma\u0142\u0105 ilo\u015b\u0107 \u015bwiat\u0142a wok\u00f3\u0142 fotografowanego obiektu<\/li>\n<li style='padding-top: 10px;'> Wodoodporno\u015b\u0107 i odporno\u015b\u0107 urz\u0105dze\u0144 na kurz nie jest trwa\u0142a i mo\u017ce z czasem ulec zmniejszeniu<\/li>\n<li style='padding-top: 10px;'> Szklane wyko\u0144czenie w jako\u015bci premium uszlachetnia ka\u017cdy z czterech dost\u0119pnych kolor\u00f3w urz\u0105dzenia &#8211; bia\u0142y, czarny, limonkowy i fioletowy<\/li>\n<li style='padding-top: 10px;'> Selfie na nowym poziomie Cz\u0119sto korzystasz z aparatu do selfie? R\u00f3b je w wysokiej rozdzielczo\u015bci i powi\u0119kszaj, zachowuj\u0105c \u017cywe kolory i idealn\u0105 ostro\u015b\u0107<\/li>\n<li style='padding-top: 10px;'> Warto\u015b\u0107 typowa to szacunkowa warto\u015b\u0107 \u015brednia uwzgl\u0119dniaj\u0105ca odchylenia w pojemno\u015bci baterii w\u015br\u00f3d pr\u00f3bek baterii testowanych zgodnie z norm\u0105 IEC 61960<\/li>\n<li style='padding-top: 10px;'> B\u0119dziesz cieszy\u0107 si\u0119 z jego u\u017cytkowania d\u0142ugimi godzinami i szybciej na\u0142adujesz bateri\u0119<\/li>\n<li style='padding-top: 10px;'>19-01<\/li>\n<li style='padding-top: 10px;'>30 w Wielkiej Brytanii z przedpremierowymi wersjami SM-A546 w ustawieniach domy\u015blnych z wykorzystaniem sieci 5G Sub6, LTE i Wi-Fi<\/li>\n<li style='padding-top: 10px;'> Zatrzymaj to w pami\u0119ci Nie martw si\u0119, \u017ce zabraknie Ci miejsca w smartfonie<\/li>\n<li style='padding-top: 10px;'> Niesamowita szybko\u015b\u0107 Sie\u0107 5G pozwala na 20-krotnie szybsze pr\u0119dko\u015bci pobierania danych*<\/li>\n<li style='padding-top: 10px;'> Oszacowano na podstawie \u015bredniego profilu u\u017cytkowania opracowanego przez Strategy Analytics<\/li>\n<li style='padding-top: 10px;'> **Realny czas pracy baterii zale\u017cy od \u015brodowiska sieciowego, u\u017cywanych funkcji i aplikacji, cz\u0119stotliwo\u015bci po\u0142\u0105cze\u0144 i wiadomo\u015bci, liczby \u0142adowa\u0144 i wielu innych czynnik\u00f3w<\/li>\n<li style='padding-top: 10px;'> Niezr\u00f3wnana moc Wykorzystaj potencja\u0142 w pe\u0142ni<\/li>\n<li style='padding-top: 10px;'>01<\/li>\n<li style='padding-top: 10px;'> Wykorzystaj funkcj\u0119 Remasteringu Zdj\u0119\u0107, aby zredukowa\u0107 niedoskona\u0142o\u015bci powstaj\u0105ce przy cyfrowym powi\u0119kszaniu kadr\u00f3w<\/li>\n<li style='padding-top: 10px;'> Sie\u0107 5G nie jest jeszcze dost\u0119pna powszechnie w Polsce<\/li>\n<li style='padding-top: 10px;'> *Dost\u0119pno\u015b\u0107 kolor\u00f3w mo\u017ce si\u0119 r\u00f3\u017cni\u0107 w zale\u017cno\u015bci od kraju, regionu lub sprzedawcy<\/li>\n<li style='padding-top: 10px;'> *OIS: Optyczna stabilizacja obrazu<\/li>\n<\/ul>\n<p style='padding: 10px; font-weight: bold; background-color: aliceblue;'>Dost\u0119pno\u015b\u0107:<\/p>\n","protected":false},"featured_media":81596,"comment_status":"closed","ping_status":"open","template":"","meta":[],"product_brand":[],"product_cat":[109],"product_tag":[],"class_list":{"0":"post-81438","1":"product","2":"type-product","3":"status-publish","6":"product_cat-samsung","7":"pa_model-gs-t-sam-1943","8":"pa_producent-samsung","9":"pa_sklep-komputronik-pl","11":"first","12":"instock","13":"product-type-external"},"_links":{"self":[{"href":"https:\/\/taniabonament.pl\/telefony\/wp-json\/wp\/v2\/product\/81438","targetHints":{"allow":["GET"]}}],"collection":[{"href":"https:\/\/taniabonament.pl\/telefony\/wp-json\/wp\/v2\/product"}],"about":[{"href":"https:\/\/taniabonament.pl\/telefony\/wp-json\/wp\/v2\/types\/product"}],"replies":[{"embeddable":true,"href":"https:\/\/taniabonament.pl\/telefony\/wp-json\/wp\/v2\/comments?post=81438"}],"wp:featuredmedia":[{"embeddable":true,"href":"https:\/\/taniabonament.pl\/telefony\/wp-json\/wp\/v2\/media\/81596"}],"wp:attachment":[{"href":"https:\/\/taniabonament.pl\/telefony\/wp-json\/wp\/v2\/media?parent=81438"}],"wp:term":[{"taxonomy":"product_brand","embeddable":true,"href":"https:\/\/taniabonament.pl\/telefony\/wp-json\/wp\/v2\/product_brand?post=81438"},{"taxonomy":"product_cat","embeddable":true,"href":"https:\/\/taniabonament.pl\/telefony\/wp-json\/wp\/v2\/product_cat?post=81438"},{"taxonomy":"product_tag","embeddable":true,"href":"https:\/\/taniabonament.pl\/telefony\/wp-json\/wp\/v2\/product_tag?post=81438"}],"curies":[{"name":"wp","href":"https:\/\/api.w.org\/{rel}","templated":true}]}}