{"id":81436,"date":"2023-12-21T06:31:14","date_gmt":"2023-12-21T06:31:14","guid":{"rendered":"https:\/\/taniabonament.pl\/telefony\/produkt\/smartfon-samsung-galaxy-a14-64gb-dual-sim-zielony-a145\/"},"modified":"2023-12-21T06:31:14","modified_gmt":"2023-12-21T06:31:14","slug":"smartfon-samsung-galaxy-a14-64gb-dual-sim-zielony-a145","status":"publish","type":"product","link":"https:\/\/taniabonament.pl\/telefony\/produkt\/smartfon-samsung-galaxy-a14-64gb-dual-sim-zielony-a145\/","title":{"rendered":"Smartfon Samsung Galaxy A14 64GB Dual SIM zielony (A145)"},"content":{"rendered":"<h3><strong>Gdzie kupi\u0107 ten telefon marki Samsung?<\/strong><\/h3>\n<p>Ten smartfon &#8211; model GS-T-SAM-1934, kt\u00f3ry jest ch\u0119tnie wybierany, kupisz w cenie 599.0 PLN w sklepie <a href=\"https:\/\/converti.se\/click\/34590059-c70e8160-5f3ad4bf\/?sid=samsung&#038;tag6=product&#038;tag8=da52d2161786fb71f1a1df8ca45e9872&#038;tag9=Smartfon+Samsung+Galaxy+A14+64GB+Dual+SIM+zielony+%28A145%29\" rel=\"noopener\">Komputronik.pl<\/a> (sprawd\u017a na stronie naszego partnera czy na ten model obowi\u0105zuj\u0119 promocja, bo ta cena mo\u017ce by\u0107 jeszcze ni\u017csza!)<\/p>\n<h3><strong>Czy warto kupi\u0107 Smartfon Samsung Galaxy A14 64GB Dual SIM zielony (A145)?<\/strong><\/h3>\n<p>Tak, to sprawdzony smartfon. Telefony od Samsunga cechuj\u0105 si\u0119 dobr\u0105 wydajno\u015bci\u0105 oraz dopracowaniem, korzystaj\u0105 z najnowszych wersji systemu operacyjnego Android. To stabilne i wydajne urz\u0105dzenia z kt\u00f3rych korzystamy na co dzie\u0144. <strong>Bardzo du\u017co os\u00f3b jest wierna marce Samsung<\/strong> i ponownie <strong>decyduje si\u0119 na nowego smartfona tego producenta<\/strong>. Telefony te ciesz\u0105 si\u0119 bardzo dobr\u0105 opini\u0105.<\/p>\n<p style=\"text-align: center; margin: 25px 10px;\"><a style=\"background-color: red; padding: 10px 20px; border-radius: 7px; color: #fff;\" href=\"https:\/\/converti.se\/click\/34590059-c70e8160-5f3ad4bf\/?deep_link=https%3A%2F%2Fwww.komputronik.pl%2Fproduct%2F819010%2Fsamsung-galaxy-a14-64gb-dual-sim-czarny-a145-.html&#038;sid=samsung&#038;tag6=product&#038;tag8=da52d2161786fb71f1a1df8ca45e9872&#038;tag9=Smartfon+Samsung+Galaxy+A14+64GB+Dual+SIM+zielony+%28A145%29\" rel=\"nofollow\"><strong>Sprawd\u017a parametry<\/strong><\/a><\/p>\n<p>\u2605\u2605\u2605\u2605\u2605<\/p>\n<p>Poszukujesz <a href=\"https:\/\/taniabonament.pl\/telefony\/\">dobrego taniego smartfona<\/a>? Sprawd\u017a w\u015br\u00f3d pozosta\u0142ych producent\u00f3w telefon\u00f3w, kt\u00f3rych produkty przedstawiamy na naszym portalu (m.in. Apple, Xiaomi, MyPhone) . Telefon to urz\u0105dzenie kt\u00f3re u\u017cywamy codziennie. Ze smartfonem w dzisiejszych czasach praktycznie si\u0119 nie rozstajemy, dlatego warto zainwestowa\u0107 par\u0119 z\u0142otych w dobry sprz\u0119t. Wierzymy, \u017ce znajdziesz na naszym portalu <strong>odpowiedni model telefonu dla siebie<\/strong>!<\/p>\n","protected":false},"excerpt":{"rendered":"<h4>Smartfon <span style='color: #0286E7;'>godny zaufania<\/span> &#8211; <strong>Samsung<\/strong>!<\/h4>\n<p style='padding: 17px 0px;'><span style='color: #fff; background-color: yellowgreen; padding: 2px 7px;border-left: 13px solid #000000;'> godny uwagi <\/span><\/p>\n<p style='padding: 17px 0px;'><span style='color: #fff; background-color: yellowgreen; padding: 2px 7px;border-left: 13px solid #000000;'> dobra cena <\/span><\/p>\n<p style='padding-top: 10px;'>Smartfon Samsung Galaxy A14, cechy i zalety: <\/p>\n<ul style='padding-left: 45px; padding-bottom: 10px;'>\n<li style='padding-top: 10px;'>  Quick Share Udost\u0119pnianie plik\u00f3w, zdj\u0119\u0107 i dokument\u00f3w w\u0142a\u015bnie sta\u0142o si\u0119 szybkie i chronione<\/li>\n<li style='padding-top: 10px;'> Wydajno\u015b\u0107, kt\u00f3rej potrzebujesz Podkr\u0119\u0107 sw\u00f3j dzie\u0144 dzi\u0119ki wydajno\u015bci i efektywno\u015bci o\u015bmiordzeniowego procesora i pami\u0119ci urz\u0105dzenia o pojemno\u015bci 64 GB, kt\u00f3ra zapewni CI komfortow\u0105 prac\u0119 czy granie w ulubione gry<\/li>\n<li style='padding-top: 10px;'> Zobacz wszystko, co kochasz, w \u017cywych kolorach 6,6-calowy wy\u015bwietlacz FHD+ pozwoli Ci komfortowo gra\u0107, przegl\u0105da\u0107 zdj\u0119cia i ogl\u0105da\u0107 ulubione seriale, zapewniaj\u0105c doskonale odwzorowane barwy i kontrast<\/li>\n<li style='padding-top: 10px;'><strong> Zobacz wszystko, co kochasz, w \u017cywych kolorach 6,6-calowy wy\u015bwietlacz FHD+ pozwoli Ci komfortowo gra\u0107, przegl\u0105da\u0107 zdj\u0119cia i ogl\u0105da\u0107 ulubione seriale, zapewniaj\u0105c doskonale odwzorowane barwy i kontrast<\/strong><\/li>\n<li style='padding-top: 10px;'> System Android na co dzie\u0144 Na swoim Galaxy A14 mo\u017cesz od razu uruchomi\u0107 najpopularniejsze aplikacje Google*<\/li>\n<li style='padding-top: 10px;'>Smartfon Samsung Galaxy A14.  System Android na co dzie\u0144 Na swoim Galaxy A14 mo\u017cesz od razu uruchomi\u0107 najpopularniejsze aplikacje Google*<\/li>\n<li style='padding-top: 10px;'> Razem doskona\u0142e Wszystkie Twoje urz\u0105dzenia Galaxy wsp\u00f3\u0142pracuj\u0105 ze sob\u0105, zapewniaj\u0105c niezwykle intuicyjn\u0105 i komfortow\u0105 obs\u0142ug\u0119<\/li>\n<li style='padding-top: 10px;'>6 w Wielkiej Brytanii z przedpremierowymi wersjami SM-A146 z ustawieniami domy\u015blnymi przy u\u017cyciu sieci LTE i 5G Sub6<\/li>\n<li style='padding-top: 10px;'> One UI Nadaj swojemu Galaxy wygl\u0105d, kt\u00f3ry b\u0119dzie pasowa\u0142 do Ciebie i spraw, by funkcjonowa\u0142 po Twojemu dzi\u0119ki One UI<\/li>\n<li style='padding-top: 10px;'> Dane i tre\u015bci u\u017cywane wcze\u015bniej zachowasz na nowym Galaxy<\/li>\n<li style='padding-top: 10px;'> Rozszerz k\u0105t widzenia z aparatem ultraszerokok\u0105tnym, dostosuj ostro\u015b\u0107 za pomoc\u0105 aparatu g\u0142\u0119bi lub fotografuj szczeg\u00f3\u0142y z bliska, dzi\u0119ki aparatowi makro<\/li>\n<li style='padding-top: 10px;'> Pojemno\u015b\u0107 znamionowa to 4900 mAh<\/li>\n<li style='padding-top: 10px;'> Rozszerz swoj\u0105 pami\u0119\u0107 dzi\u0119ki RAM Plus Tw\u00f3j Galaxy A14 wykorzysta dodatkow\u0105 pami\u0119\u0107, gdy b\u0119dziesz wykonywa\u0107 wiele zada\u0144 naraz<\/li>\n<li style='padding-top: 10px;'> Oszacowane na podstawie \u015bredniego profilu u\u017cytkowania opracowanego przez Strategy Analytics<\/li>\n<li style='padding-top: 10px;'>12<\/li>\n<li style='padding-top: 10px;'> **Rzeczywista \u017cywotno\u015b\u0107 baterii zale\u017cy od \u015brodowiska sieciowego, u\u017cywanych funkcji i aplikacji, cz\u0119stotliwo\u015bci po\u0142\u0105cze\u0144 i wiadomo\u015bci, liczby \u0142adowa\u0144 i wielu innych czynnik\u00f3w<\/li>\n<li style='padding-top: 10px;'>Wyra\u017any wy\u015bwietlacz Du\u017cy ekran 6<\/li>\n<li style='padding-top: 10px;'>6&#8243; zapewnia najlepsz\u0105 jako\u015b\u0107 obrazu** Super wydajno\u015b\u0107 8-rdzeniowy procesor zapewniaj\u0105cy wydajno\u015b\u0107 do pracy i rozrywki Pojemna bateria Wiele godzin dzia\u0142ania na jednym \u0142adowaniu dzi\u0119ki baterii 5000 mAh Wysoka jako\u015b\u0107 zdj\u0119\u0107 Potr\u00f3jny aparat: aparat g\u0142\u0119bi, aparat makro i g\u0142\u00f3wny aparat 50 MP *Dost\u0119pno\u015b\u0107 kolor\u00f3w mo\u017ce si\u0119 r\u00f3\u017cni\u0107 w zale\u017cno\u015bci od kraju, regionu i sprzedawcy<\/li>\n<li style='padding-top: 10px;'> *Dost\u0119pno\u015b\u0107 kolor\u00f3w mo\u017ce si\u0119 r\u00f3\u017cni\u0107 w zale\u017cno\u015bci od kraju, regionu lub sprzedawcy<\/li>\n<li style='padding-top: 10px;'> Z \u0142atwo\u015bci\u0105 znajdziesz potrzebne Ci informacje, wy\u015blesz e-maila czy skorzystasz z pomocy znanego Ci asystenta<\/li>\n<li style='padding-top: 10px;'>1<\/li>\n<li style='padding-top: 10px;'> To takie proste! P\u0142ynnie wsp\u00f3\u0142pracuj\u0105ce urz\u0105dzenia Zwi\u0119ksz swoj\u0105 produktywno\u015b\u0107 i kreatywno\u015b\u0107 na wszystkich urz\u0105dzeniach Samsung Galaxy<\/li>\n<li style='padding-top: 10px;'> 5000 mAh bateria pozwoli Ci robi\u0107 d\u0142u\u017cej to, co kochasz<\/li>\n<li style='padding-top: 10px;'> Niezale\u017cnie ocenione przez Strategy Analytics mi\u0119dzy 2022<\/li>\n<li style='padding-top: 10px;'> **Mierzony po przek\u0105tnej, rozmiar ekranu wynosi 6,6 cala w pe\u0142nym prostok\u0105cie i 6,4 cala z uwzgl\u0119dnieniem zaokr\u0105glonych rog\u00f3w<\/li>\n<li style='padding-top: 10px;'> Rzeczywisty widoczny obszar jest mniejszy ze wzgl\u0119du na zaokr\u0105glone rogi i wyci\u0119cie na kamer\u0119<\/li>\n<li style='padding-top: 10px;'> Zmieniaj\u0105c urz\u0105dzenie na Galaxy nie musisz \u017cegna\u0107 si\u0119 ze starymi rzeczami<\/li>\n<li style='padding-top: 10px;'> Dzi\u0119ki temu uzyskasz wy\u017csz\u0105 pr\u0119dko\u015b\u0107 dzia\u0142ania smartfonu, kt\u00f3ra na pewno sprawdzi si\u0119 w codziennej pracy czy rozrywce*<\/li>\n<li style='padding-top: 10px;'> * Dost\u0119pno\u015b\u0107 aplikacji Google mo\u017ce si\u0119 r\u00f3\u017cni\u0107 w zale\u017cno\u015bci od kraju lub j\u0119zyka<\/li>\n<li style='padding-top: 10px;'> Typowa warto\u015b\u0107 to szacunkowa warto\u015b\u0107 \u015brednia uwzgl\u0119dniaj\u0105ca odchylenie pojemno\u015bci baterii w\u015br\u00f3d pr\u00f3bek baterii testowanych zgodnie z norm\u0105 IEC 61960<\/li>\n<li style='padding-top: 10px;'> *Modele z 4 GB pami\u0119ci RAM obs\u0142uguj\u0105 do 4 GB pami\u0119ci wewn\u0119trznej, kt\u00f3rej mo\u017cna u\u017cy\u0107 jako pami\u0119ci wirtualnej w celu poprawy wydajno\u015bci aplikacji<\/li>\n<li style='padding-top: 10px;'> *Typowa warto\u015b\u0107 testowana w warunkach laboratoryjnych innej firmy<\/li>\n<li style='padding-top: 10px;'> Steruj g\u0142o\u015bno\u015bci\u0105 muzyki na ekranie smartwacha lub odbierz po\u0142\u0105czenie przychodz\u0105ce, dotykaj\u0105c s\u0142uchawek<\/li>\n<li style='padding-top: 10px;'> Telefon dost\u0119pny w kolorach: czarnym, limonkowym i srebrnym*<\/li>\n<li style='padding-top: 10px;'> Twoje \u017cycie w nowych kolorach Smuk\u0142y I nowoczesny wz\u00f3r wyr\u00f3\u017cnia telefon, a kszta\u0142t pozwala na wygodne trzymanie<\/li>\n<li style='padding-top: 10px;'> Smart Switch Dzi\u0119ki prostemu transferowi swoich danych zacznij od miejsca, w kt\u00f3rym sko\u0144czy\u0142e\u015b, na swoim nowym urz\u0105dzeniu Samsung Galaxy<\/li>\n<li style='padding-top: 10px;'> Bateria, kt\u00f3ra starczy na jeszcze d\u0142u\u017cej Tw\u00f3j Galaxy A14 b\u0119dzie wspiera\u0142 Ci\u0119 od rana wielogodzinnym dzia\u0142aniem zar\u00f3wno w pracy, jak i podczas relaksu &#8211; przy seansie filmowym czy ulubunioncyh grach<\/li>\n<li style='padding-top: 10px;'>19 a 2023<\/li>\n<li style='padding-top: 10px;'> Osobno niezwyk\u0142e<\/li>\n<li style='padding-top: 10px;'> B\u0105d\u017a kreatywny dzi\u0119ki wielu aparatom Uchwy\u0107 niezapomniane chwile zachowuj\u0105c przy tym wszystkie detale, dzi\u0119ki g\u0142\u00f3wnemu aparatowi 50 MP<\/li>\n<\/ul>\n<p style='padding: 10px; font-weight: bold; background-color: aliceblue;'>Dost\u0119pno\u015b\u0107:<\/p>\n","protected":false},"featured_media":81595,"comment_status":"closed","ping_status":"open","template":"","meta":[],"product_brand":[],"product_cat":[109],"product_tag":[],"class_list":{"0":"post-81436","1":"product","2":"type-product","3":"status-publish","6":"product_cat-samsung","7":"pa_model-gs-t-sam-1934","8":"pa_producent-samsung","9":"pa_sklep-komputronik-pl","11":"first","12":"instock","13":"product-type-external"},"_links":{"self":[{"href":"https:\/\/taniabonament.pl\/telefony\/wp-json\/wp\/v2\/product\/81436","targetHints":{"allow":["GET"]}}],"collection":[{"href":"https:\/\/taniabonament.pl\/telefony\/wp-json\/wp\/v2\/product"}],"about":[{"href":"https:\/\/taniabonament.pl\/telefony\/wp-json\/wp\/v2\/types\/product"}],"replies":[{"embeddable":true,"href":"https:\/\/taniabonament.pl\/telefony\/wp-json\/wp\/v2\/comments?post=81436"}],"wp:featuredmedia":[{"embeddable":true,"href":"https:\/\/taniabonament.pl\/telefony\/wp-json\/wp\/v2\/media\/81595"}],"wp:attachment":[{"href":"https:\/\/taniabonament.pl\/telefony\/wp-json\/wp\/v2\/media?parent=81436"}],"wp:term":[{"taxonomy":"product_brand","embeddable":true,"href":"https:\/\/taniabonament.pl\/telefony\/wp-json\/wp\/v2\/product_brand?post=81436"},{"taxonomy":"product_cat","embeddable":true,"href":"https:\/\/taniabonament.pl\/telefony\/wp-json\/wp\/v2\/product_cat?post=81436"},{"taxonomy":"product_tag","embeddable":true,"href":"https:\/\/taniabonament.pl\/telefony\/wp-json\/wp\/v2\/product_tag?post=81436"}],"curies":[{"name":"wp","href":"https:\/\/api.w.org\/{rel}","templated":true}]}}