{"id":80911,"date":"2023-03-22T18:51:10","date_gmt":"2023-03-22T18:51:10","guid":{"rendered":"https:\/\/taniabonament.pl\/telefony\/produkt\/smartfon-samsung-galaxy-s22-5g-128gb-dual-sim-rozowy-s901\/"},"modified":"2023-03-22T18:51:10","modified_gmt":"2023-03-22T18:51:10","slug":"smartfon-samsung-galaxy-s22-5g-128gb-dual-sim-rozowy-s901","status":"publish","type":"product","link":"https:\/\/taniabonament.pl\/telefony\/produkt\/smartfon-samsung-galaxy-s22-5g-128gb-dual-sim-rozowy-s901\/","title":{"rendered":"Smartfon Samsung Galaxy S22 5G 128GB Dual SIM r\u00f3\u017cowy (S901)"},"content":{"rendered":"<h3><strong>Gdzie kupi\u0107 ten telefon marki Samsung?<\/strong><\/h3>\n<p>Ten smartfon &#8211; model GS-T-SAM-1725, kt\u00f3ry jest ch\u0119tnie wybierany, kupisz w cenie 4299.0 PLN w sklepie <a href=\"https:\/\/converti.se\/click\/34590059-c70e8160-5f3ad4bf\/?sid=samsung&#038;tag6=product&#038;tag8=0a4fec3b0d5bfd36df631ecc871d80d5&#038;tag9=Smartfon+Samsung+Galaxy+S22+5G+128GB+Dual+SIM+r%C3%B3%C5%BCowy+%28S901%29\" rel=\"noopener\">Komputronik.pl<\/a> (sprawd\u017a na stronie naszego partnera czy na ten model obowi\u0105zuj\u0119 promocja, bo ta cena mo\u017ce by\u0107 jeszcze ni\u017csza!)<\/p>\n<h3><strong>Czy warto kupi\u0107 Smartfon Samsung Galaxy S22 5G 128GB Dual SIM r\u00f3\u017cowy (S901)?<\/strong><\/h3>\n<p>Tak, to sprawdzony smartfon. Telefony od Samsunga cechuj\u0105 si\u0119 dobr\u0105 wydajno\u015bci\u0105 oraz dopracowaniem, korzystaj\u0105 z najnowszych wersji systemu operacyjnego Android. To stabilne i wydajne urz\u0105dzenia z kt\u00f3rych korzystamy na co dzie\u0144. <strong>Bardzo du\u017co os\u00f3b jest wierna marce Samsung<\/strong> i ponownie <strong>decyduje si\u0119 na nowego smartfona tego producenta<\/strong>. Telefony te ciesz\u0105 si\u0119 bardzo dobr\u0105 opini\u0105.<\/p>\n<p style=\"text-align: center; margin: 25px 10px;\"><a style=\"background-color: red; padding: 10px 20px; border-radius: 7px; color: #fff;\" href=\"https:\/\/converti.se\/click\/34590059-c70e8160-5f3ad4bf\/?deep_link=https%3A%2F%2Fwww.komputronik.pl%2Fproduct%2F745957%2Fsamsung-galaxy-s22-5g-128gb-dual-sim-rozowy-s901-.html&#038;sid=samsung&#038;tag6=product&#038;tag8=0a4fec3b0d5bfd36df631ecc871d80d5&#038;tag9=Smartfon+Samsung+Galaxy+S22+5G+128GB+Dual+SIM+r%C3%B3%C5%BCowy+%28S901%29\" rel=\"nofollow\"><strong>Zamawiam \/ sprawdzam dane<\/strong><\/a><\/p>\n<p>\u2605\u2605\u2605\u2605\u2605<\/p>\n<p>Poszukujesz <a href=\"https:\/\/taniabonament.pl\/telefony\/\">dobrego taniego smartfona<\/a>? Sprawd\u017a w\u015br\u00f3d pozosta\u0142ych producent\u00f3w telefon\u00f3w, kt\u00f3rych produkty przedstawiamy na naszym portalu (m.in. Apple, Xiaomi, MyPhone) . Telefon to urz\u0105dzenie kt\u00f3re u\u017cywamy codziennie. Ze smartfonem w dzisiejszych czasach praktycznie si\u0119 nie rozstajemy, dlatego warto zainwestowa\u0107 par\u0119 z\u0142otych w dobry sprz\u0119t. Wierzymy, \u017ce znajdziesz na naszym portalu <strong>odpowiedni model telefonu dla siebie<\/strong>!<\/p>\n","protected":false},"excerpt":{"rendered":"<h4>Smartfon <span style='color: #0286E7;'>godny zaufania<\/span> &#8211; <strong>Samsung<\/strong>!<\/h4>\n<p style='padding: 17px 0px;'><span style='color: #fff; background-color: yellowgreen; padding: 2px 7px;border-left: 13px solid #000000;'> dobra cena <\/span><span style='color: #fff; background-color: red; padding: 2px 7px;border-left: 13px solid gainsboro; margin-left: 10px;'> polecany <\/span><\/p>\n<p style='padding-top: 10px;'>Smartfon Samsung Galaxy S22, cechy i zalety: <\/p>\n<ul style='padding-left: 45px; padding-bottom: 10px;'>\n<li style='padding-top: 10px;'> DESIGN Niezwyk\u0142o\u015b\u0107 wpisana w standard Nowoczesna p\u0142aska konstrukcja z ograniczonymi do minimum ramkami po\u0142\u0105czona z najwy\u017csz\u0105 jako\u015bci\u0105 wykonania i zachwycaj\u0105cymi kolorami<\/li>\n<li style='padding-top: 10px;'> Cokolwiek zechcesz zrobi\u0107 na smartfonie, ultranowoczesny procesor, ulepszone ch\u0142odzenie oraz szybkie \u0142adowanie uczyni\u0105 u\u017cytkowanie urz\u0105dzenia niezwykle komfortowym i niezawodnym<\/li>\n<li style='padding-top: 10px;'><strong> Cokolwiek zechcesz zrobi\u0107 na smartfonie, ultranowoczesny procesor, ulepszone ch\u0142odzenie oraz szybkie \u0142adowanie uczyni\u0105 u\u017cytkowanie urz\u0105dzenia niezwykle komfortowym i niezawodnym<\/strong><\/li>\n<li style='padding-top: 10px;'> *30X Space Zoom obejmuje 3x zoom optyczny i do 30x zoom cyfrowy z technologi\u0105 AI Super Resolution<\/li>\n<li style='padding-top: 10px;'>Smartfon Samsung Galaxy S22.  *30X Space Zoom obejmuje 3x zoom optyczny i do 30x zoom cyfrowy z technologi\u0105 AI Super Resolution<\/li>\n<li style='padding-top: 10px;'> Przykuwaj\u0105ce uwag\u0119 Potraktuj swoich znajomych jak gwiazdy<\/li>\n<li style='padding-top: 10px;'> Dzi\u0119ki temu urz\u0105dzenie jest bardziej odporne na zarysowania i upadki<\/li>\n<li style='padding-top: 10px;'> Mo\u017cesz bez obaw u\u017cywa\u0107 go podczas deszczu<\/li>\n<li style='padding-top: 10px;'> GORILLA GLASS VICTUS+ Odporne szk\u0142o Zar\u00f3wno ekran, jak i ty\u0142 smartfona pokryty jest niezwykle twardym szk\u0142em<\/li>\n<li style='padding-top: 10px;'> Wykonany w technologii 4 nm i wspierany 8 GB RAM, odpowiada za szybk\u0105 i energooszc<\/li>\n<li style='padding-top: 10px;'>Poznaj Galaxy S22 Profesjonalny aparat stworzony do nocnych zdj\u0119\u0107 i wideo Aparat g\u0142\u00f3wny o rozdzielczo\u015bci 50 MP pozwala nawet noc\u0105 rejestrowa\u0107 odpowiednio do\u015bwietlone, wyra\u017ane i pe\u0142ne kolor\u00f3w zdj\u0119cia i filmy<\/li>\n<li style='padding-top: 10px;'> ARMOR ALUMINIUM Wytrzyma\u0142a obudowa Wzmocniona aluminiowa konstrukcja chroni smartfona w ka\u017cdej sytuacji, zapewniaj\u0105c mu wi\u0119ksz\u0105 trwa\u0142o\u015b\u0107<\/li>\n<li style='padding-top: 10px;'> Wy\u015bwietlacz mo\u017ce osi\u0105gn\u0105\u0107 szczytow\u0105 jasno\u015b\u0107 do 1300 nit\u00f3w, poprawiaj\u0105c kontrast mi\u0119dzy ciemnymi i jasnymi aspektami tre\u015bci cyfrowych, zapewniaj\u0105c lepsz\u0105 jako\u015b\u0107 obrazu, ze wsp\u00f3\u0142czynnikiem kontrastu 3 000 000:1, aby mobilne wra\u017cenia by\u0142y jeszcze bardziej wci\u0105gaj\u0105ce<\/li>\n<li style='padding-top: 10px;'> Nie zaleca si\u0119 u\u017cywania na pla\u017cy ani na basenie<\/li>\n<li style='padding-top: 10px;'> WYDAJNO\u015a\u0106 Niesamowita szybko\u015b\u0107 i moc P\u0142ynno\u015b\u0107 dzia\u0142ania Galaxy S22 zachwyci Ci\u0119<\/li>\n<li style='padding-top: 10px;'> * Na podstawie warunk\u00f3w testowych: zanurzenie do 1,5 metra w s\u0142odkiej wodzie przez maks<\/li>\n<li style='padding-top: 10px;'> Niezwykle naturalne, wyra\u017ane, potrafi\u0105ce uchwyci\u0107 ka\u017cd\u0105 min\u0119, uniesion\u0105 brew czy przelotny u\u015bmiech<\/li>\n<li style='padding-top: 10px;'> 30X SPACE ZOOM Poprawa jako\u015bci zoomu W Galaxy S22 masz do dyspozycji 3-krotny zoom optyczny wspomagany optyczn\u0105 stabilizacj\u0105 obrazu (OIS)<\/li>\n<li style='padding-top: 10px;'> Ekosystem Galaxy Po\u0142\u0105cz ze sob\u0105 wsp\u00f3\u0142pracuj\u0105ce urz\u0105dzenia Galaxy, by cieszy\u0107 si\u0119 ich komfortow\u0105 obs\u0142ug\u0105 i u\u017cytkowaniem<\/li>\n<li style='padding-top: 10px;'> Zbli\u017cenie przekraczaj\u0105ce 3x mo\u017ce spowodowa\u0107 pewne pogorszenie obrazu<\/li>\n<li style='padding-top: 10px;'> APARAT Doskona\u0142a jako\u015b\u0107 zdj\u0119\u0107 i film\u00f3w Niech ca\u0142y \u015bwiat dowie si\u0119, ile fantastycznych rzeczy dzieje si\u0119 w Twoim \u017cyciu! R\u00f3b zdj\u0119cia i kr\u0119\u0107 filmy oraz dziel si\u0119 nimi ze znajomymi<\/li>\n<li style='padding-top: 10px;'> 50 MP Aparat szerokok\u0105tny z optyczn\u0105 stabilizacj\u0105 obrazu (OIS) 12 MP Aparat ultraszerokok\u0105tny 10 MP Aparat z teleobiektywem 3x z optyczn\u0105 stabilizacj\u0105 obrazu (OIS) 10 MP Aparat przedni Odkryj noce pe\u0142ne \u015bwiat\u0142a dzi\u0119ki Nightografii Z Galaxy S22 noce s\u0105 niezwykle kolorowe<\/li>\n<li style='padding-top: 10px;'> To wszystko sprawia, \u017ce Galaxy S22 zachwyca wygl\u0105dem za ka\u017cdym razem, gdy na niego spojrzysz<\/li>\n<li style='padding-top: 10px;'> Bardziej naturalne Zobacz, jak subtelne mog\u0105 by\u0107 robione przez Ciebie portrety<\/li>\n<li style='padding-top: 10px;'> Dodatkowo aparat wspiera sztuczna inteligencja, dobieraj\u0105c optymalne ustawienia<\/li>\n<li style='padding-top: 10px;'> Za p\u0142ynno\u015b\u0107 wy\u015bwietlanych grafik odpowiada od\u015bwie\u017canie ekranu z wysok\u0105 cz\u0119stotliwo\u015bci\u0105 do 120 Hz<\/li>\n<li style='padding-top: 10px;'> Zachwyc\u0105 si\u0119 ich rewelacyjn\u0105 jako\u015bci\u0105, bogactwem kolor\u00f3w i szczeg\u00f3\u0142\u00f3w uchwyconych zar\u00f3wno w dzie\u0144, jak i w nocy<\/li>\n<li style='padding-top: 10px;'> Nowa definicja mocy Bateria o pojemno\u015bci 3700 mAh i szybkie \u0142adowanie 25 W, by d\u0142u\u017cej korzysta\u0107 ze smartfona*<\/li>\n<li style='padding-top: 10px;'> Jest wyj\u0105tkowo jasny i u\u0142atwi Ci u\u017cytkowanie smartfona na zewn\u0105trz, w s\u0142oneczny dzie\u0144<\/li>\n<li style='padding-top: 10px;'> PROCESOR Najszybszy procesor Galaxy Galaxy S22 otrzyma\u0142 najszybszy w historii Galaxy procesor<\/li>\n<li style='padding-top: 10px;'> Super HDR Zdj\u0119cia portretowe Wideo portretowe Wi\u0119cej detali i kolor\u00f3w Pozwala dostrzec wi\u0119cej barw i detali, wraz z ulepszon\u0105 stabilizacj\u0105 obrazu ka\u017cde uj\u0119cie staje si\u0119 wyra\u017aniejsze i wygl\u0105da wyj\u0105tkowo realistycznie<\/li>\n<li style='padding-top: 10px;'> 30 minut<\/li>\n<li style='padding-top: 10px;'> Dodatkowo Galaxy S22 u\u017cywa nieskompresowanych danych, zawieraj\u0105cych wi\u0119cej szczeg\u00f3\u0142\u00f3w o kolorach, ostro\u015bci i kontra\u015bcie, co wp\u0142ywa na popraw\u0119 jako\u015bci zdj\u0119\u0107<\/li>\n<li style='padding-top: 10px;'> *\u0141adowarka jest sprzedawana oddzielnie<\/li>\n<li style='padding-top: 10px;'> Technologia Vision Booster Doskona\u0142a widoczno\u015b\u0107 na zewn\u0105trz Galaxy S22 otrzyma\u0142 wy\u015bwietlaczy wykonany w technologii Dynamic AMOLED 2X<\/li>\n<li style='padding-top: 10px;'> * Wy\u015bwietlacz Dynamic AMOLED 2X na Galaxy S22 otrzyma\u0142 certyfikat VDE Germany potwierdzaj\u0105cy 100-procentowe odwzorowanie kolor\u00f3w w zakresie kolor\u00f3w DCI-P3, co oznacza, \u017ce obrazy nie s\u0105 rozmyte i prezentuj\u0105 niewiarygodnie \u017cywe barwy, niezale\u017cnie od r\u00f3\u017cnych poziom\u00f3w jasno\u015bci<\/li>\n<li style='padding-top: 10px;'> IP68 Wodoodporno\u015b\u0107 Galaxy S22 spe\u0142nia norm\u0119 IP68*<\/li>\n<li style='padding-top: 10px;'> Najszybszy procesor Galaxy Superszybkie dzia\u0142anie i brak op\u00f3\u017anie\u0144 nawet w zaawansowanych grach 3D dzi\u0119ki procesorowi wykonanemu w technologii 4 nm<\/li>\n<li style='padding-top: 10px;'> Poka\u017c na wideo ich wyj\u0105tkowo\u015b\u0107, naturalnie rozmywaj\u0105c t\u0142o<\/li>\n<li style='padding-top: 10px;'> W szczytowej jasno\u015bci potrafi osi\u0105gn\u0105\u0107 do 1300 nit\u00f3w*, by wszystkie prezentowane tre\u015bci by\u0142y czytelne<\/li>\n<li style='padding-top: 10px;'> Oznacza to, \u017ce jest odporny na wod\u0119 i kurz<\/li>\n<li style='padding-top: 10px;'> Stylowy i wytrzyma\u0142y Po\u0142\u0105czenie nowoczesnego wzornictwa, stylowych kolor\u00f3w i wysokiej wytrzyma\u0142o\u015bci<\/li>\n<li style='padding-top: 10px;'> Nawet, je\u015bli fotografowany obiekt jest daleko, mo\u017cesz wykona\u0107 zbli\u017cenie i pokaza\u0107 go wyra\u017anie<\/li>\n<li style='padding-top: 10px;'> Wyposa\u017cyli\u015bmy aparat w du\u017ce piksele (2 \u00b5m), kt\u00f3re lepiej wy\u0142apuj\u0105 \u015bwiat\u0142o, by tak\u017ce po zmierzchu rejestrowa\u0142 zdj\u0119cia i filmy pe\u0142ne barw, z mn\u00f3stwem szczeg\u00f3\u0142\u00f3w i \u015bwietnym kontrastem<\/li>\n<\/ul>\n<p style='padding: 10px; font-weight: bold; background-color: aliceblue;'>Dost\u0119pno\u015b\u0107:<\/p>\n","protected":false},"featured_media":81377,"comment_status":"closed","ping_status":"open","template":"","meta":[],"product_brand":[],"product_cat":[109],"product_tag":[],"class_list":{"0":"post-80911","1":"product","2":"type-product","3":"status-publish","6":"product_cat-samsung","7":"pa_model-gs-t-sam-1725","8":"pa_producent-samsung","9":"pa_sklep-komputronik-pl","11":"first","12":"instock","13":"product-type-external"},"_links":{"self":[{"href":"https:\/\/taniabonament.pl\/telefony\/wp-json\/wp\/v2\/product\/80911","targetHints":{"allow":["GET"]}}],"collection":[{"href":"https:\/\/taniabonament.pl\/telefony\/wp-json\/wp\/v2\/product"}],"about":[{"href":"https:\/\/taniabonament.pl\/telefony\/wp-json\/wp\/v2\/types\/product"}],"replies":[{"embeddable":true,"href":"https:\/\/taniabonament.pl\/telefony\/wp-json\/wp\/v2\/comments?post=80911"}],"wp:featuredmedia":[{"embeddable":true,"href":"https:\/\/taniabonament.pl\/telefony\/wp-json\/wp\/v2\/media\/81377"}],"wp:attachment":[{"href":"https:\/\/taniabonament.pl\/telefony\/wp-json\/wp\/v2\/media?parent=80911"}],"wp:term":[{"taxonomy":"product_brand","embeddable":true,"href":"https:\/\/taniabonament.pl\/telefony\/wp-json\/wp\/v2\/product_brand?post=80911"},{"taxonomy":"product_cat","embeddable":true,"href":"https:\/\/taniabonament.pl\/telefony\/wp-json\/wp\/v2\/product_cat?post=80911"},{"taxonomy":"product_tag","embeddable":true,"href":"https:\/\/taniabonament.pl\/telefony\/wp-json\/wp\/v2\/product_tag?post=80911"}],"curies":[{"name":"wp","href":"https:\/\/api.w.org\/{rel}","templated":true}]}}