{"id":80908,"date":"2023-01-02T06:26:08","date_gmt":"2023-01-02T06:26:08","guid":{"rendered":"https:\/\/taniabonament.pl\/telefony\/produkt\/smartfon-samsung-galaxy-z-flip-4-5g-512gb-szary-f721\/"},"modified":"2023-01-02T06:26:08","modified_gmt":"2023-01-02T06:26:08","slug":"smartfon-samsung-galaxy-z-flip-4-5g-512gb-szary-f721","status":"publish","type":"product","link":"https:\/\/taniabonament.pl\/telefony\/produkt\/smartfon-samsung-galaxy-z-flip-4-5g-512gb-szary-f721\/","title":{"rendered":"Smartfon Samsung Galaxy Z Flip 4 5G 512GB szary (F721)"},"content":{"rendered":"<h3><strong>Gdzie kupi\u0107 ten telefon marki Samsung?<\/strong><\/h3>\n<p>Ten konkretny smartfon &#8211; czyli model GS-T-SAM-1834, kt\u00f3ry jest ch\u0119tnie wybierany, kupisz w cenie 5499.0 PLN w sklepie <a href=\"https:\/\/converti.se\/click\/34590059-c70e8160-5f3ad4bf\/?sid=samsung&#038;tag6=product&#038;tag8=2b821c856c2dfc88a30c3342b5740aa4&#038;tag9=Smartfon+Samsung+Galaxy+Z+Flip+4+5G+512GB+szary+%28F721%29\" rel=\"noopener\">Komputronik.pl<\/a> (sprawd\u017a na stronie naszego partnera czy na ten model obowi\u0105zuj\u0119 promocja, bo ta cena mo\u017ce by\u0107 jeszcze ni\u017csza!)<\/p>\n<h3><strong>Czy warto kupi\u0107 Smartfon Samsung Galaxy Z Flip 4 5G 512GB szary (F721)?<\/strong><\/h3>\n<p>Tak, to sprawdzony smartfon. Telefony od Samsunga cechuj\u0105 si\u0119 dobr\u0105 wydajno\u015bci\u0105 oraz dopracowaniem, korzystaj\u0105 z najnowszych wersji systemu operacyjnego Android. To stabilne i wydajne urz\u0105dzenia z kt\u00f3rych korzystamy na co dzie\u0144. Bardzo du\u017co os\u00f3b jest wierna marce Samsung i ponownie decyduje si\u0119 na nowego smartfona tego producenta. Telefony te ciesz\u0105 si\u0119 bardzo dobr\u0105 opini\u0105.<\/p>\n<p style=\"text-align: center; margin: 25px 10px;\"><a style=\"background-color: red; padding: 10px 20px; border-radius: 7px; color: #fff;\" href=\"https:\/\/converti.se\/click\/34590059-c70e8160-5f3ad4bf\/?deep_link=https%3A%2F%2Fwww.komputronik.pl%2Fproduct%2F777039%2Fsamsung-galaxy-z-flip-4-5g-512gb-szary-f721-.html&#038;sid=samsung&#038;tag6=product&#038;tag8=2b821c856c2dfc88a30c3342b5740aa4&#038;tag9=Smartfon+Samsung+Galaxy+Z+Flip+4+5G+512GB+szary+%28F721%29\" rel=\"nofollow\"><strong>Zamawiam \/ sprawdzam<\/strong><\/a><\/p>\n<p>\u2605\u2605\u2605\u2605\u2605<\/p>\n<p>Poszukujesz innego <a href=\"https:\/\/taniabonament.pl\/telefony\/\">dobrego taniego smartfona<\/a>? Sprawd\u017a w\u015br\u00f3d pozosta\u0142ych producent\u00f3w telefon\u00f3w, kt\u00f3rych produkty przedstawiamy na naszym portalu (m.in. Apple, Xiaomi, MyPhone) . Telefon to urz\u0105dzenie kt\u00f3re u\u017cywamy codziennie. Ze smartfonem w dzisiejszych czasach praktycznie si\u0119 nie rozstajemy, dlatego warto zainwestowa\u0107 par\u0119 z\u0142otych w dobry sprz\u0119t. Wierzymy, \u017ce znajdziesz na naszym portalu <strong>odpowiedni model telefonu dla siebie<\/strong>!<\/p>\n","protected":false},"excerpt":{"rendered":"<h4>Smartfon <span style='color: #0286E7;'>godny zaufania<\/span> &#8211; <strong>Samsung<\/strong>!<\/h4>\n<p style='padding-top: 10px;'>Smartfon Samsung Galaxy Z, cechy i zalety: <\/p>\n<ul style='padding-left: 45px; padding-bottom: 10px;'>\n<li style='padding-top: 10px;'>  Pracuj, graj i korzystaj z aplikacji bez zwalniania tempa<\/li>\n<li style='padding-top: 10px;'>8, kt\u00f3ra wychwytuje wi\u0119cej \u015bwiat\u0142a, sprawiaj\u0105c, \u017ce zdj\u0119cia robione noc\u0105 s\u0105 wyra\u017ane, bogate w szczeg\u00f3\u0142y i z ograniczon\u0105 ilo\u015bci\u0105 szum\u00f3w<\/li>\n<li style='padding-top: 10px;'> Dodatkowo mo\u017cesz spersonalizowa\u0107 jego wygl\u0105d, zmieniaj\u0105c wygl\u0105d zegara tak, jak lubisz, ustawiaj\u0105c wid\u017cety czy odtwarzaj\u0105c na nim zdj\u0119cia, filmy i gify<\/li>\n<li style='padding-top: 10px;'><strong> Dodatkowo mo\u017cesz spersonalizowa\u0107 jego wygl\u0105d, zmieniaj\u0105c wygl\u0105d zegara tak, jak lubisz, ustawiaj\u0105c wid\u017cety czy odtwarzaj\u0105c na nim zdj\u0119cia, filmy i gify<\/strong><\/li>\n<li style='padding-top: 10px;'> Rzeczywista powierzchnia wy\u015bwietlania jest mniejsza o zaokr\u0105glone rogi i wyci\u0119cie na aparat<\/li>\n<li style='padding-top: 10px;'> Klasa IPX8 jest przyznawana na podstawie test\u00f3w przeprowadzonych przy zanurzeniu w wodzie s\u0142odkiej na g\u0142\u0119boko\u015b\u0107 do 1,5 metra w czasie nieprzekraczaj\u0105cym 30 minut<\/li>\n<li style='padding-top: 10px;'> IPX8 Wodoodporno\u015b\u0107 Sk\u0142adany smartfon, kt\u00f3ry jest wodoodporny<\/li>\n<li style='padding-top: 10px;'> Sta\u0144 si\u0119 re\u017cyserem i operatorem w jednej osobie dzi\u0119ki FlexCam<\/li>\n<li style='padding-top: 10px;'> Szybsze dzia\u0142anie O\u015bmiordzeniowy, superwydajny procesor Snapdragon 8+ Gen 1 najnowszej generacji zapewnia p\u0142ynno\u015b\u0107 pracy bez wzgl\u0119du na to, co robisz<\/li>\n<li style='padding-top: 10px;'> Wytrzyma\u0142o\u015b\u0107 ekranu Galaxy Z Flip4 zosta\u0142a dodatkowo wzmocniona**<\/li>\n<li style='padding-top: 10px;'> * Mierzony po przek\u0105tnej ekran ma 6,7\u201d jako pe\u0142en prostok\u0105t<\/li>\n<li style='padding-top: 10px;'> W razie zaj\u015bcia potrzeby, konsument, podczas trwania gwarancji, mo\u017ce nieodp\u0142atnie wymieni\u0107 foli\u0119 ochronn\u0105 ekranu w autoryzowanym serwisie<\/li>\n<li style='padding-top: 10px;'> Ju\u017c nie musisz i\u015b\u0107 do kina, by ogl\u0105da\u0107 najnowsze produkcje w kinowej jako\u015bci<\/li>\n<li style='padding-top: 10px;'> Optyczna stabilizacja obrazu P\u0142ynne wideo W dzie\u0144 i w nocy w Twoim smartfonie dzia\u0142a optyczna stabilizacja obrazu (OIS)<\/li>\n<li style='padding-top: 10px;'> P\u0142ynne dzia\u0142anie Rozrywka, od kt\u00f3rej si\u0119 nie oderwiesz Do\u015bwiadcz niezwykle wci\u0105gaj\u0105cych wra\u017ce\u0144 i ciesz si\u0119 tym, co lubisz najbardziej<\/li>\n<li style='padding-top: 10px;'> * Mierzony po przek\u0105tnej ekran ma 1,9\u201d jako pe\u0142en prostok\u0105t<\/li>\n<li style='padding-top: 10px;'>Samsung Galaxy Z Flip 4 w 3 MINUTY | Ekspresowy Test Ekspresowy test telefonu Samsung Galaxy Z Flip 4<\/li>\n<li style='padding-top: 10px;'> Du\u017cy ekran zewn\u0119trzny Informacje w zasi\u0119gu r\u0119ki Ekran zewn\u0119trzny ma przek\u0105tn\u0105 1,9 cala*, co umo\u017cliwia komfortowe sprawdzenie powiadomie\u0144, odebranie po\u0142\u0105czenia, sterowanie muzyk\u0105 czy w\u0142\u0105czenie latarki bez konieczno\u015bci otwierania telefonu &#8211; bo czasami nie masz takiej mo\u017cliwo\u015bci<\/li>\n<li style='padding-top: 10px;'> Od\u015bwie\u017canie 120 Hz Cz\u0119stotliwo\u015b\u0107 od\u015bwie\u017cania jest automatycznie dostosowana do wy\u015bwietlanych tre\u015bci*, poprawiaj\u0105c i<\/li>\n<li style='padding-top: 10px;'> Ustaw smartfon pod odpowiadaj\u0105cym Ci k\u0105tem* i zapozuj do zdj\u0119cia, kt\u00f3re poka\u017ce Ci\u0119 z najlepszej strony (cho\u0107 dla nas z ka\u017cdej strony wygl\u0105dasz najlepiej)<\/li>\n<li style='padding-top: 10px;'> Ekran g\u0142\u00f3wny o przek\u0105tnej 6,7 cala* zosta\u0142 wykonany w technologii Dynamic AMOLED 2X<\/li>\n<li style='padding-top: 10px;'> SELFIE W TRYBIE FLEX Postaw telefon i zr\u00f3b wspania\u0142e selfie Tryb Flex zast\u0119puje statyw<\/li>\n<li style='padding-top: 10px;'> Zaleca si\u0119, by podczas korzystania z trybu Flex telefon pozosta\u0142 nieruchomy<\/li>\n<li style='padding-top: 10px;'> Kompaktowy i nowoczesny, czym r\u00f3\u017cni si\u0119 od swojego poprzednika? Sprawd\u017a w najnowszym filmie, jakie ulepszenia wprowadzi\u0142 Samsung! Otw\u00f3rz si\u0119 na nowo\u015b\u0107 Pi\u0119kno i unikalno\u015b\u0107 Wygodne sprawdzanie powiadomie\u0144 Rozmawiaj i r\u00f3b zdj\u0119cia w wygodnym trybie Odwa\u017cny i wygodny Inny ni\u017c wszystkie<\/li>\n<li style='padding-top: 10px;'> Szybkie \u0142adowanie 25 W pozwoli Ci na\u0142adowa\u0107 j\u0105 do 50% ju\u017c w 30 min, by\u015b zawsze pozosta\u0142 w kontakcie ze \u015bwiatem<\/li>\n<li style='padding-top: 10px;'> Rzeczywista powierzchnia wy\u015bwietlania jest mniejsza o zaokr\u0105glone rogi i wyci\u0119cie na aparat<\/li>\n<li style='padding-top: 10px;'> * Stopie\u0144 ochrony IPX8<\/li>\n<li style='padding-top: 10px;'> Nie potrzebujesz trzyma\u0107 urz\u0105dzenia w d\u0142oni ani u\u017cywa\u0107 statywu<\/li>\n<li style='padding-top: 10px;'> Zr\u00f3b szybkie zdj\u0119cie bez otwierania smartfonu, skorzystaj w tradycyjny spos\u00f3b z tylnych aparat\u00f3w lub ustaw telefon w trybie Flex, wybieraj\u0105c odpowiedni k\u0105t i fotografuj lub kr\u0119\u0107 filmiki<\/li>\n<li style='padding-top: 10px;'> Zgodny z norm\u0105 IPX8* co oznacza, \u017ce mo\u017cesz go bez obaw u\u017cywa\u0107 w trakcie deszczu lub podczas treningu<\/li>\n<li style='padding-top: 10px;'> Niezalecane u\u017cywanie na pla\u017cy lub basenie<\/li>\n<li style='padding-top: 10px;'> ** Nie nale\u017cy usuwa\u0107 folii ochronnej z ekranu g\u0142\u00f3wnego<\/li>\n<li style='padding-top: 10px;'> SZK\u0141O CORNING\u00ae GORILLA\u00ae GLASS VICTUS\u00ae+ Zabezpieczony ekran i ty\u0142 urz\u0105dzenia Ty\u0142 telefonu pokrywa najnowsze szk\u0142o Corning\u00ae Gorilla\u00ae Glass Victus\u00ae\u2122 o zwi\u0119kszonej odporno\u015bci na zarysowania<\/li>\n<li style='padding-top: 10px;'> Robisz zdj\u0119cie znajomym? Zobacz\u0105 podgl\u0105d zdj\u0119cia na zewn\u0119trznym ekranie, wi\u0119c efekty sesji b\u0119d\u0105 jeszcze ciekawsze<\/li>\n<li style='padding-top: 10px;'> Jeszcze d\u0142u\u017csze dzia\u0142anie Bateria nowego Galaxy Z Flip 4 jest jeszcze bardziej wytrzyma\u0142a w stosunku do poprzedniego modelu &#8211; ciesz si\u0119 d\u0142ugimi godzinami dzia\u0142ania<\/li>\n<li style='padding-top: 10px;'> Nightography Wyra\u017aniejsze nocne zdj\u0119cia Aparat g\u0142\u00f3wny wyposa\u017cono w jasn\u0105 przys\u0142on\u0119 F1<\/li>\n<li style='padding-top: 10px;'> * Tryb Flex jest obs\u0142ugiwany przy ustawieniu pod k\u0105tem pomi\u0119dzy 75\u00b0 a 115\u00b0<\/li>\n<li style='padding-top: 10px;'> Trwa\u0142o\u015b\u0107 ekranu g\u0142\u00f3wnego oszacowano na 200 000 z\u0142o\u017ce\u0144, co potwierdza certyfikat Bureau Veritas<\/li>\n<li style='padding-top: 10px;'> Nieodporny na kurz<\/li>\n<li style='padding-top: 10px;'> Utrzymanie dzia\u0142ania trybu Flex w ruchu mo\u017ce by\u0107 utrudnione z uwagi na wstrz\u0105sy b\u0105d\u017a drgania<\/li>\n<li style='padding-top: 10px;'> Aparat inny ni\u017c wszystkie Zdj\u0119cia i filmy, Zestaw aparat\u00f3w w Galaxy Z Flip4 daje Ci wi\u0119cej mo\u017cliwo\u015bci<\/li>\n<li style='padding-top: 10px;'> Grafitowy R\u00f3\u017cowe z\u0142oto Niebieski Fioletowy Poznaj opinie ekspert\u00f3w \u201eGenialny aparat, kt\u00f3ry radzi sobie w ka\u017cdych warunkach\u201d Marcin Po\u0142owianiuk, Spider&#8217;s Web \u201eGenialny aparat, kt\u00f3ry radzi sobie w ka\u017cdych warunkach\u201d Marcin Po\u0142owianiuk, Spider&#8217;s Web \u201eGenialny aparat, kt\u00f3ry radzi sobie w ka\u017cdych warunkach\u201d Marcin Po\u0142owianiuk, Spider&#8217;s Web Najwy\u017csza jako\u015b\u0107 wykonania Niezawodno\u015b\u0107 w ka\u017cdej sytuacji Wzmocniona aluminiowa obudowa Jeszcze wi\u0119ksza trwa\u0142o\u015b\u0107 Ramka i os\u0142ona wykonana z aluminium zapewnia jeszcze lepsz\u0105 ochron\u0119 przed wstrz\u0105sami czy upadkami<\/li>\n<\/ul>\n<p style='padding: 10px; font-weight: bold; background-color: aliceblue;'>Dost\u0119pno\u015b\u0107:<\/p>\n","protected":false},"featured_media":80985,"comment_status":"closed","ping_status":"open","template":"","meta":[],"product_brand":[],"product_cat":[109],"product_tag":[],"class_list":{"0":"post-80908","1":"product","2":"type-product","3":"status-publish","6":"product_cat-samsung","7":"pa_model-gs-t-sam-1834","8":"pa_producent-samsung","9":"pa_sklep-komputronik-pl","11":"first","12":"instock","13":"product-type-external"},"_links":{"self":[{"href":"https:\/\/taniabonament.pl\/telefony\/wp-json\/wp\/v2\/product\/80908","targetHints":{"allow":["GET"]}}],"collection":[{"href":"https:\/\/taniabonament.pl\/telefony\/wp-json\/wp\/v2\/product"}],"about":[{"href":"https:\/\/taniabonament.pl\/telefony\/wp-json\/wp\/v2\/types\/product"}],"replies":[{"embeddable":true,"href":"https:\/\/taniabonament.pl\/telefony\/wp-json\/wp\/v2\/comments?post=80908"}],"wp:featuredmedia":[{"embeddable":true,"href":"https:\/\/taniabonament.pl\/telefony\/wp-json\/wp\/v2\/media\/80985"}],"wp:attachment":[{"href":"https:\/\/taniabonament.pl\/telefony\/wp-json\/wp\/v2\/media?parent=80908"}],"wp:term":[{"taxonomy":"product_brand","embeddable":true,"href":"https:\/\/taniabonament.pl\/telefony\/wp-json\/wp\/v2\/product_brand?post=80908"},{"taxonomy":"product_cat","embeddable":true,"href":"https:\/\/taniabonament.pl\/telefony\/wp-json\/wp\/v2\/product_cat?post=80908"},{"taxonomy":"product_tag","embeddable":true,"href":"https:\/\/taniabonament.pl\/telefony\/wp-json\/wp\/v2\/product_tag?post=80908"}],"curies":[{"name":"wp","href":"https:\/\/api.w.org\/{rel}","templated":true}]}}