{"id":80328,"date":"2023-01-02T06:26:12","date_gmt":"2023-01-02T06:26:12","guid":{"rendered":"https:\/\/taniabonament.pl\/telefony\/produkt\/smartfon-samsung-galaxy-s22-5g-128gb-dual-sim-zielony-s906\/"},"modified":"2023-01-02T06:26:12","modified_gmt":"2023-01-02T06:26:12","slug":"smartfon-samsung-galaxy-s22-5g-128gb-dual-sim-zielony-s906","status":"publish","type":"product","link":"https:\/\/taniabonament.pl\/telefony\/produkt\/smartfon-samsung-galaxy-s22-5g-128gb-dual-sim-zielony-s906\/","title":{"rendered":"Smartfon Samsung Galaxy S22+ 5G 128GB Dual SIM zielony (S906)"},"content":{"rendered":"<h3><strong>Gdzie kupi\u0107 ten telefon marki Samsung?<\/strong><\/h3>\n<p>Ten konkretny smartfon &#8211; czyli model GS-T-SAM-1732, kt\u00f3ry jest ch\u0119tnie wybierany, kupisz w cenie 4599.0 PLN w sklepie <a href=\"https:\/\/converti.se\/click\/34590059-c70e8160-5f3ad4bf\/?sid=samsung&#038;tag6=product&#038;tag8=b7ba5cd647b9421c58ce78146dbae55b&#038;tag9=Smartfon+Samsung+Galaxy+S22%2B+5G+128GB+Dual+SIM+zielony+%28S906%29\" rel=\"noopener\">Komputronik.pl<\/a> (sprawd\u017a na stronie naszego partnera czy na ten model obowi\u0105zuj\u0119 promocja, bo ta cena mo\u017ce by\u0107 jeszcze ni\u017csza!)<\/p>\n<h3><strong>Czy warto kupi\u0107 Smartfon Samsung Galaxy S22+ 5G 128GB Dual SIM zielony (S906)?<\/strong><\/h3>\n<p>Tak, to sprawdzony smartfon. Telefony od Samsunga cechuj\u0105 si\u0119 dobr\u0105 wydajno\u015bci\u0105 oraz dopracowaniem, korzystaj\u0105 z najnowszych wersji systemu operacyjnego Android. To stabilne i wydajne urz\u0105dzenia z kt\u00f3rych korzystamy na co dzie\u0144. Bardzo du\u017co os\u00f3b jest wierna marce Samsung i ponownie decyduje si\u0119 na nowego smartfona tego producenta. Telefony te ciesz\u0105 si\u0119 bardzo dobr\u0105 opini\u0105.<\/p>\n<p style=\"text-align: center; margin: 25px 10px;\"><a style=\"background-color: red; padding: 10px 20px; border-radius: 7px; color: #fff;\" href=\"https:\/\/converti.se\/click\/34590059-c70e8160-5f3ad4bf\/?deep_link=https%3A%2F%2Fwww.komputronik.pl%2Fproduct%2F745965%2Fsamsung-galaxy-s22-5g-128gb-dual-sim-zielony-s906-.html&#038;sid=samsung&#038;tag6=product&#038;tag8=b7ba5cd647b9421c58ce78146dbae55b&#038;tag9=Smartfon+Samsung+Galaxy+S22%2B+5G+128GB+Dual+SIM+zielony+%28S906%29\" rel=\"nofollow\"><strong>Zamawiam \/ sprawdzam<\/strong><\/a><\/p>\n<p>\u2605\u2605\u2605\u2605\u2605<\/p>\n<p>Poszukujesz innego <a href=\"https:\/\/taniabonament.pl\/telefony\/\">dobrego taniego smartfona<\/a>? Sprawd\u017a w\u015br\u00f3d pozosta\u0142ych producent\u00f3w telefon\u00f3w, kt\u00f3rych produkty przedstawiamy na naszym portalu (m.in. Apple, Xiaomi, MyPhone) . Telefon to urz\u0105dzenie kt\u00f3re u\u017cywamy codziennie. Ze smartfonem w dzisiejszych czasach praktycznie si\u0119 nie rozstajemy, dlatego warto zainwestowa\u0107 par\u0119 z\u0142otych w dobry sprz\u0119t. Wierzymy, \u017ce znajdziesz na naszym portalu <strong>odpowiedni model telefonu dla siebie<\/strong>!<\/p>\n","protected":false},"excerpt":{"rendered":"<h4>Smartfon <span style='color: #0286E7;'>godny zaufania<\/span> &#8211; <strong>Samsung<\/strong>!<\/h4>\n<p style='padding-top: 10px;'>Smartfon Samsung Galaxy S22+, cechy i zalety: <\/p>\n<ul style='padding-left: 45px; padding-bottom: 10px;'>\n<li style='padding-top: 10px;'>  Dzi\u0119ki niezwykle jasnemu wy\u015bwietlaczowi Dynamic AMOLED 2X, osi\u0105gaj\u0105cemu w szczytowej jasno\u015bci do 1750 nit\u00f3w, wszystkie tre\u015bci pozostan\u0105 czytelne*<\/li>\n<li style='padding-top: 10px;'> Super HDR Zdj\u0119cia portretowe Wideo portretowe Wi\u0119cej detali i kolor\u00f3w Wi\u0119cej odcieni w ciemnych i jasnych scenach oraz poprawiona stabilizacja obrazu dla niezwykle realistycznych i wyra\u017anych kadr\u00f3w i uj\u0119\u0107<\/li>\n<li style='padding-top: 10px;'> Bardziej naturalne Portretowane przez Ciebie osoby wyjd\u0105 niezwykle subtelnie i zarejestrowana zostanie ka\u017cda mina, podniesiona brew czy przelotny u\u015bmiech<\/li>\n<li style='padding-top: 10px;'>Smartfon Samsung Galaxy S22+.  Bardziej naturalne Portretowane przez Ciebie osoby wyjd\u0105 niezwykle subtelnie i zarejestrowana zostanie ka\u017cda mina, podniesiona brew czy przelotny u\u015bmiech<\/li>\n<li style='padding-top: 10px;'> Otrzyma\u0142 ulepszony procesor, poprawione ch\u0142odzenie oraz ultraszybkie \u0142adowanie, by zapewni\u0107 Ci niezr\u00f3wnany komfort podczas codziennego u\u017cytkowania<\/li>\n<li style='padding-top: 10px;'> Nie zaleca si\u0119 u\u017cywania na pla\u017cy ani na basenie<\/li>\n<li style='padding-top: 10px;'> Dodatkowo sztuczna inteligencja wykorzystuje nieskompresowane dane, w kt\u00f3rych jest wi\u0119cej informacji o kolorach, kontra\u015bcie czy obrazie, co skutkuje popraw\u0105 jako\u015bci zdj\u0119\u0107<\/li>\n<li style='padding-top: 10px;'> *30X Space Zoom obejmuje 3x zoom optyczny i do 30x zoom cyfrowy z technologi\u0105 AI Super Resolution<\/li>\n<li style='padding-top: 10px;'> Niezale\u017cnie od tego, czy wybierzesz zdj\u0119cia czy film, aparat Galaxy S22+ uchwyci zdarzenie ze szczeg\u00f3\u0142ami i w pi\u0119knych kolorach, zar\u00f3wno w dzie\u0144, jak i w nocy<\/li>\n<li style='padding-top: 10px;'> * Wy\u015bwietlacz Dynamic AMOLED 2X na Galaxy S22+ otrzyma\u0142 certyfikat VDE Germany potwierdzaj\u0105cy 100-procentowe odwzorowanie kolor\u00f3w w zakresie kolor\u00f3w DCI-P3, co oznacza, \u017ce obrazy nie s\u0105 rozmyte i prezentuj\u0105 niewiarygodnie \u017cywe barwy, niezale\u017cnie od r\u00f3\u017cnych poziom\u00f3w jasno\u015bci<\/li>\n<li style='padding-top: 10px;'> To zas\u0142uga zastosowania pikseli o wielko\u015bci 2 \u00b5m, kt\u00f3re potrafi\u0105 wy\u0142apywa\u0107 wi\u0119cej \u015bwiat\u0142a oraz sztucznej inteligencji, automatycznie dobieraj\u0105cej najlepsze ustawienia<\/li>\n<li style='padding-top: 10px;'> Smartfon to po\u0142\u0105czenie nowoczesnego wzornictwa, modnych kolor\u00f3w i najwy\u017cszej wytrzyma\u0142o\u015bci w\u015br\u00f3d smartfon\u00f3w Galaxy<\/li>\n<li style='padding-top: 10px;'> IP68 Wodoodporno\u015b\u0107 Odporny na wod\u0119 i kurz<\/li>\n<li style='padding-top: 10px;'> Dynamic AMOLED 2X Ekran o niezwykle wysokiej jasno\u015bci daj\u0105cy doskona\u0142\u0105 widoczno\u015b\u0107 na zewn\u0105trz<\/li>\n<li style='padding-top: 10px;'> 30 minut<\/li>\n<li style='padding-top: 10px;'>Poznaj Galaxy S22+ Profesjonalny aparat stworzony do nocnych zdj\u0119\u0107 i wideo Aparat g\u0142\u00f3wny o rozdzielczo\u015bci 50 MP pozwala nawet noc\u0105 rejestrowa\u0107 odpowiednio do\u015bwietlone, wyra\u017ane i pe\u0142ne kolor\u00f3w zdj\u0119cia i filmy<\/li>\n<li style='padding-top: 10px;'> Technologia Vision Booster Doskona\u0142a widoczno\u015b\u0107 na zewn\u0105trz Teraz masz pewno\u015b\u0107, \u017ce nawet korzystanie ze smartfona na zewn\u0105trz w s\u0142oneczny dzie\u0144 b\u0119dzie komfortowe<\/li>\n<li style='padding-top: 10px;'> * Na podstawie warunk\u00f3w testowych: zanurzenie do 1,5 metra w s\u0142odkiej wodzie przez maks<\/li>\n<li style='padding-top: 10px;'> * \u0141adowarki, w tym \u0142adowarka 45 W, s\u0105 sprzedawane oddzielnie<\/li>\n<li style='padding-top: 10px;'> Zbli\u017cenie przekraczaj\u0105ce 3x mo\u017ce spowodowa\u0107 pewne pogorszenie obrazu<\/li>\n<li style='padding-top: 10px;'> Nowa definicja mocy Bateria o du\u017cej pojemno\u015bci (4500 mAh) i ultraszybkie \u0142adowanie 45 W, by d\u0142u\u017cej korzysta\u0107 ze smartfona*<\/li>\n<li style='padding-top: 10px;'> GORILLA GLASS VICTUS+ Odporne szk\u0142o Prz\u00f3d i ty\u0142 smartfona pokrywa niezwykle twarde i odporne na zarysowania i upadki szk\u0142o, by zapewnia\u0107 jeszcze lepsz\u0105 ochron\u0119<\/li>\n<li style='padding-top: 10px;'> Wy\u015bwietlacz mo\u017ce osi\u0105gn\u0105\u0107 szczytow\u0105 jasno\u015b\u0107 do 1750 nit\u00f3w, poprawiaj\u0105c kontrast mi\u0119dzy ciemnymi i jasnymi aspektami tre\u015bci cyfrowych, zapewniaj\u0105c lepsz\u0105 jako\u015b\u0107 obrazu, ze wsp\u00f3\u0142czynnikiem kontrastu 3 000 000:1, aby mobilne wra\u017cenia by\u0142y jeszcze bardziej wci\u0105gaj\u0105ce<\/li>\n<li style='padding-top: 10px;'> 50 MP Aparat szerokok\u0105tny z optyczn\u0105 stabilizacj\u0105 obrazu (OIS) 12 MP Aparat ultraszerokok\u0105tny 10 MP Aparat z teleobiektywem 3x z optyczn\u0105 stabilizacj\u0105 obrazu (OIS) 10 MP Aparat przedni Odkryj noce pe\u0142ne \u015bwiat\u0142a dzi\u0119ki Nightografii Zobacz, jak zachwycaj\u0105ce s\u0105 zdj\u0119cia i filmy robione noc\u0105! Optymalnie do\u015bwietlone, kontrastowe, ukazuj\u0105ce ca\u0142e spektrum kolor\u00f3w i pe\u0142ne detali<\/li>\n<li style='padding-top: 10px;'> Dla poprawy p\u0142ynno\u015bci wy\u015bwietlanych grafik w urz\u0105dzeniu zastosowano wysok\u0105 cz\u0119stotliwo\u015b\u0107 od\u015bwie\u017cania do 120 Hz<\/li>\n<li style='padding-top: 10px;'> Galaxy S22+ otrzyma\u0142 ochron\u0119 na poziomie IP68*, pozwalaj\u0105c\u0105 na u\u017cytkowanie go nawet, gdy pada deszcz<\/li>\n<li style='padding-top: 10px;'> Najszybszy procesor Galaxy Wykonany w technologii 4 nm procesor zapewnia najwy\u017csz\u0105 wydajno\u015b\u0107 bez op\u00f3\u017anie\u0144 nawet w zaawansowanych grach 3D<\/li>\n<li style='padding-top: 10px;'> 30X SPACE ZOOM Poprawa jako\u015bci zoomu Galaxy S22+ posiada 3-krotny optyczny zoom z optyczn\u0105 stabilizacj\u0105 obrazu<\/li>\n<li style='padding-top: 10px;'> ARMOR ALUMINIUM Wytrzyma\u0142a obudowa Konstrukcja zosta\u0142a wykonana z aluminium, zapewniaj\u0105c urz\u0105dzeniu wysok\u0105 trwa\u0142o\u015b\u0107 i chroni\u0105c go w ka\u017cdej sytuacji<\/li>\n<li style='padding-top: 10px;'> PROCESOR Najszybszy procesor G<\/li>\n<li style='padding-top: 10px;'> Mo\u017cesz przybli\u017cy\u0107 na uj\u0119ciu fotografowany obiekt i zarejestrowa\u0107 go bez utraty jako\u015bci<\/li>\n<li style='padding-top: 10px;'> W przypadku funkcji superszybkiego \u0142adowania zalecamy u\u017cycie oryginalnej \u0142adowarki Samsung 45 W i kabla do transmisji danych<\/li>\n<li style='padding-top: 10px;'> Ekosystem Galaxy Po\u0142\u0105cz ze sob\u0105 wsp\u00f3\u0142pracuj\u0105ce urz\u0105dzenia Galaxy, by cieszy\u0107 si\u0119 ich komfortow\u0105 obs\u0142ug\u0105 i u\u017cytkowaniem<\/li>\n<li style='padding-top: 10px;'> WYDAJNO\u015a\u0106 Niesamowita szybko\u015b\u0107 i moc W ka\u017cdej sytuacji mo\u017cesz liczy\u0107 na b\u0142yskawiczne i niezawodne dzia\u0142anie swojego smartfona<\/li>\n<li style='padding-top: 10px;'> DESIGN Niezwyk\u0142o\u015b\u0107 wpisana w standard Wyj\u0105tkowo p\u0142aska konstrukcja oraz w\u0105skie ramki nadaj\u0105 Galaxy S22+ wyrafinowanego wygl\u0105du<\/li>\n<li style='padding-top: 10px;'> Przykuwaj\u0105ce uwag\u0119 Nadaj scenom filmowego rozmachu, ukazuj\u0105c znajomych jak wielkie gwiazdy, na kt\u00f3rych skupia si\u0119 ca\u0142a uwaga, a t\u0142o zostaje delikatnie rozmyte<\/li>\n<li style='padding-top: 10px;'> Dlatego zarejestruj j\u0105 w wysokiej jako\u015bci obrazu i udost\u0119pnij swoim znajomym<\/li>\n<li style='padding-top: 10px;'> APARAT Doskona\u0142a jako\u015b\u0107 zdj\u0119\u0107 i film\u00f3w Ka\u017cda chwila ma znaczenie<\/li>\n<\/ul>\n<p style='padding: 10px; font-weight: bold; background-color: aliceblue;'>Dost\u0119pno\u015b\u0107:<\/p>\n","protected":false},"featured_media":80989,"comment_status":"closed","ping_status":"open","template":"","meta":[],"product_brand":[],"product_cat":[109],"product_tag":[],"class_list":{"0":"post-80328","1":"product","2":"type-product","3":"status-publish","6":"product_cat-samsung","7":"pa_model-gs-t-sam-1732","8":"pa_producent-samsung","9":"pa_sklep-komputronik-pl","11":"first","12":"instock","13":"product-type-external"},"_links":{"self":[{"href":"https:\/\/taniabonament.pl\/telefony\/wp-json\/wp\/v2\/product\/80328","targetHints":{"allow":["GET"]}}],"collection":[{"href":"https:\/\/taniabonament.pl\/telefony\/wp-json\/wp\/v2\/product"}],"about":[{"href":"https:\/\/taniabonament.pl\/telefony\/wp-json\/wp\/v2\/types\/product"}],"replies":[{"embeddable":true,"href":"https:\/\/taniabonament.pl\/telefony\/wp-json\/wp\/v2\/comments?post=80328"}],"wp:featuredmedia":[{"embeddable":true,"href":"https:\/\/taniabonament.pl\/telefony\/wp-json\/wp\/v2\/media\/80989"}],"wp:attachment":[{"href":"https:\/\/taniabonament.pl\/telefony\/wp-json\/wp\/v2\/media?parent=80328"}],"wp:term":[{"taxonomy":"product_brand","embeddable":true,"href":"https:\/\/taniabonament.pl\/telefony\/wp-json\/wp\/v2\/product_brand?post=80328"},{"taxonomy":"product_cat","embeddable":true,"href":"https:\/\/taniabonament.pl\/telefony\/wp-json\/wp\/v2\/product_cat?post=80328"},{"taxonomy":"product_tag","embeddable":true,"href":"https:\/\/taniabonament.pl\/telefony\/wp-json\/wp\/v2\/product_tag?post=80328"}],"curies":[{"name":"wp","href":"https:\/\/api.w.org\/{rel}","templated":true}]}}