{"id":80092,"date":"2023-03-22T18:51:18","date_gmt":"2023-03-22T18:51:18","guid":{"rendered":"https:\/\/taniabonament.pl\/telefony\/produkt\/smartfon-samsung-galaxy-s21-fe-5g-128gb-dual-sim-lawendowy-g990\/"},"modified":"2023-03-22T18:51:18","modified_gmt":"2023-03-22T18:51:18","slug":"smartfon-samsung-galaxy-s21-fe-5g-128gb-dual-sim-lawendowy-g990","status":"publish","type":"product","link":"https:\/\/taniabonament.pl\/telefony\/produkt\/smartfon-samsung-galaxy-s21-fe-5g-128gb-dual-sim-lawendowy-g990\/","title":{"rendered":"Smartfon Samsung Galaxy S21 FE 5G 128GB Dual SIM lawendowy (G990)"},"content":{"rendered":"<h3><strong>Gdzie kupi\u0107 ten telefon marki Samsung?<\/strong><\/h3>\n<p>Ten smartfon &#8211; model GS-T-SAM-1845, kt\u00f3ry jest ch\u0119tnie wybierany, kupisz w cenie 3499.0 PLN w sklepie <a href=\"https:\/\/converti.se\/click\/34590059-c70e8160-5f3ad4bf\/?sid=samsung&#038;tag6=product&#038;tag8=8b874b3c5d9e27f2866d648dbac522e7&#038;tag9=Smartfon+Samsung+Galaxy+S21+FE+5G+128GB+Dual+SIM+lawendowy+%28G990%29\" rel=\"noopener\">Komputronik.pl<\/a> (sprawd\u017a na stronie naszego partnera czy na ten model obowi\u0105zuj\u0119 promocja, bo ta cena mo\u017ce by\u0107 jeszcze ni\u017csza!)<\/p>\n<h3><strong>Czy warto kupi\u0107 Smartfon Samsung Galaxy S21 FE 5G 128GB Dual SIM lawendowy (G990)?<\/strong><\/h3>\n<p>Tak, to sprawdzony smartfon. Telefony od Samsunga cechuj\u0105 si\u0119 dobr\u0105 wydajno\u015bci\u0105 oraz dopracowaniem, korzystaj\u0105 z najnowszych wersji systemu operacyjnego Android. To stabilne i wydajne urz\u0105dzenia z kt\u00f3rych korzystamy na co dzie\u0144. <strong>Bardzo du\u017co os\u00f3b jest wierna marce Samsung<\/strong> i ponownie <strong>decyduje si\u0119 na nowego smartfona tego producenta<\/strong>. Telefony te ciesz\u0105 si\u0119 bardzo dobr\u0105 opini\u0105.<\/p>\n<p style=\"text-align: center; margin: 25px 10px;\"><a style=\"background-color: red; padding: 10px 20px; border-radius: 7px; color: #fff;\" href=\"https:\/\/converti.se\/click\/34590059-c70e8160-5f3ad4bf\/?deep_link=https%3A%2F%2Fwww.komputronik.pl%2Fproduct%2F778260%2Fsamsung-galaxy-s21-fe-5g-128gb-dual-sim-lawendowy-g990-.html&#038;sid=samsung&#038;tag6=product&#038;tag8=8b874b3c5d9e27f2866d648dbac522e7&#038;tag9=Smartfon+Samsung+Galaxy+S21+FE+5G+128GB+Dual+SIM+lawendowy+%28G990%29\" rel=\"nofollow\"><strong>Zamawiam \/ sprawdzam dane<\/strong><\/a><\/p>\n<p>\u2605\u2605\u2605\u2605\u2605<\/p>\n<p>Poszukujesz <a href=\"https:\/\/taniabonament.pl\/telefony\/\">dobrego taniego smartfona<\/a>? Sprawd\u017a w\u015br\u00f3d pozosta\u0142ych producent\u00f3w telefon\u00f3w, kt\u00f3rych produkty przedstawiamy na naszym portalu (m.in. Apple, Xiaomi, MyPhone) . Telefon to urz\u0105dzenie kt\u00f3re u\u017cywamy codziennie. Ze smartfonem w dzisiejszych czasach praktycznie si\u0119 nie rozstajemy, dlatego warto zainwestowa\u0107 par\u0119 z\u0142otych w dobry sprz\u0119t. Wierzymy, \u017ce znajdziesz na naszym portalu <strong>odpowiedni model telefonu dla siebie<\/strong>!<\/p>\n","protected":false},"excerpt":{"rendered":"<h4>Smartfon <span style='color: #0286E7;'>godny zaufania<\/span> &#8211; <strong>Samsung<\/strong>!<\/h4>\n<p style='padding: 17px 0px;'><span style='color: #fff; background-color: yellowgreen; padding: 2px 7px;border-left: 13px solid #000000;'> polecany <\/span><span style='margin-left: 10px; color: #fff; background-color: red; padding: 2px 7px;border-left: 13px solid #000000;'> dobra cena <\/span><\/p>\n<p style='padding-top: 10px;'>Smartfon Samsung Galaxy S21, cechy i zalety: <\/p>\n<ul style='padding-left: 45px; padding-bottom: 10px;'>\n<li style='padding-top: 10px;'>  Ramki ekranu zosta\u0142y znacznie zw\u0119\u017cone, aby zapewni\u0107 szerszy widok<\/li>\n<li style='padding-top: 10px;'> Pot\u0119\u017cna moc Dla fan\u00f3w szybkiego dzia\u0142ania &#8211; najszybszy procesor w historii Samsung Galaxy, Snapdragon 888<\/li>\n<li style='padding-top: 10px;'> ROZMIAR Ca\u0142y \u015bwiat na 6<\/li>\n<li style='padding-top: 10px;'><strong> ROZMIAR Ca\u0142y \u015bwiat na 6<\/strong><\/li>\n<li style='padding-top: 10px;'> Bez problemu zrobisz zdj\u0119cia studyjnej jako\u015bci w prosty spos\u00f3b<\/li>\n<li style='padding-top: 10px;'>Smartfon Samsung Galaxy S21.  Bez problemu zrobisz zdj\u0119cia studyjnej jako\u015bci w prosty spos\u00f3b<\/li>\n<li style='padding-top: 10px;'> Oceniona (minimalna) warto\u015b\u0107 wynosi 4370 mAh<\/li>\n<li style='padding-top: 10px;'> Wszystko, czego potrzebujesz *Wy<\/li>\n<li style='padding-top: 10px;'> Teraz do\u0142adujesz j\u0105 w mgnieniu oka dzi\u0119ki super szybkiemu \u0142adowaniu<\/li>\n<li style='padding-top: 10px;'> Zoom Lock redukuje dr\u017cenie podczas dalszego powi\u0119kszania<\/li>\n<li style='padding-top: 10px;'> 12MP Aparat Ultraszerokok\u0105tny 12MP Aparat Szerokok\u0105tny z optyczn\u0105 stabilizacj\u0105 obrazu (OIS) 8MP Aparat z Teleobiektywem z optyczn\u0105 stabilizacj\u0105 obrazu (OIS) 32MP Aparat Selfie TRYB PORTRETOWY SELFIE TRYB NOCNY Wygl\u0105da tak dobrze, jak portret studyjny Tryb portretowy skupia si\u0119 na fotografowanym obiekcie \u2014 po prostu dodaj efekt, zr\u00f3b fotk\u0119 i prze\u015blij je bezpo\u015brednio do medi\u00f3w spo\u0142eczno\u015bciowych<\/li>\n<li style='padding-top: 10px;'> Eleganckie i subtelne<\/li>\n<li style='padding-top: 10px;'> Warto\u015b\u0107 typowa to szacowana warto\u015b\u0107 \u015brednia uwzgl\u0119dniaj\u0105ca zr\u00f3\u017cnicowanie pojemno\u015bci w\u015br\u00f3d pr\u00f3bek baterii testowanych w ramach standardu IEC 61960<\/li>\n<li style='padding-top: 10px;'> Idealny do pokonania ostatniego bossa<\/li>\n<li style='padding-top: 10px;'> Stw\u00f3rz pe\u0142ne szczeg\u00f3\u0142\u00f3w selfie za pomoc\u0105 przedniego aparatu o wysokiej rozdzielczo\u015bci 32 MP i poka\u017c si\u0119 z najlepszej strony<\/li>\n<li style='padding-top: 10px;'> Dadaj mocy swojej pasji Najszybszy procesor w historii Samsung Galaxy On pracuje ty grasz jak lubisz<\/li>\n<li style='padding-top: 10px;'> Przekszta\u0142\u0107 selfie w dzie\u0142o sztuki Bez filtra te\u017c si\u0119 da<\/li>\n<li style='padding-top: 10px;'> Rzeczywista \u017cywotno\u015b\u0107 baterii mo\u017ce si\u0119 r\u00f3\u017cni\u0107 w zale\u017cno\u015bci od \u015brodowiska sieciowego, wzorc\u00f3w u\u017cytkowania i innych czynnik\u00f3w<\/li>\n<li style='padding-top: 10px;'> Wy\u015bwietlacz Dynamic AMOLED 2X w Galaxy S21 FE 5G zapewnia \u017cywe kolory i jasno\u015b\u0107, kt\u00f3ra sprawi, \u017ce obraz b\u0119dzie widoczny nawet w pe\u0142nym s\u0142o\u0144cu<\/li>\n<li style='padding-top: 10px;'> Jest wiele powod\u00f3w, aby si\u0119 u\u015bmiecha\u0107 \u015awietne zdj\u0119cia w ka\u017cdej sytuacji Profesjonalny aparat Galaxy S21 FE 5G zapewnia niewiarygodnie realistyczne zdj\u0119cia i filmy z najwy\u017cszym poziomem szczeg\u00f3\u0142owo\u015bci<\/li>\n<li style='padding-top: 10px;'> \u0141\u0105czno\u015b\u0107 5G Dla fan\u00f3w bezproblemowego pobierania i udost\u0119pniania &#8211; obs\u0142uga sieci 5G<\/li>\n<li style='padding-top: 10px;'> PODW\u00d3JNE NAGRYWANIE Filmuj siebie i re\u017cyseruj jednocze\u015bnie! Vloguj jak profesjonalista<\/li>\n<li style='padding-top: 10px;'> Z pewno\u015bci\u0105 znajdziesz taki, kt\u00f3ry pasuje do Twojego stylu<\/li>\n<li style='padding-top: 10px;'> *Obs\u0142uga trybu gier zale\u017cy od aplikacji<\/li>\n<li style='padding-top: 10px;'> CORNING\u00ae GORILLA\u00ae GLASS VICTUS\u2122 Wytrzyma\u0142y ekran \u201eUps\u201d mo\u017ce znikn\u0105\u0107 z twojego s\u0142ownika dzi\u0119ki Gorilla\u00ae Glass Victus\u2122, najtwardszemu szkle w smartfonie Samsung Galaxy<\/li>\n<li style='padding-top: 10px;'> Ta wersja Gorilla Glass jest najbardziej odporna ze wszystkich, kt\u00f3rych kiedykolwiek u\u017cyto w smartfonach Samsung<\/li>\n<li style='padding-top: 10px;'>* *Warto\u015b\u0107 typowa testowana przez inn\u0105 firm\u0119 w warunkach laboratoryjnych<\/li>\n<li style='padding-top: 10px;'> Corning\u00ae Gorilla\u00ae Glass Victus\u2122 wykorzystano tylko w ekranie wierzchnim<\/li>\n<li style='padding-top: 10px;'> D\u0142ugo dzia\u0142aj\u0105ca bateria Bateria o pojemno\u015bci 4500 mAh wsp\u00f3\u0142pracuje z energooszcz\u0119dnym wy\u015bwietlaczem i procesorem, aby przetrwa\u0107 ca\u0142y dzie\u0144 nawet w sieci 5G \u2014 mo\u017cesz wi\u0119c ogl\u0105da\u0107 wi\u0119cej odcink\u00f3w ulubionych film\u00f3w<\/li>\n<li style='padding-top: 10px;'> Wieloklatkowe przetwarzanie AI wydobywa wi\u0119cej kolor\u00f3w i szczeg\u00f3\u0142\u00f3w, dzi\u0119ki czemu Twoje zdj\u0119cia maj\u0105 wi\u0119cej Ciebie i mniej zniekszta\u0142ce\u0144<\/li>\n<li style='padding-top: 10px;'> Aparat ze stabilizacj\u0105 obrazu Dla fan\u00f3w zdj\u0119\u0107 w jako\u015bci studyjnej &#8211; trzy aparaty z ty\u0142u i aparat do selfie 32MP<\/li>\n<li style='padding-top: 10px;'> **Dost\u0119pno\u015b\u0107 kolor\u00f3w mo\u017ce si\u0119 r\u00f3\u017cni\u0107 zale\u017cnie od kraju i dostawcy<\/li>\n<li style='padding-top: 10px;'>4 calach Rozmowy z przyjaci\u00f3\u0142mi, odkrywanie nowych pasji, transmisje na \u017cywo, ogl\u0105danie maraton\u00f3w ulubionych seriali \u2013 ekran Galaxy S21 FE 5G ze wszystkim radzi sobie \u015bwietnie<\/li>\n<li style='padding-top: 10px;'> *Obraz symulowany<\/li>\n<li style='padding-top: 10px;'> Optymalizuje cz\u0119stotliwo\u015b\u0107 od\u015bwie\u017cania, aby wyg\u0142adzi\u0107 obraz i szybko reaguje na dotyk w trybie gry*<\/li>\n<li style='padding-top: 10px;'> Jasne i \u017cywe uj\u0119cia w nocy Spraw, by s\u0142abe o\u015bwietlenie by\u0142o g\u0142\u00f3wn\u0105 atrakcj\u0105 Twojego profilu \u2014 dzi\u0119ki przedniej kamerze o rozdzielczo\u015bci 32 MP, kt\u00f3ra uchwyci Twoje najlepsze selfie, nawet w nocy<\/li>\n<li style='padding-top: 10px;'> SUPER P\u0141YNNY WY\u015aWIETLACZ 120 Hz P\u0142ynno\u015b\u0107 ponad wszystko Nasz najbardziej p\u0142ynny ekran z Super Smooth 120 Hz pozwoli na super p\u0142ynne przegl\u0105danie internetu czy ogl\u0105danie film\u00f3w<\/li>\n<li style='padding-top: 10px;'> Stworzony, by przykuwa\u0107 uwag\u0119 *Dost\u0119pno\u015b\u0107 koloru mo\u017ce si\u0119 r\u00f3\u017cni\u0107 zale\u017cnie od kraju i dostawcy<\/li>\n<li style='padding-top: 10px;'> Aparat<\/li>\n<li style='padding-top: 10px;'> W po\u0142\u0105czeniu z energooszcz\u0119dn\u0105 technologi\u0105, procesor Snapdragon 888 jest tak szybki, pot\u0119\u017cny i inteligentny, \u017ce \u017cadna gra nie jest dla niego wyzwaniem<\/li>\n<li style='padding-top: 10px;'>Wy\u015bwietlacz Dla fan\u00f3w p\u0142ynnego przegl\u0105dania i grania &#8211; wy\u015bwietlacz Dynamic AMOLED 2X z od\u015bwie\u017caniem 120 Hz<\/li>\n<li style='padding-top: 10px;'>* *30x Space Zoom obejmuje 3x zoom optyczny i do 30x zoom o superrozdzielczo\u015bci<\/li>\n<li style='padding-top: 10px;'>* *W por\u00f3wnaniu z wcze\u015bniejszym modelem, czyli Galaxy S20 FE<\/li>\n<li style='padding-top: 10px;'> Tobie pozostaje podziwianie jego mo\u017cliwo\u015bci<\/li>\n<li style='padding-top: 10px;'> Zbli\u017cenie przekraczaj\u0105ce 3x mo\u017ce spowodowa\u0107 pewne pogorszenie obrazu<\/li>\n<li style='padding-top: 10px;'> WCI\u0104GAJ\u0104CY WY\u015aWIETLACZ Kinowy ekran w jednej r\u0119ce Ekran tak realistyczny, \u017ce zapomnisz, co jest prawdziwe<\/li>\n<li style='padding-top: 10px;'> Odcienie, kt\u00f3re pokochasz Oliwkowy, lawendowy, grafitowy i bia\u0142y<\/li>\n<li style='padding-top: 10px;'> Oto kolory, kt\u00f3re podkre\u015bl\u0105 wyj\u0105tkowy charakter Galaxy S21 FE 5G, a przy okazji idealnie dope\u0142ni\u0105 Tw\u00f3j outfit<\/li>\n<li style='padding-top: 10px;'> Prze\u0142\u0105czaj si\u0119 mi\u0119dzy kamerami podczas filmowania, uchwy\u0107 akcj\u0119 i reakcj\u0119 OMG w jednym uj\u0119ciu! 30X SPACE ZOOM Tak daleko, a tak blisko Dzi\u0119ki 30-krotnemu zoomowi ze stabilizacj\u0105 obrazu w Galaxy S21 FE 5G mo\u017cesz uchwyci\u0107 to jedno idealne uj\u0119cie z samego ty\u0142u trybun<\/li>\n<\/ul>\n<p style='padding: 10px; font-weight: bold; background-color: aliceblue;'>Dost\u0119pno\u015b\u0107:<\/p>\n","protected":false},"featured_media":81390,"comment_status":"closed","ping_status":"open","template":"","meta":[],"product_brand":[],"product_cat":[109],"product_tag":[],"class_list":{"0":"post-80092","1":"product","2":"type-product","3":"status-publish","6":"product_cat-samsung","7":"pa_model-gs-t-sam-1845","8":"pa_producent-samsung","9":"pa_sklep-komputronik-pl","11":"first","12":"instock","13":"product-type-external"},"_links":{"self":[{"href":"https:\/\/taniabonament.pl\/telefony\/wp-json\/wp\/v2\/product\/80092","targetHints":{"allow":["GET"]}}],"collection":[{"href":"https:\/\/taniabonament.pl\/telefony\/wp-json\/wp\/v2\/product"}],"about":[{"href":"https:\/\/taniabonament.pl\/telefony\/wp-json\/wp\/v2\/types\/product"}],"replies":[{"embeddable":true,"href":"https:\/\/taniabonament.pl\/telefony\/wp-json\/wp\/v2\/comments?post=80092"}],"wp:featuredmedia":[{"embeddable":true,"href":"https:\/\/taniabonament.pl\/telefony\/wp-json\/wp\/v2\/media\/81390"}],"wp:attachment":[{"href":"https:\/\/taniabonament.pl\/telefony\/wp-json\/wp\/v2\/media?parent=80092"}],"wp:term":[{"taxonomy":"product_brand","embeddable":true,"href":"https:\/\/taniabonament.pl\/telefony\/wp-json\/wp\/v2\/product_brand?post=80092"},{"taxonomy":"product_cat","embeddable":true,"href":"https:\/\/taniabonament.pl\/telefony\/wp-json\/wp\/v2\/product_cat?post=80092"},{"taxonomy":"product_tag","embeddable":true,"href":"https:\/\/taniabonament.pl\/telefony\/wp-json\/wp\/v2\/product_tag?post=80092"}],"curies":[{"name":"wp","href":"https:\/\/api.w.org\/{rel}","templated":true}]}}