{"id":80008,"date":"2023-03-22T18:51:41","date_gmt":"2023-03-22T18:51:41","guid":{"rendered":"https:\/\/taniabonament.pl\/telefony\/produkt\/smartfon-samsung-galaxy-s20-fe-5g-128gb-dual-sim-lawendowy-g781\/"},"modified":"2023-03-22T18:51:41","modified_gmt":"2023-03-22T18:51:41","slug":"smartfon-samsung-galaxy-s20-fe-5g-128gb-dual-sim-lawendowy-g781","status":"publish","type":"product","link":"https:\/\/taniabonament.pl\/telefony\/produkt\/smartfon-samsung-galaxy-s20-fe-5g-128gb-dual-sim-lawendowy-g781\/","title":{"rendered":"Smartfon Samsung Galaxy S20 FE 5G 128GB Dual SIM lawendowy (G781)"},"content":{"rendered":"<h3><strong>Gdzie kupi\u0107 ten telefon marki Samsung?<\/strong><\/h3>\n<p>Ten smartfon &#8211; model GS-T-SAM-1395, kt\u00f3ry jest ch\u0119tnie wybierany, kupisz w cenie 2399.0 PLN w sklepie <a href=\"https:\/\/converti.se\/click\/34590059-c70e8160-5f3ad4bf\/?sid=samsung&#038;tag6=product&#038;tag8=b0bf7989945f2277eed0bdf0b969af1f&#038;tag9=Smartfon+Samsung+Galaxy+S20+FE+5G+128GB+Dual+SIM+lawendowy+%28G781%29\" rel=\"noopener\">Komputronik.pl<\/a> (sprawd\u017a na stronie naszego partnera czy na ten model obowi\u0105zuj\u0119 promocja, bo ta cena mo\u017ce by\u0107 jeszcze ni\u017csza!)<\/p>\n<h3><strong>Czy warto kupi\u0107 Smartfon Samsung Galaxy S20 FE 5G 128GB Dual SIM lawendowy (G781)?<\/strong><\/h3>\n<p>Tak, to sprawdzony smartfon. Telefony od Samsunga cechuj\u0105 si\u0119 dobr\u0105 wydajno\u015bci\u0105 oraz dopracowaniem, korzystaj\u0105 z najnowszych wersji systemu operacyjnego Android. To stabilne i wydajne urz\u0105dzenia z kt\u00f3rych korzystamy na co dzie\u0144. <strong>Bardzo du\u017co os\u00f3b jest wierna marce Samsung<\/strong> i ponownie <strong>decyduje si\u0119 na nowego smartfona tego producenta<\/strong>. Telefony te ciesz\u0105 si\u0119 bardzo dobr\u0105 opini\u0105.<\/p>\n<p style=\"text-align: center; margin: 25px 10px;\"><a style=\"background-color: red; padding: 10px 20px; border-radius: 7px; color: #fff;\" href=\"https:\/\/converti.se\/click\/34590059-c70e8160-5f3ad4bf\/?deep_link=https%3A%2F%2Fwww.komputronik.pl%2Fproduct%2F701236%2Fsamsung-galaxy-s20-fe-5g-128gb-dual-sim-lawendowy-g781-.html&#038;sid=samsung&#038;tag6=product&#038;tag8=b0bf7989945f2277eed0bdf0b969af1f&#038;tag9=Smartfon+Samsung+Galaxy+S20+FE+5G+128GB+Dual+SIM+lawendowy+%28G781%29\" rel=\"nofollow\"><strong>Zamawiam \/ sprawdzam dane<\/strong><\/a><\/p>\n<p>\u2605\u2605\u2605\u2605\u2605<\/p>\n<p>Poszukujesz <a href=\"https:\/\/taniabonament.pl\/telefony\/\">dobrego taniego smartfona<\/a>? Sprawd\u017a w\u015br\u00f3d pozosta\u0142ych producent\u00f3w telefon\u00f3w, kt\u00f3rych produkty przedstawiamy na naszym portalu (m.in. Apple, Xiaomi, MyPhone) . Telefon to urz\u0105dzenie kt\u00f3re u\u017cywamy codziennie. Ze smartfonem w dzisiejszych czasach praktycznie si\u0119 nie rozstajemy, dlatego warto zainwestowa\u0107 par\u0119 z\u0142otych w dobry sprz\u0119t. Wierzymy, \u017ce znajdziesz na naszym portalu <strong>odpowiedni model telefonu dla siebie<\/strong>!<\/p>\n","protected":false},"excerpt":{"rendered":"<h4>Smartfon <span style='color: #0286E7;'>godny zaufania<\/span> &#8211; <strong>Samsung<\/strong>!<\/h4>\n<p style='padding: 17px 0px;'><span style='color: #fff; background-color: yellowgreen; padding: 2px 7px;border-left: 13px solid #000000;'> godny uwagi <\/span><\/p>\n<p style='padding: 17px 0px;'><span style='color: #fff; background-color: yellowgreen; padding: 2px 7px;border-left: 13px solid #000000;'> dobra cena <\/span><\/p>\n<p style='padding-top: 10px;'>Smartfon Samsung Galaxy S20, cechy i zalety: <\/p>\n<ul style='padding-left: 45px; padding-bottom: 10px;'>\n<li style='padding-top: 10px;'>  Kiedy Ty korzystasz ze smartfona, sztuczna inteligencja uczy si\u0119 Twoich nawyk\u00f3w i dostosowuje zu\u017cycie baterii tak, by starczy\u0142a Ci na jeszcze d\u0142u\u017cej<\/li>\n<li style='padding-top: 10px;'> Umo\u017cliwia szybsze pobieranie i przesy\u0142anie wysokiej jako\u015bci materia\u0142\u00f3w bez op\u00f3\u017anie\u0144<\/li>\n<li style='padding-top: 10px;'> Teraz jeszcze \u0142atwiej zapiszesz swoje perfekcyjne uj\u0119cie<\/li>\n<li style='padding-top: 10px;'><strong> Teraz jeszcze \u0142atwiej zapiszesz swoje perfekcyjne uj\u0119cie<\/strong><\/li>\n<li style='padding-top: 10px;'>* Dost\u0119pno\u015b\u0107 kolor\u00f3w mo\u017ce si\u0119 r\u00f3\u017cni\u0107<\/li>\n<li style='padding-top: 10px;'>Smartfon Samsung Galaxy S20. * Dost\u0119pno\u015b\u0107 kolor\u00f3w mo\u017ce si\u0119 r\u00f3\u017cni\u0107<\/li>\n<li style='padding-top: 10px;'> Inteligentna bateriaby dotrzyma\u0142a Ci kroku na co dzie\u0144 Profesjonalny aparatdo epickich zdj\u0119\u0107 Ekran kinowyna kt\u00f3rym o\u017cywaj\u0105 wszystkie tre\u015bci Eksplozja kolor\u00f3w Poznaj 4 odwa\u017cne i efektowne kolory*, kt\u00f3re zwracaj\u0105 uwag\u0119 i podkre\u015blaj\u0105 Tw\u00f3j unikatowy styl<\/li>\n<li style='padding-top: 10px;'> Wybieraj spo\u015br\u00f3d ca\u0142ej gamy efekt\u00f3w, dodaj\u0105c wi\u0119cej stylu do ka\u017cdego zdj\u0119cia, a intensywno\u015b\u0107 efektu dostosujesz za pomoc\u0105 suwaka<\/li>\n<li style='padding-top: 10px;'> Otw\u00f3rz aplikacj\u0119 VoD i zdecyduj, co b\u0119dziesz ogl\u0105da\u0107 dzisiejszego wieczoru<\/li>\n<li style='padding-top: 10px;'> Tylny panel jest g\u0142adki i odznacza si\u0119 matowym wyko\u0144czeniem<\/li>\n<li style='padding-top: 10px;'> U\u017cyj Trybu Nocnego w s\u0142abym o\u015bwietleniu, by nie umkn\u0119\u0142y Ci najpi\u0119kniejsze momenty<\/li>\n<li style='padding-top: 10px;'> Filmy nagrasz w kinowej jako\u015bci i doskona\u0142ej p\u0142ynno\u015bci dzi\u0119ki funkcji Super Steady<\/li>\n<li style='padding-top: 10px;'> Zapewnia p\u0142ynne dzia\u0142anie Twoich ulubionych gier i pozosta\u0142ych aplikacji<\/li>\n<li style='padding-top: 10px;'> Ekran posiada zminimalizowany otw\u00f3r na aparat i w\u0105skie ramki, dzi\u0119ki czemu mo\u017cesz teraz cieszy\u0107 si\u0119 kinowymi wra\u017ceniami nie wychodz\u0105c z domu<\/li>\n<li style='padding-top: 10px;'> Jedno uj\u0119cie Dzi\u0119ki wsparciu sztucznej inteligencji mo\u017cesz zarejestrowa\u0107 ka\u017cd\u0105 chwil\u0119 na wiele sposob\u00f3w<\/li>\n<li style='padding-top: 10px;'>** Mo\u017cesz utworzy\u0107 do 99 filtr\u00f3w<\/li>\n<li style='padding-top: 10px;'> Pot\u0119\u017cny procesor Snapdragon 865 zapewni jeszcze lepsze osi\u0105gi dzia\u0142ania w por\u00f3wnaniu do Galaxy S10<\/li>\n<li style='padding-top: 10px;'>* Dotyczy dzia\u0142ania w sieci 5G<\/li>\n<li style='padding-top: 10px;'>** Bezprzewodowa funkcja PowerShare jest ograniczona do wybranych modeli smartfon\u00f3w<\/li>\n<li style='padding-top: 10px;'> Streaming na \u017cywo Twoich ulubionych rozgrywek sportowych b\u0119dzie p\u0142ynny, z ka\u017cdej perspektywy<\/li>\n<li style='padding-top: 10px;'> Gry i sport Jeszcze bardziej dynamiczny gaming, z niskim op\u00f3\u017anieniem i wspierany du\u017c\u0105 szybko\u015bci\u0105<\/li>\n<li style='padding-top: 10px;'> Zosta\u0142 wykonany z wzmocnionego poliw\u0119glanu, co sprawia, \u017ce jest smuk\u0142y, wytrzyma\u0142y i \u015bwietnie le\u017cy w d\u0142oni<\/li>\n<li style='padding-top: 10px;'> Dost\u0119pno\u015b\u0107 120 Hz od\u015bwie\u017cania ekranu zale\u017cy od konkretnej gry<\/li>\n<li style='padding-top: 10px;'> * \u0141adowarka 25 W sprzedawana jest oddzielnie<\/li>\n<li style='padding-top: 10px;'> Hiperszybkie pobieranie W ci\u0105gu zaledwie 30 sekund pobierzesz a\u017c 6-godzinny materia\u0142 filmowy w wysokiej jako\u015bci<\/li>\n<li style='padding-top: 10px;'> W ka\u017cdej chwili mo\u017cesz komentowa\u0107 na \u017cywo wydarzenia, do\u0142\u0105czy\u0107 do transmisji live lub udost\u0119pni\u0107 j\u0105 znajomym bez zak\u0142\u00f3ce\u0144<\/li>\n<li style='padding-top: 10px;'>* Szybki dotyk 240 Hz jest wspierany tylko podczas grania, w pozosta\u0142ych przypadkach dzia\u0142a standardowe 120 Hz<\/li>\n<li style='padding-top: 10px;'> Tw\u00f3rz i dziel si\u0119 Udost\u0119pnienie nagra\u0144 najwy\u017cszej jako\u015bci zajmie Ci tylko chwil\u0119<\/li>\n<li style='padding-top: 10px;'> Niesamowite wra\u017cenia Z 6,5-calowym wy\u015bwietlaczem FHD+ Infinity O Super AMOLED 2X 120 Hz bez reszty wci\u0105gniesz si\u0119 w pi\u0105tkowy seans filmowy lub pasjonuj\u0105c\u0105 rozgrywk\u0119 ze znajomymi<\/li>\n<li style='padding-top: 10px;'> Potr\u00f3jny zoom optyczny i 30-krotny Space Zoom* to spos\u00f3b na to, by znale\u017a\u0107 si\u0119 w centrum ka\u017cdej akcji, nawet tej obserwowanej z dystansu<\/li>\n<li style='padding-top: 10px;'> Sie\u0107 5G nie jest jeszcze dost\u0119pna powszechnie w Polsce<\/li>\n<li style='padding-top: 10px;'>Wszystko co kochasz z Galaxy S20 FE 5G Efektowne koloryby si\u0119 wyr\u00f3\u017cni\u0107 Hiperszybkie 5G*by by\u0107 gotowym na nadchodz\u0105c\u0105 przysz\u0142o\u015b\u0107 * Dotyczy dzia\u0142ania w sieci 5G<\/li>\n<li style='padding-top: 10px;'> Profesjonalny Aparat System trzech aparat\u00f3w i aparatu przedniego 32 MP daje Ci nieograniczone mo\u017cliwo\u015bci rejestracji najwa\u017cniejszych chwil<\/li>\n<li style='padding-top: 10px;'> Zoom optyczny Space Zoom Jasne zdj\u0119cia nocne Wi\u0119ksza matryca aparatu wychwytuje wi\u0119cej \u015bwiat\u0142a, a technologia przetwarzania wieloklatkowego \u0142\u0105czy dane z seryjnie uchwyconych obraz\u00f3w, tworz\u0105c jedn\u0105 idealnie na\u015bwietlon\u0105, naturaln\u0105 i ostr\u0105 fotografi\u0119<\/li>\n<li style='padding-top: 10px;'> Solidna dawka energii Inteligentna bateria o imponuj\u0105cej pojemno\u015bci 4500 mAh sprawi, \u017ce korzystanie ze smartfonu b\u0119dzie jeszcze przyjemniejsze<\/li>\n<li style='padding-top: 10px;'> Dzia\u0142aj b\u0142yskawicznie w sieci 5G* Sie\u0107 5G oferuje znacznie wy\u017csz\u0105 wydajno\u015b\u0107 komunikacji i niepor\u00f3wnywaln\u0105 niezawodno\u015b\u0107<\/li>\n<li style='padding-top: 10px;'> Do\u0142adujesz j\u0105 za pomoc\u0105 superszybkiego \u0142adowania 25 W*, szybkiego \u0142adowania bezprzewodowego 15 W lub smartfona posiadaj\u0105cego funkcj\u0119 PowerShare**<\/li>\n<li style='padding-top: 10px;'> Przytrzymaj przycisk migawki przez 3 sekundy*, by otrzyma\u0107 nawet 14 r\u00f3\u017cnych zdj\u0119\u0107 i film\u00f3w** do wyboru i dzielenia si\u0119 z innymi<\/li>\n<li style='padding-top: 10px;'>Dodatkowo Galaxy S20 FE pomie\u015bci wszystkie Twoje zdj\u0119cia i filmy dzi\u0119ki dost\u0119pnej przestrzeni 128 GB lub 256 GB w zale\u017cno\u015bci od wersji*<\/li>\n<li style='padding-top: 10px;'> Od rozm\u00f3w wa\u017cniejsze jest dzielenie si\u0119 prze\u017cyciami<\/li>\n<li style='padding-top: 10px;'> Dlatego te\u017c wideo rozmowy b\u0119d\u0105 bez op\u00f3\u017anie\u0144 i w dobrej jako\u015bci<\/li>\n<li style='padding-top: 10px;'> U\u017cywaj swoich ulubionych gier i aplikacji bez obawy o spadek wydajno\u015bci<\/li>\n<li style='padding-top: 10px;'>** Rezultaty s\u0105 zale\u017cne od czasu oraz warunk\u00f3w rejestracji<\/li>\n<li style='padding-top: 10px;'> Teraz ka\u017cda chwila jest warta upami\u0119tnienia!* 30x Space Zoom obejmuje zoom cyfrowy, kt\u00f3ry mo\u017ce spowodowa\u0107 pogorszenie obrazu<\/li>\n<li style='padding-top: 10px;'>* Wymaga minimum 3 sekund, maksymalny czas rejestracji to 15 sekund<\/li>\n<li style='padding-top: 10px;'> Sie\u0107 5G nie jest jeszcze dost\u0119pna powszechnie w Polsce<\/li>\n<li style='padding-top: 10px;'> Jeszcze lepiej spersonalizujesz swoje zdj\u0119cia stosuj\u0105c filtry stworzone przez siebie**<\/li>\n<li style='padding-top: 10px;'> P\u0142ynna rozrywka i pe\u0142na moc do dzia\u0142ania Oddaj si\u0119 p\u0142ynnej rozrywce najlepszej jako\u015bci z od\u015bwie\u017caniem ekranu 120 Hz oraz szybkim dotykiem 240 Hz*<\/li>\n<li style='padding-top: 10px;'> Nale\u017cy wtedy u\u0142o\u017cy\u0107 Galaxy S20 FE na smartfonie z funkcj\u0105 PowerShare, tak aby styka\u0142y si\u0119 plecami, a potem w\u0142\u0105czy\u0107 funkcj\u0119<\/li>\n<li style='padding-top: 10px;'> Pobieraj jeszcze wi<\/li>\n<\/ul>\n<p style='padding: 10px; font-weight: bold; background-color: aliceblue;'>Dost\u0119pno\u015b\u0107:<\/p>\n","protected":false},"featured_media":81425,"comment_status":"closed","ping_status":"open","template":"","meta":[],"product_brand":[],"product_cat":[109],"product_tag":[],"class_list":{"0":"post-80008","1":"product","2":"type-product","3":"status-publish","6":"product_cat-samsung","7":"pa_model-gs-t-sam-1395","8":"pa_producent-samsung","9":"pa_sklep-komputronik-pl","11":"first","12":"instock","13":"product-type-external"},"_links":{"self":[{"href":"https:\/\/taniabonament.pl\/telefony\/wp-json\/wp\/v2\/product\/80008","targetHints":{"allow":["GET"]}}],"collection":[{"href":"https:\/\/taniabonament.pl\/telefony\/wp-json\/wp\/v2\/product"}],"about":[{"href":"https:\/\/taniabonament.pl\/telefony\/wp-json\/wp\/v2\/types\/product"}],"replies":[{"embeddable":true,"href":"https:\/\/taniabonament.pl\/telefony\/wp-json\/wp\/v2\/comments?post=80008"}],"wp:featuredmedia":[{"embeddable":true,"href":"https:\/\/taniabonament.pl\/telefony\/wp-json\/wp\/v2\/media\/81425"}],"wp:attachment":[{"href":"https:\/\/taniabonament.pl\/telefony\/wp-json\/wp\/v2\/media?parent=80008"}],"wp:term":[{"taxonomy":"product_brand","embeddable":true,"href":"https:\/\/taniabonament.pl\/telefony\/wp-json\/wp\/v2\/product_brand?post=80008"},{"taxonomy":"product_cat","embeddable":true,"href":"https:\/\/taniabonament.pl\/telefony\/wp-json\/wp\/v2\/product_cat?post=80008"},{"taxonomy":"product_tag","embeddable":true,"href":"https:\/\/taniabonament.pl\/telefony\/wp-json\/wp\/v2\/product_tag?post=80008"}],"curies":[{"name":"wp","href":"https:\/\/api.w.org\/{rel}","templated":true}]}}