{"id":79985,"date":"2023-05-05T09:20:04","date_gmt":"2023-05-05T09:20:04","guid":{"rendered":"https:\/\/taniabonament.pl\/telefony\/produkt\/smartfon-myphone-hammer-explorer-plus-eco-dual-sim-pomaranczowy\/"},"modified":"2023-05-05T09:20:04","modified_gmt":"2023-05-05T09:20:04","slug":"smartfon-myphone-hammer-explorer-plus-eco-dual-sim-pomaranczowy","status":"publish","type":"product","link":"https:\/\/taniabonament.pl\/telefony\/produkt\/smartfon-myphone-hammer-explorer-plus-eco-dual-sim-pomaranczowy\/","title":{"rendered":"Smartfon myPhone Hammer Explorer Plus Eco Dual SIM pomara\u0144czowy"},"content":{"rendered":"<p>Przejd\u017a do sklepu internetowego gdzie <a href=\"https:\/\/converti.se\/click\/34590059-c70e8160-5f3ad4bf\/?deep_link=https%3A%2F%2Fwww.komputronik.pl%2Fproduct%2F747922%2Fmyphone-hammer-explorer-plus-eco-dual-sim-pomaranczowy.html&#038;sid=myphone&#038;tag6=product&#038;tag8=077a579c40d94b1fffaec1c2e932f836&#038;tag9=Smartfon+myPhone+Hammer+Explorer+Plus+Eco+Dual+SIM+pomara%C5%84czowy\" rel=\"nofollow\">kupisz ten smartfon<\/a> w promocyjnej cenie.<\/p>\n<p><strong>Telefon myPhone?<\/strong><\/p>\n<p>To szeroki wyb\u00f3r r\u00f3\u017cnych modeli smartfon\u00f3w, od prostych dla os\u00f3b starszych, po zaawansowane i <strong>bardzo odporne na czynniki zewn\u0119trzne smartfony serii Hammer<\/strong> przeznaczone do zada\u0144 &#8222;specjalnych&#8221;. Smartfony wyposa\u017cone mog\u0105 by\u0107 w dual SIM, LTE i bardzo pojemn\u0105 bateri\u0119. Warto wzi\u0105\u0107 pod uwag\u0119 zakup telefonu myPhone.<\/p>\n","protected":false},"excerpt":{"rendered":"<h4>Smartfon <span style='color: #0286E7;'>godny zaufania<\/span> &#8211; <strong>myPhone<\/strong>!<\/h4>\n<p style='padding: 17px 0px;'><span style='color: #fff; background-color: yellowgreen; padding: 2px 7px;border-left: 13px solid #000000;'> polecany <\/span><span style='margin-left: 10px; color: #fff; background-color: red; padding: 2px 7px;border-left: 13px solid #000000;'> dobra cena <\/span><\/p>\n<p style='padding-top: 10px;'>Smartfon myPhone Hammer Explorer, cechy i zalety: <\/p>\n<ul style='padding-left: 45px; padding-bottom: 10px;'>\n<li style='padding-top: 10px;'>  Skoncentrowane powiadomienia z r\u00f3\u017cnych aplikacji do komunikacji w jednym miejscu, funkcje rejestracji obrazu i d\u017awi\u0119ku i wiele wi\u0119cej<\/li>\n<li style='padding-top: 10px;'>in<\/li>\n<li style='padding-top: 10px;'> Android 11 Android 11 od Google to jeszcze bardziej efektywna wielozadaniowo\u015b\u0107, lepsza interakcja z bliskimi i samym urz\u0105dzeniem<\/li>\n<li style='padding-top: 10px;'><strong> Android 11 Android 11 od Google to jeszcze bardziej efektywna wielozadaniowo\u015b\u0107, lepsza interakcja z bliskimi i samym urz\u0105dzeniem<\/strong><\/li>\n<li style='padding-top: 10px;'> Mocy nigdy do\u015b\u0107 Ten smartfon opr\u00f3cz wytrzyma\u0142o\u015bci oferuje te\u017c dobr\u0105 wydajno\u015b\u0107 i funkcjonalno\u015b\u0107<\/li>\n<li style='padding-top: 10px;'>Smartfon myPhone Hammer Explorer.  Mocy nigdy do\u015b\u0107 Ten smartfon opr\u00f3cz wytrzyma\u0142o\u015bci oferuje te\u017c dobr\u0105 wydajno\u015b\u0107 i funkcjonalno\u015b\u0107<\/li>\n<li style='padding-top: 10px;'> Korzystaj z nowo\u015bci czystego systemu z GMS<\/li>\n<li style='padding-top: 10px;'> Ochron\u0119 przed wod\u0105 i py\u0142em potwierdza certyfikat z najwy\u017cszym stopniem IP69<\/li>\n<li style='padding-top: 10px;'> Najtwardszy z najtwardszych Ch\u0119tnie przekraczasz swoje granice? Ci\u0105gle chcesz wi\u0119cej i motywuje Ci\u0119 wykonana robota? Ten HAMMER b\u0119dzie Ci\u0119 wspiera\u0142 na dobre i z\u0142e<\/li>\n<li style='padding-top: 10px;'> Tej si\u0142y ju\u017c nikt nie zatrzyma! Ekran Full Screen HAMMER Explorer Plus Eco to smartfon z ekranem 5,7\u201d HD+ IPS, kt\u00f3ry dobrze le\u017cy w d\u0142oni<\/li>\n<li style='padding-top: 10px;'> Modu\u0142owe akcesoria Dla Twojej wygody i pe\u0142nej u\u017cyteczno\u015bci tego HAMMERA, do Twojej dyspozycji oddajemy dedykowane akcesoria m<\/li>\n<li style='padding-top: 10px;'> Model posiada r\u00f3wnie\u017c wodoodporne z\u0142\u0105cza USB-C i mini Jack<\/li>\n<li style='padding-top: 10px;'> Dzi\u0119ki temu, \u017ce wy\u015bwietlacz jest zabezpieczony szk\u0142em Corning Gorilla Glass 3 i bumperami, mo\u017cesz jeszcze d\u0142u\u017cej, wi\u0119cej i dalej<\/li>\n<li style='padding-top: 10px;'>0 oraz Wi-Fi 5GHz<\/li>\n<li style='padding-top: 10px;'> Teraz oferowany jest w nowym, mniejszym opakowaniu wykonanym z biodegradowalnych materia\u0142\u00f3w, co przyczynia si\u0119 do redukcji \u015bladu w\u0119glowego<\/li>\n<li style='padding-top: 10px;'> Daje pocz\u0105tek nowej linii Eco<\/li>\n<li style='padding-top: 10px;'> Do tego BT 5<\/li>\n<li style='padding-top: 10px;'>: zewn\u0119trzn\u0105 bateri\u0119, kt\u00f3r\u0105 trwale zamocujesz \u015brubami lub na szybko za pomoc\u0105 specjalnych magnesowych pin\u00f3w<\/li>\n<li style='padding-top: 10px;'> Aparat SONY Uwiecznij efekty swoich dzia\u0142a\u0144 i wyzwa\u0144 za pomoc\u0105 dobrych aparat\u00f3w: g\u0142\u00f3wnego Sony 13 Mpx oraz selfie 8 Mpx<\/li>\n<li style='padding-top: 10px;'>HAMMER Explorer Plus Eco HAMMER Explorer Plus Eco (4+64GB) z nowej linii produkt\u00f3w ECO to 5,7 calowy smartfon z pot\u0119\u017cn\u0105 bateri\u0105 i mocn\u0105 obudow\u0105 o najwy\u017cszym stopniu ochrony IP69, kt\u00f3ry zosta\u0142 zaprojektowany w Polsce<\/li>\n<li style='padding-top: 10px;'> D\u0142ugi czas pracy Pot\u0119\u017cny akumulator 5000mAh z funkcj\u0105 Express Charging zapewni Ci wiele godzin aktywnego dzia\u0142ania na jednym cyklu \u0142adowania<\/li>\n<li style='padding-top: 10px;'> Pe\u0142na mobilno\u015b\u0107 Ten smartfon posiada praktyczne dodatki: NFC umo\u017cliwiaj\u0105ce mobilne p\u0142atno\u015bci oraz czytnik linii dla wi\u0119kszego bezpiecze\u0144stwa danych<\/li>\n<li style='padding-top: 10px;'> Kupuj\u0105c go wspierasz akcj\u0119 sadzenia drzew przez jego producenta \u2013 firm\u0119 mPTech<\/li>\n<li style='padding-top: 10px;'> Odporno\u015b\u0107 jego obudowy zosta\u0142a przetestowana pod k\u0105tem standard\u00f3w militarnych<\/li>\n<li style='padding-top: 10px;'> Jest bardziej wydajny od pierwszej generacji, dzi\u0119ki czemu sprosta wielu ekstremalnym zadaniom<\/li>\n<li style='padding-top: 10px;'> Eko-standard = lepszy standard HAMMER to wysoka jako\u015b\u0107 i wytrzyma\u0142o\u015b\u0107<\/li>\n<li style='padding-top: 10px;'> A wszystko to za spraw\u0105 efektywnego 8-rdzeniowego procesora oraz 4 GB pami\u0119ci operacyjnej RAM<\/li>\n<li style='padding-top: 10px;'> Zosta\u0142 stworzony tak, aby dzia\u0142a\u0107 d\u0142u\u017cej od zwyk\u0142ych modeli, dzi\u0119ki czemu zyskuje zar\u00f3wno Tw\u00f3j bud\u017cet, jak i planeta<\/li>\n<\/ul>\n<p style='padding: 10px; font-weight: bold; background-color: aliceblue;'>Dost\u0119pno\u015b\u0107:<\/p>\n","protected":false},"featured_media":81510,"comment_status":"closed","ping_status":"open","template":"","meta":[],"product_brand":[],"product_cat":[264],"product_tag":[],"class_list":{"0":"post-79985","1":"product","2":"type-product","3":"status-publish","6":"product_cat-myphone","7":"pa_model-gs-t-myp-0304","8":"pa_producent-myphone","9":"pa_sklep-komputronik-pl","11":"first","12":"instock","13":"product-type-external"},"_links":{"self":[{"href":"https:\/\/taniabonament.pl\/telefony\/wp-json\/wp\/v2\/product\/79985","targetHints":{"allow":["GET"]}}],"collection":[{"href":"https:\/\/taniabonament.pl\/telefony\/wp-json\/wp\/v2\/product"}],"about":[{"href":"https:\/\/taniabonament.pl\/telefony\/wp-json\/wp\/v2\/types\/product"}],"replies":[{"embeddable":true,"href":"https:\/\/taniabonament.pl\/telefony\/wp-json\/wp\/v2\/comments?post=79985"}],"wp:featuredmedia":[{"embeddable":true,"href":"https:\/\/taniabonament.pl\/telefony\/wp-json\/wp\/v2\/media\/81510"}],"wp:attachment":[{"href":"https:\/\/taniabonament.pl\/telefony\/wp-json\/wp\/v2\/media?parent=79985"}],"wp:term":[{"taxonomy":"product_brand","embeddable":true,"href":"https:\/\/taniabonament.pl\/telefony\/wp-json\/wp\/v2\/product_brand?post=79985"},{"taxonomy":"product_cat","embeddable":true,"href":"https:\/\/taniabonament.pl\/telefony\/wp-json\/wp\/v2\/product_cat?post=79985"},{"taxonomy":"product_tag","embeddable":true,"href":"https:\/\/taniabonament.pl\/telefony\/wp-json\/wp\/v2\/product_tag?post=79985"}],"curies":[{"name":"wp","href":"https:\/\/api.w.org\/{rel}","templated":true}]}}