{"id":79537,"date":"2023-01-02T06:26:16","date_gmt":"2023-01-02T06:26:16","guid":{"rendered":"https:\/\/taniabonament.pl\/telefony\/produkt\/smartfon-samsung-galaxy-s22-ultra-5g-256gb-dual-sim-czarny-s908\/"},"modified":"2023-01-02T06:26:16","modified_gmt":"2023-01-02T06:26:16","slug":"smartfon-samsung-galaxy-s22-ultra-5g-256gb-dual-sim-czarny-s908","status":"publish","type":"product","link":"https:\/\/taniabonament.pl\/telefony\/produkt\/smartfon-samsung-galaxy-s22-ultra-5g-256gb-dual-sim-czarny-s908\/","title":{"rendered":"Smartfon Samsung Galaxy S22 Ultra 5G 256GB Dual SIM czarny (S908)"},"content":{"rendered":"<h3><strong>Gdzie kupi\u0107 ten telefon marki Samsung?<\/strong><\/h3>\n<p>Ten konkretny smartfon &#8211; czyli model GS-T-SAM-1743, kt\u00f3ry jest ch\u0119tnie wybierany, kupisz w cenie 5899.0 PLN w sklepie <a href=\"https:\/\/converti.se\/click\/34590059-c70e8160-5f3ad4bf\/?sid=samsung&#038;tag6=product&#038;tag8=a2feeab2e6b86182909859c0443828f6&#038;tag9=Smartfon+Samsung+Galaxy+S22+Ultra+5G+256GB+Dual+SIM+czarny+%28S908%29\" rel=\"noopener\">Komputronik.pl<\/a> (sprawd\u017a na stronie naszego partnera czy na ten model obowi\u0105zuj\u0119 promocja, bo ta cena mo\u017ce by\u0107 jeszcze ni\u017csza!)<\/p>\n<h3><strong>Czy warto kupi\u0107 Smartfon Samsung Galaxy S22 Ultra 5G 256GB Dual SIM czarny (S908)?<\/strong><\/h3>\n<p>Tak, to sprawdzony smartfon. Telefony od Samsunga cechuj\u0105 si\u0119 dobr\u0105 wydajno\u015bci\u0105 oraz dopracowaniem, korzystaj\u0105 z najnowszych wersji systemu operacyjnego Android. To stabilne i wydajne urz\u0105dzenia z kt\u00f3rych korzystamy na co dzie\u0144. Bardzo du\u017co os\u00f3b jest wierna marce Samsung i ponownie decyduje si\u0119 na nowego smartfona tego producenta. Telefony te ciesz\u0105 si\u0119 bardzo dobr\u0105 opini\u0105.<\/p>\n<p style=\"text-align: center; margin: 25px 10px;\"><a style=\"background-color: red; padding: 10px 20px; border-radius: 7px; color: #fff;\" href=\"https:\/\/converti.se\/click\/34590059-c70e8160-5f3ad4bf\/?deep_link=https%3A%2F%2Fwww.komputronik.pl%2Fproduct%2F745979%2Fsamsung-galaxy-s22-ultra-5g-256gb-dual-sim-czarny-s908-.html&#038;sid=samsung&#038;tag6=product&#038;tag8=a2feeab2e6b86182909859c0443828f6&#038;tag9=Smartfon+Samsung+Galaxy+S22+Ultra+5G+256GB+Dual+SIM+czarny+%28S908%29\" rel=\"nofollow\"><strong>Zamawiam \/ sprawdzam<\/strong><\/a><\/p>\n<p>\u2605\u2605\u2605\u2605\u2605<\/p>\n<p>Poszukujesz innego <a href=\"https:\/\/taniabonament.pl\/telefony\/\">dobrego taniego smartfona<\/a>? Sprawd\u017a w\u015br\u00f3d pozosta\u0142ych producent\u00f3w telefon\u00f3w, kt\u00f3rych produkty przedstawiamy na naszym portalu (m.in. Apple, Xiaomi, MyPhone) . Telefon to urz\u0105dzenie kt\u00f3re u\u017cywamy codziennie. Ze smartfonem w dzisiejszych czasach praktycznie si\u0119 nie rozstajemy, dlatego warto zainwestowa\u0107 par\u0119 z\u0142otych w dobry sprz\u0119t. Wierzymy, \u017ce znajdziesz na naszym portalu <strong>odpowiedni model telefonu dla siebie<\/strong>!<\/p>\n","protected":false},"excerpt":{"rendered":"<h4>Smartfon <span style='color: #0286E7;'>godny zaufania<\/span> &#8211; <strong>Samsung<\/strong>!<\/h4>\n<p style='padding: 17px 0px;'><span style='color: #fff; background-color: yellowgreen; padding: 2px 7px;border-left: 13px solid #000000;'> polecany <\/span><span style='margin-left: 10px; color: #fff; background-color: red; padding: 2px 7px;border-left: 13px solid #000000;'> promocja <\/span><\/p>\n<p style='padding-top: 10px;'>Smartfon Samsung Galaxy S22, cechy i zalety: <\/p>\n<ul style='padding-left: 45px; padding-bottom: 10px;'>\n<li style='padding-top: 10px;'>  * 100X Space Zoom obejmuje 10x zoom optyczny i do 100x zoom cyfrowy z technologi\u0105 AI Super Resolution<\/li>\n<li style='padding-top: 10px;'> * Na podstawie warunk\u00f3w testowych: zanurzenie do 1,5 metra w s\u0142odkiej wodzie przez maks<\/li>\n<li style='padding-top: 10px;'> Wygl\u0105d i wykonanie z najwy\u017cszej p\u00f3\u0142ki dla najbardziej wymagaj\u0105cych u\u017cytkownik\u00f3w<\/li>\n<li style='padding-top: 10px;'><strong> Wygl\u0105d i wykonanie z najwy\u017cszej p\u00f3\u0142ki dla najbardziej wymagaj\u0105cych u\u017cytkownik\u00f3w<\/strong><\/li>\n<li style='padding-top: 10px;'> 100X SPACE ZOOM Poprawa jako\u015bci zoomu Optyczny zoom zapewnia 3 lub 10-krotne przybli\u017cenie bez utraty jako\u015bci<\/li>\n<li style='padding-top: 10px;'>Smartfon Samsung Galaxy S22.  100X SPACE ZOOM Poprawa jako\u015bci zoomu Optyczny zoom zapewnia 3 lub 10-krotne przybli\u017cenie bez utraty jako\u015bci<\/li>\n<li style='padding-top: 10px;'> Rozdzielczo\u015b\u0107 108 MP pozwala uchwyci\u0107 wspania\u0142e chwile z niezwyk\u0142ym realizmem, bogatymi kolorami i detalami, niezale\u017cnie od pory dnia i nocy<\/li>\n<li style='padding-top: 10px;'> Zbli\u017cenie przekraczaj\u0105ce 10x mo\u017ce spowodowa\u0107 pewne pogorszenie obrazu<\/li>\n<li style='padding-top: 10px;'> APARAT Doskona\u0142a jako\u015b\u0107 zdj\u0119\u0107 i film\u00f3w Poka\u017c wszystkim, ile ciekawych rzeczy dzieje si\u0119 wok\u00f3\u0142 Ciebie<\/li>\n<li style='padding-top: 10px;'> Wy\u015bwietlacz mo\u017ce osi\u0105gn\u0105\u0107 szczytow\u0105 jasno\u015b\u0107 do 1750 nit\u00f3w, poprawiaj\u0105c kontrast mi\u0119dzy ciemnymi i jasnymi aspektami tre\u015bci cyfrowych, zapewniaj\u0105c lepsz\u0105 jako\u015b\u0107 obrazu, ze wsp\u00f3\u0142czynnikiem kontrastu 3 000 000:1, aby mobilne wra\u017cenia by\u0142y jeszcze bardziej wci\u0105gaj\u0105ce<\/li>\n<li style='padding-top: 10px;'> 108 MP Aparat szerokok\u0105tny z Super Clear Glass oraz optyczn\u0105 stabilizacj\u0105 obrazu (OIS) 12 MP Aparat ultraszerokok\u0105tny 10 MP Aparat z teleobiektywem 3x z optyczn\u0105 stabilizacj\u0105 obrazu (OIS) 10 MP Aparat z teleobiektywem 10x z optyczn\u0105 stabilizacj\u0105 obrazu (OIS) 40 MP Aparat przedni Odkryj noce pe\u0142ne \u015bwiat\u0142a dzi\u0119ki Nightografii Odkryj niesamowite pi\u0119kno nocnych zdj\u0119\u0107 i film\u00f3w<\/li>\n<li style='padding-top: 10px;'> DESIGN Niezwyk\u0142o\u015b\u0107 wpisana w standard Jedyny w swoim rodzaju<\/li>\n<li style='padding-top: 10px;'> Nowa definicja mocy Bateria o du\u017cej pojemno\u015bci (5000 mAh) i ultraszybkie \u0142adowanie 45 W, by d\u0142u\u017cej korzysta\u0107 ze smartfona*<\/li>\n<li style='padding-top: 10px;'> Ekosystem Galaxy Obs\u0142uga i korzystanie ze wsp\u00f3\u0142pracuj\u0105cych ze sob\u0105 urz\u0105dze\u0144 Galaxy staj\u0105 si\u0119 niezwykle komfortowe<\/li>\n<li style='padding-top: 10px;'> Najszybszy procesor Galaxy Dzi\u0119ki procesorowi wykonanemu w technologii 4 nm otrzymujesz najwy\u017csz\u0105 wydajno\u015b\u0107 bez op\u00f3\u017anie\u0144 tak\u017ce w zaawansowanych grach 3D<\/li>\n<li style='padding-top: 10px;'> Przykuwaj\u0105ce uwag\u0119 Ka\u017cda portretowana osoba zamienia si\u0119 w filmow\u0105 gwiazd\u0119<\/li>\n<li style='padding-top: 10px;'> * Wy\u015bwietlacz Dynamic AMOLED 2X na Galaxy S22 Ultra otrzyma\u0142 certyfikat VDE Germany potwierdzaj\u0105cy 100-procentowe odwzorowanie kolor\u00f3w w zakresie kolor\u00f3w DCI-P3, co oznacza, \u017ce obrazy nie s\u0105 rozmyte i prezentuj\u0105 niewiarygodnie \u017cywe barwy, niezale\u017cnie od r\u00f3\u017cnych poziom\u00f3w jasno\u015bci<\/li>\n<li style='padding-top: 10px;'> Rejestruj zdj\u0119cia i filmy z niewiarygodnie du\u017c\u0105 ilo\u015bci\u0105 szczeg\u00f3\u0142\u00f3w za pomoc\u0105 profesjonalnego aparatu, kt\u00f3ry stworzyli\u015bmy w Galaxy S22 Ultra<\/li>\n<li style='padding-top: 10px;'> Kamera skupia si\u0119 na postaci, podkre\u015blaj\u0105c jej pi\u0119kno naturalnym efektem rozmycia t\u0142a<\/li>\n<li style='padding-top: 10px;'> Galaxy S22 Ultra \u0142\u0105czy nowoczesne wzornictwo, stylowe kolory i najwy\u017csz\u0105 wytrzyma\u0142o\u015b\u0107 w\u015br\u00f3d smartfon\u00f3w Galaxy<\/li>\n<li style='padding-top: 10px;'> WYDAJNO\u015a\u0106<\/li>\n<li style='padding-top: 10px;'> Teraz s\u0105 one odpowiednio do\u015bwietlone, niesamowicie wyra\u017ane, pe\u0142ne \u017cywych kolor\u00f3w i bogate w szczeg\u00f3\u0142y<\/li>\n<li style='padding-top: 10px;'> Dlatego nawet, gdy jeste\u015b na zewn\u0105trz, w blasku \u015bwiat\u0142a s\u0142onecznego, Tw\u00f3j ekran nadal jest czytelny<\/li>\n<li style='padding-top: 10px;'> To zas\u0142uga zastosowania najwi\u0119kszych dot\u0105d pikseli w smartfonach Galaxy, kt\u00f3re wy\u0142apuj\u0105 wi\u0119cej \u015bwiat\u0142a, ulepszonego obiektywu Super Clear Lens \u0142agodz\u0105cego odblaski oraz inteligentnie i automatycznie dobieranych ustawie\u0144<\/li>\n<li style='padding-top: 10px;'> Natomiast przy wi\u0119kszym powi\u0119kszeniu, aparat w Galaxy S22 Ultra wykorzystuje nieskompresowane dane, zawieraj\u0105ce wi\u0119cej szczeg\u00f3\u0142\u00f3w o kolorach, kontra\u015bcie i ostro\u015bci obrazu, poprawiaj\u0105c jako\u015b\u0107 zdj\u0119\u0107<\/li>\n<li style='padding-top: 10px;'> * \u0141adowarki, w tym \u0142adowarka 45 W, s\u0105 sprzedawane oddzielnie<\/li>\n<li style='padding-top: 10px;'> 30 minut<\/li>\n<li style='padding-top: 10px;'> GORILLA GLASS VICTUS+ Odporne szk\u0142o Ekran oraz ty\u0142 smartfona Galaxy S22 Ultra wykonany zosta\u0142 z niezwykle twardego i odpornego szk\u0142a, by jeszcze lepiej chroni\u0107 przed zarysowaniami i upadkami<\/li>\n<li style='padding-top: 10px;'> Wbudowany rysik S Pen Po raz pierwszy w smartfonie z serii Galaxy S, by do\u015bwiadczenia z u\u017cytkowania smartfona wnie\u015b\u0107 na wy\u017cszy poziom<\/li>\n<li style='padding-top: 10px;'> Teraz nawet zdj\u0119cia i filmy rejestrowane w nocy b\u0119d\u0105 odpowiednio do\u015bwietlone, wyra\u017ane i pe\u0142ne \u017cywych kolor\u00f3w<\/li>\n<li style='padding-top: 10px;'> IP68 Wodoodporno\u015b\u0107 Nie boi si\u0119 wody, ani kurzu<\/li>\n<li style='padding-top: 10px;'> W przypadku funkcji superszybkiego \u0142adowania zalecamy u\u017cycie oryginalnej \u0142adowarki Samsung 45 W i kabla do transmisji danych<\/li>\n<li style='padding-top: 10px;'> Nie zaleca si\u0119 u\u017cywania na pla\u017cy ani na basenie<\/li>\n<li style='padding-top: 10px;'> Bardziej naturalne Galaxy S22 Ultra tworzy niezwykle subtelne portrety, kt\u00f3re uchwyc\u0105 zatroskan\u0105 min\u0119, podniesion\u0105 brew czy przelotny u\u015bmiech<\/li>\n<li style='padding-top: 10px;'> Super HDR Zdj\u0119cia portretowe Wideo portretowe Wi\u0119cej detali i kolor\u00f3w Du\u017ca rozpi\u0119to\u015b\u0107 tonalna i poprawiona stabilizacja obrazu sprawiaj\u0105, \u017ce ka\u017cde uj\u0119cie jest wyra\u017ane i wygl\u0105da niezwykle realistycznie<\/li>\n<li style='padding-top: 10px;'>Poznaj Galaxy S22 Ultra Profesjonalny aparat stworzony do nocnych zdj\u0119\u0107 i wideo Aparat g\u0142\u00f3wny o rozdzielczo\u015bci 108 MP<\/li>\n<li style='padding-top: 10px;'> 3x szybszy czas reakcji rysika zapewnia jeszcze wi\u0119kszy komfort tworzenia notatek<\/li>\n<li style='padding-top: 10px;'> Galaxy S22 Ultra ma stopie\u0144 ochrony IP68*, by\u015b m\u00f3g\u0142 z niego korzysta\u0107 nawet, gdy pada deszcz<\/li>\n<li style='padding-top: 10px;'> Dodatkowo wysoka cz\u0119stotliwo\u015b\u0107 od\u015bwie\u017cania ekranu 120 Hz sprawia, \u017ce obrazy wy\u015bwietlaj\u0105 si\u0119 z niezwyk\u0142\u0105 p\u0142ynno\u015bci\u0105<\/li>\n<li style='padding-top: 10px;'> ARMOR ALUMINIUM Wytrzyma\u0142a obudowa Wysoka trwa\u0142o\u015b\u0107 wykonanej z aluminium konstrukcji, by chroni\u0107 urz\u0105dzenie w ka\u017cdej sytuacji<\/li>\n<li style='padding-top: 10px;'> Technologia Vision Booster Doskona\u0142a widoczno\u015b\u0107 na zewn\u0105trz Wy\u015bwietlacz Dynamic AMOLED 2X poprawia widoczno\u015b\u0107 na zewn\u0105trz do 1750 nit\u00f3w w szczytowej jasno\u015bci*<\/li>\n<\/ul>\n<p style='padding: 10px; font-weight: bold; background-color: aliceblue;'>Dost\u0119pno\u015b\u0107:<\/p>\n","protected":false},"featured_media":80994,"comment_status":"closed","ping_status":"open","template":"","meta":[],"product_brand":[],"product_cat":[109],"product_tag":[],"class_list":{"0":"post-79537","1":"product","2":"type-product","3":"status-publish","6":"product_cat-samsung","7":"pa_model-gs-t-sam-1743","8":"pa_producent-samsung","9":"pa_sklep-komputronik-pl","11":"first","12":"instock","13":"product-type-external"},"_links":{"self":[{"href":"https:\/\/taniabonament.pl\/telefony\/wp-json\/wp\/v2\/product\/79537","targetHints":{"allow":["GET"]}}],"collection":[{"href":"https:\/\/taniabonament.pl\/telefony\/wp-json\/wp\/v2\/product"}],"about":[{"href":"https:\/\/taniabonament.pl\/telefony\/wp-json\/wp\/v2\/types\/product"}],"replies":[{"embeddable":true,"href":"https:\/\/taniabonament.pl\/telefony\/wp-json\/wp\/v2\/comments?post=79537"}],"wp:featuredmedia":[{"embeddable":true,"href":"https:\/\/taniabonament.pl\/telefony\/wp-json\/wp\/v2\/media\/80994"}],"wp:attachment":[{"href":"https:\/\/taniabonament.pl\/telefony\/wp-json\/wp\/v2\/media?parent=79537"}],"wp:term":[{"taxonomy":"product_brand","embeddable":true,"href":"https:\/\/taniabonament.pl\/telefony\/wp-json\/wp\/v2\/product_brand?post=79537"},{"taxonomy":"product_cat","embeddable":true,"href":"https:\/\/taniabonament.pl\/telefony\/wp-json\/wp\/v2\/product_cat?post=79537"},{"taxonomy":"product_tag","embeddable":true,"href":"https:\/\/taniabonament.pl\/telefony\/wp-json\/wp\/v2\/product_tag?post=79537"}],"curies":[{"name":"wp","href":"https:\/\/api.w.org\/{rel}","templated":true}]}}