{"id":79509,"date":"2023-03-22T18:51:24","date_gmt":"2023-03-22T18:51:24","guid":{"rendered":"https:\/\/taniabonament.pl\/telefony\/produkt\/smartfon-samsung-galaxy-a13-64gb-dual-sim-niebieski-a137\/"},"modified":"2023-03-22T18:51:25","modified_gmt":"2023-03-22T18:51:25","slug":"smartfon-samsung-galaxy-a13-64gb-dual-sim-niebieski-a137","status":"publish","type":"product","link":"https:\/\/taniabonament.pl\/telefony\/produkt\/smartfon-samsung-galaxy-a13-64gb-dual-sim-niebieski-a137\/","title":{"rendered":"Smartfon Samsung Galaxy A13 64GB Dual SIM niebieski (A137)"},"content":{"rendered":"<h3><strong>Gdzie kupi\u0107 ten telefon marki Samsung?<\/strong><\/h3>\n<p>Ten smartfon &#8211; model GS-T-SAM-1815, kt\u00f3ry jest ch\u0119tnie wybierany, kupisz w cenie 849.0 PLN w sklepie <a href=\"https:\/\/converti.se\/click\/34590059-c70e8160-5f3ad4bf\/?sid=samsung&#038;tag6=product&#038;tag8=2f7c022f514c012b27da6997f319d05c&#038;tag9=Smartfon+Samsung+Galaxy+A13+64GB+Dual+SIM+niebieski+%28A137%29\" rel=\"noopener\">Komputronik.pl<\/a> (sprawd\u017a na stronie naszego partnera czy na ten model obowi\u0105zuj\u0119 promocja, bo ta cena mo\u017ce by\u0107 jeszcze ni\u017csza!)<\/p>\n<h3><strong>Czy warto kupi\u0107 Smartfon Samsung Galaxy A13 64GB Dual SIM niebieski (A137)?<\/strong><\/h3>\n<p>Tak, to sprawdzony smartfon. Telefony od Samsunga cechuj\u0105 si\u0119 dobr\u0105 wydajno\u015bci\u0105 oraz dopracowaniem, korzystaj\u0105 z najnowszych wersji systemu operacyjnego Android. To stabilne i wydajne urz\u0105dzenia z kt\u00f3rych korzystamy na co dzie\u0144. <strong>Bardzo du\u017co os\u00f3b jest wierna marce Samsung<\/strong> i ponownie <strong>decyduje si\u0119 na nowego smartfona tego producenta<\/strong>. Telefony te ciesz\u0105 si\u0119 bardzo dobr\u0105 opini\u0105.<\/p>\n<p style=\"text-align: center; margin: 25px 10px;\"><a style=\"background-color: red; padding: 10px 20px; border-radius: 7px; color: #fff;\" href=\"https:\/\/converti.se\/click\/34590059-c70e8160-5f3ad4bf\/?deep_link=https%3A%2F%2Fwww.komputronik.pl%2Fproduct%2F767750%2Fsamsung-galaxy-a13-64gb-dual-sim-niebieski-a137-.html&#038;sid=samsung&#038;tag6=product&#038;tag8=2f7c022f514c012b27da6997f319d05c&#038;tag9=Smartfon+Samsung+Galaxy+A13+64GB+Dual+SIM+niebieski+%28A137%29\" rel=\"nofollow\"><strong>Zamawiam \/ sprawdzam dane<\/strong><\/a><\/p>\n<p>\u2605\u2605\u2605\u2605\u2605<\/p>\n<p>Poszukujesz <a href=\"https:\/\/taniabonament.pl\/telefony\/\">dobrego taniego smartfona<\/a>? Sprawd\u017a w\u015br\u00f3d pozosta\u0142ych producent\u00f3w telefon\u00f3w, kt\u00f3rych produkty przedstawiamy na naszym portalu (m.in. Apple, Xiaomi, MyPhone) . Telefon to urz\u0105dzenie kt\u00f3re u\u017cywamy codziennie. Ze smartfonem w dzisiejszych czasach praktycznie si\u0119 nie rozstajemy, dlatego warto zainwestowa\u0107 par\u0119 z\u0142otych w dobry sprz\u0119t. Wierzymy, \u017ce znajdziesz na naszym portalu <strong>odpowiedni model telefonu dla siebie<\/strong>!<\/p>\n","protected":false},"excerpt":{"rendered":"<h4>Smartfon <span style='color: #0286E7;'>godny zaufania<\/span> &#8211; <strong>Samsung<\/strong>!<\/h4>\n<p style='padding: 17px 0px;'><span style='color: #fff; background-color: yellowgreen; padding: 2px 7px;border-left: 13px solid #000000;'> godny uwagi <\/span><\/p>\n<p style='padding: 17px 0px;'><span style='color: #fff; background-color: yellowgreen; padding: 2px 7px;border-left: 13px solid #000000;'> dobra cena <\/span><\/p>\n<p style='padding-top: 10px;'>Smartfon Samsung Galaxy A13, cechy i zalety: <\/p>\n<ul style='padding-left: 45px; padding-bottom: 10px;'>\n<li style='padding-top: 10px;'>  Poka\u017c to, co wa\u017cne Zaakcentuj pierwszy plan, naturalnie rozmywaj\u0105c t\u0142o<\/li>\n<li style='padding-top: 10px;'> A dzi\u0119ki technologii szybkiego \u0142adowania o mocy 15 W na\u0142adujesz urz\u0105dzenie znacznie szybciej*<\/li>\n<li style='padding-top: 10px;'> Mo\u017cesz komfortowo surfowa\u0107 po Internecie, prowadzi\u0107 wideoczaty ze znajomymi, a w wolnej chwili odpali\u0107 now\u0105 gr\u0119 i \u015bwietnie si\u0119 bawi\u0107<\/li>\n<li style='padding-top: 10px;'><strong> Mo\u017cesz komfortowo surfowa\u0107 po Internecie, prowadzi\u0107 wideoczaty ze znajomymi, a w wolnej chwili odpali\u0107 now\u0105 gr\u0119 i \u015bwietnie si\u0119 bawi\u0107<\/strong><\/li>\n<li style='padding-top: 10px;'> Rewelacyjny wy\u015bwietlacz Przek\u0105tna 6,6 cali i matryca TFT zapewnia obraz o \u015bwietnej jako\u015bci<\/li>\n<li style='padding-top: 10px;'>Smartfon Samsung Galaxy A13.  Rewelacyjny wy\u015bwietlacz Przek\u0105tna 6,6 cali i matryca TFT zapewnia obraz o \u015bwietnej jako\u015bci<\/li>\n<li style='padding-top: 10px;'> Galaxy A13 dost\u0119pny jest w wersji czarnej i niebieskiej<\/li>\n<li style='padding-top: 10px;'> Uruchom przegl\u0105dark\u0119, poczt\u0119, mapy czy asystenta i dzia\u0142aj tak, jak lubisz<\/li>\n<li style='padding-top: 10px;'> Us\u0142ugi Google System Android na co dzie\u0144 Tw\u00f3j smartfon Galaxy A13 ma ju\u017c zainstalowane najpopularniejsze aplikacje Google*<\/li>\n<li style='padding-top: 10px;'> Wydajny procesor O\u015bmiordzeniowy procesor dla p\u0142ynnej pracy i wci\u0105gaj\u0105cej zabawy<\/li>\n<li style='padding-top: 10px;'> APARAT Doskona\u0142a jako\u015b\u0107 zdj\u0119\u0107 i film\u00f3w Poczw\u00f3rny aparat sprawi, \u017ce Twoje zdj\u0119cia zachwyc\u0105 r\u00f3\u017cnorodno\u015bci\u0105<\/li>\n<li style='padding-top: 10px;'> * Dost\u0119pno\u015b\u0107 aplikacji Google mo\u017ce si\u0119 r\u00f3\u017cni\u0107 w zale\u017cno\u015bci od kraju lub j\u0119zyka<\/li>\n<li style='padding-top: 10px;'> Wykonany w technologii TFT zapewnia wyj\u0105tkow\u0105 jasno\u015b\u0107 i bardzo dobry kontrast<\/li>\n<li style='padding-top: 10px;'> Poka\u017c mn\u00f3stwo detali na fotografiach uchwyconych aparatem g\u0142\u00f3wnym z matryc\u0105 48 MP, uchwy\u0107 spektakularne widoki za pomoc\u0105 obiektywu ultraszerokok\u0105tnego, rozmyj t\u0142o z funkcj\u0105 Live Focus lub skup si\u0119 na szczeg\u00f3le, korzystaj\u0105c z aparatu g\u0142\u0119bi<\/li>\n<li style='padding-top: 10px;'> \u0141adowarka jest sprzedawana oddzielnie<\/li>\n<li style='padding-top: 10px;'> Pojemna bateria Bateria o pojemno\u015bci 5000 mAh i szybkie \u0142adowanie 15 W, by d\u0142u\u017cej korzysta\u0107 ze smartfona*<\/li>\n<li style='padding-top: 10px;'> PROCESOR Moc potrzebna na co dzie\u0144 Galaxy A13 nap\u0119dza o\u015bmiordzeniowy procesor MediaTek MT6177 wspierany 4 GB RAM<\/li>\n<li style='padding-top: 10px;'> Bateria D\u0142ugie godziny korzystania z telefonu Ultra pojemna bateria o wielko\u015bci 5000 mAh pozwoli na d\u0142ugie korzystanie ze smartfona bez konieczno\u015bci \u0142adowania<\/li>\n<li style='padding-top: 10px;'> 50 MP Aparat szerokok\u0105tny 5 MP Aparat ultraszerokok\u0105tny 2 MP Aparat makro 2 MP Aparat g\u0142\u0119bi 8 MP Aparat przedni Szeroki k\u0105t 123\u02da Live Focus Makro Wida\u0107 wi\u0119cej Szerokie pole widzenia sprawdzi si\u0119 w plenerze i w przypadku zdj\u0119\u0107 grupowych<\/li>\n<li style='padding-top: 10px;'> * Rzeczywisty czas pracy baterii zale\u017cy od \u015brodowiska sieciowego, u\u017cywanych funkcji i aplikacji, cz\u0119stotliwo\u015bci po\u0142\u0105cze\u0144 i wiadomo\u015bci, liczby \u0142adowa\u0144 i wielu innych czynnik\u00f3w<\/li>\n<li style='padding-top: 10px;'> Obudowa Glasstic sprawia, \u017ce urz\u0105dzenie nie wy\u015blizguje si\u0119 z r\u0105k i jest wytrzyma\u0142e<\/li>\n<li style='padding-top: 10px;'> * Rzeczywisty czas pracy baterii zale\u017cy od \u015brodowiska sieciowego, u\u017cywanych funkcji i aplikacji, cz\u0119stotliwo\u015bci po\u0142\u0105cze\u0144 i wiadomo\u015bci, liczby \u0142adowa\u0144 i wielu innych czynnik\u00f3w<\/li>\n<li style='padding-top: 10px;'> Ma\u0142e jest pi\u0119kne Zbli\u017c aparat do fotografowanego obiektu, by uchwyci\u0107 jego kolor, faktur\u0119 i detale<\/li>\n<li style='padding-top: 10px;'> DESIGN Smuk\u0142y i nowoczesny Nowoczesna, smuk\u0142a konstrukcja wyr\u00f3\u017cnia telefon, a do tego pozwala na wygodne trzymanie go w r\u0119ce<\/li>\n<li style='padding-top: 10px;'>Poznaj Galaxy A13 Doskona\u0142e aparaty Wysok\u0105 jako\u015b\u0107 zdj\u0119\u0107 zapewniaj\u0105 aparat g\u0142\u00f3wny o rozdzielczo\u015bci 50 MP, funkcja Live Focus oraz funkcja makro<\/li>\n<li style='padding-top: 10px;'> W sam raz, by cieszy\u0107 si\u0119 ogl\u0105daj\u0105c w wolnych chwilach ulubione filmy i seriale<\/li>\n<li style='padding-top: 10px;'> \u0141adowarka jest sprzedawana oddzielnie<\/li>\n<li style='padding-top: 10px;'> Nowoczesny wy\u015bwietlacz \u015awietna jako\u015b\u0107 obrazu Galaxy A13 otrzyma\u0142 ekran o przek\u0105tnej 6,6 cala<\/li>\n<\/ul>\n<p style='padding: 10px; font-weight: bold; background-color: aliceblue;'>Dost\u0119pno\u015b\u0107:<\/p>\n","protected":false},"featured_media":81401,"comment_status":"closed","ping_status":"open","template":"","meta":[],"product_brand":[],"product_cat":[109],"product_tag":[],"class_list":{"0":"post-79509","1":"product","2":"type-product","3":"status-publish","6":"product_cat-samsung","7":"pa_model-gs-t-sam-1815","8":"pa_producent-samsung","9":"pa_sklep-komputronik-pl","11":"first","12":"instock","13":"product-type-external"},"_links":{"self":[{"href":"https:\/\/taniabonament.pl\/telefony\/wp-json\/wp\/v2\/product\/79509","targetHints":{"allow":["GET"]}}],"collection":[{"href":"https:\/\/taniabonament.pl\/telefony\/wp-json\/wp\/v2\/product"}],"about":[{"href":"https:\/\/taniabonament.pl\/telefony\/wp-json\/wp\/v2\/types\/product"}],"replies":[{"embeddable":true,"href":"https:\/\/taniabonament.pl\/telefony\/wp-json\/wp\/v2\/comments?post=79509"}],"wp:featuredmedia":[{"embeddable":true,"href":"https:\/\/taniabonament.pl\/telefony\/wp-json\/wp\/v2\/media\/81401"}],"wp:attachment":[{"href":"https:\/\/taniabonament.pl\/telefony\/wp-json\/wp\/v2\/media?parent=79509"}],"wp:term":[{"taxonomy":"product_brand","embeddable":true,"href":"https:\/\/taniabonament.pl\/telefony\/wp-json\/wp\/v2\/product_brand?post=79509"},{"taxonomy":"product_cat","embeddable":true,"href":"https:\/\/taniabonament.pl\/telefony\/wp-json\/wp\/v2\/product_cat?post=79509"},{"taxonomy":"product_tag","embeddable":true,"href":"https:\/\/taniabonament.pl\/telefony\/wp-json\/wp\/v2\/product_tag?post=79509"}],"curies":[{"name":"wp","href":"https:\/\/api.w.org\/{rel}","templated":true}]}}