{"id":79375,"date":"2023-03-22T18:51:27","date_gmt":"2023-03-22T18:51:27","guid":{"rendered":"https:\/\/taniabonament.pl\/telefony\/produkt\/smartfon-samsung-galaxy-m13-64gb-dual-sim-niebieski-m135\/"},"modified":"2023-03-22T18:51:27","modified_gmt":"2023-03-22T18:51:27","slug":"smartfon-samsung-galaxy-m13-64gb-dual-sim-niebieski-m135","status":"publish","type":"product","link":"https:\/\/taniabonament.pl\/telefony\/produkt\/smartfon-samsung-galaxy-m13-64gb-dual-sim-niebieski-m135\/","title":{"rendered":"Smartfon Samsung Galaxy M13 64GB Dual SIM niebieski (M135)"},"content":{"rendered":"<h3><strong>Gdzie kupi\u0107 ten telefon marki Samsung?<\/strong><\/h3>\n<p>Ten smartfon &#8211; model GS-T-SAM-1809, kt\u00f3ry jest ch\u0119tnie wybierany, kupisz w cenie 869.0 PLN w sklepie <a href=\"https:\/\/converti.se\/click\/34590059-c70e8160-5f3ad4bf\/?sid=samsung&#038;tag6=product&#038;tag8=a6c26f8ce9b53a2796e29bb42dc8ab99&#038;tag9=Smartfon+Samsung+Galaxy+M13+64GB+Dual+SIM+niebieski+%28M135%29\" rel=\"noopener\">Komputronik.pl<\/a> (sprawd\u017a na stronie naszego partnera czy na ten model obowi\u0105zuj\u0119 promocja, bo ta cena mo\u017ce by\u0107 jeszcze ni\u017csza!)<\/p>\n<h3><strong>Czy warto kupi\u0107 Smartfon Samsung Galaxy M13 64GB Dual SIM niebieski (M135)?<\/strong><\/h3>\n<p>Tak, to sprawdzony smartfon. Telefony od Samsunga cechuj\u0105 si\u0119 dobr\u0105 wydajno\u015bci\u0105 oraz dopracowaniem, korzystaj\u0105 z najnowszych wersji systemu operacyjnego Android. To stabilne i wydajne urz\u0105dzenia z kt\u00f3rych korzystamy na co dzie\u0144. <strong>Bardzo du\u017co os\u00f3b jest wierna marce Samsung<\/strong> i ponownie <strong>decyduje si\u0119 na nowego smartfona tego producenta<\/strong>. Telefony te ciesz\u0105 si\u0119 bardzo dobr\u0105 opini\u0105.<\/p>\n<p style=\"text-align: center; margin: 25px 10px;\"><a style=\"background-color: red; padding: 10px 20px; border-radius: 7px; color: #fff;\" href=\"https:\/\/converti.se\/click\/34590059-c70e8160-5f3ad4bf\/?deep_link=https%3A%2F%2Fwww.komputronik.pl%2Fproduct%2F760372%2Fsamsung-galaxy-m13-64gb-dual-sim-niebieski-m135-.html&#038;sid=samsung&#038;tag6=product&#038;tag8=a6c26f8ce9b53a2796e29bb42dc8ab99&#038;tag9=Smartfon+Samsung+Galaxy+M13+64GB+Dual+SIM+niebieski+%28M135%29\" rel=\"nofollow\"><strong>Zamawiam \/ sprawdzam dane<\/strong><\/a><\/p>\n<p>\u2605\u2605\u2605\u2605\u2605<\/p>\n<p>Poszukujesz <a href=\"https:\/\/taniabonament.pl\/telefony\/\">dobrego taniego smartfona<\/a>? Sprawd\u017a w\u015br\u00f3d pozosta\u0142ych producent\u00f3w telefon\u00f3w, kt\u00f3rych produkty przedstawiamy na naszym portalu (m.in. Apple, Xiaomi, MyPhone) . Telefon to urz\u0105dzenie kt\u00f3re u\u017cywamy codziennie. Ze smartfonem w dzisiejszych czasach praktycznie si\u0119 nie rozstajemy, dlatego warto zainwestowa\u0107 par\u0119 z\u0142otych w dobry sprz\u0119t. Wierzymy, \u017ce znajdziesz na naszym portalu <strong>odpowiedni model telefonu dla siebie<\/strong>!<\/p>\n","protected":false},"excerpt":{"rendered":"<h4>Smartfon <span style='color: #0286E7;'>godny zaufania<\/span> &#8211; <strong>Samsung<\/strong>!<\/h4>\n<p style='padding: 17px 0px;'><span style='color: #fff; background-color: yellowgreen; padding: 2px 7px;border-left: 13px solid #000000;'> polecany <\/span><span style='margin-left: 10px; color: #fff; background-color: red; padding: 2px 7px;border-left: 13px solid #000000;'> dobra cena <\/span><\/p>\n<p style='padding-top: 10px;'>Smartfon Samsung Galaxy M13, cechy i zalety: <\/p>\n<ul style='padding-left: 45px; padding-bottom: 10px;'>\n<li style='padding-top: 10px;'>  Ma\u0142e jest pi\u0119kne Uchwycisz nawet najmniejsze detale, przybli\u017caj\u0105c obiektyw do przedmiotu czy ro\u015bliny<\/li>\n<li style='padding-top: 10px;'> Pojemna bateria Bateria o pojemno\u015bci 5000 mAh i superszybkie \u0142adowanie 15 W oznaczaj\u0105 wiele godzin rozm\u00f3w, czy rozrywki i \u0142adowanie w mgnieniu oka<\/li>\n<li style='padding-top: 10px;'>2), aparatu g\u0142\u0119bi (2 MP, F2<\/li>\n<li style='padding-top: 10px;'><strong>2), aparatu g\u0142\u0119bi (2 MP, F2<\/strong><\/li>\n<li style='padding-top: 10px;'> Dzi\u0119ki technologii HD+ nawet codzienne, zwyczajne tre\u015bci maj\u0105 krystalicznie ostry i wyra\u017any wygl\u0105d<\/li>\n<li style='padding-top: 10px;'>6&#8243; jest gwarancj\u0105 najwy\u017cszej jako\u015bci obrazu<\/li>\n<li style='padding-top: 10px;'> APARAT Zachwycaj\u0105ce zdj\u0119cia i filmy Galaxy M13 posiada cztery aparaty, aby Twoje zdj\u0119cia by\u0142y jak najwy\u017cszej jako\u015bci, niezale\u017cnie od tego, co fotografujesz<\/li>\n<li style='padding-top: 10px;'> Uwag\u0119 przykuwaj\u0105 kolory urz\u0105dzenia: zielony, pomara\u0144czowy oraz niebieski<\/li>\n<li style='padding-top: 10px;'> Zapami\u0119taj wszystkie wa\u017cne chwile<\/li>\n<li style='padding-top: 10px;'> DESIGN Smuk\u0142y i nowoczesny Smuk\u0142a konstrukcja smartfonu wygl\u0105da niezwykle nowocze\u015bnie<\/li>\n<li style='padding-top: 10px;'> Lekko zaokr\u0105glone kraw\u0119dzie idealnie le\u017c\u0105 w d\u0142oni, a obudowa Glasstic sprawia, \u017ce telefon nie wy\u015blizguje si\u0119 z r\u0105k i jest wytrzyma\u0142y<\/li>\n<li style='padding-top: 10px;'> Wyszukuj informacje, korzystaj z mapy, poczty czy asystenta i dzia\u0142aj tak jak lubisz, z aplikacjami, kt\u00f3re znasz<\/li>\n<li style='padding-top: 10px;'> NOWOCZESNY wy\u015bwietlacz Wysoka jako\u015b\u0107 obrazu Powi\u0119ksz sobie pole widzenia 6,6-calowym wy\u015bwietlaczem Infinity-V smartfonu Galaxy M13 i zobacz, czego Ci brakowa\u0142o<\/li>\n<li style='padding-top: 10px;'>2)<\/li>\n<li style='padding-top: 10px;'> W przypadku funkcji szybkiego \u0142adowania zalecamy u\u017cycie oryginalnej \u0142adowarki Samsung 15 W i kabla do transmisji danych<\/li>\n<li style='padding-top: 10px;'> * Rzeczywisty czas pracy baterii zale\u017cy od \u015brodowiska sieciowego, u\u017cywanych funkcji i aplikacji, cz\u0119stotliwo\u015bci po\u0142\u0105cze\u0144 i wiadomo\u015bci, liczby \u0142adowa\u0144 i wielu innych czynnik\u00f3w<\/li>\n<li style='padding-top: 10px;'> * Dost\u0119pno\u015b\u0107 aplikacji Google mo\u017ce si\u0119 r\u00f3\u017cni\u0107 w zale\u017cno\u015bci od kraju lub j\u0119zyka<\/li>\n<li style='padding-top: 10px;'> Rewelacyjny wy\u015bwietlacz Du\u017cy wy\u015bwietlacz 6<\/li>\n<li style='padding-top: 10px;'> Naturalne portrety Twoje selfie b\u0119d\u0105 wyra\u017ane i naturalnie wygl\u0105daj\u0105ce<\/li>\n<li style='padding-top: 10px;'> G\u0142\u00f3wny ma matryc\u0119 o rozdzielczo\u015bci a\u017c 50 MP oraz przys\u0142on\u0119 o wysokiej jasno\u015bci F1<\/li>\n<li style='padding-top: 10px;'> * \u0141adowarki, w tym \u0142adowarka 15 W, s\u0105 sprzedawane oddzielnie<\/li>\n<li style='padding-top: 10px;'> Dodatkowo, technologia szybkiego \u0142adowania o mocy 15 W sprawia, \u017ce na\u0142adujesz urz\u0105dzenie znacznie szybciej*<\/li>\n<li style='padding-top: 10px;'> 50MP Aparat g\u0142\u00f3wny 5MP Aparat makro 2MP Aparat g\u0142\u0119bi 8MP Aparat przedni Nagrywanie wideo Makro Selfie Doskona\u0142ej jako\u015bci filmy Nagrywaj w wysokiej rozdzielczo\u015bci FHD+ i utrwal wa\u017cne chwile<\/li>\n<li style='padding-top: 10px;'> \u0141adowarka jest sprzedawana oddzielnie<\/li>\n<li style='padding-top: 10px;'>8, dzi\u0119ki czemu mo\u017cesz robi\u0107 wyra\u017ane zdj\u0119cia nawet w s\u0142abym \u015bwietle<\/li>\n<li style='padding-top: 10px;'>4) oraz aparatu przedniego (8 MP, F2<\/li>\n<li style='padding-top: 10px;'> Dual SIM Mo\u017cliwo\u015b\u0107 korzystania z dw\u00f3ch kart SIM naraz<\/li>\n<li style='padding-top: 10px;'> Us\u0142ugi Google System Android na co dzie\u0144 Tw\u00f3j smartfon Galaxy M13 LTE ma ju\u017c zainstalowane najpopularniejsze aplikacje Google*<\/li>\n<li style='padding-top: 10px;'> Korzysta\u0107 mo\u017cesz r\u00f3wnie\u017c z aparatu makro (5 MP, F2<\/li>\n<li style='padding-top: 10px;'>Poznaj Galaxy M13 Doskona\u0142e aparaty Poczw\u00f3rny aparat pozwala robi\u0107 doskonale wygl\u0105daj\u0105ce zdj\u0119cia<\/li>\n<li style='padding-top: 10px;'> BATERIA D\u0142ugie godziny korzystania z telefonu Ultrapojemna bateria o wielko\u015bci 5000 mAh pozwala na wiele godzin korzystanie ze smartfonu bez potrzeby \u0142adowania<\/li>\n<\/ul>\n<p style='padding: 10px; font-weight: bold; background-color: aliceblue;'>Dost\u0119pno\u015b\u0107:<\/p>\n","protected":false},"featured_media":81405,"comment_status":"closed","ping_status":"open","template":"","meta":[],"product_brand":[],"product_cat":[109],"product_tag":[],"class_list":{"0":"post-79375","1":"product","2":"type-product","3":"status-publish","6":"product_cat-samsung","7":"pa_model-gs-t-sam-1809","8":"pa_producent-samsung","9":"pa_sklep-komputronik-pl","11":"first","12":"instock","13":"product-type-external"},"_links":{"self":[{"href":"https:\/\/taniabonament.pl\/telefony\/wp-json\/wp\/v2\/product\/79375","targetHints":{"allow":["GET"]}}],"collection":[{"href":"https:\/\/taniabonament.pl\/telefony\/wp-json\/wp\/v2\/product"}],"about":[{"href":"https:\/\/taniabonament.pl\/telefony\/wp-json\/wp\/v2\/types\/product"}],"replies":[{"embeddable":true,"href":"https:\/\/taniabonament.pl\/telefony\/wp-json\/wp\/v2\/comments?post=79375"}],"wp:featuredmedia":[{"embeddable":true,"href":"https:\/\/taniabonament.pl\/telefony\/wp-json\/wp\/v2\/media\/81405"}],"wp:attachment":[{"href":"https:\/\/taniabonament.pl\/telefony\/wp-json\/wp\/v2\/media?parent=79375"}],"wp:term":[{"taxonomy":"product_brand","embeddable":true,"href":"https:\/\/taniabonament.pl\/telefony\/wp-json\/wp\/v2\/product_brand?post=79375"},{"taxonomy":"product_cat","embeddable":true,"href":"https:\/\/taniabonament.pl\/telefony\/wp-json\/wp\/v2\/product_cat?post=79375"},{"taxonomy":"product_tag","embeddable":true,"href":"https:\/\/taniabonament.pl\/telefony\/wp-json\/wp\/v2\/product_tag?post=79375"}],"curies":[{"name":"wp","href":"https:\/\/api.w.org\/{rel}","templated":true}]}}