{"id":77984,"date":"2023-03-22T18:51:38","date_gmt":"2023-03-22T18:51:38","guid":{"rendered":"https:\/\/taniabonament.pl\/telefony\/produkt\/smartfon-samsung-galaxy-a53-5g-128gb-dual-sim-czarny-a536\/"},"modified":"2023-03-22T18:51:38","modified_gmt":"2023-03-22T18:51:38","slug":"smartfon-samsung-galaxy-a53-5g-128gb-dual-sim-czarny-a536","status":"publish","type":"product","link":"https:\/\/taniabonament.pl\/telefony\/produkt\/smartfon-samsung-galaxy-a53-5g-128gb-dual-sim-czarny-a536\/","title":{"rendered":"Smartfon Samsung Galaxy A53 5G 128GB Dual SIM czarny (A536)"},"content":{"rendered":"<h3><strong>Gdzie kupi\u0107 ten telefon marki Samsung?<\/strong><\/h3>\n<p>Ten smartfon &#8211; model GS-T-SAM-1771, kt\u00f3ry jest ch\u0119tnie wybierany, kupisz w cenie 2099.0 PLN w sklepie <a href=\"https:\/\/converti.se\/click\/34590059-c70e8160-5f3ad4bf\/?sid=samsung&#038;tag6=product&#038;tag8=db812ea2b7810158eb749bab41b7db2c&#038;tag9=Smartfon+Samsung+Galaxy+A53+5G+128GB+Dual+SIM+czarny+%28A536%29\" rel=\"noopener\">Komputronik.pl<\/a> (sprawd\u017a na stronie naszego partnera czy na ten model obowi\u0105zuj\u0119 promocja, bo ta cena mo\u017ce by\u0107 jeszcze ni\u017csza!)<\/p>\n<h3><strong>Czy warto kupi\u0107 Smartfon Samsung Galaxy A53 5G 128GB Dual SIM czarny (A536)?<\/strong><\/h3>\n<p>Tak, to sprawdzony smartfon. Telefony od Samsunga cechuj\u0105 si\u0119 dobr\u0105 wydajno\u015bci\u0105 oraz dopracowaniem, korzystaj\u0105 z najnowszych wersji systemu operacyjnego Android. To stabilne i wydajne urz\u0105dzenia z kt\u00f3rych korzystamy na co dzie\u0144. <strong>Bardzo du\u017co os\u00f3b jest wierna marce Samsung<\/strong> i ponownie <strong>decyduje si\u0119 na nowego smartfona tego producenta<\/strong>. Telefony te ciesz\u0105 si\u0119 bardzo dobr\u0105 opini\u0105.<\/p>\n<p style=\"text-align: center; margin: 25px 10px;\"><a style=\"background-color: red; padding: 10px 20px; border-radius: 7px; color: #fff;\" href=\"https:\/\/converti.se\/click\/34590059-c70e8160-5f3ad4bf\/?deep_link=https%3A%2F%2Fwww.komputronik.pl%2Fproduct%2F750272%2Fsamsung-galaxy-a53-5g-128gb-dual-sim-czarny-a536-.html&#038;sid=samsung&#038;tag6=product&#038;tag8=db812ea2b7810158eb749bab41b7db2c&#038;tag9=Smartfon+Samsung+Galaxy+A53+5G+128GB+Dual+SIM+czarny+%28A536%29\" rel=\"nofollow\"><strong>Zamawiam \/ sprawdzam dane<\/strong><\/a><\/p>\n<p>\u2605\u2605\u2605\u2605\u2605<\/p>\n<p>Poszukujesz <a href=\"https:\/\/taniabonament.pl\/telefony\/\">dobrego taniego smartfona<\/a>? Sprawd\u017a w\u015br\u00f3d pozosta\u0142ych producent\u00f3w telefon\u00f3w, kt\u00f3rych produkty przedstawiamy na naszym portalu (m.in. Apple, Xiaomi, MyPhone) . Telefon to urz\u0105dzenie kt\u00f3re u\u017cywamy codziennie. Ze smartfonem w dzisiejszych czasach praktycznie si\u0119 nie rozstajemy, dlatego warto zainwestowa\u0107 par\u0119 z\u0142otych w dobry sprz\u0119t. Wierzymy, \u017ce znajdziesz na naszym portalu <strong>odpowiedni model telefonu dla siebie<\/strong>!<\/p>\n","protected":false},"excerpt":{"rendered":"<h4>Smartfon <span style='color: #0286E7;'>godny zaufania<\/span> &#8211; <strong>Samsung<\/strong>!<\/h4>\n<p style='padding: 17px 0px;'><span style='color: #fff; background-color: yellowgreen; padding: 2px 7px;border-left: 13px solid #000000;'> godny uwagi <\/span><\/p>\n<p style='padding: 17px 0px;'><span style='color: #fff; background-color: yellowgreen; padding: 2px 7px;border-left: 13px solid #000000;'> dobra cena <\/span><\/p>\n<p style='padding-top: 10px;'>Smartfon Samsung Galaxy A53, cechy i zalety: <\/p>\n<ul style='padding-left: 45px; padding-bottom: 10px;'>\n<li style='padding-top: 10px;'>  Wyr\u00f3\u017cnij si\u0119 w mediach spo\u0142eczno\u015bciowych Czy znasz ju\u017c tryb Rozrywka? To funkcja, dzi\u0119ki kt\u00f3rej stworzysz w\u0142asne emoji AR, filtry oraz dodasz do swoich zdj\u0119\u0107 fantastyczne efekty ze Snapchata<\/li>\n<li style='padding-top: 10px;'> Na podstawie wynik\u00f3w testu zanurzenia do 1 metra w wodzie s\u0142odkiej przez maksymalnie 30 minut<\/li>\n<li style='padding-top: 10px;'> Mo\u017cesz wybra\u0107 klasyczne wersje kolorystyczne: bia\u0142\u0105 lub czarn\u0105 lub wyr\u00f3\u017cni\u0107 si\u0119 telefonem w odcieniu niebieskim czy pomara\u0144czowym<\/li>\n<li style='padding-top: 10px;'><strong> Mo\u017cesz wybra\u0107 klasyczne wersje kolorystyczne: bia\u0142\u0105 lub czarn\u0105 lub wyr\u00f3\u017cni\u0107 si\u0119 telefonem w odcieniu niebieskim czy pomara\u0144czowym<\/strong><\/li>\n<li style='padding-top: 10px;'> Przy tym oferuje wysok\u0105 jasno\u015b\u0107, dochodz\u0105c\u0105 do 800 nit\u00f3w<\/li>\n<li style='padding-top: 10px;'>Smartfon Samsung Galaxy A53.  Przy tym oferuje wysok\u0105 jasno\u015b\u0107, dochodz\u0105c\u0105 do 800 nit\u00f3w<\/li>\n<li style='padding-top: 10px;'> Pozwala komfortowo przegl\u0105da\u0107 tre\u015bci nawet w ostrym s\u0142o\u0144cu<\/li>\n<li style='padding-top: 10px;'> Przedni aparat 32 MP z funkcj\u0105 Live Focus pozwoli r\u00f3wnie\u017c na zrobienie wysokiej jako\u015bci selfie<\/li>\n<li style='padding-top: 10px;'> APARAT G\u0141\u0118BI Zaakcentuj to, co wa\u017cne W Galaxy A53 5G do dyspozycji masz r\u00f3wnie\u017c aparat g\u0142\u0119bi 5 MP<\/li>\n<li style='padding-top: 10px;'> Zawsze w kontakcie Sie\u0107 5G umo\u017cliwi Ci prowadzenie wideokonferencji w wysokiej jako\u015bci obrazu i bezproblemowe \u0142\u0105czenie si\u0119 ze wsp\u00f3\u0142pracownikami z domu, biura czy poci\u0105gu<\/li>\n<li style='padding-top: 10px;'> Dodatkowo w Galerii zyskujesz mo\u017cliwo\u015b\u0107 zastosowania r\u00f3\u017cnorodnych styl\u00f3w bokeh do swoich fotografii*<\/li>\n<li style='padding-top: 10px;'> Ma\u0142e jest pi\u0119kne Aparat makro mo\u017cna zbli\u017cy\u0107 do fotografowanego przedmiotu, by wyra\u017anie pokaza\u0107 jego detal, kolor czy niesamowit\u0105 faktur\u0119<\/li>\n<li style='padding-top: 10px;'> Gry i sport 10-krotnie mniejsze op\u00f3\u017anienia** sprawi\u0105, \u017ce jeszcze bardziej wci\u0105gniesz si\u0119 w \u015bwiat gier, nawet tych z zaawansowan\u0105 grafik\u0105 AR i VR<\/li>\n<li style='padding-top: 10px;'> Pozosta\u0142e obiektywy zapewniaj\u0105 szeroki k\u0105t 123\u02da, funkcj\u0119 Live Focus oraz funkcj\u0119 makro<\/li>\n<li style='padding-top: 10px;'> APARAT Doskona\u0142a jako\u015b\u0107 zdj\u0119\u0107 i film\u00f3w Wysoka jako\u015b\u0107 zdj\u0119\u0107 dzi\u0119ki poczw\u00f3rnemu tylnemu aparatowi, w tym g\u0142\u00f3wnemu z matryc\u0105 64 MP z optyczn\u0105 stabilizacj\u0105 obrazu (OIS)<\/li>\n<li style='padding-top: 10px;'> NOWOCZESNY WY\u015aWIETLACZ \u015awietna jako\u015b\u0107 obrazu 6,5-calowy ekran Super AMOLED Infinity-O o wysokiej cz\u0119stotliwo\u015bci od\u015bwie\u017cania 120 Hz zapewnia wspania\u0142\u0105 jako\u015b\u0107 oraz maksymaln\u0105 p\u0142ynno\u015b\u0107 wy\u015bwietlanych film\u00f3w i gier<\/li>\n<li style='padding-top: 10px;'> ** Rzeczywista \u017cywotno\u015b\u0107 baterii zale\u017cy od \u015brodowiska sieciowego, u\u017cywanych funkcji i aplikacji, cz\u0119stotliwo\u015bci po\u0142\u0105cze\u0144 i wiadomo\u015bci, liczby \u0142adowanych baterii i wielu innych czynnik\u00f3w<\/li>\n<li style='padding-top: 10px;'> Z 5G mo\u017cesz liczy\u0107 na superszybkie przesy\u0142anie strumieniowe, pobieranie i granie w chmurze bez \u015bci\u0105gania gier na smartfona<\/li>\n<li style='padding-top: 10px;'> Dzi\u0119ki temu mo\u017cesz w kr\u00f3tk\u0105 chwil\u0119 \u015bci\u0105gn\u0105\u0107 nowy sezon ulubionego serialu<\/li>\n<li style='padding-top: 10px;'> Ty nie musisz si\u0119 o nic martwi\u0107<\/li>\n<li style='padding-top: 10px;'> Obraz symulowany<\/li>\n<li style='padding-top: 10px;'> Hiperszybkie pobieranie Sie\u0107 5G pozwala na 20-krotnie szybsze pr\u0119dko\u015bci pobierania danych*<\/li>\n<li style='padding-top: 10px;'> Urz\u0105dzenie \u015bwietnie le\u017cy w d\u0142oni za spraw\u0105 delikatnie zaokr\u0105glonych kraw\u0119dzi<\/li>\n<li style='padding-top: 10px;'> *** Galaxy A53 5G spe\u0142nia norm\u0119 IP67<\/li>\n<li style='padding-top: 10px;'> Twoje fotografie b\u0119d\u0105 pi\u0119knie nasycone, kontrastowe i niezwykle realistyczne<\/li>\n<li style='padding-top: 10px;'> Otrzymujesz a\u017c 128 lub 256 GB pami\u0119ci na swoje filmy i zdj\u0119cia<\/li>\n<li style='padding-top: 10px;'> Wida\u0107 wi\u0119cej Uchwy\u0107 na zdj\u0119ciu szerokie panoramy lub wszystkich swoich znajomych<\/li>\n<li style='padding-top: 10px;'>\u0141\u0105czno\u015b\u0107 5G Gotowo\u015b\u0107 na transfer danych najnowszej generacji* Awesome aparat Zaawansowany system czterech tylnych obiektyw\u00f3w z aparatem g\u0142\u00f3wnym 64 MP (z optyczn\u0105 stabilizacj\u0105 obrazu) i inteligentnymi funkcjami Awesome bateria D\u0142ugie godziny dzia\u0142ania dzi\u0119ki baterii o pojemno\u015bci 5000 mAh oraz wsparciu szybkiego \u0142adowania 25 W** Awesome ekran Wci\u0105gaj\u0105cy obraz na 6,5-calowym, superp\u0142ynnym wy\u015bwietlaczu Super AMOLED Awesome pami\u0119\u0107 Do Twojej dyspozycji a\u017c 128\/256 GB pami\u0119ci wewn\u0119trznej (w zale\u017cno\u015bci od modelu) Wodoodporno\u015b\u0107 Smartfon jest zgodny z norm\u0105 IP67, co oznacza, \u017ce jest chroniony przed wod\u0105 i kurzem*** * Dotyczy dzia\u0142ania w sieci 5G<\/li>\n<li style='padding-top: 10px;'> Optyczna stabilizacja obrazu Zawsze wyra\u017ane filmy Aparat 64 MP wyposa\u017cono w optyczn\u0105 stabilizacj\u0119 obrazu (OIS), wi\u0119c filmy, kt\u00f3re zarejestrujesz za jego pomoc\u0105 b\u0119d\u0105 wyra\u017ane i pozbawione drga\u0144<\/li>\n<li style='padding-top: 10px;'> Dodatkowo, mo\u017cesz je kadrowa\u0107, podkre\u015blaj\u0105c elementy, kt\u00f3re Ci\u0119 najbardziej zainteresowa\u0142y &#8211; tak powsta\u0142e fotografie nie strac\u0105 na jako\u015bci<\/li>\n<li style='padding-top: 10px;'> 64 MP Aparat szerokok\u0105tny z optyczn\u0105 stabilizacj\u0105 obrazu (OIS) 12 MP Aparat ultraszerokok\u0105tny 5 MP Aparat makro 5 MP Aparat g\u0142\u0119bi 32 MP Aparat przedni Bogactwo szczeg\u00f3\u0142\u00f3w Matryca aparatu g\u0142\u00f3wnego ma rozdzielczo\u015b\u0107 64 MP, co pozwala zarejestrowa\u0107 w kadrze wi\u0119cej szczeg\u00f3\u0142\u00f3w<\/li>\n<li style='padding-top: 10px;'> Mo\u017cesz wybra\u0107 stopie\u0144 rozmycia, w zale\u017cno\u015bci od efektu, jaki chcesz osi\u0105gn\u0105\u0107<\/li>\n<li style='padding-top: 10px;'> Sie\u0107 5G nie jest jeszcze dost\u0119pna powszechnie w Polsce<\/li>\n<li style='padding-top: 10px;'> Rejestruj dynamiczne sceny i pokazuj je znajomym &#8211; b\u0119d\u0105 zachwyceni! Jeszcze lepsza jako\u015b\u0107 zdj\u0119\u0107 Sztuczna inteligencja w A53 5G dba, by zdj\u0119cia i filmy by\u0142y jak najlepszej jako\u015bci<\/li>\n<li style='padding-top: 10px;'> DESIGN Smuk\u0142y i nowoczesny Minimalistyczny design z jeszcze smuklejsz\u0105 konstrukcj\u0105 dodaje Galaxy A53 5G nowoczesno\u015bci<\/li>\n<li style='padding-top: 10px;'> Automatycznie dobiera optymalne kolory, jasno\u015b\u0107 i wydobywa detale obrazu<\/li>\n<li style='padding-top: 10px;'> * Efekt Spin, Zoom i Punkt barwny dost\u0119pne tylko w trybie Galerii, nie s\u0105 <\/li>\n<li style='padding-top: 10px;'> To dzi\u0119ki niemu efektownie rozmyjesz t\u0142o na zdj\u0119ciach portretowych<\/li>\n<li style='padding-top: 10px;'> Wykorzystaj do tego aparat ultraszerokok\u0105tny, kt\u00f3ry potrafi zarejestrowa\u0107 uj\u0119cie obejmuj\u0105ce a\u017c 123\u00b0 pola widzenia<\/li>\n<li style='padding-top: 10px;'> \u0141\u0105czno\u015b\u0107 5G SUPERSZYBKI PRZESY\u0141 DANYCH Przygotuj si\u0119 na wy\u017csze pr\u0119dko\u015bci! Galaxy A53 5G jest gotowy do pracy w sieci mobilnej najnowszej generacji*<\/li>\n<li style='padding-top: 10px;'> Bezpieczne u\u017cycie tylko pod niskim ci\u015bnieniem wody<\/li>\n<li style='padding-top: 10px;'> Niezalecane u\u017cywanie na pla\u017cy, w basenie, w wodzie z myd\u0142em<\/li>\n<\/ul>\n<p style='padding: 10px; font-weight: bold; background-color: aliceblue;'>Dost\u0119pno\u015b\u0107:<\/p>\n","protected":false},"featured_media":81422,"comment_status":"closed","ping_status":"open","template":"","meta":[],"product_brand":[],"product_cat":[109],"product_tag":[],"class_list":{"0":"post-77984","1":"product","2":"type-product","3":"status-publish","6":"product_cat-samsung","7":"pa_model-gs-t-sam-1771","8":"pa_producent-samsung","9":"pa_sklep-komputronik-pl","11":"first","12":"instock","13":"product-type-external"},"_links":{"self":[{"href":"https:\/\/taniabonament.pl\/telefony\/wp-json\/wp\/v2\/product\/77984","targetHints":{"allow":["GET"]}}],"collection":[{"href":"https:\/\/taniabonament.pl\/telefony\/wp-json\/wp\/v2\/product"}],"about":[{"href":"https:\/\/taniabonament.pl\/telefony\/wp-json\/wp\/v2\/types\/product"}],"replies":[{"embeddable":true,"href":"https:\/\/taniabonament.pl\/telefony\/wp-json\/wp\/v2\/comments?post=77984"}],"wp:featuredmedia":[{"embeddable":true,"href":"https:\/\/taniabonament.pl\/telefony\/wp-json\/wp\/v2\/media\/81422"}],"wp:attachment":[{"href":"https:\/\/taniabonament.pl\/telefony\/wp-json\/wp\/v2\/media?parent=77984"}],"wp:term":[{"taxonomy":"product_brand","embeddable":true,"href":"https:\/\/taniabonament.pl\/telefony\/wp-json\/wp\/v2\/product_brand?post=77984"},{"taxonomy":"product_cat","embeddable":true,"href":"https:\/\/taniabonament.pl\/telefony\/wp-json\/wp\/v2\/product_cat?post=77984"},{"taxonomy":"product_tag","embeddable":true,"href":"https:\/\/taniabonament.pl\/telefony\/wp-json\/wp\/v2\/product_tag?post=77984"}],"curies":[{"name":"wp","href":"https:\/\/api.w.org\/{rel}","templated":true}]}}