{"id":76580,"date":"2022-08-15T07:46:11","date_gmt":"2022-08-15T07:46:11","guid":{"rendered":"https:\/\/taniabonament.pl\/telefony\/produkt\/smartfon-sony-xperia-5-iii-5g-8-128gb-dual-sim-zielony\/"},"modified":"2022-08-15T07:46:11","modified_gmt":"2022-08-15T07:46:11","slug":"smartfon-sony-xperia-5-iii-5g-8-128gb-dual-sim-zielony","status":"publish","type":"product","link":"https:\/\/taniabonament.pl\/telefony\/produkt\/smartfon-sony-xperia-5-iii-5g-8-128gb-dual-sim-zielony\/","title":{"rendered":"Smartfon Sony Xperia 5 III 5G 8\/128GB Dual SIM Zielony"},"content":{"rendered":"<p>Ten smartfon kupisz w niskiej cenie w sklepie <a href=\"https:\/\/converti.se\/click\/34590059-c70e8160-5f3fd1bb\/?deep_link=https%3A%2F%2Fwww.morele.net%2Fsmartfon-sony-xperia-5-iii-5g-8-128gb-dual-sim-zielony-9291965%2F&#038;sid=sony&#038;tag6=product&#038;tag8=17bed26c374c56c3a75d33a1288198aa&#038;tag9=Smartfon+Sony+Xperia+5+III+5G+8%2F128GB+Dual+SIM+Zielony\" rel=\"noopener\">Morele.net<\/a><\/p>\n<p>Czy warto wybra\u0107 SONY?<\/p>\n<p>Z pewno\u015bci\u0105, jest to solidna i dobra marka, kt\u00f3ra sowim z swoim do\u015bwiadczeniem w zakresie produkcji elektroniki kilka lat temu wesz\u0142a w rynek telefon\u00f3w i smartfon\u00f3w. Pierwotnie wsp\u00f3\u0142pracuj\u0105c z r\u00f3wnie do\u015bwiadczon\u0105 firm\u0105 bran\u017cy telekomunikacyjnej Ericsson. U\u017cytkownicy korzystaj\u0105cy na co dzie\u0144 ze smartfon\u00f3w marki SONY s\u0105 bardzo zadowoleni.<\/p>\n","protected":false},"excerpt":{"rendered":"<p>Smartfon Sony Xperia 5. Szukasz smartfona marki <strong>Sony<\/strong>? Dobrze trafi\u0142e\u015b! <\/p>\n","protected":false},"featured_media":79875,"comment_status":"closed","ping_status":"open","template":"","meta":[],"product_brand":[],"product_cat":[196],"product_tag":[],"class_list":{"0":"post-76580","1":"product","2":"type-product","3":"status-publish","6":"product_cat-sony","7":"pa_producent-sony","8":"pa_sklep-morele-net","10":"first","11":"instock","12":"product-type-external"},"_links":{"self":[{"href":"https:\/\/taniabonament.pl\/telefony\/wp-json\/wp\/v2\/product\/76580","targetHints":{"allow":["GET"]}}],"collection":[{"href":"https:\/\/taniabonament.pl\/telefony\/wp-json\/wp\/v2\/product"}],"about":[{"href":"https:\/\/taniabonament.pl\/telefony\/wp-json\/wp\/v2\/types\/product"}],"replies":[{"embeddable":true,"href":"https:\/\/taniabonament.pl\/telefony\/wp-json\/wp\/v2\/comments?post=76580"}],"wp:featuredmedia":[{"embeddable":true,"href":"https:\/\/taniabonament.pl\/telefony\/wp-json\/wp\/v2\/media\/79875"}],"wp:attachment":[{"href":"https:\/\/taniabonament.pl\/telefony\/wp-json\/wp\/v2\/media?parent=76580"}],"wp:term":[{"taxonomy":"product_brand","embeddable":true,"href":"https:\/\/taniabonament.pl\/telefony\/wp-json\/wp\/v2\/product_brand?post=76580"},{"taxonomy":"product_cat","embeddable":true,"href":"https:\/\/taniabonament.pl\/telefony\/wp-json\/wp\/v2\/product_cat?post=76580"},{"taxonomy":"product_tag","embeddable":true,"href":"https:\/\/taniabonament.pl\/telefony\/wp-json\/wp\/v2\/product_tag?post=76580"}],"curies":[{"name":"wp","href":"https:\/\/api.w.org\/{rel}","templated":true}]}}