{"id":73507,"date":"2021-06-24T04:59:14","date_gmt":"2021-06-24T04:59:14","guid":{"rendered":"https:\/\/taniabonament.pl\/telefony\/produkt\/smartfon-vivo-y11s-3-32gb-6-51-niebieski-5656311\/"},"modified":"2021-06-24T04:59:17","modified_gmt":"2021-06-24T04:59:17","slug":"smartfon-vivo-y11s-3-32gb-6-51-niebieski-5656311","status":"publish","type":"product","link":"https:\/\/taniabonament.pl\/telefony\/produkt\/smartfon-vivo-y11s-3-32gb-6-51-niebieski-5656311\/","title":{"rendered":"Smartfon vivo Y11S 3\/32GB 6.51&#8243; Niebieski 5656311"},"content":{"rendered":"<p>Ten model telefonu kupisz w sklepie <a href=\"https:\/\/converti.se\/click\/34590059-c70e8160-5f3fd0bc\/?deep_link=https%3A%2F%2Fwww.mediaexpert.pl%2Fsmartfony-i-zegarki%2Fsmartfony%2Fsmartfon-vivo-y11s-glacier-blue%3Futm_source%3DJjakisty3m8p%26utm_medium%3DXML%26utm_content%3D350989%26utm_campaign%3D2021-06%26utm_term%3DSmartfony&#038;sid=smartfony-vivo&#038;tag6=product&#038;tag8=a1eb783c483fc23f32d9b37f5f908525&#038;tag9=Smartfon+vivo+Y11S+3%2F32GB+6.51%22+Niebieski+5656311\" rel=\"noopener\">MediaExpert<\/a>, w niskiej cenie 499.99 PLN. Przeczytaj opinie oraz zapoznaj si\u0119 z plusami tego konkretnego smartfona od VIVO.<\/p>\n","protected":false},"excerpt":{"rendered":"<h4>Szukasz <span style='color: #0286E7;'>dobrego<\/span> smartfona <strong>VIVO<\/strong>?<\/h4>\n<p style='padding-top: 10px;'>Smartfon vivo Y11S 3\/32GB, cechy i zalety: <\/p>\n<ul style='padding-left: 45px; padding-bottom: 10px;'>\n<li style='padding-top: 10px;'> Odblokowanie telefonu z w\u0142\u0105czonym wy\u015bwietlaczem trwa zaledwie 0,33 s \u2013 nieomal w mgnieniu oka<\/li>\n<li style='padding-top: 10px;'> Dzi\u0119ki niej model Y11s wygl\u0105da wyj\u0105tkowo elegancko, a jednocze\u015bnie jest bezproblemowy w obs\u0142udze<\/li>\n<li style='padding-top: 10px;'><strong> Dzi\u0119ki niej model Y11s wygl\u0105da wyj\u0105tkowo elegancko, a jednocze\u015bnie jest bezproblemowy w obs\u0142udze<\/strong><\/li>\n<li style='padding-top: 10px;'>Konstrukcja czytnika linii papilarnych vivo umieszczonego na boku obudowy pozwala na jednoczesne w\u0142\u0105czenie i odblokowanie telefonu<\/li>\n<li style='padding-top: 10px;'>Smartfon vivo Y11S 3\/32GB. Konstrukcja czytnika linii papilarnych vivo umieszczonego na boku obudowy pozwala na jednoczesne w\u0142\u0105czenie i odblokowanie telefonu<\/li>\n<\/ul>\n<p style='padding: 10px; font-weight: bold; background-color: aliceblue;'>Sprawd\u017a dost\u0119pno\u015b\u0107:<\/p>\n<p><img src='https:\/\/taniabonament.pl\/telefony\/wp-content\/uploads\/sklepylogo\/mediaexpert-logo.png' style='padding-top: 15px; padding-left: 48px; padding-bottom: 15px;' alt='MediaExpert sklep' \/><\/p>\n","protected":false},"featured_media":73508,"comment_status":"closed","ping_status":"open","template":"","meta":[],"product_brand":[],"product_cat":[1318],"product_tag":[],"class_list":{"0":"post-73507","1":"product","2":"type-product","3":"status-publish","6":"product_cat-vivo","7":"pa_model-y11s","8":"pa_producent-vivo","9":"pa_sklep-mediaexpert","11":"first","12":"instock","13":"product-type-external"},"_links":{"self":[{"href":"https:\/\/taniabonament.pl\/telefony\/wp-json\/wp\/v2\/product\/73507","targetHints":{"allow":["GET"]}}],"collection":[{"href":"https:\/\/taniabonament.pl\/telefony\/wp-json\/wp\/v2\/product"}],"about":[{"href":"https:\/\/taniabonament.pl\/telefony\/wp-json\/wp\/v2\/types\/product"}],"replies":[{"embeddable":true,"href":"https:\/\/taniabonament.pl\/telefony\/wp-json\/wp\/v2\/comments?post=73507"}],"wp:featuredmedia":[{"embeddable":true,"href":"https:\/\/taniabonament.pl\/telefony\/wp-json\/wp\/v2\/media\/73508"}],"wp:attachment":[{"href":"https:\/\/taniabonament.pl\/telefony\/wp-json\/wp\/v2\/media?parent=73507"}],"wp:term":[{"taxonomy":"product_brand","embeddable":true,"href":"https:\/\/taniabonament.pl\/telefony\/wp-json\/wp\/v2\/product_brand?post=73507"},{"taxonomy":"product_cat","embeddable":true,"href":"https:\/\/taniabonament.pl\/telefony\/wp-json\/wp\/v2\/product_cat?post=73507"},{"taxonomy":"product_tag","embeddable":true,"href":"https:\/\/taniabonament.pl\/telefony\/wp-json\/wp\/v2\/product_tag?post=73507"}],"curies":[{"name":"wp","href":"https:\/\/api.w.org\/{rel}","templated":true}]}}