{"id":73505,"date":"2021-06-24T04:59:14","date_gmt":"2021-06-24T04:59:14","guid":{"rendered":"https:\/\/taniabonament.pl\/telefony\/produkt\/smartfon-vivo-y20s-4-128gb-6-51-niebieski-5656363\/"},"modified":"2021-06-24T04:59:16","modified_gmt":"2021-06-24T04:59:16","slug":"smartfon-vivo-y20s-4-128gb-6-51-niebieski-5656363","status":"publish","type":"product","link":"https:\/\/taniabonament.pl\/telefony\/produkt\/smartfon-vivo-y20s-4-128gb-6-51-niebieski-5656363\/","title":{"rendered":"Smartfon vivo Y20s 4\/128GB 6.51&#8243; Niebieski 5656363"},"content":{"rendered":"<p>Ten model telefonu kupisz w sklepie <a href=\"https:\/\/converti.se\/click\/34590059-c70e8160-5f3fd0bc\/?deep_link=https%3A%2F%2Fwww.mediaexpert.pl%2Fsmartfony-i-zegarki%2Fsmartfony%2Fsmartfon-vivo-y20s-nebula-blue%3Futm_source%3DJjakisty3m8p%26utm_medium%3DXML%26utm_content%3D350987%26utm_campaign%3D2021-06%26utm_term%3DSmartfony&#038;sid=smartfony-vivo&#038;tag6=product&#038;tag8=d3d995615561ae938ead89025feb7098&#038;tag9=Smartfon+vivo+Y20s+4%2F128GB+6.51%22+Niebieski+5656363\" rel=\"noopener\">MediaExpert<\/a>, w niskiej cenie 699.0 PLN. Przeczytaj opinie oraz zapoznaj si\u0119 z plusami tego konkretnego smartfona od VIVO.<\/p>\n","protected":false},"excerpt":{"rendered":"<h4>Szukasz <span style='color: #0286E7;'>dobrego<\/span> smartfona <strong>VIVO<\/strong>?<\/h4>\n<p style='padding-top: 10px;'>Smartfon vivo Y20s 4\/128GB, cechy i zalety: <\/p>\n<ul style='padding-left: 45px; padding-bottom: 10px;'>\n<li style='padding-top: 10px;'> Doskonale wypolerowany korpus smartfona o profilu 2,5 D jest lekki, ergonomiczny i dobrze le\u017cy w d\u0142oni<\/li>\n<li style='padding-top: 10px;'> Charakterystyczne wzornictwo marki vivo uzupe\u0142nia szereg nowych, przyci\u0105gaj\u0105cych wzrok barw<\/li>\n<li style='padding-top: 10px;'><strong> Charakterystyczne wzornictwo marki vivo uzupe\u0142nia szereg nowych, przyci\u0105gaj\u0105cych wzrok barw<\/strong><\/li>\n<\/ul>\n<p style='padding: 10px; font-weight: bold; background-color: aliceblue;'>Sprawd\u017a dost\u0119pno\u015b\u0107:<\/p>\n<p><img src='https:\/\/taniabonament.pl\/telefony\/wp-content\/uploads\/sklepylogo\/mediaexpert-logo.png' style='padding-top: 15px; padding-left: 48px; padding-bottom: 15px;' alt='MediaExpert sklep' \/><\/p>\n","protected":false},"featured_media":73506,"comment_status":"closed","ping_status":"open","template":"","meta":[],"product_brand":[],"product_cat":[1318],"product_tag":[],"class_list":{"0":"post-73505","1":"product","2":"type-product","3":"status-publish","6":"product_cat-vivo","7":"pa_model-y20s","8":"pa_producent-vivo","9":"pa_sklep-mediaexpert","11":"first","12":"instock","13":"product-type-external"},"_links":{"self":[{"href":"https:\/\/taniabonament.pl\/telefony\/wp-json\/wp\/v2\/product\/73505","targetHints":{"allow":["GET"]}}],"collection":[{"href":"https:\/\/taniabonament.pl\/telefony\/wp-json\/wp\/v2\/product"}],"about":[{"href":"https:\/\/taniabonament.pl\/telefony\/wp-json\/wp\/v2\/types\/product"}],"replies":[{"embeddable":true,"href":"https:\/\/taniabonament.pl\/telefony\/wp-json\/wp\/v2\/comments?post=73505"}],"wp:featuredmedia":[{"embeddable":true,"href":"https:\/\/taniabonament.pl\/telefony\/wp-json\/wp\/v2\/media\/73506"}],"wp:attachment":[{"href":"https:\/\/taniabonament.pl\/telefony\/wp-json\/wp\/v2\/media?parent=73505"}],"wp:term":[{"taxonomy":"product_brand","embeddable":true,"href":"https:\/\/taniabonament.pl\/telefony\/wp-json\/wp\/v2\/product_brand?post=73505"},{"taxonomy":"product_cat","embeddable":true,"href":"https:\/\/taniabonament.pl\/telefony\/wp-json\/wp\/v2\/product_cat?post=73505"},{"taxonomy":"product_tag","embeddable":true,"href":"https:\/\/taniabonament.pl\/telefony\/wp-json\/wp\/v2\/product_tag?post=73505"}],"curies":[{"name":"wp","href":"https:\/\/api.w.org\/{rel}","templated":true}]}}