{"id":73501,"date":"2021-06-24T04:59:14","date_gmt":"2021-06-24T04:59:14","guid":{"rendered":"https:\/\/taniabonament.pl\/telefony\/produkt\/smartfon-vivo-y70-8-128gb-6-44-niebieski-5656523\/"},"modified":"2021-06-24T04:59:15","modified_gmt":"2021-06-24T04:59:15","slug":"smartfon-vivo-y70-8-128gb-6-44-niebieski-5656523","status":"publish","type":"product","link":"https:\/\/taniabonament.pl\/telefony\/produkt\/smartfon-vivo-y70-8-128gb-6-44-niebieski-5656523\/","title":{"rendered":"Smartfon vivo Y70 8\/128GB 6.44&#8243; Niebieski 5656523"},"content":{"rendered":"<p>Ten model telefonu kupisz w sklepie <a href=\"https:\/\/converti.se\/click\/34590059-c70e8160-5f3fd0bc\/?deep_link=https%3A%2F%2Fwww.mediaexpert.pl%2Fsmartfony-i-zegarki%2Fsmartfony%2Fsmartfon-vivo-y70-oxygen-blue%3Futm_source%3DJjakisty3m8p%26utm_medium%3DXML%26utm_content%3D350983%26utm_campaign%3D2021-06%26utm_term%3DSmartfony&#038;sid=smartfony-vivo&#038;tag6=product&#038;tag8=93c7b973a7ad0679e7766667d89fb496&#038;tag9=Smartfon+vivo+Y70+8%2F128GB+6.44%22+Niebieski+5656523\" rel=\"noopener\">MediaExpert<\/a>, w niskiej cenie 899.0 PLN. Przeczytaj opinie oraz zapoznaj si\u0119 z plusami tego konkretnego smartfona od VIVO.<\/p>\n","protected":false},"excerpt":{"rendered":"<h4>Szukasz <span style='color: #0286E7;'>dobrego<\/span> smartfona <strong>VIVO<\/strong>?<\/h4>\n<p style='padding-top: 10px;'>Smartfon vivo Y70 8\/128GB, cechy i zalety: <\/p>\n<ul style='padding-left: 45px; padding-bottom: 10px;'>\n<li style='padding-top: 10px;'> A je\u015bli chodzi o kolory &#8211; Y70 posiada majestatyczn\u0105 obudow\u0119 z nutk\u0105 tajemnicy i elegancji<\/li>\n<li style='padding-top: 10px;'> Wyposa\u017cony zosta\u0142 tak\u017ce w praktyczny skaner odcisk\u00f3w palc\u00f3w<\/li>\n<li style='padding-top: 10px;'><strong> Wyposa\u017cony zosta\u0142 tak\u017ce w praktyczny skaner odcisk\u00f3w palc\u00f3w<\/strong><\/li>\n<li style='padding-top: 10px;'>Potr\u00f3jny aparat AI z g\u0142\u00f3wnym obiektywem 48 MP i efektem bokeh uwiecznia pi\u0119kne zdj\u0119cia, kt\u00f3re na wy\u015bwietlaczu AMOLED o przek\u0105tnej 6,44 cala prezentuj\u0105 si\u0119 wyj\u0105tkowo \u0142adnie i kolorowo<\/li>\n<li style='padding-top: 10px;'>Smartfon vivo Y70 8\/128GB. Potr\u00f3jny aparat AI z g\u0142\u00f3wnym obiektywem 48 MP i efektem bokeh uwiecznia pi\u0119kne zdj\u0119cia, kt\u00f3re na wy\u015bwietlaczu AMOLED o przek\u0105tnej 6,44 cala prezentuj\u0105 si\u0119 wyj\u0105tkowo \u0142adnie i kolorowo<\/li>\n<\/ul>\n<p style='padding: 10px; font-weight: bold; background-color: aliceblue;'>Sprawd\u017a dost\u0119pno\u015b\u0107:<\/p>\n<p><img src='https:\/\/taniabonament.pl\/telefony\/wp-content\/uploads\/sklepylogo\/mediaexpert-logo.png' style='padding-top: 15px; padding-left: 48px; padding-bottom: 15px;' alt='MediaExpert sklep' \/><\/p>\n","protected":false},"featured_media":73502,"comment_status":"closed","ping_status":"open","template":"","meta":[],"product_brand":[],"product_cat":[1318],"product_tag":[],"class_list":{"0":"post-73501","1":"product","2":"type-product","3":"status-publish","6":"product_cat-vivo","7":"pa_model-y70","8":"pa_producent-vivo","9":"pa_sklep-mediaexpert","11":"first","12":"instock","13":"product-type-external"},"_links":{"self":[{"href":"https:\/\/taniabonament.pl\/telefony\/wp-json\/wp\/v2\/product\/73501","targetHints":{"allow":["GET"]}}],"collection":[{"href":"https:\/\/taniabonament.pl\/telefony\/wp-json\/wp\/v2\/product"}],"about":[{"href":"https:\/\/taniabonament.pl\/telefony\/wp-json\/wp\/v2\/types\/product"}],"replies":[{"embeddable":true,"href":"https:\/\/taniabonament.pl\/telefony\/wp-json\/wp\/v2\/comments?post=73501"}],"wp:featuredmedia":[{"embeddable":true,"href":"https:\/\/taniabonament.pl\/telefony\/wp-json\/wp\/v2\/media\/73502"}],"wp:attachment":[{"href":"https:\/\/taniabonament.pl\/telefony\/wp-json\/wp\/v2\/media?parent=73501"}],"wp:term":[{"taxonomy":"product_brand","embeddable":true,"href":"https:\/\/taniabonament.pl\/telefony\/wp-json\/wp\/v2\/product_brand?post=73501"},{"taxonomy":"product_cat","embeddable":true,"href":"https:\/\/taniabonament.pl\/telefony\/wp-json\/wp\/v2\/product_cat?post=73501"},{"taxonomy":"product_tag","embeddable":true,"href":"https:\/\/taniabonament.pl\/telefony\/wp-json\/wp\/v2\/product_tag?post=73501"}],"curies":[{"name":"wp","href":"https:\/\/api.w.org\/{rel}","templated":true}]}}