{"id":73499,"date":"2021-06-24T04:59:14","date_gmt":"2021-06-24T04:59:14","guid":{"rendered":"https:\/\/taniabonament.pl\/telefony\/produkt\/smartfon-vivo-y72-8-128gb-5g-6-58-60hz-czarny-v2041-sluchawki-wireless-sport-lite\/"},"modified":"2021-06-24T04:59:15","modified_gmt":"2021-06-24T04:59:15","slug":"smartfon-vivo-y72-8-128gb-5g-6-58-60hz-czarny-v2041-sluchawki-wireless-sport-lite","status":"publish","type":"product","link":"https:\/\/taniabonament.pl\/telefony\/produkt\/smartfon-vivo-y72-8-128gb-5g-6-58-60hz-czarny-v2041-sluchawki-wireless-sport-lite\/","title":{"rendered":"Smartfon vivo Y72 8\/128GB 5G 6.58&#8243; 60Hz Czarny V2041 + S\u0142uchawki Wireless Sport Lite"},"content":{"rendered":"<p>Ten model telefonu kupisz w sklepie <a href=\"https:\/\/converti.se\/click\/34590059-c70e8160-5f3fd0bc\/?deep_link=https%3A%2F%2Fwww.mediaexpert.pl%2Fsmartfony-i-zegarki%2Fsmartfony%2Fsmartfon-vivo-y72-8-128gb-5g-6-58-60hz-czarny-v2041-sluchawki-vivo-hp-2055%3Futm_source%3DJjakisty3m8p%26utm_medium%3DXML%26utm_content%3D424318%26utm_campaign%3D2021-06%26utm_term%3DSmartfony&#038;sid=smartfony-vivo&#038;tag6=product&#038;tag8=907d7c447a0a247cec249890409d7fb9&#038;tag9=Smartfon+vivo+Y72+8%2F128GB+5G+6.58%22+60Hz+Czarny+V2041+%2B+S%C5%82uchawki+Wireless+Sport+Lite\" rel=\"noopener\">MediaExpert<\/a>, w niskiej cenie 1499.0 PLN. Przeczytaj opinie oraz zapoznaj si\u0119 z plusami tego konkretnego smartfona od VIVO.<\/p>\n","protected":false},"excerpt":{"rendered":"<h4>Szukasz <span style='color: #0286E7;'>dobrego<\/span> smartfona <strong>VIVO<\/strong>?<\/h4>\n<p style='padding-top: 10px;'>Smartfon vivo Y72 8\/128GB, cechy i zalety: <\/p>\n<ul style='padding-left: 45px; padding-bottom: 10px;'>\n<li style='padding-top: 10px;'> Cechuje si\u0119 on wysok\u0105 rozdzielczo\u015bci\u0105 2408&#215;1080 (FHD+) i obs\u0142uguje wysokie nasycenie kolor\u00f3w, dzi\u0119ki czemu obraz na ekranie jest jeszcze wyra\u017aniejszy i \u017cywszy<\/li>\n<li style='padding-top: 10px;'>Zyskaj wy\u017csz\u0105 wydajno\u015b\u0107, jak\u0105 zapewnia flagowy uk\u0142ad 5G wykonany w technologii 7 nm oraz procesor o taktowaniu nawet 2,2 GHz<\/li>\n<li style='padding-top: 10px;'><strong>Zyskaj wy\u017csz\u0105 wydajno\u015b\u0107, jak\u0105 zapewnia flagowy uk\u0142ad 5G wykonany w technologii 7 nm oraz procesor o taktowaniu nawet 2,2 GHz<\/strong><\/li>\n<li style='padding-top: 10px;'> Pozw\u00f3l si\u0119 poch\u0142on\u0105\u0107 wy\u015bwietlaczowi FHD+ Incell o przek\u0105tnej 6,58 cala<\/li>\n<li style='padding-top: 10px;'>Smartfon vivo Y72 8\/128GB.  Pozw\u00f3l si\u0119 poch\u0142on\u0105\u0107 wy\u015bwietlaczowi FHD+ Incell o przek\u0105tnej 6,58 cala<\/li>\n<li style='padding-top: 10px;'> Korzystaj z p\u0142ynno\u015bci, jak\u0105 zapewnia pr\u0119dko\u015b\u0107 sieci 5G w po\u0142\u0105czeniu z 8 GB RAM + 128 GB pami\u0119ci, pobieraj\u0105c i korzystaj\u0105c z wielu aplikacji jednocze\u015bnie<\/li>\n<\/ul>\n<p style='padding: 10px; font-weight: bold; background-color: aliceblue;'>Sprawd\u017a dost\u0119pno\u015b\u0107:<\/p>\n<p><img src='https:\/\/taniabonament.pl\/telefony\/wp-content\/uploads\/sklepylogo\/mediaexpert-logo.png' style='padding-top: 15px; padding-left: 48px; padding-bottom: 15px;' alt='MediaExpert sklep' \/><\/p>\n","protected":false},"featured_media":73500,"comment_status":"closed","ping_status":"open","template":"","meta":[],"product_brand":[],"product_cat":[1318],"product_tag":[],"class_list":{"0":"post-73499","1":"product","2":"type-product","3":"status-publish","6":"product_cat-vivo","7":"pa_model-vivo-y72-5g","8":"pa_producent-vivo","9":"pa_sklep-mediaexpert","11":"first","12":"instock","13":"product-type-external"},"_links":{"self":[{"href":"https:\/\/taniabonament.pl\/telefony\/wp-json\/wp\/v2\/product\/73499","targetHints":{"allow":["GET"]}}],"collection":[{"href":"https:\/\/taniabonament.pl\/telefony\/wp-json\/wp\/v2\/product"}],"about":[{"href":"https:\/\/taniabonament.pl\/telefony\/wp-json\/wp\/v2\/types\/product"}],"replies":[{"embeddable":true,"href":"https:\/\/taniabonament.pl\/telefony\/wp-json\/wp\/v2\/comments?post=73499"}],"wp:featuredmedia":[{"embeddable":true,"href":"https:\/\/taniabonament.pl\/telefony\/wp-json\/wp\/v2\/media\/73500"}],"wp:attachment":[{"href":"https:\/\/taniabonament.pl\/telefony\/wp-json\/wp\/v2\/media?parent=73499"}],"wp:term":[{"taxonomy":"product_brand","embeddable":true,"href":"https:\/\/taniabonament.pl\/telefony\/wp-json\/wp\/v2\/product_brand?post=73499"},{"taxonomy":"product_cat","embeddable":true,"href":"https:\/\/taniabonament.pl\/telefony\/wp-json\/wp\/v2\/product_cat?post=73499"},{"taxonomy":"product_tag","embeddable":true,"href":"https:\/\/taniabonament.pl\/telefony\/wp-json\/wp\/v2\/product_tag?post=73499"}],"curies":[{"name":"wp","href":"https:\/\/api.w.org\/{rel}","templated":true}]}}