{"id":65551,"date":"2021-02-25T14:31:27","date_gmt":"2021-02-25T14:31:27","guid":{"rendered":"https:\/\/taniabonament.pl\/telefony\/produkt\/kabel-usb-4kom-pl-kabel-przejsciowka-lightning-iphone-na-usb-c-typ-c-1m-bialy-uniwersalny\/"},"modified":"2021-02-25T14:31:30","modified_gmt":"2021-02-25T14:31:30","slug":"kabel-usb-4kom-pl-kabel-przejsciowka-lightning-iphone-na-usb-c-typ-c-1m-bialy-uniwersalny","status":"publish","type":"product","link":"https:\/\/taniabonament.pl\/telefony\/produkt\/kabel-usb-4kom-pl-kabel-przejsciowka-lightning-iphone-na-usb-c-typ-c-1m-bialy-uniwersalny\/","title":{"rendered":"Kabel USB 4kom.pl Kabel przej\u015bci\u00f3wka Lightning iPhone na USB-C typ c 1m bia\u0142y uniwersalny"},"content":{"rendered":"<p><strong>Jaki kabel do smartfona iPhone kupi\u0107?<\/strong><\/p>\n<p>Ten kabel do iPhone&#8217;a  kupisz w promocyjnej cenie 15.9 PLN w sklepie <a href=\"https:\/\/converti.se\/click\/34590059-c70e8160-5f3fd1bb\/?sid=kabel-iphone&#038;tag6=product&#038;tag8=df95f75b3e85ec5a608eaaae6888320e&#038;tag9=Kabel+USB+4kom.pl+Kabel+przej%C5%9Bci%C3%B3wka+Lightning+iPhone+na+USB-C+typ+c+1m+bia%C5%82y+uniwersalny\" rel=\"noopener\">Morele.net<\/a><\/p>\n","protected":false},"excerpt":{"rendered":"<p>Kabel USB 4kom.pl Kabel. Szukasz kabla do <strong>iPhone&#8217;a<\/strong>? Dobrze trafi\u0142e\u015b! <\/p>\n","protected":false},"featured_media":65808,"comment_status":"closed","ping_status":"open","template":"","meta":[],"product_brand":[],"product_cat":[810,944],"product_tag":[],"class_list":{"0":"post-65551","1":"product","2":"type-product","3":"status-publish","6":"product_cat-akcesoria","7":"product_cat-kabel-iphone","8":"pa_producent-4kom-pl","9":"pa_sklep-morele-net","11":"first","12":"instock","13":"product-type-external"},"_links":{"self":[{"href":"https:\/\/taniabonament.pl\/telefony\/wp-json\/wp\/v2\/product\/65551","targetHints":{"allow":["GET"]}}],"collection":[{"href":"https:\/\/taniabonament.pl\/telefony\/wp-json\/wp\/v2\/product"}],"about":[{"href":"https:\/\/taniabonament.pl\/telefony\/wp-json\/wp\/v2\/types\/product"}],"replies":[{"embeddable":true,"href":"https:\/\/taniabonament.pl\/telefony\/wp-json\/wp\/v2\/comments?post=65551"}],"wp:featuredmedia":[{"embeddable":true,"href":"https:\/\/taniabonament.pl\/telefony\/wp-json\/wp\/v2\/media\/65808"}],"wp:attachment":[{"href":"https:\/\/taniabonament.pl\/telefony\/wp-json\/wp\/v2\/media?parent=65551"}],"wp:term":[{"taxonomy":"product_brand","embeddable":true,"href":"https:\/\/taniabonament.pl\/telefony\/wp-json\/wp\/v2\/product_brand?post=65551"},{"taxonomy":"product_cat","embeddable":true,"href":"https:\/\/taniabonament.pl\/telefony\/wp-json\/wp\/v2\/product_cat?post=65551"},{"taxonomy":"product_tag","embeddable":true,"href":"https:\/\/taniabonament.pl\/telefony\/wp-json\/wp\/v2\/product_tag?post=65551"}],"curies":[{"name":"wp","href":"https:\/\/api.w.org\/{rel}","templated":true}]}}