{"id":65515,"date":"2021-02-25T14:31:10","date_gmt":"2021-02-25T14:31:10","guid":{"rendered":"https:\/\/taniabonament.pl\/telefony\/produkt\/kabel-usb-kaku-kabel-usb-iphone-lightning-3-2a-12m-kaku-ksc-271-xuegao-szybkie-ladowanie-rozowy\/"},"modified":"2021-02-25T14:31:14","modified_gmt":"2021-02-25T14:31:14","slug":"kabel-usb-kaku-kabel-usb-iphone-lightning-3-2a-12m-kaku-ksc-271-xuegao-szybkie-ladowanie-rozowy","status":"publish","type":"product","link":"https:\/\/taniabonament.pl\/telefony\/produkt\/kabel-usb-kaku-kabel-usb-iphone-lightning-3-2a-12m-kaku-ksc-271-xuegao-szybkie-ladowanie-rozowy\/","title":{"rendered":"Kabel USB KAKU Kabel USB iPHONE LIGHTNING 3.2A 1,2m KAKU KSC-271 XUEGAO szybkie \u0142adowanie r\u00f3\u017cowy"},"content":{"rendered":"<p><strong>Jaki kabel do smartfona iPhone kupi\u0107?<\/strong><\/p>\n<p>Ten kabel do iPhone&#8217;a  kupisz w promocyjnej cenie 16.0 PLN w sklepie <a href=\"https:\/\/converti.se\/click\/34590059-c70e8160-5f3fd1bb\/?sid=kabel-iphone&#038;tag6=product&#038;tag8=56c2d45cc181857a9b3cc535f15d4453&#038;tag9=Kabel+USB+KAKU+Kabel+USB+iPHONE+LIGHTNING+3.2A+1%2C2m+KAKU+KSC-271+XUEGAO+szybkie+%C5%82adowanie+r%C3%B3%C5%BCowy\" rel=\"noopener\">Morele.net<\/a><\/p>\n","protected":false},"excerpt":{"rendered":"<p>Kabel USB KAKU Kabel. Szukasz kabla do <strong>iPhone&#8217;a<\/strong>? Dobrze trafi\u0142e\u015b! <\/p>\n","protected":false},"featured_media":65768,"comment_status":"closed","ping_status":"open","template":"","meta":[],"product_brand":[],"product_cat":[810,944],"product_tag":[],"class_list":{"0":"post-65515","1":"product","2":"type-product","3":"status-publish","6":"product_cat-akcesoria","7":"product_cat-kabel-iphone","8":"pa_producent-kaku","9":"pa_sklep-morele-net","11":"first","12":"instock","13":"product-type-external"},"_links":{"self":[{"href":"https:\/\/taniabonament.pl\/telefony\/wp-json\/wp\/v2\/product\/65515","targetHints":{"allow":["GET"]}}],"collection":[{"href":"https:\/\/taniabonament.pl\/telefony\/wp-json\/wp\/v2\/product"}],"about":[{"href":"https:\/\/taniabonament.pl\/telefony\/wp-json\/wp\/v2\/types\/product"}],"replies":[{"embeddable":true,"href":"https:\/\/taniabonament.pl\/telefony\/wp-json\/wp\/v2\/comments?post=65515"}],"wp:featuredmedia":[{"embeddable":true,"href":"https:\/\/taniabonament.pl\/telefony\/wp-json\/wp\/v2\/media\/65768"}],"wp:attachment":[{"href":"https:\/\/taniabonament.pl\/telefony\/wp-json\/wp\/v2\/media?parent=65515"}],"wp:term":[{"taxonomy":"product_brand","embeddable":true,"href":"https:\/\/taniabonament.pl\/telefony\/wp-json\/wp\/v2\/product_brand?post=65515"},{"taxonomy":"product_cat","embeddable":true,"href":"https:\/\/taniabonament.pl\/telefony\/wp-json\/wp\/v2\/product_cat?post=65515"},{"taxonomy":"product_tag","embeddable":true,"href":"https:\/\/taniabonament.pl\/telefony\/wp-json\/wp\/v2\/product_tag?post=65515"}],"curies":[{"name":"wp","href":"https:\/\/api.w.org\/{rel}","templated":true}]}}