{"id":65487,"date":"2021-02-25T14:30:52","date_gmt":"2021-02-25T14:30:52","guid":{"rendered":"https:\/\/taniabonament.pl\/telefony\/produkt\/kabel-usb-kaku-kabel-usb-iphone-lightning-2-4a-2m-ladowanie-i-transfer-danych-kaku-youchuang-ksc-332-bialy\/"},"modified":"2021-02-25T14:30:57","modified_gmt":"2021-02-25T14:30:57","slug":"kabel-usb-kaku-kabel-usb-iphone-lightning-2-4a-2m-ladowanie-i-transfer-danych-kaku-youchuang-ksc-332-bialy","status":"publish","type":"product","link":"https:\/\/taniabonament.pl\/telefony\/produkt\/kabel-usb-kaku-kabel-usb-iphone-lightning-2-4a-2m-ladowanie-i-transfer-danych-kaku-youchuang-ksc-332-bialy\/","title":{"rendered":"Kabel USB KAKU Kabel USB iPhone Lightning 2.4A 2m \u0141adowanie i Transfer Danych KAKU Youchuang (KSC-332) bia\u0142y"},"content":{"rendered":"<p><strong>Jaki kabel do smartfona iPhone kupi\u0107?<\/strong><\/p>\n<p>Ten kabel do iPhone&#8217;a  kupisz w promocyjnej cenie 9.75 PLN w sklepie <a href=\"https:\/\/converti.se\/click\/34590059-c70e8160-5f3fd1bb\/?sid=kabel-iphone&#038;tag6=product&#038;tag8=8bea9d3f08a24c359c286314d583d515&#038;tag9=Kabel+USB+KAKU+Kabel+USB+iPhone+Lightning+2.4A+2m+%C5%81adowanie+i+Transfer+Danych+KAKU+Youchuang+%28KSC-332%29+bia%C5%82y\" rel=\"noopener\">Morele.net<\/a><\/p>\n","protected":false},"excerpt":{"rendered":"<p>Kabel USB KAKU Kabel. Szukasz kabla do <strong>iPhone&#8217;a<\/strong>? Dobrze trafi\u0142e\u015b! <\/p>\n","protected":false},"featured_media":65736,"comment_status":"closed","ping_status":"open","template":"","meta":[],"product_brand":[],"product_cat":[810,944],"product_tag":[],"class_list":{"0":"post-65487","1":"product","2":"type-product","3":"status-publish","6":"product_cat-akcesoria","7":"product_cat-kabel-iphone","8":"pa_producent-kaku","9":"pa_sklep-morele-net","11":"first","12":"instock","13":"product-type-external"},"_links":{"self":[{"href":"https:\/\/taniabonament.pl\/telefony\/wp-json\/wp\/v2\/product\/65487","targetHints":{"allow":["GET"]}}],"collection":[{"href":"https:\/\/taniabonament.pl\/telefony\/wp-json\/wp\/v2\/product"}],"about":[{"href":"https:\/\/taniabonament.pl\/telefony\/wp-json\/wp\/v2\/types\/product"}],"replies":[{"embeddable":true,"href":"https:\/\/taniabonament.pl\/telefony\/wp-json\/wp\/v2\/comments?post=65487"}],"wp:featuredmedia":[{"embeddable":true,"href":"https:\/\/taniabonament.pl\/telefony\/wp-json\/wp\/v2\/media\/65736"}],"wp:attachment":[{"href":"https:\/\/taniabonament.pl\/telefony\/wp-json\/wp\/v2\/media?parent=65487"}],"wp:term":[{"taxonomy":"product_brand","embeddable":true,"href":"https:\/\/taniabonament.pl\/telefony\/wp-json\/wp\/v2\/product_brand?post=65487"},{"taxonomy":"product_cat","embeddable":true,"href":"https:\/\/taniabonament.pl\/telefony\/wp-json\/wp\/v2\/product_cat?post=65487"},{"taxonomy":"product_tag","embeddable":true,"href":"https:\/\/taniabonament.pl\/telefony\/wp-json\/wp\/v2\/product_tag?post=65487"}],"curies":[{"name":"wp","href":"https:\/\/api.w.org\/{rel}","templated":true}]}}