{"id":65455,"date":"2021-02-25T14:30:43","date_gmt":"2021-02-25T14:30:43","guid":{"rendered":"https:\/\/taniabonament.pl\/telefony\/produkt\/kabel-usb-usams-usams-kabel-plaski-u2-lightning-12m-rozowy-pink-sj199ip05-iphone-5-6-7-8-x-us-sj199\/"},"modified":"2021-02-25T14:30:50","modified_gmt":"2021-02-25T14:30:50","slug":"kabel-usb-usams-usams-kabel-plaski-u2-lightning-12m-rozowy-pink-sj199ip05-iphone-5-6-7-8-x-us-sj199","status":"publish","type":"product","link":"https:\/\/taniabonament.pl\/telefony\/produkt\/kabel-usb-usams-usams-kabel-plaski-u2-lightning-12m-rozowy-pink-sj199ip05-iphone-5-6-7-8-x-us-sj199\/","title":{"rendered":"Kabel USB Usams USAMS Kabel p\u0142aski U2 Lightning 1,2m r\u00f3\u017cowy\/pink SJ199IP05 iPhone 5\/6\/7\/8\/X (US-SJ199)"},"content":{"rendered":"<p><strong>Jaki kabel do smartfona iPhone kupi\u0107?<\/strong><\/p>\n<p>Ten kabel do iPhone&#8217;a  kupisz w promocyjnej cenie 31.99 PLN w sklepie <a href=\"https:\/\/converti.se\/click\/34590059-c70e8160-5f3fd1bb\/?sid=kabel-iphone&#038;tag6=product&#038;tag8=df84fe9a950288806a0ec60c55a21f0c&#038;tag9=Kabel+USB+Usams+USAMS+Kabel+p%C5%82aski+U2+Lightning+1%2C2m+r%C3%B3%C5%BCowy%2Fpink+SJ199IP05+iPhone+5%2F6%2F7%2F8%2FX+%28US-SJ199%29\" rel=\"noopener\">Morele.net<\/a><\/p>\n","protected":false},"excerpt":{"rendered":"<p>Kabel USB Usams USAMS. Szukasz kabla do <strong>iPhone&#8217;a<\/strong>? Dobrze trafi\u0142e\u015b! <\/p>\n","protected":false},"featured_media":65719,"comment_status":"closed","ping_status":"open","template":"","meta":[],"product_brand":[],"product_cat":[810,944],"product_tag":[],"class_list":{"0":"post-65455","1":"product","2":"type-product","3":"status-publish","6":"product_cat-akcesoria","7":"product_cat-kabel-iphone","8":"pa_producent-usams","9":"pa_sklep-morele-net","11":"first","12":"instock","13":"product-type-external"},"_links":{"self":[{"href":"https:\/\/taniabonament.pl\/telefony\/wp-json\/wp\/v2\/product\/65455","targetHints":{"allow":["GET"]}}],"collection":[{"href":"https:\/\/taniabonament.pl\/telefony\/wp-json\/wp\/v2\/product"}],"about":[{"href":"https:\/\/taniabonament.pl\/telefony\/wp-json\/wp\/v2\/types\/product"}],"replies":[{"embeddable":true,"href":"https:\/\/taniabonament.pl\/telefony\/wp-json\/wp\/v2\/comments?post=65455"}],"wp:featuredmedia":[{"embeddable":true,"href":"https:\/\/taniabonament.pl\/telefony\/wp-json\/wp\/v2\/media\/65719"}],"wp:attachment":[{"href":"https:\/\/taniabonament.pl\/telefony\/wp-json\/wp\/v2\/media?parent=65455"}],"wp:term":[{"taxonomy":"product_brand","embeddable":true,"href":"https:\/\/taniabonament.pl\/telefony\/wp-json\/wp\/v2\/product_brand?post=65455"},{"taxonomy":"product_cat","embeddable":true,"href":"https:\/\/taniabonament.pl\/telefony\/wp-json\/wp\/v2\/product_cat?post=65455"},{"taxonomy":"product_tag","embeddable":true,"href":"https:\/\/taniabonament.pl\/telefony\/wp-json\/wp\/v2\/product_tag?post=65455"}],"curies":[{"name":"wp","href":"https:\/\/api.w.org\/{rel}","templated":true}]}}