{"id":65431,"date":"2021-02-25T14:30:35","date_gmt":"2021-02-25T14:30:35","guid":{"rendered":"https:\/\/taniabonament.pl\/telefony\/produkt\/ladowarka-forever-ladowarka-sieciowa-forever-usb-2a-tc-01-kabel-do-iphone-8-pin-biala\/"},"modified":"2021-02-25T14:30:41","modified_gmt":"2021-02-25T14:30:41","slug":"ladowarka-forever-ladowarka-sieciowa-forever-usb-2a-tc-01-kabel-do-iphone-8-pin-biala","status":"publish","type":"product","link":"https:\/\/taniabonament.pl\/telefony\/produkt\/ladowarka-forever-ladowarka-sieciowa-forever-usb-2a-tc-01-kabel-do-iphone-8-pin-biala\/","title":{"rendered":"\u0141adowarka Forever \u0141adowarka sieciowa Forever USB 2A TC-01 + kabel do iPhone 8-pin bia\u0142a"},"content":{"rendered":"<p><strong>Jaki kabel do smartfona iPhone kupi\u0107?<\/strong><\/p>\n<p>Ten kabel do iPhone&#8217;a  kupisz w promocyjnej cenie 25.58 PLN w sklepie <a href=\"https:\/\/converti.se\/click\/34590059-c70e8160-5f3fd1bb\/?sid=kabel-iphone&#038;tag6=product&#038;tag8=54ac9a5802483249bb8054c8d365bce5&#038;tag9=%C5%81adowarka+Forever+%C5%81adowarka+sieciowa+Forever+USB+2A+TC-01+%2B+kabel+do+iPhone+8-pin+bia%C5%82a\" rel=\"noopener\">Morele.net<\/a><\/p>\n","protected":false},"excerpt":{"rendered":"<p>\u0141adowarka Forever \u0141adowarka sieciowa. Szukasz kabla do <strong>iPhone&#8217;a<\/strong>? Dobrze trafi\u0142e\u015b! <\/p>\n","protected":false},"featured_media":65698,"comment_status":"closed","ping_status":"open","template":"","meta":[],"product_brand":[],"product_cat":[810,944],"product_tag":[],"class_list":{"0":"post-65431","1":"product","2":"type-product","3":"status-publish","6":"product_cat-akcesoria","7":"product_cat-kabel-iphone","8":"pa_producent-forever","9":"pa_sklep-morele-net","11":"first","12":"instock","13":"product-type-external"},"_links":{"self":[{"href":"https:\/\/taniabonament.pl\/telefony\/wp-json\/wp\/v2\/product\/65431","targetHints":{"allow":["GET"]}}],"collection":[{"href":"https:\/\/taniabonament.pl\/telefony\/wp-json\/wp\/v2\/product"}],"about":[{"href":"https:\/\/taniabonament.pl\/telefony\/wp-json\/wp\/v2\/types\/product"}],"replies":[{"embeddable":true,"href":"https:\/\/taniabonament.pl\/telefony\/wp-json\/wp\/v2\/comments?post=65431"}],"wp:featuredmedia":[{"embeddable":true,"href":"https:\/\/taniabonament.pl\/telefony\/wp-json\/wp\/v2\/media\/65698"}],"wp:attachment":[{"href":"https:\/\/taniabonament.pl\/telefony\/wp-json\/wp\/v2\/media?parent=65431"}],"wp:term":[{"taxonomy":"product_brand","embeddable":true,"href":"https:\/\/taniabonament.pl\/telefony\/wp-json\/wp\/v2\/product_brand?post=65431"},{"taxonomy":"product_cat","embeddable":true,"href":"https:\/\/taniabonament.pl\/telefony\/wp-json\/wp\/v2\/product_cat?post=65431"},{"taxonomy":"product_tag","embeddable":true,"href":"https:\/\/taniabonament.pl\/telefony\/wp-json\/wp\/v2\/product_tag?post=65431"}],"curies":[{"name":"wp","href":"https:\/\/api.w.org\/{rel}","templated":true}]}}