{"id":65417,"date":"2021-02-25T14:30:16","date_gmt":"2021-02-25T14:30:16","guid":{"rendered":"https:\/\/taniabonament.pl\/telefony\/produkt\/sbs-usb-lightning-sbs-1-m-do-iphone-5s-5-ipad-mini-ipod-touch-5-ipod-nano-7-bialy\/"},"modified":"2021-02-25T14:30:23","modified_gmt":"2021-02-25T14:30:23","slug":"sbs-usb-lightning-sbs-1-m-do-iphone-5s-5-ipad-mini-ipod-touch-5-ipod-nano-7-bialy","status":"publish","type":"product","link":"https:\/\/taniabonament.pl\/telefony\/produkt\/sbs-usb-lightning-sbs-1-m-do-iphone-5s-5-ipad-mini-ipod-touch-5-ipod-nano-7-bialy\/","title":{"rendered":"SBS USB &#8211; Lightning SBS 1 m do iPhone 5S\/5\/iPad Mini\/iPod Touch 5\/iPod Nano 7 Bialy"},"content":{"rendered":"<p><strong>Jaki kabel do smartfona iPhone kupi\u0107?<\/strong><\/p>\n<p>Ten kabel do iPhone&#8217;a  kupisz w promocyjnej cenie 69.99 PLN w sklepie <a href=\"https:\/\/converti.se\/click\/34590059-c70e8160-5f3ed1bd\/?sid=kabel-iphone&#038;tag6=product&#038;tag8=88d2c9996806247df5c747d064c1a274&#038;tag9=SBS+USB+-+Lightning+SBS+1+m+do+iPhone+5S%2F5%2FiPad+Mini%2FiPod+Touch+5%2FiPod+Nano+7+Bialy\" rel=\"noopener\">Neo24<\/a><\/p>\n","protected":false},"excerpt":{"rendered":"<h4>Szukasz dobrego kabla do <strong>iPhone&#8217;a<\/strong>?<\/h4>\n<p style='padding-top: 10px;'>SBS USB &#8211; Lightning, cechy i zalety: <\/p>\n<ul style='padding-left: 45px; padding-bottom: 10px;'>\n<li style='padding-top: 10px;'> \u00a0Zalety produktu:\u00b7 Elegancki kolor\u00b7 Nowoczesny design\u00b7 Nadaje sie zar\u00f3wno do ladowania urzadzen jak i do przenoszenia danych\u00b7 Wygodny w uzyciu<\/li>\n<li style='padding-top: 10px;'>Dlugosc kabla pozwala na wygodne uzywanie urzadzenia podczas ladowania lub transmisji danych<\/li>\n<li style='padding-top: 10px;'> Doskonale sprawdza sie w podr\u00f3zy<\/li>\n<li style='padding-top: 10px;'><strong> Doskonale sprawdza sie w podr\u00f3zy<\/strong><\/li>\n<li style='padding-top: 10px;'>Kabel USB \u2013 Lightning przeznaczony jest do ladowania urzadzen lub przenoszenia danych marki Apple<\/li>\n<li style='padding-top: 10px;'>SBS USB &#8211; Lightning. Kabel USB \u2013 Lightning przeznaczony jest do ladowania urzadzen lub przenoszenia danych marki Apple<\/li>\n<\/ul>\n<p style='padding: 10px; font-weight: bold; background-color: aliceblue;'>Dost\u0119pno\u015b\u0107:<\/p>\n<p><img src='https:\/\/taniabonament.pl\/telefony\/wp-content\/uploads\/sklepylogo\/neo24-logo.png' style='padding-top: 15px; padding-left: 48px;' alt='Neo24 sklep' \/><\/p>\n","protected":false},"featured_media":65656,"comment_status":"closed","ping_status":"open","template":"","meta":[],"product_brand":[],"product_cat":[810,944],"product_tag":[],"class_list":{"0":"post-65417","1":"product","2":"type-product","3":"status-publish","6":"product_cat-akcesoria","7":"product_cat-kabel-iphone","8":"pa_producent-sbs","9":"pa_sklep-neo24","11":"first","12":"instock","13":"product-type-external"},"_links":{"self":[{"href":"https:\/\/taniabonament.pl\/telefony\/wp-json\/wp\/v2\/product\/65417","targetHints":{"allow":["GET"]}}],"collection":[{"href":"https:\/\/taniabonament.pl\/telefony\/wp-json\/wp\/v2\/product"}],"about":[{"href":"https:\/\/taniabonament.pl\/telefony\/wp-json\/wp\/v2\/types\/product"}],"replies":[{"embeddable":true,"href":"https:\/\/taniabonament.pl\/telefony\/wp-json\/wp\/v2\/comments?post=65417"}],"wp:featuredmedia":[{"embeddable":true,"href":"https:\/\/taniabonament.pl\/telefony\/wp-json\/wp\/v2\/media\/65656"}],"wp:attachment":[{"href":"https:\/\/taniabonament.pl\/telefony\/wp-json\/wp\/v2\/media?parent=65417"}],"wp:term":[{"taxonomy":"product_brand","embeddable":true,"href":"https:\/\/taniabonament.pl\/telefony\/wp-json\/wp\/v2\/product_brand?post=65417"},{"taxonomy":"product_cat","embeddable":true,"href":"https:\/\/taniabonament.pl\/telefony\/wp-json\/wp\/v2\/product_cat?post=65417"},{"taxonomy":"product_tag","embeddable":true,"href":"https:\/\/taniabonament.pl\/telefony\/wp-json\/wp\/v2\/product_tag?post=65417"}],"curies":[{"name":"wp","href":"https:\/\/api.w.org\/{rel}","templated":true}]}}