{"id":65307,"date":"2021-02-25T14:30:26","date_gmt":"2021-02-25T14:30:26","guid":{"rendered":"https:\/\/taniabonament.pl\/telefony\/produkt\/kabel-usb-rock-space-kabel-usb-rock-lightning-zwierzatka-iphone-100cm-kolor-zielony-zwierzatko-smok\/"},"modified":"2021-02-25T14:30:29","modified_gmt":"2021-02-25T14:30:29","slug":"kabel-usb-rock-space-kabel-usb-rock-lightning-zwierzatka-iphone-100cm-kolor-zielony-zwierzatko-smok","status":"publish","type":"product","link":"https:\/\/taniabonament.pl\/telefony\/produkt\/kabel-usb-rock-space-kabel-usb-rock-lightning-zwierzatka-iphone-100cm-kolor-zielony-zwierzatko-smok\/","title":{"rendered":"Kabel USB Rock Space Kabel USB ROCK Lightning Zwierz\u0105tka iPhone 100cm : Kolor &#8211; zielony, Zwierz\u0105tko &#8211; Smok"},"content":{"rendered":"<p><strong>Jaki kabel do smartfona iPhone kupi\u0107?<\/strong><\/p>\n<p>Ten kabel do iPhone&#8217;a  kupisz w promocyjnej cenie 29.99 PLN w sklepie <a href=\"https:\/\/converti.se\/click\/34590059-c70e8160-5f3fd1bb\/?sid=kabel-iphone&#038;tag6=product&#038;tag8=e2eb222b1dc7ffd54f22f9bd1eab1148&#038;tag9=Kabel+USB+Rock+Space+Kabel+USB+ROCK+Lightning+Zwierz%C4%85tka+iPhone+100cm+%3A+Kolor+-+zielony%2C+Zwierz%C4%85tko+-+Smok\" rel=\"noopener\">Morele.net<\/a><\/p>\n","protected":false},"excerpt":{"rendered":"<p>Kabel USB Rock Space. Szukasz kabla do <strong>iPhone&#8217;a<\/strong>? Dobrze trafi\u0142e\u015b! <\/p>\n","protected":false},"featured_media":65668,"comment_status":"closed","ping_status":"open","template":"","meta":[],"product_brand":[],"product_cat":[810,944],"product_tag":[],"class_list":{"0":"post-65307","1":"product","2":"type-product","3":"status-publish","6":"product_cat-akcesoria","7":"product_cat-kabel-iphone","8":"pa_producent-rock-space","9":"pa_sklep-morele-net","11":"first","12":"instock","13":"product-type-external"},"_links":{"self":[{"href":"https:\/\/taniabonament.pl\/telefony\/wp-json\/wp\/v2\/product\/65307","targetHints":{"allow":["GET"]}}],"collection":[{"href":"https:\/\/taniabonament.pl\/telefony\/wp-json\/wp\/v2\/product"}],"about":[{"href":"https:\/\/taniabonament.pl\/telefony\/wp-json\/wp\/v2\/types\/product"}],"replies":[{"embeddable":true,"href":"https:\/\/taniabonament.pl\/telefony\/wp-json\/wp\/v2\/comments?post=65307"}],"wp:featuredmedia":[{"embeddable":true,"href":"https:\/\/taniabonament.pl\/telefony\/wp-json\/wp\/v2\/media\/65668"}],"wp:attachment":[{"href":"https:\/\/taniabonament.pl\/telefony\/wp-json\/wp\/v2\/media?parent=65307"}],"wp:term":[{"taxonomy":"product_brand","embeddable":true,"href":"https:\/\/taniabonament.pl\/telefony\/wp-json\/wp\/v2\/product_brand?post=65307"},{"taxonomy":"product_cat","embeddable":true,"href":"https:\/\/taniabonament.pl\/telefony\/wp-json\/wp\/v2\/product_cat?post=65307"},{"taxonomy":"product_tag","embeddable":true,"href":"https:\/\/taniabonament.pl\/telefony\/wp-json\/wp\/v2\/product_tag?post=65307"}],"curies":[{"name":"wp","href":"https:\/\/api.w.org\/{rel}","templated":true}]}}