{"id":65277,"date":"2021-02-25T14:30:16","date_gmt":"2021-02-25T14:30:16","guid":{"rendered":"https:\/\/taniabonament.pl\/telefony\/produkt\/kabel-usb-kaku-kabel-usb-iphone-lightning-5a-1-2m-szybkie-ladowanie-i-transfer-danych-kaku-shanchong-fast-charging-data-cable-ksc-110-bialy\/"},"modified":"2021-02-25T14:30:22","modified_gmt":"2021-02-25T14:30:22","slug":"kabel-usb-kaku-kabel-usb-iphone-lightning-5a-1-2m-szybkie-ladowanie-i-transfer-danych-kaku-shanchong-fast-charging-data-cable-ksc-110-bialy","status":"publish","type":"product","link":"https:\/\/taniabonament.pl\/telefony\/produkt\/kabel-usb-kaku-kabel-usb-iphone-lightning-5a-1-2m-szybkie-ladowanie-i-transfer-danych-kaku-shanchong-fast-charging-data-cable-ksc-110-bialy\/","title":{"rendered":"Kabel USB KAKU Kabel USB iPhone Lightning 5A 1.2m Szybkie \u0142adowanie i Transfer danych KAKU Shanchong Fast Charging Data Cable (KSC-110) bia\u0142y"},"content":{"rendered":"<p><strong>Jaki kabel do smartfona iPhone kupi\u0107?<\/strong><\/p>\n<p>Ten kabel do iPhone&#8217;a  kupisz w promocyjnej cenie 10.45 PLN w sklepie <a href=\"https:\/\/converti.se\/click\/34590059-c70e8160-5f3fd1bb\/?sid=kabel-iphone&#038;tag6=product&#038;tag8=2c30836650ed00dc0de79d8fec451fc3&#038;tag9=Kabel+USB+KAKU+Kabel+USB+iPhone+Lightning+5A+1.2m+Szybkie+%C5%82adowanie+i+Transfer+danych+KAKU+Shanchong+Fast+Charging+Data+Cable+%28KSC-110%29+bia%C5%82y\" rel=\"noopener\">Morele.net<\/a><\/p>\n","protected":false},"excerpt":{"rendered":"<p>Kabel USB KAKU Kabel. Szukasz kabla do <strong>iPhone&#8217;a<\/strong>? Dobrze trafi\u0142e\u015b! <\/p>\n","protected":false},"featured_media":65651,"comment_status":"closed","ping_status":"open","template":"","meta":[],"product_brand":[],"product_cat":[810,944],"product_tag":[],"class_list":{"0":"post-65277","1":"product","2":"type-product","3":"status-publish","6":"product_cat-akcesoria","7":"product_cat-kabel-iphone","8":"pa_producent-kaku","9":"pa_sklep-morele-net","11":"first","12":"instock","13":"product-type-external"},"_links":{"self":[{"href":"https:\/\/taniabonament.pl\/telefony\/wp-json\/wp\/v2\/product\/65277","targetHints":{"allow":["GET"]}}],"collection":[{"href":"https:\/\/taniabonament.pl\/telefony\/wp-json\/wp\/v2\/product"}],"about":[{"href":"https:\/\/taniabonament.pl\/telefony\/wp-json\/wp\/v2\/types\/product"}],"replies":[{"embeddable":true,"href":"https:\/\/taniabonament.pl\/telefony\/wp-json\/wp\/v2\/comments?post=65277"}],"wp:featuredmedia":[{"embeddable":true,"href":"https:\/\/taniabonament.pl\/telefony\/wp-json\/wp\/v2\/media\/65651"}],"wp:attachment":[{"href":"https:\/\/taniabonament.pl\/telefony\/wp-json\/wp\/v2\/media?parent=65277"}],"wp:term":[{"taxonomy":"product_brand","embeddable":true,"href":"https:\/\/taniabonament.pl\/telefony\/wp-json\/wp\/v2\/product_brand?post=65277"},{"taxonomy":"product_cat","embeddable":true,"href":"https:\/\/taniabonament.pl\/telefony\/wp-json\/wp\/v2\/product_cat?post=65277"},{"taxonomy":"product_tag","embeddable":true,"href":"https:\/\/taniabonament.pl\/telefony\/wp-json\/wp\/v2\/product_tag?post=65277"}],"curies":[{"name":"wp","href":"https:\/\/api.w.org\/{rel}","templated":true}]}}