{"id":57323,"date":"2021-01-30T20:26:38","date_gmt":"2021-01-30T20:26:38","guid":{"rendered":"https:\/\/taniabonament.pl\/telefony\/produkt\/etui-na-smartfon-puro-0-3-nude-do-huawei-mate-20-lite\/"},"modified":"2021-01-30T20:26:38","modified_gmt":"2021-01-30T20:26:38","slug":"etui-na-smartfon-puro-0-3-nude-do-huawei-mate-20-lite","status":"publish","type":"product","link":"https:\/\/taniabonament.pl\/telefony\/produkt\/etui-na-smartfon-puro-0-3-nude-do-huawei-mate-20-lite\/","title":{"rendered":"Etui na smartfon PURO 0.3 Nude do Huawei Mate 20 Lite"},"content":{"rendered":"<p><strong>Jakie etui do smartfona Huawei kupi\u0107?<\/strong><\/p>\n<p>To dopasowane etui-case do Huawei  kupisz w promocyjnej cenie 4.99 PLN w sklepie <a href=\"https:\/\/converti.se\/click\/34590059-c70e8160-5f3ed3bc\/?sid=etui-huawei&#038;tag6=product&#038;tag8=23f8cf31b7805b9dd43ca5484e647437&#038;tag9=Etui+na+smartfon+PURO+0.3+Nude+do+Huawei+Mate+20+Lite\" rel=\"noopener\">Media Markt<\/a><\/p>\n","protected":false},"excerpt":{"rendered":"<h4>Szukasz dobrego <strong>etui do Huawei<\/strong>? <\/h4>\n<p style='padding: 17px 0px;'><span style='color: #fff; background-color: yellowgreen; padding: 2px 7px;border-left: 13px solid #000000;'>promocja &#8211; <\/span><\/p>\n<p style='padding-top: 10px;'>Etui na smartfon PURO, cechy i zalety: <\/p>\n<ul style='padding-left: 45px; padding-bottom: 10px;'>\n<li style='padding-top: 10px;'> Korzy\u015bci: Kompatybilne z Huawei Mate 20 Lite Ultra przezroczyste wyko\u0144czenie integruj\u0105ce si\u0119 z eleganckim designem telefonu G\u0142adka faktura etui Wyj\u0105tkowa smuk\u0142o\u015b\u0107 wynosz\u0105ca zaledwie 0,3 mm Znikoma waga, nie dodaj\u0105ca zb\u0119dnych gram\u00f3w konstrukcji Bardzo dobra elastyczno\u015b\u0107 gwarantuj\u0105ca szybko\u015b\u0107 i \u0142atwo\u015b\u0107 instalacji Ochrona ty\u0142u oraz bok\u00f3w urz\u0105dzenia Doskona\u0142e dopasowanie oraz perfekcja wykonania Logo Puro nadrukowane na boku Dost\u0119p do wszystkich klawiszy funkcyjnych, gniazd i port\u00f3w telefonu Lekko podniesiona ramka kamery stanowi\u0105ca dodatkow\u0105 ochron\u0119 przed porysowaniem obiektywu Materia\u0142: TPU Etui kompatybilne z bezprzewodowym \u0142adowaniem Etui kompatybilne z Apple Pay<\/li>\n<li style='padding-top: 10px;'> Puro 0<\/li>\n<li style='padding-top: 10px;'> Unikalne rozwi\u0105zanie w postaci \u201eGhost Technology\u201d gwarantuje wyj\u0105tkow\u0105 smuk\u0142o\u015b\u0107 etui wynosz\u0105c\u0105 zaledwie 0,3 mm<\/li>\n<li style='padding-top: 10px;'><strong> Unikalne rozwi\u0105zanie w postaci \u201eGhost Technology\u201d gwarantuje wyj\u0105tkow\u0105 smuk\u0142o\u015b\u0107 etui wynosz\u0105c\u0105 zaledwie 0,3 mm<\/strong><\/li>\n<li style='padding-top: 10px;'>Ubierz sw\u00f3j telefon w niemal niewidoczn\u0105 szat\u0119, tak lekk\u0105 i subteln\u0105, \u017ce nie odczuje jej Tw\u00f3j smartfon, zapewniaj\u0105c mu jednocze\u015bnie ochron\u0119 przed uszkodzeniem<\/li>\n<li style='padding-top: 10px;'>Etui na smartfon PURO. Ubierz sw\u00f3j telefon w niemal niewidoczn\u0105 szat\u0119, tak lekk\u0105 i subteln\u0105, \u017ce nie odczuje jej Tw\u00f3j smartfon, zapewniaj\u0105c mu jednocze\u015bnie ochron\u0119 przed uszkodzeniem<\/li>\n<li style='padding-top: 10px;'>3 Nude stanowi niemal drug\u0105 sk\u00f3r\u0119 smartfona, dbaj\u0105c o jego najlepsz\u0105 ochron\u0119 przed zarysowaniem lub zadrapaniem<\/li>\n<\/ul>\n<p style='padding: 10px; font-weight: bold; background-color: aliceblue;'>Dost\u0119pno\u015b\u0107:<\/p>\n<p><img src='https:\/\/taniabonament.pl\/telefony\/wp-content\/uploads\/sklepylogo\/mediamarkt-logo.png' style='padding-top: 15px; padding-left: 48px;' alt='Media Markt sklep' \/><\/p>\n","protected":false},"featured_media":57324,"comment_status":"closed","ping_status":"open","template":"","meta":[],"product_brand":[],"product_cat":[810,879],"product_tag":[],"class_list":{"0":"post-57323","1":"product","2":"type-product","3":"status-publish","6":"product_cat-akcesoria","7":"product_cat-etui-huawei","8":"pa_cena-4-99-pln","9":"pa_producent-puro","10":"pa_sklep-media-markt","11":"pa_typ-telefony-i-smartfony-akcesoria-etui","13":"first","14":"instock","15":"product-type-external"},"_links":{"self":[{"href":"https:\/\/taniabonament.pl\/telefony\/wp-json\/wp\/v2\/product\/57323","targetHints":{"allow":["GET"]}}],"collection":[{"href":"https:\/\/taniabonament.pl\/telefony\/wp-json\/wp\/v2\/product"}],"about":[{"href":"https:\/\/taniabonament.pl\/telefony\/wp-json\/wp\/v2\/types\/product"}],"replies":[{"embeddable":true,"href":"https:\/\/taniabonament.pl\/telefony\/wp-json\/wp\/v2\/comments?post=57323"}],"wp:featuredmedia":[{"embeddable":true,"href":"https:\/\/taniabonament.pl\/telefony\/wp-json\/wp\/v2\/media\/57324"}],"wp:attachment":[{"href":"https:\/\/taniabonament.pl\/telefony\/wp-json\/wp\/v2\/media?parent=57323"}],"wp:term":[{"taxonomy":"product_brand","embeddable":true,"href":"https:\/\/taniabonament.pl\/telefony\/wp-json\/wp\/v2\/product_brand?post=57323"},{"taxonomy":"product_cat","embeddable":true,"href":"https:\/\/taniabonament.pl\/telefony\/wp-json\/wp\/v2\/product_cat?post=57323"},{"taxonomy":"product_tag","embeddable":true,"href":"https:\/\/taniabonament.pl\/telefony\/wp-json\/wp\/v2\/product_tag?post=57323"}],"curies":[{"name":"wp","href":"https:\/\/api.w.org\/{rel}","templated":true}]}}