{"id":57313,"date":"2021-01-30T20:26:29","date_gmt":"2021-01-30T20:26:29","guid":{"rendered":"https:\/\/taniabonament.pl\/telefony\/produkt\/produkt-z-outletu-etui-na-smartfon-wg-carbon-do-huawei-y5-2019-czarny\/"},"modified":"2021-01-30T20:26:35","modified_gmt":"2021-01-30T20:26:35","slug":"produkt-z-outletu-etui-na-smartfon-wg-carbon-do-huawei-y5-2019-czarny","status":"publish","type":"product","link":"https:\/\/taniabonament.pl\/telefony\/produkt\/produkt-z-outletu-etui-na-smartfon-wg-carbon-do-huawei-y5-2019-czarny\/","title":{"rendered":"Produkt z outletu: Etui na smartfon WG Carbon do Huawei Y5 (2019) Czarny"},"content":{"rendered":"<p><strong>Jakie etui do smartfona Huawei kupi\u0107?<\/strong><\/p>\n<p>To dopasowane etui-case do Huawei  kupisz w promocyjnej cenie 16.0 PLN w sklepie <a href=\"https:\/\/converti.se\/click\/34590059-c70e8160-5f3ed3bc\/?sid=etui-huawei&#038;tag6=product&#038;tag8=5f1410bb1a50bb3dc7449fc9fb47f4b8&#038;tag9=Produkt+z+outletu%3A+Etui+na+smartfon+WG+Carbon+do+Huawei+Y5+%282019%29+Czarny\" rel=\"noopener\">Media Markt<\/a><\/p>\n","protected":false},"excerpt":{"rendered":"<h4>Szukasz dobrego <strong>etui do Huawei<\/strong>? <\/h4>\n<p style='padding: 17px 0px;'><span style='color: #fff; background-color: yellowgreen; padding: 2px 7px;border-left: 13px solid #000000;'>promocja &#8211; <\/span><\/p>\n<p style='padding-top: 10px;'>Produkt z outletu: Etui, cechy i zalety: <\/p>\n<ul style='padding-left: 45px; padding-bottom: 10px;'>\n<li style='padding-top: 10px;'> Etui ochronne TPU jest wykonane ze sprawdzonego materia\u0142u i uwzgl\u0119dnia podstawowe funkcje urz\u0105dzenia<\/li>\n<li style='padding-top: 10px;'> Zapewnia najwy\u017csz\u0105 ochron\u0119 przed zadrapaniami, uderzeniami i innymi uszkodzeniami wynikaj\u0105cymi z codziennego u\u017cytkowania<\/li>\n<li style='padding-top: 10px;'> Silikonowy pokrowiec jest mi\u0119kki w dotyku i sprawia, \u017ce telefon \u015bwietnie le\u017cy w d\u0142oni<\/li>\n<li style='padding-top: 10px;'><strong> Silikonowy pokrowiec jest mi\u0119kki w dotyku i sprawia, \u017ce telefon \u015bwietnie le\u017cy w d\u0142oni<\/strong><\/li>\n<li style='padding-top: 10px;'> A poniewa\u017c \u015bci\u015ble przylega, urz\u0105dzenie pozostaje idealnie smuk\u0142e<\/li>\n<li style='padding-top: 10px;'>Produkt z outletu: Etui.  A poniewa\u017c \u015bci\u015ble przylega, urz\u0105dzenie pozostaje idealnie smuk\u0142e<\/li>\n<\/ul>\n<p style='padding: 10px; font-weight: bold; background-color: aliceblue;'>Dost\u0119pno\u015b\u0107:<\/p>\n<p><img src='https:\/\/taniabonament.pl\/telefony\/wp-content\/uploads\/sklepylogo\/mediamarkt-logo.png' style='padding-top: 15px; padding-left: 48px;' alt='Media Markt sklep' \/><\/p>\n","protected":false},"featured_media":57314,"comment_status":"closed","ping_status":"open","template":"","meta":[],"product_brand":[],"product_cat":[810,879],"product_tag":[],"class_list":{"0":"post-57313","1":"product","2":"type-product","3":"status-publish","6":"product_cat-akcesoria","7":"product_cat-etui-huawei","8":"pa_cena-16-0-pln","9":"pa_producent-wg","10":"pa_sklep-media-markt","11":"pa_typ-telefony-i-smartfony-akcesoria-etui","13":"first","14":"instock","15":"product-type-external"},"_links":{"self":[{"href":"https:\/\/taniabonament.pl\/telefony\/wp-json\/wp\/v2\/product\/57313","targetHints":{"allow":["GET"]}}],"collection":[{"href":"https:\/\/taniabonament.pl\/telefony\/wp-json\/wp\/v2\/product"}],"about":[{"href":"https:\/\/taniabonament.pl\/telefony\/wp-json\/wp\/v2\/types\/product"}],"replies":[{"embeddable":true,"href":"https:\/\/taniabonament.pl\/telefony\/wp-json\/wp\/v2\/comments?post=57313"}],"wp:featuredmedia":[{"embeddable":true,"href":"https:\/\/taniabonament.pl\/telefony\/wp-json\/wp\/v2\/media\/57314"}],"wp:attachment":[{"href":"https:\/\/taniabonament.pl\/telefony\/wp-json\/wp\/v2\/media?parent=57313"}],"wp:term":[{"taxonomy":"product_brand","embeddable":true,"href":"https:\/\/taniabonament.pl\/telefony\/wp-json\/wp\/v2\/product_brand?post=57313"},{"taxonomy":"product_cat","embeddable":true,"href":"https:\/\/taniabonament.pl\/telefony\/wp-json\/wp\/v2\/product_cat?post=57313"},{"taxonomy":"product_tag","embeddable":true,"href":"https:\/\/taniabonament.pl\/telefony\/wp-json\/wp\/v2\/product_tag?post=57313"}],"curies":[{"name":"wp","href":"https:\/\/api.w.org\/{rel}","templated":true}]}}