{"id":57303,"date":"2021-01-30T20:26:29","date_gmt":"2021-01-30T20:26:29","guid":{"rendered":"https:\/\/taniabonament.pl\/telefony\/produkt\/etui-na-smartfon-wg-flipbook-lavender-do-huawei-y6-2019\/"},"modified":"2021-01-30T20:26:33","modified_gmt":"2021-01-30T20:26:33","slug":"etui-na-smartfon-wg-flipbook-lavender-do-huawei-y6-2019","status":"publish","type":"product","link":"https:\/\/taniabonament.pl\/telefony\/produkt\/etui-na-smartfon-wg-flipbook-lavender-do-huawei-y6-2019\/","title":{"rendered":"Etui na smartfon WG Flipbook Lavender do Huawei Y6 (2019)"},"content":{"rendered":"<p><strong>Jakie etui do smartfona Huawei kupi\u0107?<\/strong><\/p>\n<p>To dopasowane etui-case do Huawei  kupisz w promocyjnej cenie 0.99 PLN w sklepie <a href=\"https:\/\/converti.se\/click\/34590059-c70e8160-5f3ed3bc\/?sid=etui-huawei&#038;tag6=product&#038;tag8=8f7e1264ef400b99f1cdfc32f763a31a&#038;tag9=Etui+na+smartfon+WG+Flipbook+Lavender+do+Huawei+Y6+%282019%29\" rel=\"noopener\">Media Markt<\/a><\/p>\n","protected":false},"excerpt":{"rendered":"<h4>Szukasz dobrego <strong>etui do Huawei<\/strong>? <\/h4>\n<p style='padding: 17px 0px;'><span style='color: #fff; background-color: yellowgreen; padding: 2px 7px;border-left: 13px solid #000000;'>promocja &#8211; <\/span><\/p>\n<p style='padding-top: 10px;'>Etui na smartfon WG, cechy i zalety: <\/p>\n<ul style='padding-left: 45px; padding-bottom: 10px;'>\n<li style='padding-top: 10px;'>Etui z klapk\u0105 marki WG Flipbook dedykowane do smartfona Huawei Y6 (2019)<\/li>\n<li style='padding-top: 10px;'> Chroni urz\u0105dzenie przed uszkodzeniami i zabrudzeniami, zapewniaj\u0105c swobodny dost\u0119p do wszystkich port\u00f3w i funkcji<\/li>\n<li style='padding-top: 10px;'><strong> Chroni urz\u0105dzenie przed uszkodzeniami i zabrudzeniami, zapewniaj\u0105c swobodny dost\u0119p do wszystkich port\u00f3w i funkcji<\/strong><\/li>\n<\/ul>\n<p style='padding: 10px; font-weight: bold; background-color: aliceblue;'>Dost\u0119pno\u015b\u0107:<\/p>\n<p><img src='https:\/\/taniabonament.pl\/telefony\/wp-content\/uploads\/sklepylogo\/mediamarkt-logo.png' style='padding-top: 15px; padding-left: 48px;' alt='Media Markt sklep' \/><\/p>\n","protected":false},"featured_media":57304,"comment_status":"closed","ping_status":"open","template":"","meta":[],"product_brand":[],"product_cat":[810,879],"product_tag":[],"class_list":{"0":"post-57303","1":"product","2":"type-product","3":"status-publish","6":"product_cat-akcesoria","7":"product_cat-etui-huawei","8":"pa_cena-0-99-pln","9":"pa_producent-wg","10":"pa_sklep-media-markt","11":"pa_typ-telefony-i-smartfony-akcesoria-etui","13":"first","14":"instock","15":"product-type-external"},"_links":{"self":[{"href":"https:\/\/taniabonament.pl\/telefony\/wp-json\/wp\/v2\/product\/57303","targetHints":{"allow":["GET"]}}],"collection":[{"href":"https:\/\/taniabonament.pl\/telefony\/wp-json\/wp\/v2\/product"}],"about":[{"href":"https:\/\/taniabonament.pl\/telefony\/wp-json\/wp\/v2\/types\/product"}],"replies":[{"embeddable":true,"href":"https:\/\/taniabonament.pl\/telefony\/wp-json\/wp\/v2\/comments?post=57303"}],"wp:featuredmedia":[{"embeddable":true,"href":"https:\/\/taniabonament.pl\/telefony\/wp-json\/wp\/v2\/media\/57304"}],"wp:attachment":[{"href":"https:\/\/taniabonament.pl\/telefony\/wp-json\/wp\/v2\/media?parent=57303"}],"wp:term":[{"taxonomy":"product_brand","embeddable":true,"href":"https:\/\/taniabonament.pl\/telefony\/wp-json\/wp\/v2\/product_brand?post=57303"},{"taxonomy":"product_cat","embeddable":true,"href":"https:\/\/taniabonament.pl\/telefony\/wp-json\/wp\/v2\/product_cat?post=57303"},{"taxonomy":"product_tag","embeddable":true,"href":"https:\/\/taniabonament.pl\/telefony\/wp-json\/wp\/v2\/product_tag?post=57303"}],"curies":[{"name":"wp","href":"https:\/\/api.w.org\/{rel}","templated":true}]}}