{"id":57253,"date":"2021-01-30T20:26:21","date_gmt":"2021-01-30T20:26:21","guid":{"rendered":"https:\/\/taniabonament.pl\/telefony\/produkt\/etui-na-smartfon-huawei-do-case-do-p30-lite-przezroczysty\/"},"modified":"2021-01-30T20:26:24","modified_gmt":"2021-01-30T20:26:24","slug":"etui-na-smartfon-huawei-do-case-do-p30-lite-przezroczysty","status":"publish","type":"product","link":"https:\/\/taniabonament.pl\/telefony\/produkt\/etui-na-smartfon-huawei-do-case-do-p30-lite-przezroczysty\/","title":{"rendered":"Etui na smartfon HUAWEI do Case do P30 Lite Przezroczysty"},"content":{"rendered":"<p><strong>Jakie etui do smartfona Huawei kupi\u0107?<\/strong><\/p>\n<p>To dopasowane etui-case do Huawei  kupisz w promocyjnej cenie 29.98 PLN w sklepie <a href=\"https:\/\/converti.se\/click\/34590059-c70e8160-5f3ed3bc\/?sid=etui-huawei&#038;tag6=product&#038;tag8=d55e85f95ec187b0274422c6040b441b&#038;tag9=Etui+na+smartfon+HUAWEI+do+Case+do+P30+Lite+Przezroczysty\" rel=\"noopener nofollow\" target=\"_blank\">Media Markt<\/a><\/p>\n","protected":false},"excerpt":{"rendered":"<h4>Szukasz dobrego <strong>etui do Huawei<\/strong>? <\/h4>\n<p style='padding: 17px 0px;'><span style='color: #fff; background-color: yellowgreen; padding: 2px 7px;border-left: 13px solid #000000;'>promocja &#8211; <\/span><\/p>\n<p style='padding-top: 10px;'>Etui na smartfon HUAWEI, cechy i zalety: <\/p>\n<ul style='padding-left: 45px; padding-bottom: 10px;'>\n<li style='padding-top: 10px;'>  Jest stylowy, praktyczny w u\u017cyciu i ma lekk\u0105 konstrukcj\u0119, kt\u00f3ra u\u0142atwia noszenie<\/li>\n<li style='padding-top: 10px;'> Os\u0142ona ochronna zosta\u0142a zaprojektowana specjalnie dla Twojego smartfona, dzi\u0119ki czemu uzyskasz ochron\u0119 bez ograniczania funkcjonalno\u015bci telefonu<\/li>\n<li style='padding-top: 10px;'> Ten futera\u0142 ochronny wykonany jest z ekologicznych materia\u0142\u00f3w<\/li>\n<li style='padding-top: 10px;'><strong> Ten futera\u0142 ochronny wykonany jest z ekologicznych materia\u0142\u00f3w<\/strong><\/li>\n<li style='padding-top: 10px;'>Zabezpiecz Huawei P30 Lite przed upadkiem i zadrapaniem za pomoc\u0105 pokrowca ochronnego Huawei<\/li>\n<\/ul>\n<p style='padding: 10px; font-weight: bold; background-color: aliceblue;'>Dost\u0119pno\u015b\u0107:<\/p>\n<p><img src='https:\/\/taniabonament.pl\/telefony\/wp-content\/uploads\/sklepylogo\/mediamarkt-logo.png' style='padding-top: 15px; padding-left: 48px;' alt='Media Markt sklep' \/><\/p>\n","protected":false},"featured_media":57254,"comment_status":"closed","ping_status":"open","template":"","meta":[],"product_brand":[],"product_cat":[810,879],"product_tag":[],"class_list":{"0":"post-57253","1":"product","2":"type-product","3":"status-publish","6":"product_cat-akcesoria","7":"product_cat-etui-huawei","8":"pa_cena-29-98-pln","9":"pa_producent-huawei","10":"pa_sklep-media-markt","11":"pa_typ-telefony-i-smartfony-akcesoria-etui","13":"first","14":"instock","15":"product-type-external"},"_links":{"self":[{"href":"https:\/\/taniabonament.pl\/telefony\/wp-json\/wp\/v2\/product\/57253","targetHints":{"allow":["GET"]}}],"collection":[{"href":"https:\/\/taniabonament.pl\/telefony\/wp-json\/wp\/v2\/product"}],"about":[{"href":"https:\/\/taniabonament.pl\/telefony\/wp-json\/wp\/v2\/types\/product"}],"replies":[{"embeddable":true,"href":"https:\/\/taniabonament.pl\/telefony\/wp-json\/wp\/v2\/comments?post=57253"}],"wp:featuredmedia":[{"embeddable":true,"href":"https:\/\/taniabonament.pl\/telefony\/wp-json\/wp\/v2\/media\/57254"}],"wp:attachment":[{"href":"https:\/\/taniabonament.pl\/telefony\/wp-json\/wp\/v2\/media?parent=57253"}],"wp:term":[{"taxonomy":"product_brand","embeddable":true,"href":"https:\/\/taniabonament.pl\/telefony\/wp-json\/wp\/v2\/product_brand?post=57253"},{"taxonomy":"product_cat","embeddable":true,"href":"https:\/\/taniabonament.pl\/telefony\/wp-json\/wp\/v2\/product_cat?post=57253"},{"taxonomy":"product_tag","embeddable":true,"href":"https:\/\/taniabonament.pl\/telefony\/wp-json\/wp\/v2\/product_tag?post=57253"}],"curies":[{"name":"wp","href":"https:\/\/api.w.org\/{rel}","templated":true}]}}