{"id":57227,"date":"2021-01-30T20:26:13","date_gmt":"2021-01-30T20:26:13","guid":{"rendered":"https:\/\/taniabonament.pl\/telefony\/produkt\/etui-na-smartfon-hama-smart-case-do-huawei-p8-lite-czarny\/"},"modified":"2021-01-30T20:26:18","modified_gmt":"2021-01-30T20:26:18","slug":"etui-na-smartfon-hama-smart-case-do-huawei-p8-lite-czarny","status":"publish","type":"product","link":"https:\/\/taniabonament.pl\/telefony\/produkt\/etui-na-smartfon-hama-smart-case-do-huawei-p8-lite-czarny\/","title":{"rendered":"Etui na smartfon HAMA Smart Case do Huawei P8 Lite Czarny"},"content":{"rendered":"<p><strong>Jakie etui do smartfona Huawei kupi\u0107?<\/strong><\/p>\n<p>To dopasowane etui-case do Huawei  kupisz w promocyjnej cenie 0.03 PLN w sklepie <a href=\"https:\/\/converti.se\/click\/34590059-c70e8160-5f3ed3bc\/?sid=etui-huawei&#038;tag6=product&#038;tag8=de8ae7d6ec11cec76d030a783387fdf8&#038;tag9=Etui+na+smartfon+HAMA+Smart+Case+do+Huawei+P8+Lite+Czarny\" rel=\"noopener\">Media Markt<\/a><\/p>\n","protected":false},"excerpt":{"rendered":"<h4>Szukasz dobrego <strong>etui do Huawei<\/strong>? <\/h4>\n<p style='padding: 17px 0px;'><span style='color: #fff; background-color: yellowgreen; padding: 2px 7px;border-left: 13px solid #000000;'>promocja &#8211; <\/span><\/p>\n<p style='padding-top: 10px;'>Etui na smartfon HAMA, cechy i zalety: <\/p>\n<ul style='padding-left: 45px; padding-bottom: 10px;'>\n<li style='padding-top: 10px;'> Posiada otwory do wszystkich port\u00f3w oraz magnetyczne zapi\u0119cie<\/li>\n<li style='padding-top: 10px;'> Etui wykonane jest ze sk\u00f3ry<\/li>\n<li style='padding-top: 10px;'><strong> Etui wykonane jest ze sk\u00f3ry<\/strong><\/li>\n<li style='padding-top: 10px;'>Etui\u00a0z klapk\u0105 dedykowane do smartfona Huawei P8 Lite<\/li>\n<li style='padding-top: 10px;'>Etui na smartfon HAMA. Etui\u00a0z klapk\u0105 dedykowane do smartfona Huawei P8 Lite<\/li>\n<li style='padding-top: 10px;'> Zabezpiecza urz\u0105dzenie przez zabrudzeniem, zadrapaniem i kurzem<\/li>\n<\/ul>\n<p style='padding: 10px; font-weight: bold; background-color: aliceblue;'>Dost\u0119pno\u015b\u0107:<\/p>\n<p><img src='https:\/\/taniabonament.pl\/telefony\/wp-content\/uploads\/sklepylogo\/mediamarkt-logo.png' style='padding-top: 15px; padding-left: 48px;' alt='Media Markt sklep' \/><\/p>\n","protected":false},"featured_media":57228,"comment_status":"closed","ping_status":"open","template":"","meta":[],"product_brand":[],"product_cat":[810,879],"product_tag":[],"class_list":{"0":"post-57227","1":"product","2":"type-product","3":"status-publish","6":"product_cat-akcesoria","7":"product_cat-etui-huawei","8":"pa_cena-0-03-pln","9":"pa_producent-hama","10":"pa_sklep-media-markt","11":"pa_typ-telefony-i-smartfony-akcesoria-etui","13":"first","14":"instock","15":"product-type-external"},"_links":{"self":[{"href":"https:\/\/taniabonament.pl\/telefony\/wp-json\/wp\/v2\/product\/57227","targetHints":{"allow":["GET"]}}],"collection":[{"href":"https:\/\/taniabonament.pl\/telefony\/wp-json\/wp\/v2\/product"}],"about":[{"href":"https:\/\/taniabonament.pl\/telefony\/wp-json\/wp\/v2\/types\/product"}],"replies":[{"embeddable":true,"href":"https:\/\/taniabonament.pl\/telefony\/wp-json\/wp\/v2\/comments?post=57227"}],"wp:featuredmedia":[{"embeddable":true,"href":"https:\/\/taniabonament.pl\/telefony\/wp-json\/wp\/v2\/media\/57228"}],"wp:attachment":[{"href":"https:\/\/taniabonament.pl\/telefony\/wp-json\/wp\/v2\/media?parent=57227"}],"wp:term":[{"taxonomy":"product_brand","embeddable":true,"href":"https:\/\/taniabonament.pl\/telefony\/wp-json\/wp\/v2\/product_brand?post=57227"},{"taxonomy":"product_cat","embeddable":true,"href":"https:\/\/taniabonament.pl\/telefony\/wp-json\/wp\/v2\/product_cat?post=57227"},{"taxonomy":"product_tag","embeddable":true,"href":"https:\/\/taniabonament.pl\/telefony\/wp-json\/wp\/v2\/product_tag?post=57227"}],"curies":[{"name":"wp","href":"https:\/\/api.w.org\/{rel}","templated":true}]}}