{"id":57168,"date":"2021-01-30T20:07:01","date_gmt":"2021-01-30T20:07:01","guid":{"rendered":"https:\/\/taniabonament.pl\/telefony\/produkt\/produkt-z-outletu-etui-na-smartfon-samsung-clear-view-cover-do-galaxy-note-10-czarny-ef-zn970cbegww\/"},"modified":"2021-01-30T20:07:06","modified_gmt":"2021-01-30T20:07:06","slug":"produkt-z-outletu-etui-na-smartfon-samsung-clear-view-cover-do-galaxy-note-10-czarny-ef-zn970cbegww","status":"publish","type":"product","link":"https:\/\/taniabonament.pl\/telefony\/produkt\/produkt-z-outletu-etui-na-smartfon-samsung-clear-view-cover-do-galaxy-note-10-czarny-ef-zn970cbegww\/","title":{"rendered":"Produkt z outletu: Etui na smartfon SAMSUNG Clear View Cover do Galaxy Note 10 Czarny EF-ZN970CBEGWW"},"content":{"rendered":"<p><strong>Jakie etui do Samsunga kupi\u0107?<\/strong><\/p>\n<p>To dopasowane etui-case do Samsunga  kupisz w promocyjnej cenie 158.0 PLN w sklepie <a href=\"https:\/\/converti.se\/click\/34590059-c70e8160-5f3ed3bc\/?sid=etui-samsung&#038;tag6=product&#038;tag8=4fd4de245c17d612cd49e42892d644cf&#038;tag9=Produkt+z+outletu%3A+Etui+na+smartfon+SAMSUNG+Clear+View+Cover+do+Galaxy+Note+10+Czarny+EF-ZN970CBEGWW\" rel=\"noopener nofollow\" target=\"_blank\">Media Markt<\/a><\/p>\n","protected":false},"excerpt":{"rendered":"<h4>Szukasz dobrego <strong>etui do Samsung&#8217;a<\/strong>? <\/h4>\n<p style='padding: 17px 0px;'><span style='color: #fff; background-color: yellowgreen; padding: 2px 7px;border-left: 13px solid #000000;'>promocja &#8211; <\/span><\/p>\n<p style='padding-top: 10px;'>Produkt z outletu: Etui, cechy i zalety: <\/p>\n<ul style='padding-left: 45px; padding-bottom: 10px;'>\n<li style='padding-top: 10px;'>Etui Clear View Cover do Samsunga Galaxy Note 10<\/li>\n<li style='padding-top: 10px;'> Okienko podgl\u0105du zapewnia dost\u0119p do funkcji bz otwierania pokrywy etui<\/li>\n<li style='padding-top: 10px;'><strong> Okienko podgl\u0105du zapewnia dost\u0119p do funkcji bz otwierania pokrywy etui<\/strong><\/li>\n<\/ul>\n<p style='padding: 10px; font-weight: bold; background-color: aliceblue;'>Dost\u0119pno\u015b\u0107:<\/p>\n<p><img src='https:\/\/taniabonament.pl\/telefony\/wp-content\/uploads\/sklepylogo\/mediamarkt-logo.png' style='padding-top: 15px; padding-left: 48px;' alt='Media Markt sklep' \/><\/p>\n","protected":false},"featured_media":57169,"comment_status":"closed","ping_status":"open","template":"","meta":[],"product_brand":[],"product_cat":[810,860],"product_tag":[],"class_list":{"0":"post-57168","1":"product","2":"type-product","3":"status-publish","6":"product_cat-akcesoria","7":"product_cat-etui-samsung","8":"pa_cena-158-0-pln","9":"pa_producent-samsung","10":"pa_sklep-media-markt","11":"pa_typ-telefony-i-smartfony-akcesoria-etui","13":"first","14":"instock","15":"product-type-external"},"_links":{"self":[{"href":"https:\/\/taniabonament.pl\/telefony\/wp-json\/wp\/v2\/product\/57168","targetHints":{"allow":["GET"]}}],"collection":[{"href":"https:\/\/taniabonament.pl\/telefony\/wp-json\/wp\/v2\/product"}],"about":[{"href":"https:\/\/taniabonament.pl\/telefony\/wp-json\/wp\/v2\/types\/product"}],"replies":[{"embeddable":true,"href":"https:\/\/taniabonament.pl\/telefony\/wp-json\/wp\/v2\/comments?post=57168"}],"wp:featuredmedia":[{"embeddable":true,"href":"https:\/\/taniabonament.pl\/telefony\/wp-json\/wp\/v2\/media\/57169"}],"wp:attachment":[{"href":"https:\/\/taniabonament.pl\/telefony\/wp-json\/wp\/v2\/media?parent=57168"}],"wp:term":[{"taxonomy":"product_brand","embeddable":true,"href":"https:\/\/taniabonament.pl\/telefony\/wp-json\/wp\/v2\/product_brand?post=57168"},{"taxonomy":"product_cat","embeddable":true,"href":"https:\/\/taniabonament.pl\/telefony\/wp-json\/wp\/v2\/product_cat?post=57168"},{"taxonomy":"product_tag","embeddable":true,"href":"https:\/\/taniabonament.pl\/telefony\/wp-json\/wp\/v2\/product_tag?post=57168"}],"curies":[{"name":"wp","href":"https:\/\/api.w.org\/{rel}","templated":true}]}}