{"id":57158,"date":"2021-01-30T20:07:01","date_gmt":"2021-01-30T20:07:01","guid":{"rendered":"https:\/\/taniabonament.pl\/telefony\/produkt\/etui-na-smartfon-hama-cozy-do-samsung-galaxy-a8-czarny-182759\/"},"modified":"2021-01-30T20:07:04","modified_gmt":"2021-01-30T20:07:04","slug":"etui-na-smartfon-hama-cozy-do-samsung-galaxy-a8-czarny-182759","status":"publish","type":"product","link":"https:\/\/taniabonament.pl\/telefony\/produkt\/etui-na-smartfon-hama-cozy-do-samsung-galaxy-a8-czarny-182759\/","title":{"rendered":"Etui na smartfon HAMA Cozy do Samsung Galaxy A8 Czarny 182759"},"content":{"rendered":"<p><strong>Jakie etui do Samsunga kupi\u0107?<\/strong><\/p>\n<p>To dopasowane etui-case do Samsunga  kupisz w promocyjnej cenie 4.99 PLN w sklepie <a href=\"https:\/\/converti.se\/click\/34590059-c70e8160-5f3ed3bc\/?sid=etui-samsung&#038;tag6=product&#038;tag8=b76789d4d2384789b907a14d5353ac1b&#038;tag9=Etui+na+smartfon+HAMA+Cozy+do+Samsung+Galaxy+A8+Czarny+182759\" rel=\"noopener nofollow\" target=\"_blank\">Media Markt<\/a><\/p>\n","protected":false},"excerpt":{"rendered":"<h4>Szukasz dobrego <strong>etui do Samsung&#8217;a<\/strong>? <\/h4>\n<p style='padding: 17px 0px;'><span style='color: #fff; background-color: yellowgreen; padding: 2px 7px;border-left: 13px solid #000000;'>promocja &#8211; <\/span><\/p>\n<p style='padding-top: 10px;'>Etui na smartfon HAMA, cechy i zalety: <\/p>\n<ul style='padding-left: 45px; padding-bottom: 10px;'>\n<li style='padding-top: 10px;'>  A je\u015bli si\u0119 zabrudzi, to mo\u017cesz wrzuci\u0107 go do pralki<\/li>\n<li style='padding-top: 10px;'>Hama Cozy to etui, kt\u00f3re przyjemnie otuli Tw\u00f3j telefon, a\u017c zrobi Ci si\u0119 cieplej na sercu<\/li>\n<li style='padding-top: 10px;'>Korzy\u015bci: Dopasowany futera\u0142 nadaje Samsungowi Galaxy S8 wyj\u0105tkowy wygl\u0105d Zastosowanie wytrzyma\u0142ego materia\u0142u tekstylnego zapewnia mi\u0119kk\u0105 i przyjemn\u0105 w dotyku struktur\u0119 Mo\u017cna pra\u0107 w pralce w temperaturze do 30\u00b0C Elastyczna konstrukcja pokryta materia\u0142em Przytulne spojrzenie na smartfon Kompatybilny z \u0142adowaniem bezprzewodowym<\/li>\n<li style='padding-top: 10px;'><strong>Korzy\u015bci: Dopasowany futera\u0142 nadaje Samsungowi Galaxy S8 wyj\u0105tkowy wygl\u0105d Zastosowanie wytrzyma\u0142ego materia\u0142u tekstylnego zapewnia mi\u0119kk\u0105 i przyjemn\u0105 w dotyku struktur\u0119 Mo\u017cna pra\u0107 w pralce w temperaturze do 30\u00b0C Elastyczna konstrukcja pokryta materia\u0142em Przytulne spojrzenie na smartfon Kompatybilny z \u0142adowaniem bezprzewodowym<\/strong><\/li>\n<\/ul>\n<p style='padding: 10px; font-weight: bold; background-color: aliceblue;'>Dost\u0119pno\u015b\u0107:<\/p>\n<p><img src='https:\/\/taniabonament.pl\/telefony\/wp-content\/uploads\/sklepylogo\/mediamarkt-logo.png' style='padding-top: 15px; padding-left: 48px;' alt='Media Markt sklep' \/><\/p>\n","protected":false},"featured_media":57159,"comment_status":"closed","ping_status":"open","template":"","meta":[],"product_brand":[],"product_cat":[810,860],"product_tag":[],"class_list":{"0":"post-57158","1":"product","2":"type-product","3":"status-publish","6":"product_cat-akcesoria","7":"product_cat-etui-samsung","8":"pa_cena-4-99-pln","9":"pa_producent-hama","10":"pa_sklep-media-markt","11":"pa_typ-telefony-i-smartfony-akcesoria-etui","13":"first","14":"instock","15":"product-type-external"},"_links":{"self":[{"href":"https:\/\/taniabonament.pl\/telefony\/wp-json\/wp\/v2\/product\/57158","targetHints":{"allow":["GET"]}}],"collection":[{"href":"https:\/\/taniabonament.pl\/telefony\/wp-json\/wp\/v2\/product"}],"about":[{"href":"https:\/\/taniabonament.pl\/telefony\/wp-json\/wp\/v2\/types\/product"}],"replies":[{"embeddable":true,"href":"https:\/\/taniabonament.pl\/telefony\/wp-json\/wp\/v2\/comments?post=57158"}],"wp:featuredmedia":[{"embeddable":true,"href":"https:\/\/taniabonament.pl\/telefony\/wp-json\/wp\/v2\/media\/57159"}],"wp:attachment":[{"href":"https:\/\/taniabonament.pl\/telefony\/wp-json\/wp\/v2\/media?parent=57158"}],"wp:term":[{"taxonomy":"product_brand","embeddable":true,"href":"https:\/\/taniabonament.pl\/telefony\/wp-json\/wp\/v2\/product_brand?post=57158"},{"taxonomy":"product_cat","embeddable":true,"href":"https:\/\/taniabonament.pl\/telefony\/wp-json\/wp\/v2\/product_cat?post=57158"},{"taxonomy":"product_tag","embeddable":true,"href":"https:\/\/taniabonament.pl\/telefony\/wp-json\/wp\/v2\/product_tag?post=57158"}],"curies":[{"name":"wp","href":"https:\/\/api.w.org\/{rel}","templated":true}]}}