{"id":57110,"date":"2021-01-30T20:06:52","date_gmt":"2021-01-30T20:06:52","guid":{"rendered":"https:\/\/taniabonament.pl\/telefony\/produkt\/etui-na-smartfon-wg-comfort-do-samsung-galaxy-a50-2019-przezroczysty\/"},"modified":"2021-01-30T20:06:54","modified_gmt":"2021-01-30T20:06:54","slug":"etui-na-smartfon-wg-comfort-do-samsung-galaxy-a50-2019-przezroczysty","status":"publish","type":"product","link":"https:\/\/taniabonament.pl\/telefony\/produkt\/etui-na-smartfon-wg-comfort-do-samsung-galaxy-a50-2019-przezroczysty\/","title":{"rendered":"Etui na smartfon WG Comfort do Samsung Galaxy A50 (2019) Przezroczysty"},"content":{"rendered":"<p><strong>Jakie etui do Samsunga kupi\u0107?<\/strong><\/p>\n<p>To dopasowane etui-case do Samsunga  kupisz w promocyjnej cenie 29.99 PLN w sklepie <a href=\"https:\/\/converti.se\/click\/34590059-c70e8160-5f3ed3bc\/?sid=etui-samsung&#038;tag6=product&#038;tag8=08bfaadbb1207617eb85186094a55b8a&#038;tag9=Etui+na+smartfon+WG+Comfort+do+Samsung+Galaxy+A50+%282019%29+Przezroczysty\" rel=\"noopener\">Media Markt<\/a><\/p>\n","protected":false},"excerpt":{"rendered":"<h4>Szukasz dobrego <strong>etui do Samsung&#8217;a<\/strong>? <\/h4>\n<p style='padding: 17px 0px;'><span style='color: #fff; background-color: yellowgreen; padding: 2px 7px;border-left: 13px solid #000000;'>promocja &#8211; <\/span><\/p>\n<p style='padding-top: 10px;'>Etui na smartfon WG, cechy i zalety: <\/p>\n<ul style='padding-left: 45px; padding-bottom: 10px;'>\n<li style='padding-top: 10px;'>  Wykonane z trwa\u0142ego materia\u0142u chroni ty\u0142 i boki urz\u0105dzenia przed uszkodzeniami i zabrudzeniami<\/li>\n<li style='padding-top: 10px;'> Zapewnia jednocze\u015bnie swobodny dost\u0119p do wszystkich port\u00f3w i z\u0142\u0105czy<\/li>\n<li style='padding-top: 10px;'><strong> Zapewnia jednocze\u015bnie swobodny dost\u0119p do wszystkich port\u00f3w i z\u0142\u0105czy<\/strong><\/li>\n<li style='padding-top: 10px;'>Etui typu plecki dedykowane do smartfona Samsung Galaxy A50 (2019)<\/li>\n<li style='padding-top: 10px;'>Etui na smartfon WG. Etui typu plecki dedykowane do smartfona Samsung Galaxy A50 (2019)<\/li>\n<\/ul>\n<p style='padding: 10px; font-weight: bold; background-color: aliceblue;'>Dost\u0119pno\u015b\u0107:<\/p>\n<p><img src='https:\/\/taniabonament.pl\/telefony\/wp-content\/uploads\/sklepylogo\/mediamarkt-logo.png' style='padding-top: 15px; padding-left: 48px;' alt='Media Markt sklep' \/><\/p>\n","protected":false},"featured_media":57111,"comment_status":"closed","ping_status":"open","template":"","meta":[],"product_brand":[],"product_cat":[810,860],"product_tag":[],"class_list":{"0":"post-57110","1":"product","2":"type-product","3":"status-publish","6":"product_cat-akcesoria","7":"product_cat-etui-samsung","8":"pa_cena-29-99-pln","9":"pa_producent-wg","10":"pa_sklep-media-markt","11":"pa_typ-telefony-i-smartfony-akcesoria-etui","13":"first","14":"instock","15":"product-type-external"},"_links":{"self":[{"href":"https:\/\/taniabonament.pl\/telefony\/wp-json\/wp\/v2\/product\/57110","targetHints":{"allow":["GET"]}}],"collection":[{"href":"https:\/\/taniabonament.pl\/telefony\/wp-json\/wp\/v2\/product"}],"about":[{"href":"https:\/\/taniabonament.pl\/telefony\/wp-json\/wp\/v2\/types\/product"}],"replies":[{"embeddable":true,"href":"https:\/\/taniabonament.pl\/telefony\/wp-json\/wp\/v2\/comments?post=57110"}],"wp:featuredmedia":[{"embeddable":true,"href":"https:\/\/taniabonament.pl\/telefony\/wp-json\/wp\/v2\/media\/57111"}],"wp:attachment":[{"href":"https:\/\/taniabonament.pl\/telefony\/wp-json\/wp\/v2\/media?parent=57110"}],"wp:term":[{"taxonomy":"product_brand","embeddable":true,"href":"https:\/\/taniabonament.pl\/telefony\/wp-json\/wp\/v2\/product_brand?post=57110"},{"taxonomy":"product_cat","embeddable":true,"href":"https:\/\/taniabonament.pl\/telefony\/wp-json\/wp\/v2\/product_cat?post=57110"},{"taxonomy":"product_tag","embeddable":true,"href":"https:\/\/taniabonament.pl\/telefony\/wp-json\/wp\/v2\/product_tag?post=57110"}],"curies":[{"name":"wp","href":"https:\/\/api.w.org\/{rel}","templated":true}]}}