{"id":57106,"date":"2021-01-30T20:06:52","date_gmt":"2021-01-30T20:06:52","guid":{"rendered":"https:\/\/taniabonament.pl\/telefony\/produkt\/etui-na-smartfon-xqisit-flex-case-dla-samsung-galaxy-a9-2018-przezroczysty-34608\/"},"modified":"2021-01-30T20:06:53","modified_gmt":"2021-01-30T20:06:53","slug":"etui-na-smartfon-xqisit-flex-case-dla-samsung-galaxy-a9-2018-przezroczysty-34608","status":"publish","type":"product","link":"https:\/\/taniabonament.pl\/telefony\/produkt\/etui-na-smartfon-xqisit-flex-case-dla-samsung-galaxy-a9-2018-przezroczysty-34608\/","title":{"rendered":"Etui na smartfon XQISIT Flex Case dla Samsung Galaxy A9 (2018) Przezroczysty 34608"},"content":{"rendered":"<p><strong>Jakie etui do Samsunga kupi\u0107?<\/strong><\/p>\n<p>To dopasowane etui-case do Samsunga  kupisz w promocyjnej cenie 4.99 PLN w sklepie <a href=\"https:\/\/converti.se\/click\/34590059-c70e8160-5f3ed3bc\/?sid=etui-samsung&#038;tag6=product&#038;tag8=4c811a53533afb28ed59d53e2a3cdbc4&#038;tag9=Etui+na+smartfon+XQISIT+Flex+Case+dla+Samsung+Galaxy+A9+%282018%29+Przezroczysty+34608\" rel=\"noopener\">Media Markt<\/a><\/p>\n","protected":false},"excerpt":{"rendered":"<h4>Szukasz dobrego <strong>etui do Samsung&#8217;a<\/strong>? <\/h4>\n<p style='padding: 17px 0px;'><span style='color: #fff; background-color: yellowgreen; padding: 2px 7px;border-left: 13px solid #000000;'>promocja &#8211; <\/span><\/p>\n<p style='padding-top: 10px;'>Etui na smartfon XQISIT, cechy i zalety: <\/p>\n<ul style='padding-left: 45px; padding-bottom: 10px;'>\n<li style='padding-top: 10px;'>  Antypo\u015blizgowa pow\u0142oka z elastycznego termoutwardzalnego poliuretanu<\/li>\n<li style='padding-top: 10px;'>Funkcjonalne etui Xqisit Flex Case doskonale zabezpieczy telefon Samsung Galaxy A9 (2018)<\/li>\n<li style='padding-top: 10px;'><strong>Funkcjonalne etui Xqisit Flex Case doskonale zabezpieczy telefon Samsung Galaxy A9 (2018)<\/strong><\/li>\n<li style='padding-top: 10px;'> Optymalne zabezpieczenie kraw\u0119dzi i rog\u00f3w<\/li>\n<li style='padding-top: 10px;'>Etui na smartfon XQISIT.  Optymalne zabezpieczenie kraw\u0119dzi i rog\u00f3w<\/li>\n<li style='padding-top: 10px;'> Wszystkie elementy obs\u0142ugowe i wej\u015bcia s\u0105 \u0142atwo dost\u0119pne<\/li>\n<\/ul>\n<p style='padding: 10px; font-weight: bold; background-color: aliceblue;'>Dost\u0119pno\u015b\u0107:<\/p>\n<p><img src='https:\/\/taniabonament.pl\/telefony\/wp-content\/uploads\/sklepylogo\/mediamarkt-logo.png' style='padding-top: 15px; padding-left: 48px;' alt='Media Markt sklep' \/><\/p>\n","protected":false},"featured_media":57107,"comment_status":"closed","ping_status":"open","template":"","meta":[],"product_brand":[],"product_cat":[810,860],"product_tag":[],"class_list":{"0":"post-57106","1":"product","2":"type-product","3":"status-publish","6":"product_cat-akcesoria","7":"product_cat-etui-samsung","8":"pa_cena-4-99-pln","9":"pa_producent-xqisit","10":"pa_sklep-media-markt","11":"pa_typ-telefony-i-smartfony-akcesoria-etui","13":"first","14":"instock","15":"product-type-external"},"_links":{"self":[{"href":"https:\/\/taniabonament.pl\/telefony\/wp-json\/wp\/v2\/product\/57106","targetHints":{"allow":["GET"]}}],"collection":[{"href":"https:\/\/taniabonament.pl\/telefony\/wp-json\/wp\/v2\/product"}],"about":[{"href":"https:\/\/taniabonament.pl\/telefony\/wp-json\/wp\/v2\/types\/product"}],"replies":[{"embeddable":true,"href":"https:\/\/taniabonament.pl\/telefony\/wp-json\/wp\/v2\/comments?post=57106"}],"wp:featuredmedia":[{"embeddable":true,"href":"https:\/\/taniabonament.pl\/telefony\/wp-json\/wp\/v2\/media\/57107"}],"wp:attachment":[{"href":"https:\/\/taniabonament.pl\/telefony\/wp-json\/wp\/v2\/media?parent=57106"}],"wp:term":[{"taxonomy":"product_brand","embeddable":true,"href":"https:\/\/taniabonament.pl\/telefony\/wp-json\/wp\/v2\/product_brand?post=57106"},{"taxonomy":"product_cat","embeddable":true,"href":"https:\/\/taniabonament.pl\/telefony\/wp-json\/wp\/v2\/product_cat?post=57106"},{"taxonomy":"product_tag","embeddable":true,"href":"https:\/\/taniabonament.pl\/telefony\/wp-json\/wp\/v2\/product_tag?post=57106"}],"curies":[{"name":"wp","href":"https:\/\/api.w.org\/{rel}","templated":true}]}}