{"id":57064,"date":"2021-01-30T20:06:44","date_gmt":"2021-01-30T20:06:44","guid":{"rendered":"https:\/\/taniabonament.pl\/telefony\/produkt\/produkt-z-outletu-etui-na-smartfon-hama-black-rock-booklet-pure-do-samsung-galaxy-s8-bkfb0001\/"},"modified":"2021-01-30T20:06:44","modified_gmt":"2021-01-30T20:06:44","slug":"produkt-z-outletu-etui-na-smartfon-hama-black-rock-booklet-pure-do-samsung-galaxy-s8-bkfb0001","status":"publish","type":"product","link":"https:\/\/taniabonament.pl\/telefony\/produkt\/produkt-z-outletu-etui-na-smartfon-hama-black-rock-booklet-pure-do-samsung-galaxy-s8-bkfb0001\/","title":{"rendered":"Produkt z outletu: Etui na smartfon HAMA Black Rock Booklet Pure do Samsung Galaxy S8 BKFB0001"},"content":{"rendered":"<p><strong>Jakie etui do Samsunga kupi\u0107?<\/strong><\/p>\n<p>To dopasowane etui-case do Samsunga  kupisz w promocyjnej cenie 102.0 PLN w sklepie <a href=\"https:\/\/converti.se\/click\/34590059-c70e8160-5f3ed3bc\/?sid=etui-samsung&#038;tag6=product&#038;tag8=dd239abf045466d6e390129f70ea6075&#038;tag9=Produkt+z+outletu%3A+Etui+na+smartfon+HAMA+Black+Rock+Booklet+Pure+do+Samsung+Galaxy+S8+BKFB0001\" rel=\"noopener\">Media Markt<\/a><\/p>\n","protected":false},"excerpt":{"rendered":"<h4>Szukasz dobrego <strong>etui do Samsung&#8217;a<\/strong>? <\/h4>\n<p style='padding: 17px 0px;'><span style='color: #fff; background-color: yellowgreen; padding: 2px 7px;border-left: 13px solid #000000;'>promocja &#8211; <\/span><\/p>\n<p style='padding-top: 10px;'>Produkt z outletu: Etui, cechy i zalety: <\/p>\n<ul style='padding-left: 45px; padding-bottom: 10px;'>\n<li style='padding-top: 10px;'> Etui z klapk\u0105 Black Rock Booklet Pure przeznaczone dla smartfona Samsung Galaxy S8<\/li>\n<\/ul>\n<p style='padding: 10px; font-weight: bold; background-color: aliceblue;'>Dost\u0119pno\u015b\u0107:<\/p>\n<p><img src='https:\/\/taniabonament.pl\/telefony\/wp-content\/uploads\/sklepylogo\/mediamarkt-logo.png' style='padding-top: 15px; padding-left: 48px;' alt='Media Markt sklep' \/><\/p>\n","protected":false},"featured_media":57065,"comment_status":"closed","ping_status":"open","template":"","meta":[],"product_brand":[],"product_cat":[810,860],"product_tag":[],"class_list":{"0":"post-57064","1":"product","2":"type-product","3":"status-publish","6":"product_cat-akcesoria","7":"product_cat-etui-samsung","8":"pa_cena-102-0-pln","9":"pa_producent-hama","10":"pa_sklep-media-markt","11":"pa_typ-telefony-i-smartfony-akcesoria-etui","13":"first","14":"instock","15":"product-type-external"},"_links":{"self":[{"href":"https:\/\/taniabonament.pl\/telefony\/wp-json\/wp\/v2\/product\/57064","targetHints":{"allow":["GET"]}}],"collection":[{"href":"https:\/\/taniabonament.pl\/telefony\/wp-json\/wp\/v2\/product"}],"about":[{"href":"https:\/\/taniabonament.pl\/telefony\/wp-json\/wp\/v2\/types\/product"}],"replies":[{"embeddable":true,"href":"https:\/\/taniabonament.pl\/telefony\/wp-json\/wp\/v2\/comments?post=57064"}],"wp:featuredmedia":[{"embeddable":true,"href":"https:\/\/taniabonament.pl\/telefony\/wp-json\/wp\/v2\/media\/57065"}],"wp:attachment":[{"href":"https:\/\/taniabonament.pl\/telefony\/wp-json\/wp\/v2\/media?parent=57064"}],"wp:term":[{"taxonomy":"product_brand","embeddable":true,"href":"https:\/\/taniabonament.pl\/telefony\/wp-json\/wp\/v2\/product_brand?post=57064"},{"taxonomy":"product_cat","embeddable":true,"href":"https:\/\/taniabonament.pl\/telefony\/wp-json\/wp\/v2\/product_cat?post=57064"},{"taxonomy":"product_tag","embeddable":true,"href":"https:\/\/taniabonament.pl\/telefony\/wp-json\/wp\/v2\/product_tag?post=57064"}],"curies":[{"name":"wp","href":"https:\/\/api.w.org\/{rel}","templated":true}]}}