{"id":57020,"date":"2021-01-30T16:57:33","date_gmt":"2021-01-30T16:57:33","guid":{"rendered":"https:\/\/taniabonament.pl\/telefony\/produkt\/etui-na-smartfon-spigen-rugged-armor-do-apple-iphone-xs-max-czarny-065cs25125\/"},"modified":"2021-01-30T16:57:41","modified_gmt":"2021-01-30T16:57:41","slug":"etui-na-smartfon-spigen-rugged-armor-do-apple-iphone-xs-max-czarny-065cs25125","status":"publish","type":"product","link":"https:\/\/taniabonament.pl\/telefony\/produkt\/etui-na-smartfon-spigen-rugged-armor-do-apple-iphone-xs-max-czarny-065cs25125\/","title":{"rendered":"Etui na smartfon SPIGEN Rugged Armor do Apple iPhone XS Max Czarny 065CS25125"},"content":{"rendered":"<p><strong>Jakie etui do iphone&#8217;a kupi\u0107?<\/strong><\/p>\n<p>To dopasowane etui-case do iPhone&#8217;a  kupisz w promocyjnej cenie 19.99 PLN w sklepie <a href=\"https:\/\/converti.se\/click\/34590059-c70e8160-5f3ed3bc\/?sid=etui-iphone&#038;tag6=product&#038;tag8=820eb7c7c53f8ae1a30087cf5baf348a&#038;tag9=Etui+na+smartfon+SPIGEN+Rugged+Armor+do+Apple+iPhone+XS+Max+Czarny+065CS25125\" rel=\"noopener nofollow\" target=\"_blank\">Media Markt<\/a><\/p>\n","protected":false},"excerpt":{"rendered":"<h4>Szukasz dobrego <strong>etui do iPhone&#8217;a<\/strong>? <\/h4>\n<p style='padding: 17px 0px;'><span style='color: #fff; background-color: yellowgreen; padding: 2px 7px;border-left: 13px solid #000000;'>promocja &#8211; <\/span><\/p>\n<p style='padding-top: 10px;'>Etui na smartfon SPIGEN, cechy i zalety: <\/p>\n<ul style='padding-left: 45px; padding-bottom: 10px;'>\n<li style='padding-top: 10px;'> Etui Spigen Rugged Armor wykonane jest z wytrzyma\u0142ego i elastycznego tworzywa TPU odpornego na \u015bcieralno\u015b\u0107<\/li>\n<li style='padding-top: 10px;'> Produkt jest idealnie dopasowany, w pe\u0142ni funkcjonalny, nie ogranicza dost\u0119pu do port\u00f3w zewn\u0119trznych i skutecznie chroni urz\u0105dzenie przed zarysowaniem czy upadkami<\/li>\n<li style='padding-top: 10px;'><strong> Produkt jest idealnie dopasowany, w pe\u0142ni funkcjonalny, nie ogranicza dost\u0119pu do port\u00f3w zewn\u0119trznych i skutecznie chroni urz\u0105dzenie przed zarysowaniem czy upadkami<\/strong><\/li>\n<li style='padding-top: 10px;'> Pokryte jest b\u0142yszcz\u0105cym w\u0142\u00f3knem w\u0119glowym, kt\u00f3re tworzy niezwykle eleganck\u0105 tekstur\u0119 karbonow\u0105<\/li>\n<li style='padding-top: 10px;'>Etui na smartfon SPIGEN.  Pokryte jest b\u0142yszcz\u0105cym w\u0142\u00f3knem w\u0119glowym, kt\u00f3re tworzy niezwykle eleganck\u0105 tekstur\u0119 karbonow\u0105<\/li>\n<\/ul>\n<p style='padding: 10px; font-weight: bold; background-color: aliceblue;'>Dost\u0119pno\u015b\u0107:<\/p>\n<p><img src='https:\/\/taniabonament.pl\/telefony\/wp-content\/uploads\/sklepylogo\/mediamarkt-logo.png' style='padding-top: 15px; padding-left: 48px;' alt='Media Markt sklep' \/><\/p>\n","protected":false},"featured_media":57021,"comment_status":"closed","ping_status":"open","template":"","meta":[],"product_brand":[],"product_cat":[815],"product_tag":[],"class_list":{"0":"post-57020","1":"product","2":"type-product","3":"status-publish","6":"product_cat-etui-iphone","7":"pa_cena-19-99-pln","8":"pa_producent-spigen","9":"pa_sklep-media-markt","10":"pa_typ-telefony-i-smartfony-akcesoria-etui","12":"first","13":"instock","14":"product-type-external"},"_links":{"self":[{"href":"https:\/\/taniabonament.pl\/telefony\/wp-json\/wp\/v2\/product\/57020","targetHints":{"allow":["GET"]}}],"collection":[{"href":"https:\/\/taniabonament.pl\/telefony\/wp-json\/wp\/v2\/product"}],"about":[{"href":"https:\/\/taniabonament.pl\/telefony\/wp-json\/wp\/v2\/types\/product"}],"replies":[{"embeddable":true,"href":"https:\/\/taniabonament.pl\/telefony\/wp-json\/wp\/v2\/comments?post=57020"}],"wp:featuredmedia":[{"embeddable":true,"href":"https:\/\/taniabonament.pl\/telefony\/wp-json\/wp\/v2\/media\/57021"}],"wp:attachment":[{"href":"https:\/\/taniabonament.pl\/telefony\/wp-json\/wp\/v2\/media?parent=57020"}],"wp:term":[{"taxonomy":"product_brand","embeddable":true,"href":"https:\/\/taniabonament.pl\/telefony\/wp-json\/wp\/v2\/product_brand?post=57020"},{"taxonomy":"product_cat","embeddable":true,"href":"https:\/\/taniabonament.pl\/telefony\/wp-json\/wp\/v2\/product_cat?post=57020"},{"taxonomy":"product_tag","embeddable":true,"href":"https:\/\/taniabonament.pl\/telefony\/wp-json\/wp\/v2\/product_tag?post=57020"}],"curies":[{"name":"wp","href":"https:\/\/api.w.org\/{rel}","templated":true}]}}